{"id":1861,"date":"2020-02-18T20:28:44","date_gmt":"2020-02-18T18:28:44","guid":{"rendered":"https:\/\/kylat.ekarjala.fi\/aitsaari\/?page_id=1861"},"modified":"2020-05-29T12:39:42","modified_gmt":"2020-05-29T10:39:42","slug":"tervetuloa-aitsaarelle","status":"publish","type":"page","link":"https:\/\/kylat.ekarjala.fi\/aitsaari\/tervetuloa-aitsaarelle\/","title":{"rendered":"Tervetuloa \u00c4itsaarelle"},"content":{"rendered":"<p>P\u00e4ivitetty 29.5.2020<\/p>\n<p>Tervetuloa \u00c4itsaarelle. \u00c4itsaari sijaitsee Etel\u00e4-Karjalassa, Ruokolahden kunnassa. Kuntakeskuksesta saarelle on matkaa n. 11 km. \u00c4itsaari on Etel\u00e4-Karjalan suurin saari ja yksi Suomen suurimmista sis\u00e4j\u00e4rvien saarista. Wikipedian mukaan \u00c4itsaari (74 km2) sijoittuu sijalle 7 (mik\u00e4li Soisalo lasketaan saareksi). Naapurisaarista samalla listalla ovat 17. Salosaari (26 km2), 29. Mietinsaari (18 km2) sek\u00e4 35. H\u00e4rski\u00e4nsaari (15 km2). \u00c4itsaarella voidaan laskea olevan 12 kyl\u00e4\u00e4; Savilahti, Vilkonm\u00e4ki, Sopala, Kurjala, Ter\u00e4v\u00e4l\u00e4, Soinila, Aisaniemi, H\u00e4nnil\u00e4, Savolaisenniemi, Hannikyl\u00e4, Lempi\u00e4l\u00e4 ja Ravali.<\/p>\n<p>\u00c4itsaari on perinteist\u00e4 maatalousaluetta. Saarelle sijoittuu nykyisinkin suuri osa kunnan maanviljelyksest\u00e4. Toimivia lypsykarjatiloja saarella on viel\u00e4 yhdeks\u00e4n. Kasvava palveluiden kysynt\u00e4 on mahdollistanut my\u00f6s monien yritysten perustamisen alueelle. V\u00e4est\u00f6 on maaseudulle tyypillisesti ik\u00e4\u00e4ntyv\u00e4\u00e4 mutta my\u00f6s moni lapsiperhe on l\u00f6yt\u00e4nyt kotinsa \u00c4itsaarelta. L\u00e4himm\u00e4t koulut sijaitsevat Salosaaren Vaittilassa ja kuntakeskuksessa Rasilassa. Kauppa- ja ty\u00f6matkat suuntautuvat p\u00e4\u00e4asiassa kuntakeskukseen Rasilaan tai l\u00e4heiseen kaupunkiin Imatralle.<\/p>\n<p>Kes\u00e4n koittaessa \u00c4itsaaren ja l\u00e4hiymp\u00e4rist\u00f6n v\u00e4kiluku moninkertaistuu, kun kes\u00e4asukkaat saapuvat sankoin joukoin loma-asunnoilleen. Suurin osa vapaa-ajan asunnoista sijoittuu Saimaan rannoille, vaikka saarella on my\u00f6s kymmeni\u00e4 j\u00e4rvi\u00e4 ja lampia. Vapaa-ajan asuntojen rakentaminen on edelleen vilkasta.<\/p>\n<p>\u00c4itsaarella on merkkej\u00e4 ihmisen toiminnasta jo kivikaudella. Korosniemest\u00e4 on l\u00f6ydetty kivikautinen asuinpaikka ja Karoniemess\u00e4 on tehty arkeologisia kaivauksia. Kolmik\u00f6ytisienvuoren kalliomaalausta voi k\u00e4yd\u00e4 katsomassa Sopalassa, opasteet kalliomaalausten paikalle alkavat \u00c4itsaarentielt\u00e4.\u00a0<\/p>\n<p>Toukokuussa 2020 \u00c4itsaaren Kyl\u00e4t ry on pystytt\u00e4nyt \u00c4itsaaren luonto ja historia kohteille uusia opastauluja maastoon, joista t\u00e4m\u00e4 Suikkalassa sijaitseva karttataulu on ensimm\u00e4inen. N\u00e4et t\u00e4st\u00e4 kartasta opastaulujen sijainnin.\u00a0 Kohteet sijaitsevat eri puolilla \u00c4itsaarta. Osa kohteista on helposti saavutettavissa aivan autotien l\u00e4heisyydess\u00e4 ja osa kohteista on mukavan k\u00e4velymatkan p\u00e4\u00e4ss\u00e4.\u00a0 Kohteille ja kulkureiteille\u00a0 on opasteita maastossa. Muistathan liikkuessasi noudattaa hyvi\u00e4 retkeilij\u00e4n tapoja ja etiketti\u00e4. Monet kohteistamme ovat oivia p\u00e4iv\u00e4retki paikkoja koko perheelle. Muistathan aina siisti\u00e4 j\u00e4lkesi ja tuoda maastosta kaikki sinne kuljettamasi tavarat mukana my\u00f6s pois. \u00c4l\u00e4 roskaa luontoa kiitos!\u00a0 Avotulen teko on my\u00f6s kielletty, muutoin kuin niille osoitetuilla paikoilla. Huomioithan my\u00f6s, ett\u00e4 valtaosa kohteista sijaitsee yksityisten maanomistajien mailla. Osa l\u00e4hell\u00e4 piha-alueita, jotka kuuluvat yksityisalueen ja kotirauhan piiriin. Kunnioitathan n\u00e4it\u00e4 seikkoja liikkuessasi kohteilla. Mukavaa ja el\u00e4myksien t\u00e4yteist\u00e4 p\u00e4iv\u00e4\u00e4 sinule \u00c4itsaarella.\u00a0<\/p>\n<p>\u00a0<\/p>\n<p><a href=\"https:\/\/www.openstreetmap.org\/#map=14\/61.2697\/28.6620&amp;layers=C\">Kartta<\/a><\/p>\n<p>\u00a0<\/p>\n<h2>Kuuuntele \u00c4itsaaren yleistietoa osio<\/h2>\n<audio class=\"wp-audio-shortcode\" id=\"audio-1861-1\" preload=\"none\" style=\"width: 100%;\" controls=\"controls\"><source type=\"audio\/mpeg\" src=\"https:\/\/kylat.ekarjala.fi\/aitsaari\/wp-content\/uploads\/sites\/49\/2020\/02\/Yleistietoa-\u00c4itsaaresta.mp3?_=1\" \/><a href=\"https:\/\/kylat.ekarjala.fi\/aitsaari\/wp-content\/uploads\/sites\/49\/2020\/02\/Yleistietoa-\u00c4itsaaresta.mp3\">https:\/\/kylat.ekarjala.fi\/aitsaari\/wp-content\/uploads\/sites\/49\/2020\/02\/Yleistietoa-\u00c4itsaaresta.mp3<\/a><\/audio>\n<h2><a href=\"https:\/\/l.ead.me\/aitsaari-ennen\">Maalaismaisemaa ja el\u00e4m\u00e4\u00e4 vuosisadan takaa.\u00a0<\/a><\/h2>\n<div class=\"sh-page__title ng-binding\">\u00c4itsaari 1890-luvulta kohti uutta vuosisataa.<\/div>\n<div class=\"sh-page__description\"><span class=\"sh-page__description-text ng-binding\">Maalaismaisemaa kumpuilevien maisemien, viljeltyjen peltojen ja ymp\u00e4rist\u00f6\u00f6n sulautuvine rakennuksineen, mets\u00e4saarakkeet ja Saimaan vesist\u00f6 ymp\u00e4rill\u00e4 luovat \u00c4itsaaren kyl\u00e4t. Tervetuloa aikamatkalle.\u00a0<\/span><\/div>\n<div>Tutustu lis\u00e4\u00e4 klikkaamalla otsikkoa.<\/div>\n<div>\u00a0<\/div>\n<p><a href=\"https:\/\/kylat.ekarjala.fi\/aitsaari\/tervetuloa-aitsaarelle\/antique-1863896_1280\/\" rel=\"attachment wp-att-2030\" data-wplink-edit=\"true\"><img loading=\"lazy\" decoding=\"async\" class=\"alignleft size-medium wp-image-2030\" src=\"https:\/\/kylat.ekarjala.fi\/aitsaari\/wp-content\/uploads\/sites\/49\/2020\/05\/antique-1863896_1280-300x210.jpg\" alt=\"\" width=\"300\" height=\"210\" srcset=\"https:\/\/kylat.ekarjala.fi\/aitsaari\/wp-content\/uploads\/sites\/49\/2020\/05\/antique-1863896_1280-300x210.jpg 300w, https:\/\/kylat.ekarjala.fi\/aitsaari\/wp-content\/uploads\/sites\/49\/2020\/05\/antique-1863896_1280-1024x716.jpg 1024w, https:\/\/kylat.ekarjala.fi\/aitsaari\/wp-content\/uploads\/sites\/49\/2020\/05\/antique-1863896_1280-768x537.jpg 768w, https:\/\/kylat.ekarjala.fi\/aitsaari\/wp-content\/uploads\/sites\/49\/2020\/05\/antique-1863896_1280-863x603.jpg 863w, https:\/\/kylat.ekarjala.fi\/aitsaari\/wp-content\/uploads\/sites\/49\/2020\/05\/antique-1863896_1280-154x108.jpg 154w, https:\/\/kylat.ekarjala.fi\/aitsaari\/wp-content\/uploads\/sites\/49\/2020\/05\/antique-1863896_1280.jpg 1280w\" sizes=\"auto, (max-width: 300px) 100vw, 300px\" \/><\/a><\/p>\n<h2>\u00a0<\/h2>\n<h2>\u00a0<\/h2>\n<h2>\u00a0<\/h2>\n<h2>\u00a0<\/h2>\n<h2>1920-luvun rakennusvaihe<\/h2>\n<audio class=\"wp-audio-shortcode\" id=\"audio-1861-2\" preload=\"none\" style=\"width: 100%;\" controls=\"controls\"><source type=\"audio\/mpeg\" src=\"https:\/\/kylat.ekarjala.fi\/aitsaari\/wp-content\/uploads\/sites\/49\/2020\/02\/1920-luku-mp3.mp3?_=2\" \/><a href=\"https:\/\/kylat.ekarjala.fi\/aitsaari\/wp-content\/uploads\/sites\/49\/2020\/02\/1920-luku-mp3.mp3\">https:\/\/kylat.ekarjala.fi\/aitsaari\/wp-content\/uploads\/sites\/49\/2020\/02\/1920-luku-mp3.mp3<\/a><\/audio>\n<h2>Luutamummo<\/h2>\n<audio class=\"wp-audio-shortcode\" id=\"audio-1861-3\" preload=\"none\" style=\"width: 100%;\" controls=\"controls\"><source type=\"audio\/mpeg\" src=\"https:\/\/kylat.ekarjala.fi\/aitsaari\/wp-content\/uploads\/sites\/49\/2020\/02\/Luutamummo.mp3?_=3\" \/><a href=\"https:\/\/kylat.ekarjala.fi\/aitsaari\/wp-content\/uploads\/sites\/49\/2020\/02\/Luutamummo.mp3\">https:\/\/kylat.ekarjala.fi\/aitsaari\/wp-content\/uploads\/sites\/49\/2020\/02\/Luutamummo.mp3<\/a><\/audio>\n<p>\u00a0<\/p>\n<h2>Ruokolahden eukko<\/h2>\n<p><span style=\"float: none;background-color: #ffffff;color: #333333;font-family: 'Aller',sans-serif;font-size: 18px;font-style: normal;font-variant: normal;font-weight: 300;letter-spacing: normal;text-align: left;text-decoration: none;text-indent: 0px\">Ruokolahdella el\u00e4\u00e4 vahva eukkokulttuuri. T\u00e4m\u00e4n p\u00e4iv\u00e4n Eukot ovat arvostettuja ja taitavia vaikuttajanaisia. Nyky\u00e4\u00e4n\u00a0 Eukon rinnalle on ruvettu valitsemaan my\u00f6s Ruokolahden \u00c4ij\u00e4.\u00a0<span style=\"float: none;background-color: #ffffff;color: #333333;font-family: 'Aller',sans-serif;font-size: 18px;font-style: normal;font-variant: normal;font-weight: 300;letter-spacing: normal;text-align: left;text-decoration: none;text-indent: 0px\">Ensimm\u00e4inen Eukko valittiin vuonna 1973 ja sen j\u00e4lkeen joka toinen vuosi\u00a0on k\u00e4\u00e4dyin kruunattu Ruokolahden Eukko pit\u00e4j\u00e4n PR-henkil\u00f6ksi ja pit\u00e4j\u00e4mannekiiniksi.<\/span><\/span><\/p>\n<p><span style=\"float: none;background-color: #ffffff;color: #333333;font-family: 'Aller',sans-serif;font-size: 18px;font-style: normal;font-variant: normal;font-weight: 300;letter-spacing: normal;text-align: left;text-decoration: none;text-indent: 0px\"> Eukot ovat luoneet uutta perinnett\u00e4\u00a0j\u00e4rjest\u00e4m\u00e4ll\u00e4\u00a0hein\u00e4kuussa Ellin-p\u00e4iv\u00e4t.\u00a0Tapahtuma on nimetty Edelfeltin mallin Elli J\u00e4ppisen ja Ruokolahden ensimm\u00e4isen Eukon<em> Elli Karoniemen<\/em>\u00a0mukaan.<\/span><\/p>\n<h3>Ruokolahden Eukot<\/h3>\n<p>1973 Elli Karoniemi<br \/>1975 Elvi Tukiainen<br \/>1977 Aini Haikala<br \/>1979 Jenny Partinen<br \/>1981 Toini Pellinen<br \/>1983 Helvi H\u00e4m\u00e4l\u00e4inen<br \/>1985 Bertta Rita<br \/>1987 Maija Nevalainen<br \/>1989 Martta Puolakka<br \/>1991 Edith Ter\u00e4v\u00e4inen<br \/>1993 Eeva-Liisa Huhtanen<br \/>1995 Terttu Rantasola<br \/>1997 Aino Tiilikainen<br \/>1999 Seija Lifl\u00e4nder<br \/>2001 Anja Koivuvaara<br \/>2003 Leena Laukkanen<br \/>2005 Anna-Liisa Hein\u00e4nen<br \/>2007 Johanna Pulkkinen<br \/>2009 Sirkka-Liisa N\u00e4r\u00e4kk\u00e4<br \/>2011 Airi Ruokonen<br \/>2013 Virve Niiranen<br \/>2015 Raija Salakka<br \/>2017 Sirpa Monto<br \/><strong>2019 Anna Lankinen<\/strong><\/p>\n<p>\u00a0<\/p>\n<p><a href=\"https:\/\/kylat.ekarjala.fi\/aitsaari\/tervetuloa-aitsaarelle\/ruokolahden-eukko2\/\" rel=\"attachment wp-att-1882\"><img loading=\"lazy\" decoding=\"async\" class=\"alignleft wp-image-1882 \" src=\"https:\/\/kylat.ekarjala.fi\/aitsaari\/wp-content\/uploads\/sites\/49\/2020\/02\/Ruokolahden-eukko2-1024x768.jpg\" alt=\"\" width=\"704\" height=\"528\" srcset=\"https:\/\/kylat.ekarjala.fi\/aitsaari\/wp-content\/uploads\/sites\/49\/2020\/02\/Ruokolahden-eukko2-1024x768.jpg 1024w, https:\/\/kylat.ekarjala.fi\/aitsaari\/wp-content\/uploads\/sites\/49\/2020\/02\/Ruokolahden-eukko2-300x225.jpg 300w, https:\/\/kylat.ekarjala.fi\/aitsaari\/wp-content\/uploads\/sites\/49\/2020\/02\/Ruokolahden-eukko2-768x576.jpg 768w, https:\/\/kylat.ekarjala.fi\/aitsaari\/wp-content\/uploads\/sites\/49\/2020\/02\/Ruokolahden-eukko2-863x647.jpg 863w, https:\/\/kylat.ekarjala.fi\/aitsaari\/wp-content\/uploads\/sites\/49\/2020\/02\/Ruokolahden-eukko2-144x108.jpg 144w, https:\/\/kylat.ekarjala.fi\/aitsaari\/wp-content\/uploads\/sites\/49\/2020\/02\/Ruokolahden-eukko2.jpg 1440w\" sizes=\"auto, (max-width: 704px) 100vw, 704px\" \/><\/a> <a href=\"https:\/\/kylat.ekarjala.fi\/aitsaari\/tervetuloa-aitsaarelle\/ruokolahden-eukko\/\" rel=\"attachment wp-att-1883\"><img loading=\"lazy\" decoding=\"async\" class=\"alignleft wp-image-1883 \" src=\"https:\/\/kylat.ekarjala.fi\/aitsaari\/wp-content\/uploads\/sites\/49\/2020\/02\/Ruokolahden-eukko-1024x765.jpg\" alt=\"\" width=\"705\" height=\"527\" srcset=\"https:\/\/kylat.ekarjala.fi\/aitsaari\/wp-content\/uploads\/sites\/49\/2020\/02\/Ruokolahden-eukko-1024x765.jpg 1024w, https:\/\/kylat.ekarjala.fi\/aitsaari\/wp-content\/uploads\/sites\/49\/2020\/02\/Ruokolahden-eukko-300x224.jpg 300w, https:\/\/kylat.ekarjala.fi\/aitsaari\/wp-content\/uploads\/sites\/49\/2020\/02\/Ruokolahden-eukko-768x574.jpg 768w, https:\/\/kylat.ekarjala.fi\/aitsaari\/wp-content\/uploads\/sites\/49\/2020\/02\/Ruokolahden-eukko-863x645.jpg 863w, https:\/\/kylat.ekarjala.fi\/aitsaari\/wp-content\/uploads\/sites\/49\/2020\/02\/Ruokolahden-eukko-145x108.jpg 145w, https:\/\/kylat.ekarjala.fi\/aitsaari\/wp-content\/uploads\/sites\/49\/2020\/02\/Ruokolahden-eukko.jpg 1944w\" sizes=\"auto, (max-width: 705px) 100vw, 705px\" \/><\/a><\/p>\n<p>\u00a0<\/p>\n\n\n<p><\/p>\n\n\n\n<p><\/p>\n\n\n\n<h2 class=\"wp-block-heading\">\u00c4itsaari Kartalle projekti 2019-2020<\/h2>\n\n\n\n<p>Kiitoksemme projektiin osallistuneille tahoille, jotta t\u00e4m\u00e4 ty\u00f6 saatiin aikaan. Erityiskiitos henkil\u00f6ille jotka kerroitte meille perim\u00e4tietoja, taustoja ja tarinoita kohteiden takaa.<\/p>\n\n\n\n<p>Ruokolahti Kotiseutulukemisto; Sulo Siitonen \u00c4itsaaren talousalueen kyl\u00e4suunnitelma, jonka julkaissut kyl\u00e4yhdistys vuonna 2005.<\/p>\n\n\n\n<p>Yleistietoa \u00c4itsaaresta, koonnut talteen Eija Auvinen seuraavista l\u00e4hteist\u00e4: Saimaa Kirjasta, tutkija Timo Miettiselt\u00e4 ja maanviljelij\u00e4 Ky\u00f6sti Moilaselta saaduista tiedoista.  <\/p>\n\n\n\n<p>Retkeilij\u00e4n Ruokolahti;  Sulo Siitonen<\/p>\n\n\n\n<p> Lainajyv\u00e4st\u00f6st\u00e4 euroaikaan Ruokolahden kyl\u00e4t ja koulupiirit; Siitonen Sulo, Rikkonen Aimo, Siitonen Jouko ja Havia Airi. Ruokolahti Seura.<\/p>\n\n\n\n<p> Menneit\u00e4 muistellen; Eino Savolainen 2008<\/p>\n\n\n\n<p> P\u00e4iv\u00e4rinnan kaupasta kerrontaa; P\u00e4ivikki Sj\u00f6gren 2020 <\/p>\n\n\n\n<p>Kyl\u00e4l\u00e4isten ja eri ihmisten kertomaa \u00c4itsaaren kyl\u00e4st\u00e4<\/p>\n\n\n\n<p><\/p>\n\n\n\n<p>Kiitt\u00e4en \u00c4itsaari kartalle hankety\u00f6ryhm\u00e4.<\/p>\n\n\n\n<p><\/p>\n","protected":false},"excerpt":{"rendered":"<p>P\u00e4ivitetty 29.5.2020 Tervetuloa \u00c4itsaarelle. \u00c4itsaari sijaitsee Etel\u00e4-Karjalassa, Ruokolahden kunnassa. Kuntakeskuksesta saarelle on matkaa n. 11 km. \u00c4itsaari on Etel\u00e4-Karjalan suurin saari ja yksi Suomen suurimmista sis\u00e4j\u00e4rvien saarista. Wikipedian mukaan \u00c4itsaari (74 km2) sijoittuu sijalle 7 (mik\u00e4li Soisalo lasketaan saareksi). Naapurisaarista samalla listalla ovat 17. Salosaari (26 km2), 29. Mietinsaari (18 km2) sek\u00e4 35. H\u00e4rski\u00e4nsaari (15 &hellip; <a href=\"https:\/\/kylat.ekarjala.fi\/aitsaari\/tervetuloa-aitsaarelle\/\" class=\"more-link\">Continue reading <span class=\"screen-reader-text\">Tervetuloa \u00c4itsaarelle<\/span><\/a><\/p>\n","protected":false},"author":130,"featured_media":0,"parent":0,"menu_order":0,"comment_status":"closed","ping_status":"closed","template":"","meta":{"footnotes":""},"class_list":["post-1861","page","type-page","status-publish","hentry"],"_links":{"self":[{"href":"https:\/\/kylat.ekarjala.fi\/aitsaari\/wp-json\/wp\/v2\/pages\/1861","targetHints":{"allow":["GET"]}}],"collection":[{"href":"https:\/\/kylat.ekarjala.fi\/aitsaari\/wp-json\/wp\/v2\/pages"}],"about":[{"href":"https:\/\/kylat.ekarjala.fi\/aitsaari\/wp-json\/wp\/v2\/types\/page"}],"author":[{"embeddable":true,"href":"https:\/\/kylat.ekarjala.fi\/aitsaari\/wp-json\/wp\/v2\/users\/130"}],"replies":[{"embeddable":true,"href":"https:\/\/kylat.ekarjala.fi\/aitsaari\/wp-json\/wp\/v2\/comments?post=1861"}],"version-history":[{"count":19,"href":"https:\/\/kylat.ekarjala.fi\/aitsaari\/wp-json\/wp\/v2\/pages\/1861\/revisions"}],"predecessor-version":[{"id":2032,"href":"https:\/\/kylat.ekarjala.fi\/aitsaari\/wp-json\/wp\/v2\/pages\/1861\/revisions\/2032"}],"wp:attachment":[{"href":"https:\/\/kylat.ekarjala.fi\/aitsaari\/wp-json\/wp\/v2\/media?parent=1861"}],"curies":[{"name":"wp","href":"https:\/\/api.w.org\/{rel}","templated":true}]}}