{"id":2070,"date":"2020-07-30T21:31:03","date_gmt":"2020-07-30T19:31:03","guid":{"rendered":"https:\/\/kylat.ekarjala.fi\/aitsaari\/?page_id=2070"},"modified":"2023-02-03T11:04:55","modified_gmt":"2023-02-03T09:04:55","slug":"tulossa-2","status":"publish","type":"page","link":"https:\/\/kylat.ekarjala.fi\/aitsaari\/tulossa-2\/","title":{"rendered":"Tulossa"},"content":{"rendered":"\n<h2 class=\"wp-block-heading\">KARAOKE LAUANTAINA 11.2. KLO 18.00 HERTASSA. YST\u00c4V\u00c4NP\u00c4IV\u00c4N MERKEISSA\u00c4 PINKKI\u00c4 P\u00c4\u00c4LLE JA VILLASUKAT JALKAAN . TARJOAMME KAHVIA MAKEALLA JA SUOLAISELLA. TERVETULOA KAIKKI MUKAAN.<\/h2>\n\n\n\n<h2 class=\"wp-block-heading\"><\/h2>\n\n\n\n<h2 class=\"wp-block-heading\"><\/h2>\n\n\n\n<h2 class=\"wp-block-heading\"><\/h2>\n\n\n\n<figure class=\"wp-block-gallery has-nested-images columns-default is-cropped wp-block-gallery-1 is-layout-flex wp-block-gallery-is-layout-flex\"><\/figure>\n","protected":false},"excerpt":{"rendered":"<p>KARAOKE LAUANTAINA 11.2. KLO 18.00 HERTASSA. YST\u00c4V\u00c4NP\u00c4IV\u00c4N MERKEISSA\u00c4 PINKKI\u00c4 P\u00c4\u00c4LLE JA VILLASUKAT JALKAAN . TARJOAMME KAHVIA MAKEALLA JA SUOLAISELLA. TERVETULOA KAIKKI MUKAAN.<\/p>\n","protected":false},"author":130,"featured_media":0,"parent":0,"menu_order":0,"comment_status":"closed","ping_status":"closed","template":"","meta":{"footnotes":""},"class_list":["post-2070","page","type-page","status-publish","hentry"],"_links":{"self":[{"href":"https:\/\/kylat.ekarjala.fi\/aitsaari\/wp-json\/wp\/v2\/pages\/2070","targetHints":{"allow":["GET"]}}],"collection":[{"href":"https:\/\/kylat.ekarjala.fi\/aitsaari\/wp-json\/wp\/v2\/pages"}],"about":[{"href":"https:\/\/kylat.ekarjala.fi\/aitsaari\/wp-json\/wp\/v2\/types\/page"}],"author":[{"embeddable":true,"href":"https:\/\/kylat.ekarjala.fi\/aitsaari\/wp-json\/wp\/v2\/users\/130"}],"replies":[{"embeddable":true,"href":"https:\/\/kylat.ekarjala.fi\/aitsaari\/wp-json\/wp\/v2\/comments?post=2070"}],"version-history":[{"count":15,"href":"https:\/\/kylat.ekarjala.fi\/aitsaari\/wp-json\/wp\/v2\/pages\/2070\/revisions"}],"predecessor-version":[{"id":2154,"href":"https:\/\/kylat.ekarjala.fi\/aitsaari\/wp-json\/wp\/v2\/pages\/2070\/revisions\/2154"}],"wp:attachment":[{"href":"https:\/\/kylat.ekarjala.fi\/aitsaari\/wp-json\/wp\/v2\/media?parent=2070"}],"curies":[{"name":"wp","href":"https:\/\/api.w.org\/{rel}","templated":true}]}}