{"id":65,"date":"2012-09-25T16:14:01","date_gmt":"2012-09-25T16:14:01","guid":{"rendered":"https:\/\/kylat.ekarjala.fi\/aitsaari\/?page_id=65"},"modified":"2022-06-16T16:21:28","modified_gmt":"2022-06-16T14:21:28","slug":"kylatiedote","status":"publish","type":"page","link":"https:\/\/kylat.ekarjala.fi\/aitsaari\/kylatiedote\/","title":{"rendered":"Kyl\u00e4tiedote"},"content":{"rendered":"<p><a href=\"https:\/\/kylat.ekarjala.fi\/aitsaari\/kylatiedote\/kylatiedote-2018-1\/\" rel=\"attachment wp-att-1495\">Kyl\u00e4tiedote 2018 <\/a><\/p>\n<p>\u00a0<\/p>\n<p><strong>Voit lukea tiedotteen\u00a0t\u00e4st\u00e4 linkist\u00e4: <\/strong><\/p>\n<p><strong><a href=\"https:\/\/kylat.ekarjala.fi\/aitsaari\/wp-content\/uploads\/sites\/49\/2012\/09\/Kyl\u00e4tiedote-1-2012.doc\">Kyl\u00e4tiedote\u00a02012<\/a>\u00a0\u00a0\u00a0 <\/strong><\/p>\n<p><strong><a href=\"https:\/\/kylat.ekarjala.fi\/aitsaari\/wp-content\/uploads\/sites\/49\/2012\/09\/Kyl\u00e4tiedote-2013.pdf\">Kyl\u00e4tiedote 2013<\/a><\/strong><\/p>\n<p><strong><a href=\"https:\/\/kylat.ekarjala.fi\/aitsaari\/wp-content\/uploads\/sites\/49\/2012\/09\/Kyl\u00e4tiedote-1-2014.pdf\">Kyl\u00e4tiedote 2014<\/a><\/strong><\/p>\n<p><strong><a href=\"https:\/\/kylat.ekarjala.fi\/aitsaari\/wp-content\/uploads\/sites\/49\/2012\/09\/Kyl\u00e4tiedote-2015.pdf\">Kyl\u00e4tiedote 2015<\/a><\/strong><\/p>\n<p>\u00a0<\/p>\n\n\n<figure class=\"wp-block-image size-large\"><a href=\"https:\/\/kylat.ekarjala.fi\/aitsaari\/wp-content\/uploads\/sites\/49\/2022\/06\/1-2.jpg\"><img loading=\"lazy\" decoding=\"async\" width=\"724\" height=\"1024\" src=\"https:\/\/kylat.ekarjala.fi\/aitsaari\/wp-content\/uploads\/sites\/49\/2022\/06\/1-2-724x1024.jpg\" alt=\"\" class=\"wp-image-2140\" srcset=\"https:\/\/kylat.ekarjala.fi\/aitsaari\/wp-content\/uploads\/sites\/49\/2022\/06\/1-2-724x1024.jpg 724w, https:\/\/kylat.ekarjala.fi\/aitsaari\/wp-content\/uploads\/sites\/49\/2022\/06\/1-2-212x300.jpg 212w, https:\/\/kylat.ekarjala.fi\/aitsaari\/wp-content\/uploads\/sites\/49\/2022\/06\/1-2-768x1086.jpg 768w, https:\/\/kylat.ekarjala.fi\/aitsaari\/wp-content\/uploads\/sites\/49\/2022\/06\/1-2-1086x1536.jpg 1086w, https:\/\/kylat.ekarjala.fi\/aitsaari\/wp-content\/uploads\/sites\/49\/2022\/06\/1-2-863x1221.jpg 863w, https:\/\/kylat.ekarjala.fi\/aitsaari\/wp-content\/uploads\/sites\/49\/2022\/06\/1-2-76x108.jpg 76w, https:\/\/kylat.ekarjala.fi\/aitsaari\/wp-content\/uploads\/sites\/49\/2022\/06\/1-2.jpg 1414w\" sizes=\"auto, (max-width: 724px) 100vw, 724px\" \/><\/a><\/figure>\n\n\n\n<figure class=\"wp-block-image size-large\"><a href=\"https:\/\/kylat.ekarjala.fi\/aitsaari\/wp-content\/uploads\/sites\/49\/2022\/06\/2-2.jpg\"><img loading=\"lazy\" decoding=\"async\" width=\"724\" height=\"1024\" src=\"https:\/\/kylat.ekarjala.fi\/aitsaari\/wp-content\/uploads\/sites\/49\/2022\/06\/2-2-724x1024.jpg\" alt=\"\" class=\"wp-image-2139\" srcset=\"https:\/\/kylat.ekarjala.fi\/aitsaari\/wp-content\/uploads\/sites\/49\/2022\/06\/2-2-724x1024.jpg 724w, https:\/\/kylat.ekarjala.fi\/aitsaari\/wp-content\/uploads\/sites\/49\/2022\/06\/2-2-212x300.jpg 212w, https:\/\/kylat.ekarjala.fi\/aitsaari\/wp-content\/uploads\/sites\/49\/2022\/06\/2-2-768x1086.jpg 768w, https:\/\/kylat.ekarjala.fi\/aitsaari\/wp-content\/uploads\/sites\/49\/2022\/06\/2-2-1086x1536.jpg 1086w, https:\/\/kylat.ekarjala.fi\/aitsaari\/wp-content\/uploads\/sites\/49\/2022\/06\/2-2-863x1221.jpg 863w, https:\/\/kylat.ekarjala.fi\/aitsaari\/wp-content\/uploads\/sites\/49\/2022\/06\/2-2-76x108.jpg 76w, https:\/\/kylat.ekarjala.fi\/aitsaari\/wp-content\/uploads\/sites\/49\/2022\/06\/2-2.jpg 1414w\" sizes=\"auto, (max-width: 724px) 100vw, 724px\" \/><\/a><\/figure>\n","protected":false},"excerpt":{"rendered":"<p>Kyl\u00e4tiedote 2018 \u00a0 Voit lukea tiedotteen\u00a0t\u00e4st\u00e4 linkist\u00e4: Kyl\u00e4tiedote\u00a02012\u00a0\u00a0\u00a0 Kyl\u00e4tiedote 2013 Kyl\u00e4tiedote 2014 Kyl\u00e4tiedote 2015 \u00a0<\/p>\n","protected":false},"author":127,"featured_media":0,"parent":0,"menu_order":8,"comment_status":"closed","ping_status":"closed","template":"","meta":{"footnotes":""},"class_list":["post-65","page","type-page","status-publish","hentry"],"_links":{"self":[{"href":"https:\/\/kylat.ekarjala.fi\/aitsaari\/wp-json\/wp\/v2\/pages\/65","targetHints":{"allow":["GET"]}}],"collection":[{"href":"https:\/\/kylat.ekarjala.fi\/aitsaari\/wp-json\/wp\/v2\/pages"}],"about":[{"href":"https:\/\/kylat.ekarjala.fi\/aitsaari\/wp-json\/wp\/v2\/types\/page"}],"author":[{"embeddable":true,"href":"https:\/\/kylat.ekarjala.fi\/aitsaari\/wp-json\/wp\/v2\/users\/127"}],"replies":[{"embeddable":true,"href":"https:\/\/kylat.ekarjala.fi\/aitsaari\/wp-json\/wp\/v2\/comments?post=65"}],"version-history":[{"count":20,"href":"https:\/\/kylat.ekarjala.fi\/aitsaari\/wp-json\/wp\/v2\/pages\/65\/revisions"}],"predecessor-version":[{"id":2141,"href":"https:\/\/kylat.ekarjala.fi\/aitsaari\/wp-json\/wp\/v2\/pages\/65\/revisions\/2141"}],"wp:attachment":[{"href":"https:\/\/kylat.ekarjala.fi\/aitsaari\/wp-json\/wp\/v2\/media?parent=65"}],"curies":[{"name":"wp","href":"https:\/\/api.w.org\/{rel}","templated":true}]}}