{"id":118,"date":"2015-01-04T19:23:09","date_gmt":"2015-01-04T17:23:09","guid":{"rendered":"https:\/\/kylat.ekarjala.fi\/ankila\/?page_id=118"},"modified":"2018-03-06T14:05:18","modified_gmt":"2018-03-06T12:05:18","slug":"galleria","status":"publish","type":"page","link":"https:\/\/kylat.ekarjala.fi\/ankila\/galleria\/","title":{"rendered":"Galleria"},"content":{"rendered":"<p style=\"text-align: center\">KES\u00c4TAPAHTUMA 2017<\/p>\n<p><a href=\"https:\/\/kylat.ekarjala.fi\/ankila\/wp-content\/uploads\/sites\/56\/2018\/03\/IMG_20170722_105140.jpg\"><img loading=\"lazy\" decoding=\"async\" class=\"size-medium wp-image-243\" src=\"https:\/\/kylat.ekarjala.fi\/ankila\/wp-content\/uploads\/sites\/56\/2018\/03\/IMG_20170722_105140-225x300.jpg\" alt=\"\" width=\"225\" height=\"300\" srcset=\"https:\/\/kylat.ekarjala.fi\/ankila\/wp-content\/uploads\/sites\/56\/2018\/03\/IMG_20170722_105140-225x300.jpg 225w, https:\/\/kylat.ekarjala.fi\/ankila\/wp-content\/uploads\/sites\/56\/2018\/03\/IMG_20170722_105140-768x1024.jpg 768w\" sizes=\"auto, (max-width: 225px) 100vw, 225px\" \/><\/a><\/p>\n<p>&nbsp;<\/p>\n<p><a href=\"https:\/\/kylat.ekarjala.fi\/ankila\/wp-content\/uploads\/sites\/56\/2018\/03\/IMG_20170722_122453.jpg\"><img loading=\"lazy\" decoding=\"async\" class=\"size-medium wp-image-242\" src=\"https:\/\/kylat.ekarjala.fi\/ankila\/wp-content\/uploads\/sites\/56\/2018\/03\/IMG_20170722_122453-225x300.jpg\" alt=\"\" width=\"225\" height=\"300\" srcset=\"https:\/\/kylat.ekarjala.fi\/ankila\/wp-content\/uploads\/sites\/56\/2018\/03\/IMG_20170722_122453-225x300.jpg 225w, https:\/\/kylat.ekarjala.fi\/ankila\/wp-content\/uploads\/sites\/56\/2018\/03\/IMG_20170722_122453-768x1024.jpg 768w\" sizes=\"auto, (max-width: 225px) 100vw, 225px\" \/><\/a><\/p>\n<p style=\"text-align: center\">P\u00c4\u00c4SI\u00c4ISKOKKO 2014<\/p>\n<p>&nbsp;<\/p>\n<p style=\"text-align: justify\"><a href=\"https:\/\/kylat.ekarjala.fi\/ankila\/wp-content\/uploads\/sites\/56\/2015\/01\/WP_20140419_17_04_59_Pro.jpg\"><img loading=\"lazy\" decoding=\"async\" class=\"aligncenter size-medium wp-image-145\" src=\"https:\/\/kylat.ekarjala.fi\/ankila\/wp-content\/uploads\/sites\/56\/2015\/01\/WP_20140419_17_04_59_Pro-300x168.jpg\" alt=\"WP_20140419_17_04_59_Pro\" width=\"300\" height=\"168\" srcset=\"https:\/\/kylat.ekarjala.fi\/ankila\/wp-content\/uploads\/sites\/56\/2015\/01\/WP_20140419_17_04_59_Pro-300x168.jpg 300w, https:\/\/kylat.ekarjala.fi\/ankila\/wp-content\/uploads\/sites\/56\/2015\/01\/WP_20140419_17_04_59_Pro-1024x575.jpg 1024w\" sizes=\"auto, (max-width: 300px) 100vw, 300px\" \/><\/a><a href=\"https:\/\/kylat.ekarjala.fi\/ankila\/wp-content\/uploads\/sites\/56\/2015\/01\/WP_20140419_17_08_39_Pro.jpg\"><img loading=\"lazy\" decoding=\"async\" class=\"aligncenter size-medium wp-image-143\" src=\"https:\/\/kylat.ekarjala.fi\/ankila\/wp-content\/uploads\/sites\/56\/2015\/01\/WP_20140419_17_08_39_Pro-300x168.jpg\" alt=\"WP_20140419_17_08_39_Pro\" width=\"300\" height=\"168\" srcset=\"https:\/\/kylat.ekarjala.fi\/ankila\/wp-content\/uploads\/sites\/56\/2015\/01\/WP_20140419_17_08_39_Pro-300x168.jpg 300w, https:\/\/kylat.ekarjala.fi\/ankila\/wp-content\/uploads\/sites\/56\/2015\/01\/WP_20140419_17_08_39_Pro-1024x575.jpg 1024w\" sizes=\"auto, (max-width: 300px) 100vw, 300px\" \/><\/a><a href=\"https:\/\/kylat.ekarjala.fi\/ankila\/wp-content\/uploads\/sites\/56\/2015\/01\/WP_20140419_16_28_13_Pro.jpg\"><img loading=\"lazy\" decoding=\"async\" class=\"aligncenter size-medium wp-image-141\" src=\"https:\/\/kylat.ekarjala.fi\/ankila\/wp-content\/uploads\/sites\/56\/2015\/01\/WP_20140419_16_28_13_Pro-300x168.jpg\" alt=\"WP_20140419_16_28_13_Pro\" width=\"300\" height=\"168\" srcset=\"https:\/\/kylat.ekarjala.fi\/ankila\/wp-content\/uploads\/sites\/56\/2015\/01\/WP_20140419_16_28_13_Pro-300x168.jpg 300w, https:\/\/kylat.ekarjala.fi\/ankila\/wp-content\/uploads\/sites\/56\/2015\/01\/WP_20140419_16_28_13_Pro-1024x575.jpg 1024w\" sizes=\"auto, (max-width: 300px) 100vw, 300px\" \/><\/a><a href=\"https:\/\/kylat.ekarjala.fi\/ankila\/wp-content\/uploads\/sites\/56\/2016\/03\/Ankila_logo.jpg\" rel=\"attachment wp-att-196\"><img loading=\"lazy\" decoding=\"async\" class=\"aligncenter size-medium wp-image-196\" src=\"https:\/\/kylat.ekarjala.fi\/ankila\/wp-content\/uploads\/sites\/56\/2016\/03\/Ankila_logo-300x224.jpg\" alt=\"Ankila_logo\" width=\"300\" height=\"224\" srcset=\"https:\/\/kylat.ekarjala.fi\/ankila\/wp-content\/uploads\/sites\/56\/2016\/03\/Ankila_logo-300x224.jpg 300w, https:\/\/kylat.ekarjala.fi\/ankila\/wp-content\/uploads\/sites\/56\/2016\/03\/Ankila_logo-768x572.jpg 768w, https:\/\/kylat.ekarjala.fi\/ankila\/wp-content\/uploads\/sites\/56\/2016\/03\/Ankila_logo.jpg 978w\" sizes=\"auto, (max-width: 300px) 100vw, 300px\" \/><\/a><\/p>\n","protected":false},"excerpt":{"rendered":"<p>KES\u00c4TAPAHTUMA 2017 &nbsp; P\u00c4\u00c4SI\u00c4ISKOKKO 2014 &nbsp;<\/p>\n","protected":false},"author":159,"featured_media":0,"parent":0,"menu_order":0,"comment_status":"closed","ping_status":"closed","template":"","meta":{"footnotes":""},"class_list":["post-118","page","type-page","status-publish","hentry"],"_links":{"self":[{"href":"https:\/\/kylat.ekarjala.fi\/ankila\/wp-json\/wp\/v2\/pages\/118","targetHints":{"allow":["GET"]}}],"collection":[{"href":"https:\/\/kylat.ekarjala.fi\/ankila\/wp-json\/wp\/v2\/pages"}],"about":[{"href":"https:\/\/kylat.ekarjala.fi\/ankila\/wp-json\/wp\/v2\/types\/page"}],"author":[{"embeddable":true,"href":"https:\/\/kylat.ekarjala.fi\/ankila\/wp-json\/wp\/v2\/users\/159"}],"replies":[{"embeddable":true,"href":"https:\/\/kylat.ekarjala.fi\/ankila\/wp-json\/wp\/v2\/comments?post=118"}],"version-history":[{"count":6,"href":"https:\/\/kylat.ekarjala.fi\/ankila\/wp-json\/wp\/v2\/pages\/118\/revisions"}],"predecessor-version":[{"id":244,"href":"https:\/\/kylat.ekarjala.fi\/ankila\/wp-json\/wp\/v2\/pages\/118\/revisions\/244"}],"wp:attachment":[{"href":"https:\/\/kylat.ekarjala.fi\/ankila\/wp-json\/wp\/v2\/media?parent=118"}],"curies":[{"name":"wp","href":"https:\/\/api.w.org\/{rel}","templated":true}]}}