{"id":271,"date":"2019-02-26T14:42:45","date_gmt":"2019-02-26T12:42:45","guid":{"rendered":"https:\/\/kylat.ekarjala.fi\/ankila\/?page_id=271"},"modified":"2019-02-26T14:48:54","modified_gmt":"2019-02-26T12:48:54","slug":"toimintakertomukset-ja-suunnitelmat","status":"publish","type":"page","link":"https:\/\/kylat.ekarjala.fi\/ankila\/kylatoimikunta\/toimintakertomukset-ja-suunnitelmat\/","title":{"rendered":"Toimintakertomukset ja -suunnitelmat"},"content":{"rendered":"<p><a href=\"https:\/\/kylat.ekarjala.fi\/ankila\/wp-content\/uploads\/sites\/56\/2019\/02\/Toimintasuunnitelma2019.doc\">Toimintasuunnitelma2019<\/a><\/p>\n<p><a href=\"https:\/\/kylat.ekarjala.fi\/ankila\/wp-content\/uploads\/sites\/56\/2019\/02\/toimintakertoumus2018.doc\">toimintakertoumus2018<\/a><\/p>\n<p><a href=\"https:\/\/kylat.ekarjala.fi\/ankila\/wp-content\/uploads\/sites\/56\/2018\/03\/toimintasuunnitelma2018.doc\">toimintasuunnitelma2018<\/a><\/p>\n<p><a href=\"https:\/\/kylat.ekarjala.fi\/ankila\/wp-content\/uploads\/sites\/56\/2018\/03\/toimintakertomus2017.doc\">toimintakertomus2017<\/a><\/p>\n<p><a href=\"https:\/\/kylat.ekarjala.fi\/ankila\/wp-content\/uploads\/sites\/56\/2017\/01\/kyl\u00e4kokouksen-p\u00f6yt\u00e4kirja-2016.doc\">kyl\u00e4kokouksen p\u00f6yt\u00e4kirja 2016<\/a><\/p>\n<p>&nbsp;<\/p>\n","protected":false},"excerpt":{"rendered":"<p>Toimintasuunnitelma2019 toimintakertoumus2018 toimintasuunnitelma2018 toimintakertomus2017 kyl\u00e4kokouksen p\u00f6yt\u00e4kirja 2016 &nbsp;<\/p>\n","protected":false},"author":159,"featured_media":0,"parent":62,"menu_order":0,"comment_status":"closed","ping_status":"closed","template":"","meta":{"footnotes":""},"class_list":["post-271","page","type-page","status-publish","hentry"],"_links":{"self":[{"href":"https:\/\/kylat.ekarjala.fi\/ankila\/wp-json\/wp\/v2\/pages\/271","targetHints":{"allow":["GET"]}}],"collection":[{"href":"https:\/\/kylat.ekarjala.fi\/ankila\/wp-json\/wp\/v2\/pages"}],"about":[{"href":"https:\/\/kylat.ekarjala.fi\/ankila\/wp-json\/wp\/v2\/types\/page"}],"author":[{"embeddable":true,"href":"https:\/\/kylat.ekarjala.fi\/ankila\/wp-json\/wp\/v2\/users\/159"}],"replies":[{"embeddable":true,"href":"https:\/\/kylat.ekarjala.fi\/ankila\/wp-json\/wp\/v2\/comments?post=271"}],"version-history":[{"count":2,"href":"https:\/\/kylat.ekarjala.fi\/ankila\/wp-json\/wp\/v2\/pages\/271\/revisions"}],"predecessor-version":[{"id":277,"href":"https:\/\/kylat.ekarjala.fi\/ankila\/wp-json\/wp\/v2\/pages\/271\/revisions\/277"}],"up":[{"embeddable":true,"href":"https:\/\/kylat.ekarjala.fi\/ankila\/wp-json\/wp\/v2\/pages\/62"}],"wp:attachment":[{"href":"https:\/\/kylat.ekarjala.fi\/ankila\/wp-json\/wp\/v2\/media?parent=271"}],"curies":[{"name":"wp","href":"https:\/\/api.w.org\/{rel}","templated":true}]}}