{"id":62,"date":"2014-02-24T09:50:13","date_gmt":"2014-02-24T07:50:13","guid":{"rendered":"https:\/\/kylat.ekarjala.fi\/ankila\/?page_id=62"},"modified":"2021-10-18T21:03:15","modified_gmt":"2021-10-18T18:03:15","slug":"kylatoimikunta","status":"publish","type":"page","link":"https:\/\/kylat.ekarjala.fi\/ankila\/kylatoimikunta\/","title":{"rendered":"Kyl\u00e4toimikunta"},"content":{"rendered":"<p><strong>J\u00e4senet:<\/strong><\/p>\n<p>Emilia Kivel\u00e4<\/p>\n<p>Anu Harmanen<\/p>\n<p>Pasi Viinanen<\/p>\n<p>Teemu Roiha<\/p>\n<p>Eila R\u00f6nkk\u00f6nen<\/p>\n<p>Iina Ter\u00e4v\u00e4<\/p>\n<p><strong>\u00a0<\/strong><\/p>\n","protected":false},"excerpt":{"rendered":"<p>J\u00e4senet: Emilia Kivel\u00e4 Anu Harmanen Pasi Viinanen Teemu Roiha Eila R\u00f6nkk\u00f6nen Iina Ter\u00e4v\u00e4 \u00a0<\/p>\n","protected":false},"author":1,"featured_media":0,"parent":0,"menu_order":0,"comment_status":"closed","ping_status":"closed","template":"","meta":{"footnotes":""},"class_list":["post-62","page","type-page","status-publish","hentry"],"_links":{"self":[{"href":"https:\/\/kylat.ekarjala.fi\/ankila\/wp-json\/wp\/v2\/pages\/62","targetHints":{"allow":["GET"]}}],"collection":[{"href":"https:\/\/kylat.ekarjala.fi\/ankila\/wp-json\/wp\/v2\/pages"}],"about":[{"href":"https:\/\/kylat.ekarjala.fi\/ankila\/wp-json\/wp\/v2\/types\/page"}],"author":[{"embeddable":true,"href":"https:\/\/kylat.ekarjala.fi\/ankila\/wp-json\/wp\/v2\/users\/1"}],"replies":[{"embeddable":true,"href":"https:\/\/kylat.ekarjala.fi\/ankila\/wp-json\/wp\/v2\/comments?post=62"}],"version-history":[{"count":16,"href":"https:\/\/kylat.ekarjala.fi\/ankila\/wp-json\/wp\/v2\/pages\/62\/revisions"}],"predecessor-version":[{"id":286,"href":"https:\/\/kylat.ekarjala.fi\/ankila\/wp-json\/wp\/v2\/pages\/62\/revisions\/286"}],"wp:attachment":[{"href":"https:\/\/kylat.ekarjala.fi\/ankila\/wp-json\/wp\/v2\/media?parent=62"}],"curies":[{"name":"wp","href":"https:\/\/api.w.org\/{rel}","templated":true}]}}