{"id":68,"date":"2014-02-24T09:53:10","date_gmt":"2014-02-24T07:53:10","guid":{"rendered":"https:\/\/kylat.ekarjala.fi\/ankila\/?page_id=68"},"modified":"2016-03-09T19:08:40","modified_gmt":"2016-03-09T17:08:40","slug":"kalastuslupa-asiat","status":"publish","type":"page","link":"https:\/\/kylat.ekarjala.fi\/ankila\/kalastus\/kalastuslupa-asiat\/","title":{"rendered":"Kalastuslupa-asiat"},"content":{"rendered":"<p>Osakaskunnan vuosikokouksessa 8.4. P\u00e4\u00e4tetty\u00e4: verkkomerkeiss\u00e4 alkaa uusi 3-vuotiskausi 2015-2017. Hinta edelleen sama 5\u20ac\/ merkki. Samoin rapumerkkien hinnat samat 1\u20ac\/merkki. Maksetaan osakaskunnan tilille ennen kalastuksen aloittamista. Muut maksut my\u00f6s s\u00e4ilyiv\u00e4t ennallaan.<br \/>\nSamoin rapumerkkien hinnat samat 1\u20ac\/merkki.<\/p>\n<p>Hoitokunta varsinaiset: Martti Myllys, Jyrki Asikainen, Riitta Palm, Hannu Toivanen<\/p>\n<p>Silamus- ja torsajoen rauhoitus jatkuu toistaiseksi.<br \/>\nPitk\u00e4j\u00e4rvell\u00e4 saa kalastaa verkolla silm\u00e4koko min. 50mm max 2kpl\/talous.<\/p>\n<p><b>LUPA- JA MERKKIK\u00c4YT\u00c4NT\u00d6:<\/b>Pyydysyksikk\u00f6jen m\u00e4\u00e4r\u00e4ytymisperusteet:T\u00e4st\u00e4 l\u00e4htien kaikilla muilla normaaleilla pyydyksill\u00e4 pyyt\u00e4minen\u00a0on t\u00e4ysin vapaata j\u00e4senille ja kyl\u00e4l\u00e4isille, ainoastaan uusia ns.\u00a0&#8221;ikimerkkej\u00e4&#8221; tarvitaan verkoilla pyyt\u00e4misess\u00e4, josta 1 verkko = 1 pyydysyksikk\u00f6 sek\u00e4 erilliset rapuluvat \/ merkit.<\/p>\n<p>Pyydysyksikk\u00f6oikeudet toistaiseksi:<\/p>\n<p>&#8211;\u00a0osakaskunnan osakkaat enint\u00e4\u00e4n 10 yksikk\u00f6\u00e4<\/p>\n<p>&#8211; alle 1\u00a0ha:n\u00a0tontin omistajaosakkaat 5 yksikk\u00f6\u00e4<\/p>\n<p>&#8211; osakaskunnan ulkopuoliset 3 yksikk\u00f6\u00e4<\/p>\n<p>Ikimerkit\u00a0&#8211; k\u00e4yt\u00e4nt\u00f6:<\/p>\n<p>N\u00e4it\u00e4 &#8221;ikimerkkej\u00e4&#8221; voivat jokainen lunastaa kalastusesimiehelt\u00e4 Hannu Toivaselta, Palotie 34, 56800 Simpele,\u00a0puh. 050 &#8211; 3023699.<\/p>\n<p>Osakkaitten ja kes\u00e4m\u00f6kkil\u00e4isten lunastushinta on\u00a05\u00a0euroa per merkki\u00a0 ja ulkopuolisten lunastushinta on 10 euroa per merkki.<\/p>\n<p>Lunastetut\u00a0merkit ovat voimassa\u00a0ilman\u00a0lis\u00e4maksua ( =\u00a0kertamaksu) 1.1.2012 lukien\u00a0\u00a031.12.2014 saakka.<\/p>\n<p>Ne joilla on t\u00e4ll\u00e4 hetkell\u00e4 ikimerkit lunastettuna 2011 loppuun voimassa olleina tulee maksaa uusi lunastusmaksu suoraan\u00a0\u00c4nkil\u00e4n\u00a0osakaskunnan tilille\u00a0FI3854280840004488.\u00a0Mik\u00e4li\u00a0joku ei halua en\u00e4\u00e4 maksaa merkeist\u00e4, tulee ne v\u00e4litt\u00f6m\u00e4sti palauttaa kalastusesimiehelle Hannu Toivaselle.<\/p>\n<p>Huom!\u00a0H\u00e4vinneen\/tuhoutuneen merkin tilalle on lunastettava uusi merkki edell\u00e4 mainitun lunastushinnan mukaisesti.<\/p>\n<p>Jos lunastaa esim. merkin v. 2012 tai 2014, hinta on sama kuin v. 2012 eli kannattaa lunastaa jo vuoden 2012 aikana haluamansa merkkim\u00e4\u00e4r\u00e4n = kattaa pitemm\u00e4n jakson.<\/p>\n<p>Muuta huomioitavaa:<\/p>\n<p>Jatkossa pyrit\u00e4\u00e4n muuttamaan k\u00e4yt\u00e4nt\u00f6\u00e4 siihen, ett\u00e4 kalastusluvat jokainen maksaisi suoraan osakaskunnan tilille ja pankkikulujen takia pyrit\u00e4\u00e4n jatkossa kolmen (3) vuoden lupamaksujaksoihin,\u00a0jotta\u00a0lupamaksut eiv\u00e4t hupenisi kaikki pankkikuluihin.\u00a01.1.2009 lukien ikimerkkej\u00e4\u00a0saa ainoastaan kalastuksen esimiehelt\u00e4 eli Hannu Toivaselta ja n\u00e4in ollen muita luvanmyyji\u00e4 ei en\u00e4\u00e4 jatkossa esiinny.<\/p>\n<p>Muut erityiset lupamaksut:<\/p>\n<p>Osakkaitten ja alueen m\u00f6kkil\u00e4isten\u00a0koskilupa\u00a0\u00e1\u00a020\u00a0euroa\/henkil\u00f6\/vuosi 1 lohikala \/\u00a0kalastuskerta,\u00a0 joka\u00a0maksu tulee olla hyviss\u00e4 ajoin maksettuna etuk\u00e4teen ennen kalastustapahtumaa\u00a0Hiitolajokiyhtym\u00e4n\u00a0tilille FI0254280820016734.<\/p>\n<p>Ulkopuolisten\u00a0tulee lunastaa koskiluvat toistaiseksi\u00a0\u00c4nkil\u00e4n\u00a0Teboililta:<\/p>\n<p>&#8211;\u00a0Kangaskosken alapuoli \/10 euroa\/vrk\/1 kala,<\/p>\n<p>Lohipyynti perholla ja virvelill\u00e4, (alle 12 v. lapsi samalla luvalla aikuisen holhoojansa kanssa \/ ei yksin.)<\/p>\n<p>Edell\u00e4 kerrottuun\u00a0erotuksena on huomioitava, ett\u00e4\u00a0osakkaitten ja m\u00f6kkil\u00e4isten koskilupa\u00a0Torsa-Silamusjokien\u00a0osalta on\u00a010 euroa\/vuosi\/2 lohikalaa\/kerta (vrk), joka tulee olla\u00a0maksettuna etuk\u00e4teen ennen kalastustapahtumaa\u00a0\u00c4nkil\u00e4n\u00a0osaskaskunnan\u00a0tilille FI3854280840004488.<\/p>\n<p>HUOM!\u00a0\u00a0Vuosiluvan maksaneet ovat velvollisia pit\u00e4m\u00e4\u00e4n\u00a0saalisp\u00e4iv\u00e4kirjaakalastuskerroiltaan, joka tulee sitten vuoden lopulla toimittaa osakaskunnan jollekin toimihenkil\u00f6lle, joka vastaavasti toimittaa sen sitten kalastuksen esimiehelle eli Hannu Toivaselle.<\/p>\n<p>Muualla kuin koskialueella\u00a0tapahtuvan viehe\/uistin-v\u00e4lineen lupamaksu on toistaiseksi seuraava:<\/p>\n<p>osakkaat ja alueen m\u00f6kkil\u00e4iset:\u00a0\u00a0maksua ei perit\u00e4 = ilmainen jaulkopuoliset\u00a05 euroa \/ henkil\u00f6 \/ vuosi, jotka maksut tulee olla hyviss\u00e4 ajoin maksettuna\u00a0etuk\u00e4teen ennen kalastustapahtumaa\u00a0\u00c4nkil\u00e4n osakaskunnan tilille FI3854280840004488. Pankkisiirtoon selv\u00e4 merkint\u00e4 maksajasta ja maksu koskee esim. viehemaksua sek\u00e4 jos haluaa samalla maksaa useammalta vuodelta kerralla, maksu\u00a0vuosilta\u00a0&#8230;&#8230;&#8230;&#8230;&#8230;&#8230;&#8230;&#8230;<\/p>\n<p>Rajoitukset:<\/p>\n<p><span style=\"font-size: small\">Silamus- ja Torsajoki rauhoitettu kalastukselta toistaiseksi.<br \/>\n<\/span><\/p>\n<p>Uistelu ja virveli:\u00a0(Vetouistelu sallitaan moottorilla,\u00a0max: 2 vapaa\/vene)Ravustus:Vain kalastuskunnan osakkailla ja alueella asuvilla oikeus ravustukseen ja enint\u00e4\u00e4n 30\u00a0mertaa\u00a0\/ talous. Lupamaksu=1 euro \/ merta \/ vuosi.\u00a0Ravustusmaksu on maksettava 31.7. menness\u00e4 ja ravustukseen varataan omat\u00a0\u00a0&#8221;ikimerkit&#8221;.<\/p>\n<p>Erityiss\u00e4\u00e4nn\u00f6t verkkopyynniss\u00e4:<\/p>\n<p>Pitk\u00e4j\u00e4rvell\u00e4 alle 90 mm kielletty.<\/p>\n<p>Huom!\u00a0Merkit molempiin p\u00e4ihin!<\/p>\n<p>Kokkolanjoella v\u00e4lill\u00e4 paperitehdas &#8211;\u00a0Ritakoski\u00a0kielletty l\u00e4pi vuoden.<\/p>\n<p>Muut s\u00e4\u00e4nn\u00f6kset:<\/p>\n<p>&#8211;\u00a0Sorsastus kielletty v\u00e4lill\u00e4\u00a0Pientorsa-Silamus, Paavo\u00a0Vennon-Kirvesniemen linjasta<\/p>\n<p>alajokisuulle &#8211;\u00a0Ritakosken\u00a0pato ja M\u00e4ntylampi.<\/p>\n<p>&#8211;\u00a0Sorsavedet vuokrattu Pitk\u00e4j\u00e4rvell\u00e4 Simpeleen Seudun Er\u00e4nk\u00e4vij\u00e4t ja<\/p>\n<p>Kokkolan &#8211; (Hiitolan-) joen osalta Kokkolanjoen Er\u00e4miehille.<\/p>\n<p>&#8211;\u00a0Kalastuskielloista ja -rajoituksista vesialueilla p\u00e4\u00e4tet\u00e4\u00e4n vuosikokouksessa.<\/p>\n","protected":false},"excerpt":{"rendered":"<p>Osakaskunnan vuosikokouksessa 8.4. P\u00e4\u00e4tetty\u00e4: verkkomerkeiss\u00e4 alkaa uusi 3-vuotiskausi 2015-2017. Hinta edelleen sama 5\u20ac\/ merkki. Samoin rapumerkkien hinnat samat 1\u20ac\/merkki. Maksetaan osakaskunnan tilille ennen kalastuksen aloittamista. Muut maksut my\u00f6s s\u00e4ilyiv\u00e4t ennallaan. Samoin rapumerkkien hinnat samat 1\u20ac\/merkki. Hoitokunta varsinaiset: Martti Myllys, Jyrki &hellip; <a href=\"https:\/\/kylat.ekarjala.fi\/ankila\/kalastus\/kalastuslupa-asiat\/\">Lue loppuun <span class=\"meta-nav\">&rarr;<\/span><\/a><\/p>\n","protected":false},"author":1,"featured_media":0,"parent":115,"menu_order":0,"comment_status":"closed","ping_status":"closed","template":"","meta":{"footnotes":""},"class_list":["post-68","page","type-page","status-publish","hentry"],"_links":{"self":[{"href":"https:\/\/kylat.ekarjala.fi\/ankila\/wp-json\/wp\/v2\/pages\/68","targetHints":{"allow":["GET"]}}],"collection":[{"href":"https:\/\/kylat.ekarjala.fi\/ankila\/wp-json\/wp\/v2\/pages"}],"about":[{"href":"https:\/\/kylat.ekarjala.fi\/ankila\/wp-json\/wp\/v2\/types\/page"}],"author":[{"embeddable":true,"href":"https:\/\/kylat.ekarjala.fi\/ankila\/wp-json\/wp\/v2\/users\/1"}],"replies":[{"embeddable":true,"href":"https:\/\/kylat.ekarjala.fi\/ankila\/wp-json\/wp\/v2\/comments?post=68"}],"version-history":[{"count":11,"href":"https:\/\/kylat.ekarjala.fi\/ankila\/wp-json\/wp\/v2\/pages\/68\/revisions"}],"predecessor-version":[{"id":195,"href":"https:\/\/kylat.ekarjala.fi\/ankila\/wp-json\/wp\/v2\/pages\/68\/revisions\/195"}],"up":[{"embeddable":true,"href":"https:\/\/kylat.ekarjala.fi\/ankila\/wp-json\/wp\/v2\/pages\/115"}],"wp:attachment":[{"href":"https:\/\/kylat.ekarjala.fi\/ankila\/wp-json\/wp\/v2\/media?parent=68"}],"curies":[{"name":"wp","href":"https:\/\/api.w.org\/{rel}","templated":true}]}}