{"id":75,"date":"2014-02-24T09:55:27","date_gmt":"2014-02-24T07:55:27","guid":{"rendered":"https:\/\/kylat.ekarjala.fi\/ankila\/?page_id=75"},"modified":"2019-02-26T14:43:39","modified_gmt":"2019-02-26T12:43:39","slug":"vuosikokouspaatokset","status":"publish","type":"page","link":"https:\/\/kylat.ekarjala.fi\/ankila\/kalastus\/kalastuslupa-asiat\/vuosikokouspaatokset\/","title":{"rendered":"Vuosikokousp\u00e4\u00e4t\u00f6kset ja toimintasuunnitelmat"},"content":{"rendered":"<p><a href=\"https:\/\/kylat.ekarjala.fi\/ankila\/wp-content\/uploads\/sites\/56\/2014\/02\/vuosikokous2009.doc\">Vuosikokouksen p\u00f6yt\u00e4kirja 2009<\/a><\/p>\n","protected":false},"excerpt":{"rendered":"<p>Vuosikokouksen p\u00f6yt\u00e4kirja 2009<\/p>\n","protected":false},"author":1,"featured_media":0,"parent":68,"menu_order":0,"comment_status":"closed","ping_status":"closed","template":"","meta":{"footnotes":""},"class_list":["post-75","page","type-page","status-publish","hentry"],"_links":{"self":[{"href":"https:\/\/kylat.ekarjala.fi\/ankila\/wp-json\/wp\/v2\/pages\/75","targetHints":{"allow":["GET"]}}],"collection":[{"href":"https:\/\/kylat.ekarjala.fi\/ankila\/wp-json\/wp\/v2\/pages"}],"about":[{"href":"https:\/\/kylat.ekarjala.fi\/ankila\/wp-json\/wp\/v2\/types\/page"}],"author":[{"embeddable":true,"href":"https:\/\/kylat.ekarjala.fi\/ankila\/wp-json\/wp\/v2\/users\/1"}],"replies":[{"embeddable":true,"href":"https:\/\/kylat.ekarjala.fi\/ankila\/wp-json\/wp\/v2\/comments?post=75"}],"version-history":[{"count":6,"href":"https:\/\/kylat.ekarjala.fi\/ankila\/wp-json\/wp\/v2\/pages\/75\/revisions"}],"predecessor-version":[{"id":274,"href":"https:\/\/kylat.ekarjala.fi\/ankila\/wp-json\/wp\/v2\/pages\/75\/revisions\/274"}],"up":[{"embeddable":true,"href":"https:\/\/kylat.ekarjala.fi\/ankila\/wp-json\/wp\/v2\/pages\/68"}],"wp:attachment":[{"href":"https:\/\/kylat.ekarjala.fi\/ankila\/wp-json\/wp\/v2\/media?parent=75"}],"curies":[{"name":"wp","href":"https:\/\/api.w.org\/{rel}","templated":true}]}}