{"id":77,"date":"2014-02-24T09:56:16","date_gmt":"2014-02-24T07:56:16","guid":{"rendered":"https:\/\/kylat.ekarjala.fi\/ankila\/?page_id=77"},"modified":"2015-01-04T19:45:51","modified_gmt":"2015-01-04T17:45:51","slug":"hoitokunta-ja-kesan-kalajutut","status":"publish","type":"page","link":"https:\/\/kylat.ekarjala.fi\/ankila\/kalastus\/hoitokunta-ja-kesan-kalajutut\/","title":{"rendered":"Hoitokunta ja kes\u00e4n kalajutut"},"content":{"rendered":"<p>Myllys Martti,\u00a0<span style=\"text-decoration: underline\">puheenjohtaja<\/span>\u00a0ja Toivanen Hannu,\u00a0<span style=\"text-decoration: underline\">varapuheenjohtaja, kalastusesimies ja rahastonhoitaja.<\/span><\/p>\n<p>Hoitokunnan j\u00e4senten kokoonpano\u00a0vahvistettiin osakaskunnan kev\u00e4tkokouksessa 10.4.2012 seuraavanlaiseksi:<\/p>\n<p>Varsinaiset j\u00e4senet:Martti Myllys, Jyrki Asikainen, Riitta Palm ja<br \/>\nHannu Toivanen<\/p>\n<p>Varaj\u00e4senet:<\/p>\n<p>Aarno Paavilainen, Anna-Liisa Myllys,<br \/>\nJaakko Repo ja Heikki Vaittinen<\/p>\n<p><span style=\"text-decoration: underline\">Edustajat eri toimikuntiin:<\/span><\/p>\n<p><span style=\"text-decoration: underline\">Kalastusalue:<\/span>\u00a0Martti Myllys, varalla Hannu Toivanen,<\/p>\n<p><span style=\"text-decoration: underline\">Hiitolanjoki-yhtym\u00e4:<\/span>\u00a0Hannu Toivanen ja Jyrki Asikainen,<\/p>\n<p><span style=\"text-decoration: underline\">Simpelej\u00e4rvi siistiksi &#8211; projekti:<\/span>\u00a0Martti Myllys,<\/p>\n<p><span style=\"text-decoration: underline\">E-K:n Kalatalouskeskus:<\/span>\u00a0Martti Myllys, varalla Hannu Toivanen.<\/p>\n","protected":false},"excerpt":{"rendered":"<p>Myllys Martti,\u00a0puheenjohtaja\u00a0ja Toivanen Hannu,\u00a0varapuheenjohtaja, kalastusesimies ja rahastonhoitaja. Hoitokunnan j\u00e4senten kokoonpano\u00a0vahvistettiin osakaskunnan kev\u00e4tkokouksessa 10.4.2012 seuraavanlaiseksi: Varsinaiset j\u00e4senet:Martti Myllys, Jyrki Asikainen, Riitta Palm ja Hannu Toivanen Varaj\u00e4senet: Aarno Paavilainen, Anna-Liisa Myllys, Jaakko Repo ja Heikki Vaittinen Edustajat eri toimikuntiin: Kalastusalue:\u00a0Martti Myllys, varalla &hellip; <a href=\"https:\/\/kylat.ekarjala.fi\/ankila\/kalastus\/hoitokunta-ja-kesan-kalajutut\/\">Lue loppuun <span class=\"meta-nav\">&rarr;<\/span><\/a><\/p>\n","protected":false},"author":1,"featured_media":0,"parent":115,"menu_order":0,"comment_status":"closed","ping_status":"closed","template":"","meta":{"footnotes":""},"class_list":["post-77","page","type-page","status-publish","hentry"],"_links":{"self":[{"href":"https:\/\/kylat.ekarjala.fi\/ankila\/wp-json\/wp\/v2\/pages\/77","targetHints":{"allow":["GET"]}}],"collection":[{"href":"https:\/\/kylat.ekarjala.fi\/ankila\/wp-json\/wp\/v2\/pages"}],"about":[{"href":"https:\/\/kylat.ekarjala.fi\/ankila\/wp-json\/wp\/v2\/types\/page"}],"author":[{"embeddable":true,"href":"https:\/\/kylat.ekarjala.fi\/ankila\/wp-json\/wp\/v2\/users\/1"}],"replies":[{"embeddable":true,"href":"https:\/\/kylat.ekarjala.fi\/ankila\/wp-json\/wp\/v2\/comments?post=77"}],"version-history":[{"count":4,"href":"https:\/\/kylat.ekarjala.fi\/ankila\/wp-json\/wp\/v2\/pages\/77\/revisions"}],"predecessor-version":[{"id":127,"href":"https:\/\/kylat.ekarjala.fi\/ankila\/wp-json\/wp\/v2\/pages\/77\/revisions\/127"}],"up":[{"embeddable":true,"href":"https:\/\/kylat.ekarjala.fi\/ankila\/wp-json\/wp\/v2\/pages\/115"}],"wp:attachment":[{"href":"https:\/\/kylat.ekarjala.fi\/ankila\/wp-json\/wp\/v2\/media?parent=77"}],"curies":[{"name":"wp","href":"https:\/\/api.w.org\/{rel}","templated":true}]}}