{"id":84,"date":"2014-02-24T10:00:00","date_gmt":"2014-02-24T08:00:00","guid":{"rendered":"https:\/\/kylat.ekarjala.fi\/ankila\/?page_id=84"},"modified":"2015-01-04T20:24:07","modified_gmt":"2015-01-04T18:24:07","slug":"kylan-palvelut","status":"publish","type":"page","link":"https:\/\/kylat.ekarjala.fi\/ankila\/kylan-palvelut\/","title":{"rendered":"Kyl\u00e4n palvelut"},"content":{"rendered":"<p>\u00c4nkil\u00e4n kyl\u00e4ll\u00e4 asuvien k\u00e4ytett\u00e4viss\u00e4 ovat oman kyl\u00e4n yritysten tarjoamien palvelujen lis\u00e4ksi yht\u00e4 l\u00e4hell\u00e4 Simpeleen keskustaajaman (keskim. 3 &#8211; 4 km:n et\u00e4isyydell\u00e4)\u00a0<span style=\"text-decoration: underline\">kaikki muut\u00a0palvelut.<\/span><\/p>\n<p><strong>Oman kyl\u00e4n yritysten tarjoamat palvelut:<\/strong><\/p>\n<p><strong><span style=\"text-decoration: underline\">Bussi Timossi Ay<\/span>,\u00a0<\/strong>tilausliikenne, puh. 05 &#8211; 437 1463.<\/p>\n<p><a href=\"http:\/\/www.hevostiladiana.com\/\">Hevostila Diana<\/a>, puh.050-3545083<\/p>\n<p><strong><span style=\"text-decoration: underline\"><a title=\"\" href=\"http:\/\/www.taidetakomo.com\/\" target=\"_new\">Taidetakomo Astalo Tmi<\/a><\/span><\/strong>Mikko Anttonen, taottuja koruja ja k\u00e4ytt\u00f6esineit\u00e4 my\u00f6s tilausty\u00f6n\u00e4. puh. 050 &#8211; 308 1004<br \/>\nkatso linkki<\/p>\n<p><strong><span style=\"text-decoration: underline\">JKL Pipe Ay<\/span>,<\/strong>\u00a0Jari Lind<strong>,<\/strong>\u00a0LVI-asennukset ja -tarvikemyynti,<br \/>\npuh. 040 568 5726.<\/p>\n<p><strong><span style=\"text-decoration: underline\">Lappalaisen Mormuska<\/span>,\u00a0<\/strong>kalastusv\u00e4l. valmistus ja myynti,<br \/>\npuh. 05 &#8211; 437 1702.<\/p>\n<p><strong><a href=\"http:\/\/www.karjalanbetoni.fi\/Index2.htm\">Puhdistushuolto Juha Ter\u00e4v\u00e4 ky<\/a>,\u00a0<\/strong>puhtaanapitopalvelut,<br \/>\npuh. 05 &#8211; 437 1470.<\/p>\n<p><a href=\"http:\/\/www.silamuskoti.com\/\"><strong>Silamuskoti<\/strong><\/a><strong>, \u00c4nkil\u00e4n hoivapalvelu Oy<\/strong><\/p>\n<p><strong><a href=\"http:\/\/www.teboilsimpele.fi\/index.php?page=etusivu\">Teboil Simpele<\/a>,<\/strong>\u00a0\u00c4nkil\u00e4nm\u00e4en kauppakartano Oy,<br \/>\npuh. 05 &#8211; 437 1533.<\/p>\n<p><strong><span style=\"text-decoration: underline\">Vankkapuu Oy<\/span>,<\/strong>\u00a0Antero Vanhatalo<strong>,<\/strong>\u00a0puusep\u00e4nteollisuuspalvelut, puh. 437 1611.<\/p>\n<p>Edell\u00e4 mainittujen ns. oman kyl\u00e4n palvelutarjoajien lis\u00e4ksi l\u00e4hes yht\u00e4 l\u00e4hell\u00e4 ovat niin kunnalliset kuin yksityisten yritysten palvelut saatavilla esim. Simpeleen keskustaajamassa. N\u00e4m\u00e4 kaikki yhteystiedot saat klikkaamalla\u00a0<strong>Rautj\u00e4rven kunta<\/strong>\u00a0&#8211; linkki\u00e4.<\/p>\n<p><a title=\"\" href=\"http:\/\/www.rautjarvi.fi\/\" target=\"_new\">Rautj\u00e4rven kunta<\/a><\/p>\n<p>&nbsp;<\/p>\n","protected":false},"excerpt":{"rendered":"<p>\u00c4nkil\u00e4n kyl\u00e4ll\u00e4 asuvien k\u00e4ytett\u00e4viss\u00e4 ovat oman kyl\u00e4n yritysten tarjoamien palvelujen lis\u00e4ksi yht\u00e4 l\u00e4hell\u00e4 Simpeleen keskustaajaman (keskim. 3 &#8211; 4 km:n et\u00e4isyydell\u00e4)\u00a0kaikki muut\u00a0palvelut. Oman kyl\u00e4n yritysten tarjoamat palvelut: Bussi Timossi Ay,\u00a0tilausliikenne, puh. 05 &#8211; 437 1463. Hevostila Diana, puh.050-3545083 Taidetakomo Astalo &hellip; <a href=\"https:\/\/kylat.ekarjala.fi\/ankila\/kylan-palvelut\/\">Lue loppuun <span class=\"meta-nav\">&rarr;<\/span><\/a><\/p>\n","protected":false},"author":1,"featured_media":0,"parent":0,"menu_order":0,"comment_status":"closed","ping_status":"closed","template":"","meta":{"footnotes":""},"class_list":["post-84","page","type-page","status-publish","hentry"],"_links":{"self":[{"href":"https:\/\/kylat.ekarjala.fi\/ankila\/wp-json\/wp\/v2\/pages\/84","targetHints":{"allow":["GET"]}}],"collection":[{"href":"https:\/\/kylat.ekarjala.fi\/ankila\/wp-json\/wp\/v2\/pages"}],"about":[{"href":"https:\/\/kylat.ekarjala.fi\/ankila\/wp-json\/wp\/v2\/types\/page"}],"author":[{"embeddable":true,"href":"https:\/\/kylat.ekarjala.fi\/ankila\/wp-json\/wp\/v2\/users\/1"}],"replies":[{"embeddable":true,"href":"https:\/\/kylat.ekarjala.fi\/ankila\/wp-json\/wp\/v2\/comments?post=84"}],"version-history":[{"count":5,"href":"https:\/\/kylat.ekarjala.fi\/ankila\/wp-json\/wp\/v2\/pages\/84\/revisions"}],"predecessor-version":[{"id":139,"href":"https:\/\/kylat.ekarjala.fi\/ankila\/wp-json\/wp\/v2\/pages\/84\/revisions\/139"}],"wp:attachment":[{"href":"https:\/\/kylat.ekarjala.fi\/ankila\/wp-json\/wp\/v2\/media?parent=84"}],"curies":[{"name":"wp","href":"https:\/\/api.w.org\/{rel}","templated":true}]}}