{"id":1068,"date":"2013-05-01T05:32:00","date_gmt":"2013-05-01T05:32:00","guid":{"rendered":"https:\/\/kylat.ekarjala.fi\/haapajarvi\/?page_id=1068"},"modified":"2021-04-19T09:58:12","modified_gmt":"2021-04-19T09:58:12","slug":"toukokuu-2013","status":"publish","type":"page","link":"https:\/\/kylat.ekarjala.fi\/haapajarvi\/harrastukset\/kuukauden-kasityo-2\/toukokuu-2013\/","title":{"rendered":"Toukokuu 2013"},"content":{"rendered":"<p style=\"text-align: center\">Helli tykk\u00e4\u00e4 tehd\u00e4 pieni\u00e4 ja kauniita juttuja. T\u00e4ll\u00e4 hetkell\u00e4 on kuitenkin menossa&nbsp;suurit\u00f6inen kirjontaliina, johon tulee kes\u00e4isi\u00e4 orvokkeja. Voiko tuon sievemp\u00e4\u00e4 neulatyyny\u00e4 tai saksikoteloa tai neulakirjaa ollakaan ilahduttamassa arkea?<a href=\"https:\/\/kylat.ekarjala.fi\/haapajarvi\/wp-content\/uploads\/sites\/42\/2013\/04\/Hellin-kasityot-073.jpg\"><img loading=\"lazy\" decoding=\"async\" class=\"size-full wp-image-1066 aligncenter\" alt=\"Hellin-kasityot-073\" src=\"https:\/\/kylat.ekarjala.fi\/haapajarvi\/wp-content\/uploads\/sites\/42\/2013\/04\/Hellin-kasityot-073.jpg\" width=\"267\" height=\"400\"><\/a><\/p>\n<p><a href=\"https:\/\/kylat.ekarjala.fi\/haapajarvi\/wp-content\/uploads\/sites\/42\/2013\/04\/Hellin-kasityot-070.jpg\"><img loading=\"lazy\" decoding=\"async\" class=\"alignnone size-full wp-image-1065\" alt=\"Hellin-kasityot-070\" src=\"https:\/\/kylat.ekarjala.fi\/haapajarvi\/wp-content\/uploads\/sites\/42\/2013\/04\/Hellin-kasityot-070.jpg\" width=\"400\" height=\"267\"><\/a> <a href=\"https:\/\/kylat.ekarjala.fi\/haapajarvi\/wp-content\/uploads\/sites\/42\/2013\/04\/Hellin-kasityot-050a.jpg\"><img loading=\"lazy\" decoding=\"async\" class=\"alignnone size-full wp-image-1064\" alt=\"Hellin-kasityot-050a\" src=\"https:\/\/kylat.ekarjala.fi\/haapajarvi\/wp-content\/uploads\/sites\/42\/2013\/04\/Hellin-kasityot-050a.jpg\" width=\"600\" height=\"400\"><\/a> <a href=\"https:\/\/kylat.ekarjala.fi\/haapajarvi\/wp-content\/uploads\/sites\/42\/2013\/04\/Hellin-kasityot-046a.jpg\"><img loading=\"lazy\" decoding=\"async\" class=\"alignnone size-full wp-image-1062\" alt=\"Hellin-kasityot-046a\" src=\"https:\/\/kylat.ekarjala.fi\/haapajarvi\/wp-content\/uploads\/sites\/42\/2013\/04\/Hellin-kasityot-046a.jpg\" width=\"600\" height=\"400\"><\/a> <a href=\"https:\/\/kylat.ekarjala.fi\/haapajarvi\/wp-content\/uploads\/sites\/42\/2013\/04\/Hellin-kasityot-048a.jpg\"><img loading=\"lazy\" decoding=\"async\" class=\"alignnone size-full wp-image-1063\" alt=\"Hellin-kasityot-048a\" src=\"https:\/\/kylat.ekarjala.fi\/haapajarvi\/wp-content\/uploads\/sites\/42\/2013\/04\/Hellin-kasityot-048a.jpg\" width=\"600\" height=\"400\"><\/a> <a href=\"https:\/\/kylat.ekarjala.fi\/haapajarvi\/wp-content\/uploads\/sites\/42\/2013\/04\/Hellin-kasityot-044a.jpg\"><img loading=\"lazy\" decoding=\"async\" class=\"alignnone size-full wp-image-1061\" alt=\"Hellin-kasityot-044a\" src=\"https:\/\/kylat.ekarjala.fi\/haapajarvi\/wp-content\/uploads\/sites\/42\/2013\/04\/Hellin-kasityot-044a.jpg\" width=\"600\" height=\"400\"><\/a> <a href=\"https:\/\/kylat.ekarjala.fi\/haapajarvi\/wp-content\/uploads\/sites\/42\/2013\/04\/Hellin-kasityot-040.jpg\"><img loading=\"lazy\" decoding=\"async\" class=\"alignnone size-full wp-image-1060\" alt=\"Hellin-kasityot-040\" src=\"https:\/\/kylat.ekarjala.fi\/haapajarvi\/wp-content\/uploads\/sites\/42\/2013\/04\/Hellin-kasityot-040.jpg\" width=\"600\" height=\"400\"><\/a> <a href=\"https:\/\/kylat.ekarjala.fi\/haapajarvi\/wp-content\/uploads\/sites\/42\/2013\/04\/Hellin-kasityot-037a.jpg\"><img loading=\"lazy\" decoding=\"async\" class=\"alignnone size-full wp-image-1059\" alt=\"Hellin-kasityot-037a\" src=\"https:\/\/kylat.ekarjala.fi\/haapajarvi\/wp-content\/uploads\/sites\/42\/2013\/04\/Hellin-kasityot-037a.jpg\" width=\"600\" height=\"400\"><\/a> <a href=\"https:\/\/kylat.ekarjala.fi\/haapajarvi\/wp-content\/uploads\/sites\/42\/2013\/04\/Hellin-kasityot-035a_edited.jpg\"><img loading=\"lazy\" decoding=\"async\" class=\"alignnone size-full wp-image-1058\" alt=\"Hellin-kasityot-035a_edited\" src=\"https:\/\/kylat.ekarjala.fi\/haapajarvi\/wp-content\/uploads\/sites\/42\/2013\/04\/Hellin-kasityot-035a_edited.jpg\" width=\"600\" height=\"400\"><\/a> <a href=\"https:\/\/kylat.ekarjala.fi\/haapajarvi\/wp-content\/uploads\/sites\/42\/2013\/04\/Hellin-kasityot-022a.jpg\"><img loading=\"lazy\" decoding=\"async\" class=\"alignnone size-full wp-image-1057\" alt=\"Hellin-kasityot-022a\" src=\"https:\/\/kylat.ekarjala.fi\/haapajarvi\/wp-content\/uploads\/sites\/42\/2013\/04\/Hellin-kasityot-022a.jpg\" width=\"600\" height=\"400\"><\/a> <a href=\"https:\/\/kylat.ekarjala.fi\/haapajarvi\/wp-content\/uploads\/sites\/42\/2013\/04\/Hellin-kasityot-017.jpg\"><img loading=\"lazy\" decoding=\"async\" class=\"alignnone size-full wp-image-1056\" alt=\"Hellin-kasityot-017\" src=\"https:\/\/kylat.ekarjala.fi\/haapajarvi\/wp-content\/uploads\/sites\/42\/2013\/04\/Hellin-kasityot-017.jpg\" width=\"267\" height=\"400\"><\/a><\/p>\n","protected":false},"excerpt":{"rendered":"<p>Helli tykk\u00e4\u00e4 tehd\u00e4 pieni\u00e4 ja kauniita juttuja. T\u00e4ll\u00e4 hetkell\u00e4 on kuitenkin menossa&nbsp;suurit\u00f6inen kirjontaliina, johon tulee kes\u00e4isi\u00e4 orvokkeja. Voiko tuon sievemp\u00e4\u00e4 neulatyyny\u00e4 tai saksikoteloa tai neulakirjaa ollakaan ilahduttamassa arkea?<\/p>\n","protected":false},"author":103,"featured_media":0,"parent":957,"menu_order":3,"comment_status":"closed","ping_status":"open","template":"sidebar-page.php","meta":{"footnotes":""},"class_list":["post-1068","page","type-page","status-publish","hentry"],"_links":{"self":[{"href":"https:\/\/kylat.ekarjala.fi\/haapajarvi\/wp-json\/wp\/v2\/pages\/1068","targetHints":{"allow":["GET"]}}],"collection":[{"href":"https:\/\/kylat.ekarjala.fi\/haapajarvi\/wp-json\/wp\/v2\/pages"}],"about":[{"href":"https:\/\/kylat.ekarjala.fi\/haapajarvi\/wp-json\/wp\/v2\/types\/page"}],"author":[{"embeddable":true,"href":"https:\/\/kylat.ekarjala.fi\/haapajarvi\/wp-json\/wp\/v2\/users\/103"}],"replies":[{"embeddable":true,"href":"https:\/\/kylat.ekarjala.fi\/haapajarvi\/wp-json\/wp\/v2\/comments?post=1068"}],"version-history":[{"count":5,"href":"https:\/\/kylat.ekarjala.fi\/haapajarvi\/wp-json\/wp\/v2\/pages\/1068\/revisions"}],"predecessor-version":[{"id":2967,"href":"https:\/\/kylat.ekarjala.fi\/haapajarvi\/wp-json\/wp\/v2\/pages\/1068\/revisions\/2967"}],"up":[{"embeddable":true,"href":"https:\/\/kylat.ekarjala.fi\/haapajarvi\/wp-json\/wp\/v2\/pages\/957"}],"wp:attachment":[{"href":"https:\/\/kylat.ekarjala.fi\/haapajarvi\/wp-json\/wp\/v2\/media?parent=1068"}],"curies":[{"name":"wp","href":"https:\/\/api.w.org\/{rel}","templated":true}]}}