{"id":1072,"date":"2013-05-01T05:51:12","date_gmt":"2013-05-01T05:51:12","guid":{"rendered":"https:\/\/kylat.ekarjala.fi\/haapajarvi\/?page_id=1072"},"modified":"2021-04-19T09:58:20","modified_gmt":"2021-04-19T09:58:20","slug":"kesakuu-2013","status":"publish","type":"page","link":"https:\/\/kylat.ekarjala.fi\/haapajarvi\/harrastukset\/kuukauden-kasityo-2\/kesakuu-2013\/","title":{"rendered":"Kes\u00e4kuu 2013"},"content":{"rendered":"<p style=\"text-align: left\">Tuulan t\u00f6it\u00e4 katsellessa silm\u00e4 lep\u00e4\u00e4. K\u00e4sity\u00f6koulu on k\u00e4yty nuoruudessa ja into tehd\u00e4 k\u00e4sit\u00f6it\u00e4 on s\u00e4ilynyt koko el\u00e4m\u00e4n. Kev\u00e4\u00e4n tullessa k\u00e4sity\u00f6t joutaa nurkkaan, mutta taas syksyn tullen ne kaivetaan esiin.<br \/>\nH\u00e4nell\u00e4 on taitoa ja mielenkiintoa tehd\u00e4&nbsp;sek\u00e4 kokeilla kaikenlaista.&nbsp;Tuulan k\u00e4siss\u00e4 syntyy&nbsp;paju- ja savity\u00f6t, kaikenlaiset liinat, rekipeitot, torkkupeitot jne.<\/p>\n<p style=\"text-align: left\">klikkaa kuvaa, niin se avautuu isompana<\/p>\n<p style=\"text-align: center\"><a href=\"https:\/\/kylat.ekarjala.fi\/haapajarvi\/wp-content\/uploads\/sites\/42\/2013\/05\/Tuulan-kasityot-003a-Medium.jpg\"><img loading=\"lazy\" decoding=\"async\" class=\"alignnone  wp-image-1101\" alt=\"Tuulan kasityot 003a (Medium)\" src=\"https:\/\/kylat.ekarjala.fi\/haapajarvi\/wp-content\/uploads\/sites\/42\/2013\/05\/Tuulan-kasityot-003a-Medium.jpg\" width=\"338\" height=\"226\"><\/a> <a href=\"https:\/\/kylat.ekarjala.fi\/haapajarvi\/wp-content\/uploads\/sites\/42\/2013\/05\/Tuulan-kasityot-004a-Medium.jpg\"><img loading=\"lazy\" decoding=\"async\" class=\"size-medium wp-image-1102 alignright\" alt=\"Tuulan kasityot 004a (Medium)\" src=\"https:\/\/kylat.ekarjala.fi\/haapajarvi\/wp-content\/uploads\/sites\/42\/2013\/05\/Tuulan-kasityot-004a-Medium.jpg\" width=\"300\" height=\"200\"><\/a> <a href=\"https:\/\/kylat.ekarjala.fi\/haapajarvi\/wp-content\/uploads\/sites\/42\/2013\/05\/Tuulan-kasityot-007a-Medium.jpg\"><img loading=\"lazy\" decoding=\"async\" class=\"alignnone size-medium wp-image-1103\" alt=\"Tuulan kasityot 007a (Medium)\" src=\"https:\/\/kylat.ekarjala.fi\/haapajarvi\/wp-content\/uploads\/sites\/42\/2013\/05\/Tuulan-kasityot-007a-Medium.jpg\" width=\"300\" height=\"200\"><\/a> <a href=\"https:\/\/kylat.ekarjala.fi\/haapajarvi\/wp-content\/uploads\/sites\/42\/2013\/05\/Tuulan-kasityot-010a-Medium.jpg\"><img loading=\"lazy\" decoding=\"async\" class=\"alignnone size-medium wp-image-1104\" alt=\"Tuulan kasityot 010a (Medium)\" src=\"https:\/\/kylat.ekarjala.fi\/haapajarvi\/wp-content\/uploads\/sites\/42\/2013\/05\/Tuulan-kasityot-010a-Medium.jpg\" width=\"200\" height=\"300\"><\/a> <a href=\"https:\/\/kylat.ekarjala.fi\/haapajarvi\/wp-content\/uploads\/sites\/42\/2013\/05\/Tuulan-kasityot-011a-Medium.jpg\"><img loading=\"lazy\" decoding=\"async\" class=\"alignnone size-medium wp-image-1105\" alt=\"Tuulan kasityot 011a (Medium)\" src=\"https:\/\/kylat.ekarjala.fi\/haapajarvi\/wp-content\/uploads\/sites\/42\/2013\/05\/Tuulan-kasityot-011a-Medium.jpg\" width=\"200\" height=\"300\"><\/a> <a href=\"https:\/\/kylat.ekarjala.fi\/haapajarvi\/wp-content\/uploads\/sites\/42\/2013\/05\/Tuulan-kasityot-019a-Medium.jpg\"><img loading=\"lazy\" decoding=\"async\" class=\"alignnone size-medium wp-image-1106\" alt=\"Tuulan kasityot 019a (Medium)\" src=\"https:\/\/kylat.ekarjala.fi\/haapajarvi\/wp-content\/uploads\/sites\/42\/2013\/05\/Tuulan-kasityot-019a-Medium.jpg\" width=\"300\" height=\"200\"><\/a> <a href=\"https:\/\/kylat.ekarjala.fi\/haapajarvi\/wp-content\/uploads\/sites\/42\/2013\/05\/Tuulan-kasityot-024a-Medium.jpg\"><img loading=\"lazy\" decoding=\"async\" class=\"alignnone size-medium wp-image-1107\" alt=\"Tuulan kasityot 024a (Medium)\" src=\"https:\/\/kylat.ekarjala.fi\/haapajarvi\/wp-content\/uploads\/sites\/42\/2013\/05\/Tuulan-kasityot-024a-Medium.jpg\" width=\"160\" height=\"300\"><\/a> <a href=\"https:\/\/kylat.ekarjala.fi\/haapajarvi\/wp-content\/uploads\/sites\/42\/2013\/05\/Tuulan-kasityot-026a-Medium.jpg\"><img loading=\"lazy\" decoding=\"async\" class=\"alignnone size-medium wp-image-1108\" alt=\"Tuulan kasityot 026a (Medium)\" src=\"https:\/\/kylat.ekarjala.fi\/haapajarvi\/wp-content\/uploads\/sites\/42\/2013\/05\/Tuulan-kasityot-026a-Medium.jpg\" width=\"300\" height=\"200\"><\/a> <a href=\"https:\/\/kylat.ekarjala.fi\/haapajarvi\/wp-content\/uploads\/sites\/42\/2013\/05\/Tuulan-kasityot-033a-Medium.jpg\"><img loading=\"lazy\" decoding=\"async\" class=\"alignnone size-medium wp-image-1109\" alt=\"Tuulan kasityot 033a (Medium)\" src=\"https:\/\/kylat.ekarjala.fi\/haapajarvi\/wp-content\/uploads\/sites\/42\/2013\/05\/Tuulan-kasityot-033a-Medium.jpg\" width=\"300\" height=\"200\"><\/a> <a href=\"https:\/\/kylat.ekarjala.fi\/haapajarvi\/wp-content\/uploads\/sites\/42\/2013\/05\/Tuulan-kasityot-039a-Medium.jpg\"><img loading=\"lazy\" decoding=\"async\" class=\"alignnone size-medium wp-image-1110\" alt=\"Tuulan kasityot 039a (Medium)\" src=\"https:\/\/kylat.ekarjala.fi\/haapajarvi\/wp-content\/uploads\/sites\/42\/2013\/05\/Tuulan-kasityot-039a-Medium.jpg\" width=\"300\" height=\"200\"><\/a> <a href=\"https:\/\/kylat.ekarjala.fi\/haapajarvi\/wp-content\/uploads\/sites\/42\/2013\/05\/Tuulan-kasityot-042a-Medium.jpg\"><img loading=\"lazy\" decoding=\"async\" class=\"alignnone size-medium wp-image-1111\" alt=\"Tuulan kasityot 042a (Medium)\" src=\"https:\/\/kylat.ekarjala.fi\/haapajarvi\/wp-content\/uploads\/sites\/42\/2013\/05\/Tuulan-kasityot-042a-Medium.jpg\" width=\"200\" height=\"300\"><\/a> <a href=\"https:\/\/kylat.ekarjala.fi\/haapajarvi\/wp-content\/uploads\/sites\/42\/2013\/05\/Tuulan-kasityot-044a-Medium.jpg\"><img loading=\"lazy\" decoding=\"async\" class=\"alignnone size-medium wp-image-1112\" alt=\"Tuulan kasityot 044a (Medium)\" src=\"https:\/\/kylat.ekarjala.fi\/haapajarvi\/wp-content\/uploads\/sites\/42\/2013\/05\/Tuulan-kasityot-044a-Medium.jpg\" width=\"200\" height=\"300\"><\/a> <a href=\"https:\/\/kylat.ekarjala.fi\/haapajarvi\/wp-content\/uploads\/sites\/42\/2013\/05\/Tuulan-kasityot-045a-Medium.jpg\"><img loading=\"lazy\" decoding=\"async\" class=\"alignnone size-medium wp-image-1113\" alt=\"Tuulan kasityot 045a (Medium)\" src=\"https:\/\/kylat.ekarjala.fi\/haapajarvi\/wp-content\/uploads\/sites\/42\/2013\/05\/Tuulan-kasityot-045a-Medium.jpg\" width=\"300\" height=\"200\"><\/a> <a href=\"https:\/\/kylat.ekarjala.fi\/haapajarvi\/wp-content\/uploads\/sites\/42\/2013\/05\/Tuulan-kasityot-050a-Medium.jpg\"><img loading=\"lazy\" decoding=\"async\" class=\"alignnone size-medium wp-image-1114\" alt=\"Tuulan kasityot 050a (Medium)\" src=\"https:\/\/kylat.ekarjala.fi\/haapajarvi\/wp-content\/uploads\/sites\/42\/2013\/05\/Tuulan-kasityot-050a-Medium.jpg\" width=\"300\" height=\"200\"><\/a> <a href=\"https:\/\/kylat.ekarjala.fi\/haapajarvi\/wp-content\/uploads\/sites\/42\/2013\/05\/Tuulan-kasityot-052a-Medium.jpg\"><img loading=\"lazy\" decoding=\"async\" class=\"alignnone size-medium wp-image-1115\" alt=\"Tuulan kasityot 052a (Medium)\" src=\"https:\/\/kylat.ekarjala.fi\/haapajarvi\/wp-content\/uploads\/sites\/42\/2013\/05\/Tuulan-kasityot-052a-Medium.jpg\" width=\"200\" height=\"300\"><\/a> <a href=\"https:\/\/kylat.ekarjala.fi\/haapajarvi\/wp-content\/uploads\/sites\/42\/2013\/05\/Tuulan-kasityot-055-Medium.jpg\"><img loading=\"lazy\" decoding=\"async\" class=\"alignnone size-medium wp-image-1116\" alt=\"Tuulan kasityot 055 (Medium)\" src=\"https:\/\/kylat.ekarjala.fi\/haapajarvi\/wp-content\/uploads\/sites\/42\/2013\/05\/Tuulan-kasityot-055-Medium.jpg\" width=\"300\" height=\"200\"><\/a> <a href=\"https:\/\/kylat.ekarjala.fi\/haapajarvi\/wp-content\/uploads\/sites\/42\/2013\/05\/Tuulan-kasityot-062a-Medium.jpg\"><img loading=\"lazy\" decoding=\"async\" class=\"size-medium wp-image-1118 aligncenter\" alt=\"Tuulan kasityot 062a (Medium)\" src=\"https:\/\/kylat.ekarjala.fi\/haapajarvi\/wp-content\/uploads\/sites\/42\/2013\/05\/Tuulan-kasityot-062a-Medium.jpg\" width=\"300\" height=\"200\"><\/a> <a href=\"https:\/\/kylat.ekarjala.fi\/haapajarvi\/wp-content\/uploads\/sites\/42\/2013\/05\/Tuulan-kasityot-063-Medium.jpg\"><img loading=\"lazy\" decoding=\"async\" class=\"size-medium wp-image-1119 aligncenter\" alt=\"Tuulan kasityot 063 (Medium)\" src=\"https:\/\/kylat.ekarjala.fi\/haapajarvi\/wp-content\/uploads\/sites\/42\/2013\/05\/Tuulan-kasityot-063-Medium.jpg\" width=\"200\" height=\"300\"><\/a> <a href=\"https:\/\/kylat.ekarjala.fi\/haapajarvi\/wp-content\/uploads\/sites\/42\/2013\/05\/Tuulan-kasityot-067a-Medium.jpg\"><img loading=\"lazy\" decoding=\"async\" class=\"alignnone size-medium wp-image-1120\" alt=\"Tuulan kasityot 067a (Medium)\" src=\"https:\/\/kylat.ekarjala.fi\/haapajarvi\/wp-content\/uploads\/sites\/42\/2013\/05\/Tuulan-kasityot-067a-Medium.jpg\" width=\"300\" height=\"200\"><\/a> <a href=\"https:\/\/kylat.ekarjala.fi\/haapajarvi\/wp-content\/uploads\/sites\/42\/2013\/05\/Tuulan-kasityot-068a-Medium.jpg\"><img loading=\"lazy\" decoding=\"async\" class=\"alignnone size-medium wp-image-1121\" alt=\"Tuulan kasityot 068a (Medium)\" src=\"https:\/\/kylat.ekarjala.fi\/haapajarvi\/wp-content\/uploads\/sites\/42\/2013\/05\/Tuulan-kasityot-068a-Medium.jpg\" width=\"300\" height=\"200\"><\/a> <a href=\"https:\/\/kylat.ekarjala.fi\/haapajarvi\/wp-content\/uploads\/sites\/42\/2013\/05\/Tuulan-kasityot-071a-Medium.jpg\"><img loading=\"lazy\" decoding=\"async\" class=\"alignnone size-medium wp-image-1122\" alt=\"Tuulan kasityot 071a (Medium)\" src=\"https:\/\/kylat.ekarjala.fi\/haapajarvi\/wp-content\/uploads\/sites\/42\/2013\/05\/Tuulan-kasityot-071a-Medium.jpg\" width=\"300\" height=\"200\"><\/a> <a href=\"https:\/\/kylat.ekarjala.fi\/haapajarvi\/wp-content\/uploads\/sites\/42\/2013\/05\/Tuulan-kasityot-075a-Medium.jpg\"><img loading=\"lazy\" decoding=\"async\" class=\"alignnone size-medium wp-image-1123\" alt=\"Tuulan kasityot 075a (Medium)\" src=\"https:\/\/kylat.ekarjala.fi\/haapajarvi\/wp-content\/uploads\/sites\/42\/2013\/05\/Tuulan-kasityot-075a-Medium.jpg\" width=\"300\" height=\"200\"><\/a> <a href=\"https:\/\/kylat.ekarjala.fi\/haapajarvi\/wp-content\/uploads\/sites\/42\/2013\/05\/Tuulan-kasityot-076a-Medium.jpg\"><img loading=\"lazy\" decoding=\"async\" class=\"alignnone size-medium wp-image-1124\" alt=\"Tuulan kasityot 076a (Medium)\" src=\"https:\/\/kylat.ekarjala.fi\/haapajarvi\/wp-content\/uploads\/sites\/42\/2013\/05\/Tuulan-kasityot-076a-Medium.jpg\" width=\"300\" height=\"200\"><\/a> <a href=\"https:\/\/kylat.ekarjala.fi\/haapajarvi\/wp-content\/uploads\/sites\/42\/2013\/05\/Tuulan-kasityot-077a-Medium.jpg\"><img loading=\"lazy\" decoding=\"async\" class=\"alignnone size-medium wp-image-1125\" alt=\"Tuulan kasityot 077a (Medium)\" src=\"https:\/\/kylat.ekarjala.fi\/haapajarvi\/wp-content\/uploads\/sites\/42\/2013\/05\/Tuulan-kasityot-077a-Medium.jpg\" width=\"300\" height=\"200\"><\/a> <a href=\"https:\/\/kylat.ekarjala.fi\/haapajarvi\/wp-content\/uploads\/sites\/42\/2013\/05\/Tuulan-kasityot-078a-Medium.jpg\"><img loading=\"lazy\" decoding=\"async\" class=\"alignnone size-medium wp-image-1126\" alt=\"Tuulan kasityot 078a (Medium)\" src=\"https:\/\/kylat.ekarjala.fi\/haapajarvi\/wp-content\/uploads\/sites\/42\/2013\/05\/Tuulan-kasityot-078a-Medium.jpg\" width=\"300\" height=\"200\"><\/a>&nbsp; <a href=\"https:\/\/kylat.ekarjala.fi\/haapajarvi\/wp-content\/uploads\/sites\/42\/2013\/05\/Tuulan-kasityot-080a-Medium.jpg\"><img loading=\"lazy\" decoding=\"async\" class=\"alignnone size-medium wp-image-1128\" alt=\"Tuulan kasityot 080a (Medium)\" src=\"https:\/\/kylat.ekarjala.fi\/haapajarvi\/wp-content\/uploads\/sites\/42\/2013\/05\/Tuulan-kasityot-080a-Medium.jpg\" width=\"200\" height=\"300\"><\/a> <a href=\"https:\/\/kylat.ekarjala.fi\/haapajarvi\/wp-content\/uploads\/sites\/42\/2013\/05\/Tuulan-kasityot-081a-Medium.jpg\"><img loading=\"lazy\" decoding=\"async\" class=\"alignnone size-medium wp-image-1129\" alt=\"Tuulan kasityot 081a (Medium)\" src=\"https:\/\/kylat.ekarjala.fi\/haapajarvi\/wp-content\/uploads\/sites\/42\/2013\/05\/Tuulan-kasityot-081a-Medium.jpg\" width=\"300\" height=\"200\"><\/a> <a href=\"https:\/\/kylat.ekarjala.fi\/haapajarvi\/wp-content\/uploads\/sites\/42\/2013\/05\/Tuulan-kasityot-082a-Medium.jpg\"><img loading=\"lazy\" decoding=\"async\" class=\"alignnone size-medium wp-image-1130\" alt=\"Tuulan kasityot 082a (Medium)\" src=\"https:\/\/kylat.ekarjala.fi\/haapajarvi\/wp-content\/uploads\/sites\/42\/2013\/05\/Tuulan-kasityot-082a-Medium.jpg\" width=\"300\" height=\"200\"><\/a> <a href=\"https:\/\/kylat.ekarjala.fi\/haapajarvi\/wp-content\/uploads\/sites\/42\/2013\/05\/Tuulan-kasityot-083a-Medium.jpg\"><img loading=\"lazy\" decoding=\"async\" class=\"alignnone size-medium wp-image-1131\" alt=\"Tuulan kasityot 083a (Medium)\" src=\"https:\/\/kylat.ekarjala.fi\/haapajarvi\/wp-content\/uploads\/sites\/42\/2013\/05\/Tuulan-kasityot-083a-Medium.jpg\" width=\"300\" height=\"200\"><\/a> <a href=\"https:\/\/kylat.ekarjala.fi\/haapajarvi\/wp-content\/uploads\/sites\/42\/2013\/05\/Tuulan-kasityot-087a-Medium.jpg\"><img loading=\"lazy\" decoding=\"async\" class=\"alignnone size-medium wp-image-1132\" alt=\"Tuulan kasityot 087a (Medium)\" src=\"https:\/\/kylat.ekarjala.fi\/haapajarvi\/wp-content\/uploads\/sites\/42\/2013\/05\/Tuulan-kasityot-087a-Medium.jpg\" width=\"300\" height=\"200\"><\/a> <a href=\"https:\/\/kylat.ekarjala.fi\/haapajarvi\/wp-content\/uploads\/sites\/42\/2013\/05\/Tuulan-kasityot-089a-Medium.jpg\"><img loading=\"lazy\" decoding=\"async\" class=\"alignnone size-medium wp-image-1133\" alt=\"Tuulan kasityot 089a (Medium)\" src=\"https:\/\/kylat.ekarjala.fi\/haapajarvi\/wp-content\/uploads\/sites\/42\/2013\/05\/Tuulan-kasityot-089a-Medium.jpg\" width=\"300\" height=\"200\"><\/a> <a href=\"https:\/\/kylat.ekarjala.fi\/haapajarvi\/wp-content\/uploads\/sites\/42\/2013\/05\/Tuulan-kasityot-093a-Medium.jpg\"><img loading=\"lazy\" decoding=\"async\" class=\"alignnone size-medium wp-image-1135\" alt=\"Tuulan kasityot 093a (Medium)\" src=\"https:\/\/kylat.ekarjala.fi\/haapajarvi\/wp-content\/uploads\/sites\/42\/2013\/05\/Tuulan-kasityot-093a-Medium.jpg\" width=\"300\" height=\"200\"><\/a> <a href=\"https:\/\/kylat.ekarjala.fi\/haapajarvi\/wp-content\/uploads\/sites\/42\/2013\/05\/Tuulan-kasityot-095a-Medium.jpg\"><img loading=\"lazy\" decoding=\"async\" class=\"alignnone size-medium wp-image-1136\" alt=\"Tuulan kasityot 095a (Medium)\" src=\"https:\/\/kylat.ekarjala.fi\/haapajarvi\/wp-content\/uploads\/sites\/42\/2013\/05\/Tuulan-kasityot-095a-Medium.jpg\" width=\"200\" height=\"300\"><\/a> <a href=\"https:\/\/kylat.ekarjala.fi\/haapajarvi\/wp-content\/uploads\/sites\/42\/2013\/05\/Tuulan-kasityot-097a-Medium.jpg\"><img loading=\"lazy\" decoding=\"async\" class=\"alignnone size-medium wp-image-1137\" alt=\"Tuulan kasityot 097a (Medium)\" src=\"https:\/\/kylat.ekarjala.fi\/haapajarvi\/wp-content\/uploads\/sites\/42\/2013\/05\/Tuulan-kasityot-097a-Medium.jpg\" width=\"300\" height=\"200\"><\/a> <a href=\"https:\/\/kylat.ekarjala.fi\/haapajarvi\/wp-content\/uploads\/sites\/42\/2013\/05\/Tuulan-kasityot-099a-Medium.jpg\"><img loading=\"lazy\" decoding=\"async\" class=\"alignnone size-medium wp-image-1138\" alt=\"Tuulan kasityot 099a (Medium)\" src=\"https:\/\/kylat.ekarjala.fi\/haapajarvi\/wp-content\/uploads\/sites\/42\/2013\/05\/Tuulan-kasityot-099a-Medium.jpg\" width=\"300\" height=\"200\"><\/a> <a href=\"https:\/\/kylat.ekarjala.fi\/haapajarvi\/wp-content\/uploads\/sites\/42\/2013\/05\/Tuulan-kasityot-107a-Medium.jpg\"><img loading=\"lazy\" decoding=\"async\" class=\"alignnone size-medium wp-image-1139\" alt=\"Tuulan kasityot 107a (Medium)\" src=\"https:\/\/kylat.ekarjala.fi\/haapajarvi\/wp-content\/uploads\/sites\/42\/2013\/05\/Tuulan-kasityot-107a-Medium.jpg\" width=\"300\" height=\"200\"><\/a> <a href=\"https:\/\/kylat.ekarjala.fi\/haapajarvi\/wp-content\/uploads\/sites\/42\/2013\/05\/Tuulan-kasityot-111a-Medium.jpg\"><img loading=\"lazy\" decoding=\"async\" class=\"alignnone size-medium wp-image-1140\" alt=\"Tuulan kasityot 111a (Medium)\" src=\"https:\/\/kylat.ekarjala.fi\/haapajarvi\/wp-content\/uploads\/sites\/42\/2013\/05\/Tuulan-kasityot-111a-Medium.jpg\" width=\"300\" height=\"200\"><\/a> <a href=\"https:\/\/kylat.ekarjala.fi\/haapajarvi\/wp-content\/uploads\/sites\/42\/2013\/05\/Tuulan-kasityot-117a-Medium.jpg\"><img loading=\"lazy\" decoding=\"async\" class=\"alignnone size-medium wp-image-1141\" alt=\"Tuulan kasityot 117a (Medium)\" src=\"https:\/\/kylat.ekarjala.fi\/haapajarvi\/wp-content\/uploads\/sites\/42\/2013\/05\/Tuulan-kasityot-117a-Medium.jpg\" width=\"300\" height=\"200\"><\/a> <a href=\"https:\/\/kylat.ekarjala.fi\/haapajarvi\/wp-content\/uploads\/sites\/42\/2013\/05\/Tuulan-kasityot-119a-Medium.jpg\"><img loading=\"lazy\" decoding=\"async\" class=\"alignnone size-medium wp-image-1142\" alt=\"Tuulan kasityot 119a (Medium)\" src=\"https:\/\/kylat.ekarjala.fi\/haapajarvi\/wp-content\/uploads\/sites\/42\/2013\/05\/Tuulan-kasityot-119a-Medium.jpg\" width=\"300\" height=\"200\"><\/a> <a href=\"https:\/\/kylat.ekarjala.fi\/haapajarvi\/wp-content\/uploads\/sites\/42\/2013\/05\/Tuulan-kasityot-130a-Medium.jpg\"><img loading=\"lazy\" decoding=\"async\" class=\"alignnone size-medium wp-image-1143\" alt=\"Tuulan kasityot 130a (Medium)\" src=\"https:\/\/kylat.ekarjala.fi\/haapajarvi\/wp-content\/uploads\/sites\/42\/2013\/05\/Tuulan-kasityot-130a-Medium.jpg\" width=\"139\" height=\"300\"><\/a> <a href=\"https:\/\/kylat.ekarjala.fi\/haapajarvi\/wp-content\/uploads\/sites\/42\/2013\/05\/Tuulan-kasityot-132a-Medium.jpg\"><img loading=\"lazy\" decoding=\"async\" class=\"alignnone size-medium wp-image-1144\" alt=\"Tuulan kasityot 132a (Medium)\" src=\"https:\/\/kylat.ekarjala.fi\/haapajarvi\/wp-content\/uploads\/sites\/42\/2013\/05\/Tuulan-kasityot-132a-Medium.jpg\" width=\"300\" height=\"200\"><\/a> <a href=\"https:\/\/kylat.ekarjala.fi\/haapajarvi\/wp-content\/uploads\/sites\/42\/2013\/05\/Tuulan-kasityot-135a-Medium.jpg\"><img loading=\"lazy\" decoding=\"async\" class=\"alignnone size-medium wp-image-1145\" alt=\"Tuulan kasityot 135a (Medium)\" src=\"https:\/\/kylat.ekarjala.fi\/haapajarvi\/wp-content\/uploads\/sites\/42\/2013\/05\/Tuulan-kasityot-135a-Medium.jpg\" width=\"200\" height=\"300\"><\/a><\/p>\n","protected":false},"excerpt":{"rendered":"<p>Tuulan t\u00f6it\u00e4 katsellessa silm\u00e4 lep\u00e4\u00e4. K\u00e4sity\u00f6koulu on k\u00e4yty nuoruudessa ja into tehd\u00e4 k\u00e4sit\u00f6it\u00e4 on s\u00e4ilynyt koko el\u00e4m\u00e4n. Kev\u00e4\u00e4n tullessa k\u00e4sity\u00f6t joutaa nurkkaan, mutta taas syksyn tullen ne kaivetaan esiin. H\u00e4nell\u00e4 on taitoa ja mielenkiintoa tehd\u00e4&nbsp;sek\u00e4 kokeilla kaikenlaista.&nbsp;Tuulan k\u00e4siss\u00e4 syntyy&nbsp;paju- ja &hellip; <a href=\"https:\/\/kylat.ekarjala.fi\/haapajarvi\/harrastukset\/kuukauden-kasityo-2\/kesakuu-2013\/\">Lue loppuun <span class=\"meta-nav\">&rarr;<\/span><\/a><\/p>\n","protected":false},"author":103,"featured_media":0,"parent":957,"menu_order":4,"comment_status":"closed","ping_status":"open","template":"sidebar-page.php","meta":{"footnotes":""},"class_list":["post-1072","page","type-page","status-publish","hentry"],"_links":{"self":[{"href":"https:\/\/kylat.ekarjala.fi\/haapajarvi\/wp-json\/wp\/v2\/pages\/1072","targetHints":{"allow":["GET"]}}],"collection":[{"href":"https:\/\/kylat.ekarjala.fi\/haapajarvi\/wp-json\/wp\/v2\/pages"}],"about":[{"href":"https:\/\/kylat.ekarjala.fi\/haapajarvi\/wp-json\/wp\/v2\/types\/page"}],"author":[{"embeddable":true,"href":"https:\/\/kylat.ekarjala.fi\/haapajarvi\/wp-json\/wp\/v2\/users\/103"}],"replies":[{"embeddable":true,"href":"https:\/\/kylat.ekarjala.fi\/haapajarvi\/wp-json\/wp\/v2\/comments?post=1072"}],"version-history":[{"count":13,"href":"https:\/\/kylat.ekarjala.fi\/haapajarvi\/wp-json\/wp\/v2\/pages\/1072\/revisions"}],"predecessor-version":[{"id":2968,"href":"https:\/\/kylat.ekarjala.fi\/haapajarvi\/wp-json\/wp\/v2\/pages\/1072\/revisions\/2968"}],"up":[{"embeddable":true,"href":"https:\/\/kylat.ekarjala.fi\/haapajarvi\/wp-json\/wp\/v2\/pages\/957"}],"wp:attachment":[{"href":"https:\/\/kylat.ekarjala.fi\/haapajarvi\/wp-json\/wp\/v2\/media?parent=1072"}],"curies":[{"name":"wp","href":"https:\/\/api.w.org\/{rel}","templated":true}]}}