{"id":1193,"date":"2013-07-01T13:42:50","date_gmt":"2013-07-01T13:42:50","guid":{"rendered":"https:\/\/kylat.ekarjala.fi\/haapajarvi\/?page_id=1193"},"modified":"2021-04-19T09:58:31","modified_gmt":"2021-04-19T09:58:31","slug":"heinakuu-2013","status":"publish","type":"page","link":"https:\/\/kylat.ekarjala.fi\/haapajarvi\/harrastukset\/kuukauden-kasityo-2\/heinakuu-2013\/","title":{"rendered":"Hein\u00e4kuu 2013"},"content":{"rendered":"<p>Heikkil\u00e4n Tuomon leikkiautot<br \/>\nja entis\u00f6ity sohva<\/p>\n<p>Tuomo on tehnyt hienoja puisia leikkiautoja. Kest\u00e4v\u00e4t kovempaakin menoa. Tytt\u00e4ren poika, Otto, sai kuorma-auton 1v syntym\u00e4p\u00e4iv\u00e4lahjaksi. Nyt poika on jo alakoululainen ja auto joutaa parkkeeraamaan Haap\u00e4j\u00e4rvell\u00e4. Kuorma-auto on komean kokoinen ja kippilava piti ruuvata kiinni, etteiv\u00e4t pienet menisi mukkelismakkelis, kun he k\u00e4viv\u00e4t itse&nbsp;sen kyytiin.<\/p>\n<p>Sohva pelastettiin kellarista ja Tuomo on entis\u00f6inyt sen kauniiksi. Uusia osia piti tehd\u00e4 mm.&nbsp;lahonneitten&nbsp;jalkojen tilalle. Nyt sohva koristaa tytt\u00e4ren olohuonetta.<\/p>\n<p>osa kuvista avautuu isompana, kun klikkaat kuvaa<\/p>\n<p><a href=\"https:\/\/kylat.ekarjala.fi\/haapajarvi\/wp-content\/uploads\/sites\/42\/2013\/07\/tuomon-autot-003aAAA.jpg\"><img loading=\"lazy\" decoding=\"async\" class=\"alignnone size-full wp-image-1205\" alt=\"tuomon-autot-003aAAA\" src=\"https:\/\/kylat.ekarjala.fi\/haapajarvi\/wp-content\/uploads\/sites\/42\/2013\/07\/tuomon-autot-003aAAA.jpg\" width=\"600\" height=\"400\"><\/a><\/p>\n<p><a href=\"https:\/\/kylat.ekarjala.fi\/haapajarvi\/wp-content\/uploads\/sites\/42\/2013\/07\/tuomon-autot-009a-Medium-Small.jpg\"><img loading=\"lazy\" decoding=\"async\" class=\"alignnone size-medium wp-image-1198\" alt=\"tuomon autot 009a (Medium) (Small)\" src=\"https:\/\/kylat.ekarjala.fi\/haapajarvi\/wp-content\/uploads\/sites\/42\/2013\/07\/tuomon-autot-009a-Medium-Small.jpg\" width=\"300\" height=\"200\"><\/a> <a href=\"https:\/\/kylat.ekarjala.fi\/haapajarvi\/wp-content\/uploads\/sites\/42\/2013\/07\/tuomon-autot-011a-Medium-Small.jpg\"><img loading=\"lazy\" decoding=\"async\" class=\"alignnone size-medium wp-image-1199\" alt=\"tuomon autot 011a (Medium) (Small)\" src=\"https:\/\/kylat.ekarjala.fi\/haapajarvi\/wp-content\/uploads\/sites\/42\/2013\/07\/tuomon-autot-011a-Medium-Small.jpg\" width=\"300\" height=\"200\"><\/a> <a href=\"https:\/\/kylat.ekarjala.fi\/haapajarvi\/wp-content\/uploads\/sites\/42\/2013\/07\/tuomon-autot-017a-Medium-Small.jpg\"><img loading=\"lazy\" decoding=\"async\" class=\"alignnone size-medium wp-image-1200\" alt=\"tuomon autot 017a (Medium) (Small)\" src=\"https:\/\/kylat.ekarjala.fi\/haapajarvi\/wp-content\/uploads\/sites\/42\/2013\/07\/tuomon-autot-017a-Medium-Small.jpg\" width=\"300\" height=\"200\"><\/a> <a href=\"https:\/\/kylat.ekarjala.fi\/haapajarvi\/wp-content\/uploads\/sites\/42\/2013\/07\/tuomon-autot-019a-Medium-Small.jpg\"><img loading=\"lazy\" decoding=\"async\" class=\"alignnone size-medium wp-image-1201\" alt=\"tuomon autot 019a (Medium) (Small)\" src=\"https:\/\/kylat.ekarjala.fi\/haapajarvi\/wp-content\/uploads\/sites\/42\/2013\/07\/tuomon-autot-019a-Medium-Small.jpg\" width=\"300\" height=\"200\"><\/a> <a href=\"https:\/\/kylat.ekarjala.fi\/haapajarvi\/wp-content\/uploads\/sites\/42\/2013\/07\/tuomon-autot-020a-Medium-Small.jpg\"><img loading=\"lazy\" decoding=\"async\" class=\"alignnone size-medium wp-image-1202\" alt=\"tuomon autot 020a (Medium) (Small)\" src=\"https:\/\/kylat.ekarjala.fi\/haapajarvi\/wp-content\/uploads\/sites\/42\/2013\/07\/tuomon-autot-020a-Medium-Small.jpg\" width=\"300\" height=\"200\"><\/a> <a href=\"https:\/\/kylat.ekarjala.fi\/haapajarvi\/wp-content\/uploads\/sites\/42\/2013\/07\/tuomon-autot-028a-Medium-Small.jpg\"><img loading=\"lazy\" decoding=\"async\" class=\"alignnone size-medium wp-image-1203\" alt=\"tuomon autot 028a (Medium) (Small)\" src=\"https:\/\/kylat.ekarjala.fi\/haapajarvi\/wp-content\/uploads\/sites\/42\/2013\/07\/tuomon-autot-028a-Medium-Small.jpg\" width=\"300\" height=\"200\"><\/a><\/p>\n<p><a href=\"https:\/\/kylat.ekarjala.fi\/haapajarvi\/wp-content\/uploads\/sites\/42\/2013\/07\/sohva-Smalla.jpg\"><img loading=\"lazy\" decoding=\"async\" class=\"alignnone size-full wp-image-1212\" alt=\"sohva-(Small)a\" src=\"https:\/\/kylat.ekarjala.fi\/haapajarvi\/wp-content\/uploads\/sites\/42\/2013\/07\/sohva-Smalla.jpg\" width=\"500\" height=\"333\"><\/a> <a href=\"https:\/\/kylat.ekarjala.fi\/haapajarvi\/wp-content\/uploads\/sites\/42\/2013\/07\/IMG_20130701_0002-Smalla.jpg\"><img loading=\"lazy\" decoding=\"async\" class=\"alignnone size-full wp-image-1211\" alt=\"IMG_20130701_0002-(Small)a\" src=\"https:\/\/kylat.ekarjala.fi\/haapajarvi\/wp-content\/uploads\/sites\/42\/2013\/07\/IMG_20130701_0002-Smalla.jpg\" width=\"500\" height=\"328\"><\/a><\/p>\n<p>&nbsp;<\/p>\n<p>&nbsp;<\/p>\n<p>&nbsp;<\/p>\n","protected":false},"excerpt":{"rendered":"<p>Heikkil\u00e4n Tuomon leikkiautot ja entis\u00f6ity sohva Tuomo on tehnyt hienoja puisia leikkiautoja. Kest\u00e4v\u00e4t kovempaakin menoa. Tytt\u00e4ren poika, Otto, sai kuorma-auton 1v syntym\u00e4p\u00e4iv\u00e4lahjaksi. Nyt poika on jo alakoululainen ja auto joutaa parkkeeraamaan Haap\u00e4j\u00e4rvell\u00e4. Kuorma-auto on komean kokoinen ja kippilava piti ruuvata &hellip; <a href=\"https:\/\/kylat.ekarjala.fi\/haapajarvi\/harrastukset\/kuukauden-kasityo-2\/heinakuu-2013\/\">Lue loppuun <span class=\"meta-nav\">&rarr;<\/span><\/a><\/p>\n","protected":false},"author":103,"featured_media":0,"parent":957,"menu_order":5,"comment_status":"closed","ping_status":"open","template":"sidebar-page.php","meta":{"footnotes":""},"class_list":["post-1193","page","type-page","status-publish","hentry"],"_links":{"self":[{"href":"https:\/\/kylat.ekarjala.fi\/haapajarvi\/wp-json\/wp\/v2\/pages\/1193","targetHints":{"allow":["GET"]}}],"collection":[{"href":"https:\/\/kylat.ekarjala.fi\/haapajarvi\/wp-json\/wp\/v2\/pages"}],"about":[{"href":"https:\/\/kylat.ekarjala.fi\/haapajarvi\/wp-json\/wp\/v2\/types\/page"}],"author":[{"embeddable":true,"href":"https:\/\/kylat.ekarjala.fi\/haapajarvi\/wp-json\/wp\/v2\/users\/103"}],"replies":[{"embeddable":true,"href":"https:\/\/kylat.ekarjala.fi\/haapajarvi\/wp-json\/wp\/v2\/comments?post=1193"}],"version-history":[{"count":11,"href":"https:\/\/kylat.ekarjala.fi\/haapajarvi\/wp-json\/wp\/v2\/pages\/1193\/revisions"}],"predecessor-version":[{"id":2969,"href":"https:\/\/kylat.ekarjala.fi\/haapajarvi\/wp-json\/wp\/v2\/pages\/1193\/revisions\/2969"}],"up":[{"embeddable":true,"href":"https:\/\/kylat.ekarjala.fi\/haapajarvi\/wp-json\/wp\/v2\/pages\/957"}],"wp:attachment":[{"href":"https:\/\/kylat.ekarjala.fi\/haapajarvi\/wp-json\/wp\/v2\/media?parent=1193"}],"curies":[{"name":"wp","href":"https:\/\/api.w.org\/{rel}","templated":true}]}}