{"id":122,"date":"2012-01-28T08:46:28","date_gmt":"2012-01-28T08:46:28","guid":{"rendered":"https:\/\/kylat.ekarjala.fi\/haapajarvi\/?page_id=122"},"modified":"2021-04-19T10:02:56","modified_gmt":"2021-04-19T10:02:56","slug":"haapajarven-kylayhdistys","status":"publish","type":"page","link":"https:\/\/kylat.ekarjala.fi\/haapajarvi\/seuratyhdistykset\/haapajarven-kylayhdistys\/","title":{"rendered":"Haapaj\u00e4rven kyl\u00e4yhdistys"},"content":{"rendered":"<p><span style=\"font-size: medium\">Vuosikokouksessa 24.1.2018 on kannatus\/ j\u00e4senmaksuksi p\u00e4\u00e4tetty<br \/>\n<\/span><span style=\"font-size: medium\"><strong>50\u20ac\/talous, mutta pienemm\u00e4nkin suorituksen&nbsp;voi tehd\u00e4.<\/strong><\/span><span style=\"font-size: medium\"><br \/>\n<\/span><\/p>\n","protected":false},"excerpt":{"rendered":"<p>Vuosikokouksessa 24.1.2018 on kannatus\/ j\u00e4senmaksuksi p\u00e4\u00e4tetty 50\u20ac\/talous, mutta pienemm\u00e4nkin suorituksen&nbsp;voi tehd\u00e4.<\/p>\n","protected":false},"author":103,"featured_media":0,"parent":31,"menu_order":0,"comment_status":"closed","ping_status":"open","template":"sidebar-page.php","meta":{"footnotes":""},"class_list":["post-122","page","type-page","status-publish","hentry"],"_links":{"self":[{"href":"https:\/\/kylat.ekarjala.fi\/haapajarvi\/wp-json\/wp\/v2\/pages\/122","targetHints":{"allow":["GET"]}}],"collection":[{"href":"https:\/\/kylat.ekarjala.fi\/haapajarvi\/wp-json\/wp\/v2\/pages"}],"about":[{"href":"https:\/\/kylat.ekarjala.fi\/haapajarvi\/wp-json\/wp\/v2\/types\/page"}],"author":[{"embeddable":true,"href":"https:\/\/kylat.ekarjala.fi\/haapajarvi\/wp-json\/wp\/v2\/users\/103"}],"replies":[{"embeddable":true,"href":"https:\/\/kylat.ekarjala.fi\/haapajarvi\/wp-json\/wp\/v2\/comments?post=122"}],"version-history":[{"count":9,"href":"https:\/\/kylat.ekarjala.fi\/haapajarvi\/wp-json\/wp\/v2\/pages\/122\/revisions"}],"predecessor-version":[{"id":2986,"href":"https:\/\/kylat.ekarjala.fi\/haapajarvi\/wp-json\/wp\/v2\/pages\/122\/revisions\/2986"}],"up":[{"embeddable":true,"href":"https:\/\/kylat.ekarjala.fi\/haapajarvi\/wp-json\/wp\/v2\/pages\/31"}],"wp:attachment":[{"href":"https:\/\/kylat.ekarjala.fi\/haapajarvi\/wp-json\/wp\/v2\/media?parent=122"}],"curies":[{"name":"wp","href":"https:\/\/api.w.org\/{rel}","templated":true}]}}