{"id":1385,"date":"2013-09-02T16:12:49","date_gmt":"2013-09-02T16:12:49","guid":{"rendered":"https:\/\/kylat.ekarjala.fi\/haapajarvi\/?page_id=1385"},"modified":"2021-04-19T09:58:45","modified_gmt":"2021-04-19T09:58:45","slug":"syyskuu-2013","status":"publish","type":"page","link":"https:\/\/kylat.ekarjala.fi\/haapajarvi\/harrastukset\/kuukauden-kasityo-2\/syyskuu-2013\/","title":{"rendered":"Syyskuu 2013"},"content":{"rendered":"<p>Syksy taitaa tulla ja voidaan siirty\u00e4 villaisiin asioihin. Esittelyss\u00e4 on nyt&nbsp;Maijan kutomat kauniit ryijyt.<\/p>\n<p>Kuvat on vuodelta 2008, jolloin kyl\u00e4talolla oli <strong>Maijan ryijyn\u00e4yttely<\/strong> &#8221;Juuret Lappeella&#8221; kotiseutuyhdistyksen&nbsp;kotiseutup\u00e4iv\u00e4n yhteydess\u00e4. Ajatus ryijyn\u00e4yttelyst\u00e4 kyti jo pitk\u00e4\u00e4n Maijan mieless\u00e4 ja nyt se toteutettiin.<\/p>\n<p>Maijalla on kangaspuut olleet ahkerassa k\u00e4yt\u00f6ss\u00e4. Vuosien saatossa on ryijyj\u00e4 kudottu varmaan 15 kpl, Karjalan raanuja yli 20 kpl ja mattoja ties kuinka monta metri\u00e4.<\/p>\n<p>klikkaa kuvaa, niin se avautuu isompana<\/p>\n<div id=\"attachment_1417\" style=\"width: 210px\" class=\"wp-caption alignnone\"><a href=\"https:\/\/kylat.ekarjala.fi\/haapajarvi\/wp-content\/uploads\/sites\/42\/2013\/09\/lappeen-kotiseutujuhla-157a-Small.jpg\"><img loading=\"lazy\" decoding=\"async\" aria-describedby=\"caption-attachment-1417\" class=\"size-medium wp-image-1417 \" alt=\"lappeen kotiseutujuhla 157a (Small)\" src=\"https:\/\/kylat.ekarjala.fi\/haapajarvi\/wp-content\/uploads\/sites\/42\/2013\/09\/lappeen-kotiseutujuhla-157a-Small-200x300.jpg\" width=\"200\" height=\"300\" srcset=\"https:\/\/kylat.ekarjala.fi\/haapajarvi\/wp-content\/uploads\/sites\/42\/2013\/09\/lappeen-kotiseutujuhla-157a-Small-200x300.jpg 200w, https:\/\/kylat.ekarjala.fi\/haapajarvi\/wp-content\/uploads\/sites\/42\/2013\/09\/lappeen-kotiseutujuhla-157a-Small.jpg 480w\" sizes=\"auto, (max-width: 200px) 100vw, 200px\" \/><\/a><p id=\"caption-attachment-1417\" class=\"wp-caption-text\">T\u00e4m\u00e4 ensimm\u00e4inen ryijy kudottiin Irja-siskon kanssa yhdess\u00e4 v.1963. Se koristaa Maijan olohuoneen sein\u00e4\u00e4.<\/p><\/div>\n<div id=\"attachment_1405\" style=\"width: 209px\" class=\"wp-caption alignnone\"><a href=\"https:\/\/kylat.ekarjala.fi\/haapajarvi\/wp-content\/uploads\/sites\/42\/2013\/09\/lappeen-kotiseutujuhla-156-Small.jpg\"><img loading=\"lazy\" decoding=\"async\" aria-describedby=\"caption-attachment-1405\" class=\"size-medium wp-image-1405 \" alt=\"lappeen kotiseutujuhla 156 (Small)\" src=\"https:\/\/kylat.ekarjala.fi\/haapajarvi\/wp-content\/uploads\/sites\/42\/2013\/09\/lappeen-kotiseutujuhla-156-Small-199x300.jpg\" width=\"199\" height=\"300\" srcset=\"https:\/\/kylat.ekarjala.fi\/haapajarvi\/wp-content\/uploads\/sites\/42\/2013\/09\/lappeen-kotiseutujuhla-156-Small-199x300.jpg 199w, https:\/\/kylat.ekarjala.fi\/haapajarvi\/wp-content\/uploads\/sites\/42\/2013\/09\/lappeen-kotiseutujuhla-156-Small.jpg 457w\" sizes=\"auto, (max-width: 199px) 100vw, 199px\" \/><\/a><p id=\"caption-attachment-1405\" class=\"wp-caption-text\">Eliel Saarinen suunnitteli jugendtyylisen Ruusu-ryijyn K\u00e4sity\u00f6n Yst\u00e4vien juhlan\u00e4yttelyyn v.1904. Se on suurin kaikista Maijan kutomista ryijyist\u00e4.<\/p><\/div>\n<div id=\"attachment_1412\" style=\"width: 310px\" class=\"wp-caption alignnone\"><a href=\"https:\/\/kylat.ekarjala.fi\/haapajarvi\/wp-content\/uploads\/sites\/42\/2013\/09\/lappeen-kotiseutujuhla-200-Small.jpg\"><img loading=\"lazy\" decoding=\"async\" aria-describedby=\"caption-attachment-1412\" class=\"size-medium wp-image-1412\" alt=\"lappeen kotiseutujuhla 200 (Small)\" src=\"https:\/\/kylat.ekarjala.fi\/haapajarvi\/wp-content\/uploads\/sites\/42\/2013\/09\/lappeen-kotiseutujuhla-200-Small-300x199.jpg\" width=\"300\" height=\"199\" srcset=\"https:\/\/kylat.ekarjala.fi\/haapajarvi\/wp-content\/uploads\/sites\/42\/2013\/09\/lappeen-kotiseutujuhla-200-Small-300x199.jpg 300w, https:\/\/kylat.ekarjala.fi\/haapajarvi\/wp-content\/uploads\/sites\/42\/2013\/09\/lappeen-kotiseutujuhla-200-Small-450x300.jpg 450w, https:\/\/kylat.ekarjala.fi\/haapajarvi\/wp-content\/uploads\/sites\/42\/2013\/09\/lappeen-kotiseutujuhla-200-Small.jpg 662w\" sizes=\"auto, (max-width: 300px) 100vw, 300px\" \/><\/a><p id=\"caption-attachment-1412\" class=\"wp-caption-text\">Kaislat tuulessa -ryijyj\u00e4 on tehty 2 kpl.<\/p><\/div>\n<p><a href=\"https:\/\/kylat.ekarjala.fi\/haapajarvi\/wp-content\/uploads\/sites\/42\/2013\/09\/lappeen-kotiseutujuhla-200a.jpg\"><img loading=\"lazy\" decoding=\"async\" class=\"alignnone size-medium wp-image-1418\" alt=\"lappeen kotiseutujuhla 200a\" src=\"https:\/\/kylat.ekarjala.fi\/haapajarvi\/wp-content\/uploads\/sites\/42\/2013\/09\/lappeen-kotiseutujuhla-200a-300x199.jpg\" width=\"300\" height=\"199\" srcset=\"https:\/\/kylat.ekarjala.fi\/haapajarvi\/wp-content\/uploads\/sites\/42\/2013\/09\/lappeen-kotiseutujuhla-200a-300x199.jpg 300w, https:\/\/kylat.ekarjala.fi\/haapajarvi\/wp-content\/uploads\/sites\/42\/2013\/09\/lappeen-kotiseutujuhla-200a.jpg 404w\" sizes=\"auto, (max-width: 300px) 100vw, 300px\" \/><\/a> &nbsp; <a href=\"https:\/\/kylat.ekarjala.fi\/haapajarvi\/wp-content\/uploads\/sites\/42\/2013\/09\/lappeen-kotiseutujuhla-209-Small.jpg\"><img loading=\"lazy\" decoding=\"async\" class=\"alignnone size-medium wp-image-1414\" alt=\"lappeen kotiseutujuhla 209 (Small)\" src=\"https:\/\/kylat.ekarjala.fi\/haapajarvi\/wp-content\/uploads\/sites\/42\/2013\/09\/lappeen-kotiseutujuhla-209-Small-300x200.jpg\" width=\"300\" height=\"200\" srcset=\"https:\/\/kylat.ekarjala.fi\/haapajarvi\/wp-content\/uploads\/sites\/42\/2013\/09\/lappeen-kotiseutujuhla-209-Small-300x200.jpg 300w, https:\/\/kylat.ekarjala.fi\/haapajarvi\/wp-content\/uploads\/sites\/42\/2013\/09\/lappeen-kotiseutujuhla-209-Small-450x300.jpg 450w, https:\/\/kylat.ekarjala.fi\/haapajarvi\/wp-content\/uploads\/sites\/42\/2013\/09\/lappeen-kotiseutujuhla-209-Small.jpg 720w\" sizes=\"auto, (max-width: 300px) 100vw, 300px\" \/><\/a> <a href=\"https:\/\/kylat.ekarjala.fi\/haapajarvi\/wp-content\/uploads\/sites\/42\/2013\/09\/lappeen-kotiseutujuhla-203a-Small.jpg\"><img loading=\"lazy\" decoding=\"async\" class=\"alignnone size-medium wp-image-1413\" alt=\"lappeen kotiseutujuhla 203a (Small)\" src=\"https:\/\/kylat.ekarjala.fi\/haapajarvi\/wp-content\/uploads\/sites\/42\/2013\/09\/lappeen-kotiseutujuhla-203a-Small-200x300.jpg\" width=\"200\" height=\"300\" srcset=\"https:\/\/kylat.ekarjala.fi\/haapajarvi\/wp-content\/uploads\/sites\/42\/2013\/09\/lappeen-kotiseutujuhla-203a-Small-200x300.jpg 200w, https:\/\/kylat.ekarjala.fi\/haapajarvi\/wp-content\/uploads\/sites\/42\/2013\/09\/lappeen-kotiseutujuhla-203a-Small.jpg 480w\" sizes=\"auto, (max-width: 200px) 100vw, 200px\" \/><\/a> <a href=\"https:\/\/kylat.ekarjala.fi\/haapajarvi\/wp-content\/uploads\/sites\/42\/2013\/09\/lappeen-kotiseutujuhla-198-Small.jpg\"><img loading=\"lazy\" decoding=\"async\" class=\"alignnone size-medium wp-image-1411\" alt=\"lappeen kotiseutujuhla 198 (Small)\" src=\"https:\/\/kylat.ekarjala.fi\/haapajarvi\/wp-content\/uploads\/sites\/42\/2013\/09\/lappeen-kotiseutujuhla-198-Small-300x200.jpg\" width=\"300\" height=\"200\" srcset=\"https:\/\/kylat.ekarjala.fi\/haapajarvi\/wp-content\/uploads\/sites\/42\/2013\/09\/lappeen-kotiseutujuhla-198-Small-300x200.jpg 300w, https:\/\/kylat.ekarjala.fi\/haapajarvi\/wp-content\/uploads\/sites\/42\/2013\/09\/lappeen-kotiseutujuhla-198-Small-450x300.jpg 450w, https:\/\/kylat.ekarjala.fi\/haapajarvi\/wp-content\/uploads\/sites\/42\/2013\/09\/lappeen-kotiseutujuhla-198-Small.jpg 720w\" sizes=\"auto, (max-width: 300px) 100vw, 300px\" \/><\/a> <a href=\"https:\/\/kylat.ekarjala.fi\/haapajarvi\/wp-content\/uploads\/sites\/42\/2013\/09\/lappeen-kotiseutujuhla-196-Small.jpg\"><img loading=\"lazy\" decoding=\"async\" class=\"alignnone size-medium wp-image-1410\" alt=\"lappeen kotiseutujuhla 196 (Small)\" src=\"https:\/\/kylat.ekarjala.fi\/haapajarvi\/wp-content\/uploads\/sites\/42\/2013\/09\/lappeen-kotiseutujuhla-196-Small-200x300.jpg\" width=\"200\" height=\"300\" srcset=\"https:\/\/kylat.ekarjala.fi\/haapajarvi\/wp-content\/uploads\/sites\/42\/2013\/09\/lappeen-kotiseutujuhla-196-Small-200x300.jpg 200w, https:\/\/kylat.ekarjala.fi\/haapajarvi\/wp-content\/uploads\/sites\/42\/2013\/09\/lappeen-kotiseutujuhla-196-Small.jpg 480w\" sizes=\"auto, (max-width: 200px) 100vw, 200px\" \/><\/a> <a href=\"https:\/\/kylat.ekarjala.fi\/haapajarvi\/wp-content\/uploads\/sites\/42\/2013\/09\/lappeen-kotiseutujuhla-195-Small.jpg\"><img loading=\"lazy\" decoding=\"async\" class=\"alignnone size-medium wp-image-1409\" alt=\"lappeen kotiseutujuhla 195 (Small)\" src=\"https:\/\/kylat.ekarjala.fi\/haapajarvi\/wp-content\/uploads\/sites\/42\/2013\/09\/lappeen-kotiseutujuhla-195-Small-200x300.jpg\" width=\"200\" height=\"300\" srcset=\"https:\/\/kylat.ekarjala.fi\/haapajarvi\/wp-content\/uploads\/sites\/42\/2013\/09\/lappeen-kotiseutujuhla-195-Small-200x300.jpg 200w, https:\/\/kylat.ekarjala.fi\/haapajarvi\/wp-content\/uploads\/sites\/42\/2013\/09\/lappeen-kotiseutujuhla-195-Small.jpg 480w\" sizes=\"auto, (max-width: 200px) 100vw, 200px\" \/><\/a> <a href=\"https:\/\/kylat.ekarjala.fi\/haapajarvi\/wp-content\/uploads\/sites\/42\/2013\/09\/lappeen-kotiseutujuhla-159-Small.jpg\"><img loading=\"lazy\" decoding=\"async\" class=\"alignnone size-medium wp-image-1406\" alt=\"lappeen kotiseutujuhla 159 (Small)\" src=\"https:\/\/kylat.ekarjala.fi\/haapajarvi\/wp-content\/uploads\/sites\/42\/2013\/09\/lappeen-kotiseutujuhla-159-Small-199x300.jpg\" width=\"199\" height=\"300\" srcset=\"https:\/\/kylat.ekarjala.fi\/haapajarvi\/wp-content\/uploads\/sites\/42\/2013\/09\/lappeen-kotiseutujuhla-159-Small-199x300.jpg 199w, https:\/\/kylat.ekarjala.fi\/haapajarvi\/wp-content\/uploads\/sites\/42\/2013\/09\/lappeen-kotiseutujuhla-159-Small.jpg 409w\" sizes=\"auto, (max-width: 199px) 100vw, 199px\" \/><\/a> <a href=\"https:\/\/kylat.ekarjala.fi\/haapajarvi\/wp-content\/uploads\/sites\/42\/2013\/09\/lappeen-kotiseutujuhla-153-Small.jpg\"><img loading=\"lazy\" decoding=\"async\" class=\"alignnone size-medium wp-image-1404\" alt=\"lappeen kotiseutujuhla 153 (Small)\" src=\"https:\/\/kylat.ekarjala.fi\/haapajarvi\/wp-content\/uploads\/sites\/42\/2013\/09\/lappeen-kotiseutujuhla-153-Small-300x199.jpg\" width=\"300\" height=\"199\" srcset=\"https:\/\/kylat.ekarjala.fi\/haapajarvi\/wp-content\/uploads\/sites\/42\/2013\/09\/lappeen-kotiseutujuhla-153-Small-300x199.jpg 300w, https:\/\/kylat.ekarjala.fi\/haapajarvi\/wp-content\/uploads\/sites\/42\/2013\/09\/lappeen-kotiseutujuhla-153-Small-450x300.jpg 450w, https:\/\/kylat.ekarjala.fi\/haapajarvi\/wp-content\/uploads\/sites\/42\/2013\/09\/lappeen-kotiseutujuhla-153-Small.jpg 539w\" sizes=\"auto, (max-width: 300px) 100vw, 300px\" \/><\/a><\/p>\n<div id=\"attachment_1444\" style=\"width: 210px\" class=\"wp-caption alignnone\"><a href=\"https:\/\/kylat.ekarjala.fi\/haapajarvi\/wp-content\/uploads\/sites\/42\/2013\/09\/lappeen-kotiseutujuhla-189a-Small.jpg\"><img loading=\"lazy\" decoding=\"async\" aria-describedby=\"caption-attachment-1444\" class=\"size-medium wp-image-1444 \" alt=\"lappeen kotiseutujuhla 189a (Small)\" src=\"https:\/\/kylat.ekarjala.fi\/haapajarvi\/wp-content\/uploads\/sites\/42\/2013\/09\/lappeen-kotiseutujuhla-189a-Small-200x300.jpg\" width=\"200\" height=\"300\" srcset=\"https:\/\/kylat.ekarjala.fi\/haapajarvi\/wp-content\/uploads\/sites\/42\/2013\/09\/lappeen-kotiseutujuhla-189a-Small-200x300.jpg 200w, https:\/\/kylat.ekarjala.fi\/haapajarvi\/wp-content\/uploads\/sites\/42\/2013\/09\/lappeen-kotiseutujuhla-189a-Small.jpg 480w\" sizes=\"auto, (max-width: 200px) 100vw, 200px\" \/><\/a><p id=\"caption-attachment-1444\" class=\"wp-caption-text\">Satupurjeet,<br \/>suunnitellut Sirkka K\u00f6n\u00f6nen<\/p><\/div>\n<p><a href=\"https:\/\/kylat.ekarjala.fi\/haapajarvi\/wp-content\/uploads\/sites\/42\/2013\/09\/lappeen-kotiseutujuhla-088-Small_edited-1.jpg\"><img loading=\"lazy\" decoding=\"async\" class=\"alignnone size-medium wp-image-1448\" alt=\"lappeen kotiseutujuhla 088 (Small)_edited-1\" src=\"https:\/\/kylat.ekarjala.fi\/haapajarvi\/wp-content\/uploads\/sites\/42\/2013\/09\/lappeen-kotiseutujuhla-088-Small_edited-1-300x200.jpg\" width=\"300\" height=\"200\" srcset=\"https:\/\/kylat.ekarjala.fi\/haapajarvi\/wp-content\/uploads\/sites\/42\/2013\/09\/lappeen-kotiseutujuhla-088-Small_edited-1-300x200.jpg 300w, https:\/\/kylat.ekarjala.fi\/haapajarvi\/wp-content\/uploads\/sites\/42\/2013\/09\/lappeen-kotiseutujuhla-088-Small_edited-1-450x300.jpg 450w, https:\/\/kylat.ekarjala.fi\/haapajarvi\/wp-content\/uploads\/sites\/42\/2013\/09\/lappeen-kotiseutujuhla-088-Small_edited-1.jpg 561w\" sizes=\"auto, (max-width: 300px) 100vw, 300px\" \/><\/a><\/p>\n<div id=\"attachment_1449\" style=\"width: 210px\" class=\"wp-caption alignleft\"><a href=\"https:\/\/kylat.ekarjala.fi\/haapajarvi\/wp-content\/uploads\/sites\/42\/2013\/09\/lappeen-kotiseutujuhla-078a-Small.jpg\"><img loading=\"lazy\" decoding=\"async\" aria-describedby=\"caption-attachment-1449\" class=\"size-medium wp-image-1449 \" alt=\"lappeen kotiseutujuhla 078a (Small)\" src=\"https:\/\/kylat.ekarjala.fi\/haapajarvi\/wp-content\/uploads\/sites\/42\/2013\/09\/lappeen-kotiseutujuhla-078a-Small-200x300.jpg\" width=\"200\" height=\"300\" srcset=\"https:\/\/kylat.ekarjala.fi\/haapajarvi\/wp-content\/uploads\/sites\/42\/2013\/09\/lappeen-kotiseutujuhla-078a-Small-200x300.jpg 200w, https:\/\/kylat.ekarjala.fi\/haapajarvi\/wp-content\/uploads\/sites\/42\/2013\/09\/lappeen-kotiseutujuhla-078a-Small.jpg 480w\" sizes=\"auto, (max-width: 200px) 100vw, 200px\" \/><\/a><p id=\"caption-attachment-1449\" class=\"wp-caption-text\">Ryijyn nimi on Eva<br \/>suunnittelu v. 1908 Eva Mannerheim-Sparre (Mannerheimin sisar), jugendtyylinen ryijy<\/p><\/div>\n<p>&nbsp;<\/p>\n<p>&nbsp;<\/p>\n<p>&nbsp;<\/p>\n","protected":false},"excerpt":{"rendered":"<p>Syksy taitaa tulla ja voidaan siirty\u00e4 villaisiin asioihin. Esittelyss\u00e4 on nyt&nbsp;Maijan kutomat kauniit ryijyt. Kuvat on vuodelta 2008, jolloin kyl\u00e4talolla oli Maijan ryijyn\u00e4yttely &#8221;Juuret Lappeella&#8221; kotiseutuyhdistyksen&nbsp;kotiseutup\u00e4iv\u00e4n yhteydess\u00e4. Ajatus ryijyn\u00e4yttelyst\u00e4 kyti jo pitk\u00e4\u00e4n Maijan mieless\u00e4 ja nyt se toteutettiin. Maijalla on &hellip; <a href=\"https:\/\/kylat.ekarjala.fi\/haapajarvi\/harrastukset\/kuukauden-kasityo-2\/syyskuu-2013\/\">Lue loppuun <span class=\"meta-nav\">&rarr;<\/span><\/a><\/p>\n","protected":false},"author":103,"featured_media":0,"parent":957,"menu_order":7,"comment_status":"closed","ping_status":"closed","template":"","meta":{"footnotes":""},"class_list":["post-1385","page","type-page","status-publish","hentry"],"_links":{"self":[{"href":"https:\/\/kylat.ekarjala.fi\/haapajarvi\/wp-json\/wp\/v2\/pages\/1385","targetHints":{"allow":["GET"]}}],"collection":[{"href":"https:\/\/kylat.ekarjala.fi\/haapajarvi\/wp-json\/wp\/v2\/pages"}],"about":[{"href":"https:\/\/kylat.ekarjala.fi\/haapajarvi\/wp-json\/wp\/v2\/types\/page"}],"author":[{"embeddable":true,"href":"https:\/\/kylat.ekarjala.fi\/haapajarvi\/wp-json\/wp\/v2\/users\/103"}],"replies":[{"embeddable":true,"href":"https:\/\/kylat.ekarjala.fi\/haapajarvi\/wp-json\/wp\/v2\/comments?post=1385"}],"version-history":[{"count":20,"href":"https:\/\/kylat.ekarjala.fi\/haapajarvi\/wp-json\/wp\/v2\/pages\/1385\/revisions"}],"predecessor-version":[{"id":2971,"href":"https:\/\/kylat.ekarjala.fi\/haapajarvi\/wp-json\/wp\/v2\/pages\/1385\/revisions\/2971"}],"up":[{"embeddable":true,"href":"https:\/\/kylat.ekarjala.fi\/haapajarvi\/wp-json\/wp\/v2\/pages\/957"}],"wp:attachment":[{"href":"https:\/\/kylat.ekarjala.fi\/haapajarvi\/wp-json\/wp\/v2\/media?parent=1385"}],"curies":[{"name":"wp","href":"https:\/\/api.w.org\/{rel}","templated":true}]}}