{"id":147,"date":"2012-01-28T15:10:23","date_gmt":"2012-01-28T15:10:23","guid":{"rendered":"https:\/\/kylat.ekarjala.fi\/haapajarvi\/?page_id=147"},"modified":"2021-04-19T10:00:04","modified_gmt":"2021-04-19T10:00:04","slug":"kirjastoauton-aikataulu","status":"publish","type":"page","link":"https:\/\/kylat.ekarjala.fi\/haapajarvi\/palvelut\/kirjastoauton-aikataulu\/","title":{"rendered":"Kirjastoauton aikataulu"},"content":{"rendered":"<table border=\"0\" cellspacing=\"4\" cellpadding=\"2\">\n<tbody>\n<tr>\n<td valign=\"top\">Haapaj\u00e4rvi<\/td>\n<td>Vainikkalantie 665<\/td>\n<td valign=\"top\">15.15-15.30<\/td>\n<\/tr>\n<tr>\n<td valign=\"top\">Keskisaari<\/td>\n<td valign=\"top\">Keskisaarentien\/Mannem\u00e4entien risteys<\/td>\n<td valign=\"top\">15.45-16.00<\/td>\n<\/tr>\n<tr>\n<td valign=\"top\">Lutee<\/td>\n<td valign=\"top\">Keskisaarentien\/Vainikkalantien risteys<\/td>\n<td valign=\"top\">16.10-16.25<\/td>\n<\/tr>\n<\/tbody>\n<\/table>\n<p><strong>PARILLISEN VIIKON KESKIVIIKKO<\/strong><\/p>\n<p>Kirjastoauton aikataulun l\u00f6yd\u00e4t kokonaisuudessaan&nbsp;<a href=\"http:\/\/www.lappeenranta.fi\/Suomeksi\/Palvelut\/Kirjasto\/Aukioloajat_ja_yhteystiedot\/Kirjastoauton_aikataulut.iw3\">t\u00e4st\u00e4<\/a><\/p>\n<p>&nbsp;<\/p>\n<p>&nbsp;<\/p>\n<p>&nbsp;<\/p>\n<p>&nbsp;<\/p>\n<p>&nbsp;<\/p>\n<p>&nbsp;<\/p>\n<p>&nbsp;<\/p>\n","protected":false},"excerpt":{"rendered":"<p>Haapaj\u00e4rvi Vainikkalantie 665 15.15-15.30 Keskisaari Keskisaarentien\/Mannem\u00e4entien risteys 15.45-16.00 Lutee Keskisaarentien\/Vainikkalantien risteys 16.10-16.25 PARILLISEN VIIKON KESKIVIIKKO Kirjastoauton aikataulun l\u00f6yd\u00e4t kokonaisuudessaan&nbsp;t\u00e4st\u00e4 &nbsp; &nbsp; &nbsp; &nbsp; &nbsp; &nbsp; &nbsp;<\/p>\n","protected":false},"author":103,"featured_media":0,"parent":131,"menu_order":0,"comment_status":"closed","ping_status":"open","template":"sidebar-page.php","meta":{"footnotes":""},"class_list":["post-147","page","type-page","status-publish","hentry"],"_links":{"self":[{"href":"https:\/\/kylat.ekarjala.fi\/haapajarvi\/wp-json\/wp\/v2\/pages\/147","targetHints":{"allow":["GET"]}}],"collection":[{"href":"https:\/\/kylat.ekarjala.fi\/haapajarvi\/wp-json\/wp\/v2\/pages"}],"about":[{"href":"https:\/\/kylat.ekarjala.fi\/haapajarvi\/wp-json\/wp\/v2\/types\/page"}],"author":[{"embeddable":true,"href":"https:\/\/kylat.ekarjala.fi\/haapajarvi\/wp-json\/wp\/v2\/users\/103"}],"replies":[{"embeddable":true,"href":"https:\/\/kylat.ekarjala.fi\/haapajarvi\/wp-json\/wp\/v2\/comments?post=147"}],"version-history":[{"count":10,"href":"https:\/\/kylat.ekarjala.fi\/haapajarvi\/wp-json\/wp\/v2\/pages\/147\/revisions"}],"predecessor-version":[{"id":2978,"href":"https:\/\/kylat.ekarjala.fi\/haapajarvi\/wp-json\/wp\/v2\/pages\/147\/revisions\/2978"}],"up":[{"embeddable":true,"href":"https:\/\/kylat.ekarjala.fi\/haapajarvi\/wp-json\/wp\/v2\/pages\/131"}],"wp:attachment":[{"href":"https:\/\/kylat.ekarjala.fi\/haapajarvi\/wp-json\/wp\/v2\/media?parent=147"}],"curies":[{"name":"wp","href":"https:\/\/api.w.org\/{rel}","templated":true}]}}