{"id":1573,"date":"2013-11-02T06:14:11","date_gmt":"2013-11-02T06:14:11","guid":{"rendered":"https:\/\/kylat.ekarjala.fi\/haapajarvi\/?page_id=1573"},"modified":"2021-04-19T09:58:58","modified_gmt":"2021-04-19T09:58:58","slug":"marraskuu-2013","status":"publish","type":"page","link":"https:\/\/kylat.ekarjala.fi\/haapajarvi\/harrastukset\/kuukauden-kasityo-2\/marraskuu-2013\/","title":{"rendered":"Marraskuu 2013"},"content":{"rendered":"<p>Puuk\u00e4ss\u00e4 on enempi Sannan juttu ja muu askartelu. Penkkareihin&nbsp;h\u00e4n teki&nbsp;pukuun sopivan hienon ja valtavan ison samuraimiekan, mutta liian kova pakkanen esti sen k\u00e4yt\u00f6n. Miekka j\u00e4i kotiin.<\/p>\n<p>Nukkekodin Sanna teki mummolassa. Kaikki pienen pienet sohvat ja tossut jne&nbsp;on Sannan tekemi\u00e4. S\u00f6p\u00f6 talo.<\/p>\n<p>Lepakot tehtiin puusta hiomalla ja maalattiin p\u00e4\u00e4lle. Hienot nekin !<\/p>\n<p>klikkaa kuvaa, niin n\u00e4et sen isompana.<\/p>\n<p><a href=\"https:\/\/kylat.ekarjala.fi\/haapajarvi\/wp-content\/uploads\/sites\/42\/2013\/11\/syysty-154a-Medium.jpg\"><img loading=\"lazy\" decoding=\"async\" class=\"alignnone size-medium wp-image-1574\" alt=\"syysty 154a (Medium)\" src=\"https:\/\/kylat.ekarjala.fi\/haapajarvi\/wp-content\/uploads\/sites\/42\/2013\/11\/syysty-154a-Medium-300x200.jpg\" width=\"300\" height=\"200\" srcset=\"https:\/\/kylat.ekarjala.fi\/haapajarvi\/wp-content\/uploads\/sites\/42\/2013\/11\/syysty-154a-Medium-300x200.jpg 300w, https:\/\/kylat.ekarjala.fi\/haapajarvi\/wp-content\/uploads\/sites\/42\/2013\/11\/syysty-154a-Medium-1024x682.jpg 1024w, https:\/\/kylat.ekarjala.fi\/haapajarvi\/wp-content\/uploads\/sites\/42\/2013\/11\/syysty-154a-Medium-450x300.jpg 450w, https:\/\/kylat.ekarjala.fi\/haapajarvi\/wp-content\/uploads\/sites\/42\/2013\/11\/syysty-154a-Medium.jpg 1152w\" sizes=\"auto, (max-width: 300px) 100vw, 300px\" \/><\/a> <a href=\"https:\/\/kylat.ekarjala.fi\/haapajarvi\/wp-content\/uploads\/sites\/42\/2013\/11\/syysty-159a-Medium.jpg\"><img loading=\"lazy\" decoding=\"async\" class=\"alignnone size-medium wp-image-1575\" alt=\"syysty 159a (Medium)\" src=\"https:\/\/kylat.ekarjala.fi\/haapajarvi\/wp-content\/uploads\/sites\/42\/2013\/11\/syysty-159a-Medium-200x300.jpg\" width=\"200\" height=\"300\" srcset=\"https:\/\/kylat.ekarjala.fi\/haapajarvi\/wp-content\/uploads\/sites\/42\/2013\/11\/syysty-159a-Medium-200x300.jpg 200w, https:\/\/kylat.ekarjala.fi\/haapajarvi\/wp-content\/uploads\/sites\/42\/2013\/11\/syysty-159a-Medium-682x1024.jpg 682w, https:\/\/kylat.ekarjala.fi\/haapajarvi\/wp-content\/uploads\/sites\/42\/2013\/11\/syysty-159a-Medium.jpg 768w\" sizes=\"auto, (max-width: 200px) 100vw, 200px\" \/><\/a> <a href=\"https:\/\/kylat.ekarjala.fi\/haapajarvi\/wp-content\/uploads\/sites\/42\/2013\/11\/syysty-160a-Medium.jpg\"><img loading=\"lazy\" decoding=\"async\" class=\"alignnone size-medium wp-image-1576\" alt=\"syysty 160a (Medium)\" src=\"https:\/\/kylat.ekarjala.fi\/haapajarvi\/wp-content\/uploads\/sites\/42\/2013\/11\/syysty-160a-Medium-300x200.jpg\" width=\"300\" height=\"200\" srcset=\"https:\/\/kylat.ekarjala.fi\/haapajarvi\/wp-content\/uploads\/sites\/42\/2013\/11\/syysty-160a-Medium-300x200.jpg 300w, https:\/\/kylat.ekarjala.fi\/haapajarvi\/wp-content\/uploads\/sites\/42\/2013\/11\/syysty-160a-Medium-1024x682.jpg 1024w, https:\/\/kylat.ekarjala.fi\/haapajarvi\/wp-content\/uploads\/sites\/42\/2013\/11\/syysty-160a-Medium-450x300.jpg 450w, https:\/\/kylat.ekarjala.fi\/haapajarvi\/wp-content\/uploads\/sites\/42\/2013\/11\/syysty-160a-Medium.jpg 1152w\" sizes=\"auto, (max-width: 300px) 100vw, 300px\" \/><\/a> <a href=\"https:\/\/kylat.ekarjala.fi\/haapajarvi\/wp-content\/uploads\/sites\/42\/2013\/11\/syysty-161a-Medium-2.jpg\"><img loading=\"lazy\" decoding=\"async\" class=\"alignnone size-medium wp-image-1577\" alt=\"syysty 161a (Medium) (2)\" src=\"https:\/\/kylat.ekarjala.fi\/haapajarvi\/wp-content\/uploads\/sites\/42\/2013\/11\/syysty-161a-Medium-2-300x200.jpg\" width=\"300\" height=\"200\" srcset=\"https:\/\/kylat.ekarjala.fi\/haapajarvi\/wp-content\/uploads\/sites\/42\/2013\/11\/syysty-161a-Medium-2-300x200.jpg 300w, https:\/\/kylat.ekarjala.fi\/haapajarvi\/wp-content\/uploads\/sites\/42\/2013\/11\/syysty-161a-Medium-2-1024x682.jpg 1024w, https:\/\/kylat.ekarjala.fi\/haapajarvi\/wp-content\/uploads\/sites\/42\/2013\/11\/syysty-161a-Medium-2-450x300.jpg 450w, https:\/\/kylat.ekarjala.fi\/haapajarvi\/wp-content\/uploads\/sites\/42\/2013\/11\/syysty-161a-Medium-2.jpg 1152w\" sizes=\"auto, (max-width: 300px) 100vw, 300px\" \/><\/a> <a href=\"https:\/\/kylat.ekarjala.fi\/haapajarvi\/wp-content\/uploads\/sites\/42\/2013\/11\/syysty-162a-Medium.jpg\"><img loading=\"lazy\" decoding=\"async\" class=\"alignnone size-medium wp-image-1578\" alt=\"syysty 162a (Medium)\" src=\"https:\/\/kylat.ekarjala.fi\/haapajarvi\/wp-content\/uploads\/sites\/42\/2013\/11\/syysty-162a-Medium-200x300.jpg\" width=\"200\" height=\"300\" srcset=\"https:\/\/kylat.ekarjala.fi\/haapajarvi\/wp-content\/uploads\/sites\/42\/2013\/11\/syysty-162a-Medium-200x300.jpg 200w, https:\/\/kylat.ekarjala.fi\/haapajarvi\/wp-content\/uploads\/sites\/42\/2013\/11\/syysty-162a-Medium-682x1024.jpg 682w, https:\/\/kylat.ekarjala.fi\/haapajarvi\/wp-content\/uploads\/sites\/42\/2013\/11\/syysty-162a-Medium.jpg 768w\" sizes=\"auto, (max-width: 200px) 100vw, 200px\" \/><\/a> <a href=\"https:\/\/kylat.ekarjala.fi\/haapajarvi\/wp-content\/uploads\/sites\/42\/2013\/11\/syysty-164a-Medium.jpg\"><img loading=\"lazy\" decoding=\"async\" class=\"alignnone size-medium wp-image-1579\" alt=\"syysty 164a (Medium)\" src=\"https:\/\/kylat.ekarjala.fi\/haapajarvi\/wp-content\/uploads\/sites\/42\/2013\/11\/syysty-164a-Medium-300x200.jpg\" width=\"300\" height=\"200\" srcset=\"https:\/\/kylat.ekarjala.fi\/haapajarvi\/wp-content\/uploads\/sites\/42\/2013\/11\/syysty-164a-Medium-300x200.jpg 300w, https:\/\/kylat.ekarjala.fi\/haapajarvi\/wp-content\/uploads\/sites\/42\/2013\/11\/syysty-164a-Medium-1024x682.jpg 1024w, https:\/\/kylat.ekarjala.fi\/haapajarvi\/wp-content\/uploads\/sites\/42\/2013\/11\/syysty-164a-Medium-450x300.jpg 450w, https:\/\/kylat.ekarjala.fi\/haapajarvi\/wp-content\/uploads\/sites\/42\/2013\/11\/syysty-164a-Medium.jpg 1152w\" sizes=\"auto, (max-width: 300px) 100vw, 300px\" \/><\/a> <a href=\"https:\/\/kylat.ekarjala.fi\/haapajarvi\/wp-content\/uploads\/sites\/42\/2013\/11\/syysty-165a-Medium.jpg\"><img loading=\"lazy\" decoding=\"async\" class=\"alignnone size-medium wp-image-1580\" alt=\"syysty 165a (Medium)\" src=\"https:\/\/kylat.ekarjala.fi\/haapajarvi\/wp-content\/uploads\/sites\/42\/2013\/11\/syysty-165a-Medium-300x200.jpg\" width=\"300\" height=\"200\" srcset=\"https:\/\/kylat.ekarjala.fi\/haapajarvi\/wp-content\/uploads\/sites\/42\/2013\/11\/syysty-165a-Medium-300x200.jpg 300w, https:\/\/kylat.ekarjala.fi\/haapajarvi\/wp-content\/uploads\/sites\/42\/2013\/11\/syysty-165a-Medium-1024x682.jpg 1024w, https:\/\/kylat.ekarjala.fi\/haapajarvi\/wp-content\/uploads\/sites\/42\/2013\/11\/syysty-165a-Medium-450x300.jpg 450w, https:\/\/kylat.ekarjala.fi\/haapajarvi\/wp-content\/uploads\/sites\/42\/2013\/11\/syysty-165a-Medium.jpg 1152w\" sizes=\"auto, (max-width: 300px) 100vw, 300px\" \/><\/a> <a href=\"https:\/\/kylat.ekarjala.fi\/haapajarvi\/wp-content\/uploads\/sites\/42\/2013\/11\/syysty-168a-Medium.jpg\"><img loading=\"lazy\" decoding=\"async\" class=\"alignnone size-medium wp-image-1581\" alt=\"syysty 168a (Medium)\" src=\"https:\/\/kylat.ekarjala.fi\/haapajarvi\/wp-content\/uploads\/sites\/42\/2013\/11\/syysty-168a-Medium-300x200.jpg\" width=\"300\" height=\"200\" srcset=\"https:\/\/kylat.ekarjala.fi\/haapajarvi\/wp-content\/uploads\/sites\/42\/2013\/11\/syysty-168a-Medium-300x200.jpg 300w, https:\/\/kylat.ekarjala.fi\/haapajarvi\/wp-content\/uploads\/sites\/42\/2013\/11\/syysty-168a-Medium-1024x682.jpg 1024w, https:\/\/kylat.ekarjala.fi\/haapajarvi\/wp-content\/uploads\/sites\/42\/2013\/11\/syysty-168a-Medium-450x300.jpg 450w, https:\/\/kylat.ekarjala.fi\/haapajarvi\/wp-content\/uploads\/sites\/42\/2013\/11\/syysty-168a-Medium.jpg 1152w\" sizes=\"auto, (max-width: 300px) 100vw, 300px\" \/><\/a> <a href=\"https:\/\/kylat.ekarjala.fi\/haapajarvi\/wp-content\/uploads\/sites\/42\/2013\/11\/syysty-169a-Medium.jpg\"><img loading=\"lazy\" decoding=\"async\" class=\"alignnone size-medium wp-image-1582\" alt=\"syysty 169a (Medium)\" src=\"https:\/\/kylat.ekarjala.fi\/haapajarvi\/wp-content\/uploads\/sites\/42\/2013\/11\/syysty-169a-Medium-300x200.jpg\" width=\"300\" height=\"200\" srcset=\"https:\/\/kylat.ekarjala.fi\/haapajarvi\/wp-content\/uploads\/sites\/42\/2013\/11\/syysty-169a-Medium-300x200.jpg 300w, https:\/\/kylat.ekarjala.fi\/haapajarvi\/wp-content\/uploads\/sites\/42\/2013\/11\/syysty-169a-Medium-1024x682.jpg 1024w, https:\/\/kylat.ekarjala.fi\/haapajarvi\/wp-content\/uploads\/sites\/42\/2013\/11\/syysty-169a-Medium-450x300.jpg 450w, https:\/\/kylat.ekarjala.fi\/haapajarvi\/wp-content\/uploads\/sites\/42\/2013\/11\/syysty-169a-Medium.jpg 1152w\" sizes=\"auto, (max-width: 300px) 100vw, 300px\" \/><\/a> <a href=\"https:\/\/kylat.ekarjala.fi\/haapajarvi\/wp-content\/uploads\/sites\/42\/2013\/11\/syysty-171a-Medium.jpg\"><img loading=\"lazy\" decoding=\"async\" class=\"alignnone size-medium wp-image-1583\" alt=\"syysty 171a (Medium)\" src=\"https:\/\/kylat.ekarjala.fi\/haapajarvi\/wp-content\/uploads\/sites\/42\/2013\/11\/syysty-171a-Medium-300x200.jpg\" width=\"300\" height=\"200\" srcset=\"https:\/\/kylat.ekarjala.fi\/haapajarvi\/wp-content\/uploads\/sites\/42\/2013\/11\/syysty-171a-Medium-300x200.jpg 300w, https:\/\/kylat.ekarjala.fi\/haapajarvi\/wp-content\/uploads\/sites\/42\/2013\/11\/syysty-171a-Medium-1024x682.jpg 1024w, https:\/\/kylat.ekarjala.fi\/haapajarvi\/wp-content\/uploads\/sites\/42\/2013\/11\/syysty-171a-Medium-450x300.jpg 450w, https:\/\/kylat.ekarjala.fi\/haapajarvi\/wp-content\/uploads\/sites\/42\/2013\/11\/syysty-171a-Medium.jpg 1152w\" sizes=\"auto, (max-width: 300px) 100vw, 300px\" \/><\/a><\/p>\n","protected":false},"excerpt":{"rendered":"<p>Puuk\u00e4ss\u00e4 on enempi Sannan juttu ja muu askartelu. Penkkareihin&nbsp;h\u00e4n teki&nbsp;pukuun sopivan hienon ja valtavan ison samuraimiekan, mutta liian kova pakkanen esti sen k\u00e4yt\u00f6n. Miekka j\u00e4i kotiin. Nukkekodin Sanna teki mummolassa. Kaikki pienen pienet sohvat ja tossut jne&nbsp;on Sannan tekemi\u00e4. S\u00f6p\u00f6 &hellip; <a href=\"https:\/\/kylat.ekarjala.fi\/haapajarvi\/harrastukset\/kuukauden-kasityo-2\/marraskuu-2013\/\">Lue loppuun <span class=\"meta-nav\">&rarr;<\/span><\/a><\/p>\n","protected":false},"author":103,"featured_media":0,"parent":957,"menu_order":9,"comment_status":"closed","ping_status":"closed","template":"sidebar-page.php","meta":{"footnotes":""},"class_list":["post-1573","page","type-page","status-publish","hentry"],"_links":{"self":[{"href":"https:\/\/kylat.ekarjala.fi\/haapajarvi\/wp-json\/wp\/v2\/pages\/1573","targetHints":{"allow":["GET"]}}],"collection":[{"href":"https:\/\/kylat.ekarjala.fi\/haapajarvi\/wp-json\/wp\/v2\/pages"}],"about":[{"href":"https:\/\/kylat.ekarjala.fi\/haapajarvi\/wp-json\/wp\/v2\/types\/page"}],"author":[{"embeddable":true,"href":"https:\/\/kylat.ekarjala.fi\/haapajarvi\/wp-json\/wp\/v2\/users\/103"}],"replies":[{"embeddable":true,"href":"https:\/\/kylat.ekarjala.fi\/haapajarvi\/wp-json\/wp\/v2\/comments?post=1573"}],"version-history":[{"count":3,"href":"https:\/\/kylat.ekarjala.fi\/haapajarvi\/wp-json\/wp\/v2\/pages\/1573\/revisions"}],"predecessor-version":[{"id":2973,"href":"https:\/\/kylat.ekarjala.fi\/haapajarvi\/wp-json\/wp\/v2\/pages\/1573\/revisions\/2973"}],"up":[{"embeddable":true,"href":"https:\/\/kylat.ekarjala.fi\/haapajarvi\/wp-json\/wp\/v2\/pages\/957"}],"wp:attachment":[{"href":"https:\/\/kylat.ekarjala.fi\/haapajarvi\/wp-json\/wp\/v2\/media?parent=1573"}],"curies":[{"name":"wp","href":"https:\/\/api.w.org\/{rel}","templated":true}]}}