{"id":1613,"date":"2013-12-01T03:44:28","date_gmt":"2013-12-01T03:44:28","guid":{"rendered":"https:\/\/kylat.ekarjala.fi\/haapajarvi\/?page_id=1613"},"modified":"2021-04-19T09:59:04","modified_gmt":"2021-04-19T09:59:04","slug":"joulukuun-2013","status":"publish","type":"page","link":"https:\/\/kylat.ekarjala.fi\/haapajarvi\/harrastukset\/kuukauden-kasityo-2\/joulukuun-2013\/","title":{"rendered":"Joulukuu 2013"},"content":{"rendered":"<p>N\u00e4in on vuosi vier\u00e4ht\u00e4nyt ja ollaan joulukuussa. T\u00e4h\u00e4n olen koonnut vuoden varrella mukana olleiden k\u00e4sity\u00f6ntekij\u00f6iden jouluisia k\u00e4sit\u00f6it\u00e4. On aika kaivaa ne esiin!<\/p>\n<p>klikkaa kuvaa, niin se n\u00e4kyy isompana<\/p>\n<div id=\"attachment_1652\" style=\"width: 210px\" class=\"wp-caption alignnone\"><a href=\"https:\/\/kylat.ekarjala.fi\/haapajarvi\/wp-content\/uploads\/sites\/42\/2013\/12\/Eiran-kasityot-103a-Medium2.jpg\"><img loading=\"lazy\" decoding=\"async\" aria-describedby=\"caption-attachment-1652\" class=\"size-medium wp-image-1652\" alt=\"Eiran-kasityot-103a (Medium)\" src=\"https:\/\/kylat.ekarjala.fi\/haapajarvi\/wp-content\/uploads\/sites\/42\/2013\/12\/Eiran-kasityot-103a-Medium2-200x300.jpg\" width=\"200\" height=\"300\" srcset=\"https:\/\/kylat.ekarjala.fi\/haapajarvi\/wp-content\/uploads\/sites\/42\/2013\/12\/Eiran-kasityot-103a-Medium2-200x300.jpg 200w, https:\/\/kylat.ekarjala.fi\/haapajarvi\/wp-content\/uploads\/sites\/42\/2013\/12\/Eiran-kasityot-103a-Medium2-682x1024.jpg 682w, https:\/\/kylat.ekarjala.fi\/haapajarvi\/wp-content\/uploads\/sites\/42\/2013\/12\/Eiran-kasityot-103a-Medium2.jpg 768w\" sizes=\"auto, (max-width: 200px) 100vw, 200px\" \/><\/a><p id=\"caption-attachment-1652\" class=\"wp-caption-text\">Eiran joulut\u00e4hti<\/p><\/div>\n<div id=\"attachment_1663\" style=\"width: 310px\" class=\"wp-caption alignnone\"><a href=\"https:\/\/kylat.ekarjala.fi\/haapajarvi\/wp-content\/uploads\/sites\/42\/2013\/12\/Tuulan-kasityot-127a-Medium2.jpg\"><img loading=\"lazy\" decoding=\"async\" aria-describedby=\"caption-attachment-1663\" class=\"size-medium wp-image-1663\" alt=\"Tuulan kasityot 127a (Medium)\" src=\"https:\/\/kylat.ekarjala.fi\/haapajarvi\/wp-content\/uploads\/sites\/42\/2013\/12\/Tuulan-kasityot-127a-Medium2-300x200.jpg\" width=\"300\" height=\"200\" srcset=\"https:\/\/kylat.ekarjala.fi\/haapajarvi\/wp-content\/uploads\/sites\/42\/2013\/12\/Tuulan-kasityot-127a-Medium2-300x200.jpg 300w, https:\/\/kylat.ekarjala.fi\/haapajarvi\/wp-content\/uploads\/sites\/42\/2013\/12\/Tuulan-kasityot-127a-Medium2-1024x682.jpg 1024w, https:\/\/kylat.ekarjala.fi\/haapajarvi\/wp-content\/uploads\/sites\/42\/2013\/12\/Tuulan-kasityot-127a-Medium2-450x300.jpg 450w, https:\/\/kylat.ekarjala.fi\/haapajarvi\/wp-content\/uploads\/sites\/42\/2013\/12\/Tuulan-kasityot-127a-Medium2.jpg 1152w\" sizes=\"auto, (max-width: 300px) 100vw, 300px\" \/><\/a><p id=\"caption-attachment-1663\" class=\"wp-caption-text\">Tuulan himmeli<\/p><\/div>\n<div id=\"attachment_1654\" style=\"width: 310px\" class=\"wp-caption alignnone\"><a href=\"https:\/\/kylat.ekarjala.fi\/haapajarvi\/wp-content\/uploads\/sites\/42\/2013\/12\/Hellin-kasityot-062a-Medium2.jpg\"><img loading=\"lazy\" decoding=\"async\" aria-describedby=\"caption-attachment-1654\" class=\"size-medium wp-image-1654\" alt=\"Hellin-kasityot-062a (Medium)\" src=\"https:\/\/kylat.ekarjala.fi\/haapajarvi\/wp-content\/uploads\/sites\/42\/2013\/12\/Hellin-kasityot-062a-Medium2-300x200.jpg\" width=\"300\" height=\"200\" srcset=\"https:\/\/kylat.ekarjala.fi\/haapajarvi\/wp-content\/uploads\/sites\/42\/2013\/12\/Hellin-kasityot-062a-Medium2-300x200.jpg 300w, https:\/\/kylat.ekarjala.fi\/haapajarvi\/wp-content\/uploads\/sites\/42\/2013\/12\/Hellin-kasityot-062a-Medium2-1024x682.jpg 1024w, https:\/\/kylat.ekarjala.fi\/haapajarvi\/wp-content\/uploads\/sites\/42\/2013\/12\/Hellin-kasityot-062a-Medium2-450x300.jpg 450w, https:\/\/kylat.ekarjala.fi\/haapajarvi\/wp-content\/uploads\/sites\/42\/2013\/12\/Hellin-kasityot-062a-Medium2.jpg 1152w\" sizes=\"auto, (max-width: 300px) 100vw, 300px\" \/><\/a><p id=\"caption-attachment-1654\" class=\"wp-caption-text\">Hellin nypl\u00e4ystontut<\/p><\/div>\n<div id=\"attachment_1653\" style=\"width: 310px\" class=\"wp-caption alignnone\"><a href=\"https:\/\/kylat.ekarjala.fi\/haapajarvi\/wp-content\/uploads\/sites\/42\/2013\/12\/Eiran-kasityot-133-Medium2.jpg\"><img loading=\"lazy\" decoding=\"async\" aria-describedby=\"caption-attachment-1653\" class=\"size-medium wp-image-1653\" alt=\"Eiran-kasityot-133 (Medium)\" src=\"https:\/\/kylat.ekarjala.fi\/haapajarvi\/wp-content\/uploads\/sites\/42\/2013\/12\/Eiran-kasityot-133-Medium2-300x200.jpg\" width=\"300\" height=\"200\" srcset=\"https:\/\/kylat.ekarjala.fi\/haapajarvi\/wp-content\/uploads\/sites\/42\/2013\/12\/Eiran-kasityot-133-Medium2-300x200.jpg 300w, https:\/\/kylat.ekarjala.fi\/haapajarvi\/wp-content\/uploads\/sites\/42\/2013\/12\/Eiran-kasityot-133-Medium2-1024x682.jpg 1024w, https:\/\/kylat.ekarjala.fi\/haapajarvi\/wp-content\/uploads\/sites\/42\/2013\/12\/Eiran-kasityot-133-Medium2-450x300.jpg 450w, https:\/\/kylat.ekarjala.fi\/haapajarvi\/wp-content\/uploads\/sites\/42\/2013\/12\/Eiran-kasityot-133-Medium2.jpg 1152w\" sizes=\"auto, (max-width: 300px) 100vw, 300px\" \/><\/a><p id=\"caption-attachment-1653\" class=\"wp-caption-text\">Eiran niiniliina<\/p><\/div>\n<div id=\"attachment_1659\" style=\"width: 210px\" class=\"wp-caption alignnone\"><a href=\"https:\/\/kylat.ekarjala.fi\/haapajarvi\/wp-content\/uploads\/sites\/42\/2013\/12\/syysty-069a-Medium2.jpg\"><img loading=\"lazy\" decoding=\"async\" aria-describedby=\"caption-attachment-1659\" class=\"size-medium wp-image-1659\" alt=\"syysty 069a (Medium)\" src=\"https:\/\/kylat.ekarjala.fi\/haapajarvi\/wp-content\/uploads\/sites\/42\/2013\/12\/syysty-069a-Medium2-200x300.jpg\" width=\"200\" height=\"300\" srcset=\"https:\/\/kylat.ekarjala.fi\/haapajarvi\/wp-content\/uploads\/sites\/42\/2013\/12\/syysty-069a-Medium2-200x300.jpg 200w, https:\/\/kylat.ekarjala.fi\/haapajarvi\/wp-content\/uploads\/sites\/42\/2013\/12\/syysty-069a-Medium2-682x1024.jpg 682w, https:\/\/kylat.ekarjala.fi\/haapajarvi\/wp-content\/uploads\/sites\/42\/2013\/12\/syysty-069a-Medium2.jpg 768w\" sizes=\"auto, (max-width: 200px) 100vw, 200px\" \/><\/a><p id=\"caption-attachment-1659\" class=\"wp-caption-text\">Jaanan tontut<\/p><\/div>\n<div id=\"attachment_1658\" style=\"width: 310px\" class=\"wp-caption alignnone\"><a href=\"https:\/\/kylat.ekarjala.fi\/haapajarvi\/wp-content\/uploads\/sites\/42\/2013\/12\/syysty-067a-Medium2.jpg\"><img loading=\"lazy\" decoding=\"async\" aria-describedby=\"caption-attachment-1658\" class=\"size-medium wp-image-1658\" alt=\"syysty 067a (Medium)\" src=\"https:\/\/kylat.ekarjala.fi\/haapajarvi\/wp-content\/uploads\/sites\/42\/2013\/12\/syysty-067a-Medium2-300x200.jpg\" width=\"300\" height=\"200\" srcset=\"https:\/\/kylat.ekarjala.fi\/haapajarvi\/wp-content\/uploads\/sites\/42\/2013\/12\/syysty-067a-Medium2-300x200.jpg 300w, https:\/\/kylat.ekarjala.fi\/haapajarvi\/wp-content\/uploads\/sites\/42\/2013\/12\/syysty-067a-Medium2-1024x682.jpg 1024w, https:\/\/kylat.ekarjala.fi\/haapajarvi\/wp-content\/uploads\/sites\/42\/2013\/12\/syysty-067a-Medium2-450x300.jpg 450w, https:\/\/kylat.ekarjala.fi\/haapajarvi\/wp-content\/uploads\/sites\/42\/2013\/12\/syysty-067a-Medium2.jpg 1152w\" sizes=\"auto, (max-width: 300px) 100vw, 300px\" \/><\/a><p id=\"caption-attachment-1658\" class=\"wp-caption-text\">Jaanan lumiukko ja pukki<\/p><\/div>\n<div id=\"attachment_1656\" style=\"width: 310px\" class=\"wp-caption alignnone\"><a href=\"https:\/\/kylat.ekarjala.fi\/haapajarvi\/wp-content\/uploads\/sites\/42\/2013\/12\/syysty-053a-Medium2.jpg\"><img loading=\"lazy\" decoding=\"async\" aria-describedby=\"caption-attachment-1656\" class=\"size-medium wp-image-1656\" alt=\"syysty 053a (Medium)\" src=\"https:\/\/kylat.ekarjala.fi\/haapajarvi\/wp-content\/uploads\/sites\/42\/2013\/12\/syysty-053a-Medium2-300x200.jpg\" width=\"300\" height=\"200\" srcset=\"https:\/\/kylat.ekarjala.fi\/haapajarvi\/wp-content\/uploads\/sites\/42\/2013\/12\/syysty-053a-Medium2-300x200.jpg 300w, https:\/\/kylat.ekarjala.fi\/haapajarvi\/wp-content\/uploads\/sites\/42\/2013\/12\/syysty-053a-Medium2-1024x682.jpg 1024w, https:\/\/kylat.ekarjala.fi\/haapajarvi\/wp-content\/uploads\/sites\/42\/2013\/12\/syysty-053a-Medium2-450x300.jpg 450w, https:\/\/kylat.ekarjala.fi\/haapajarvi\/wp-content\/uploads\/sites\/42\/2013\/12\/syysty-053a-Medium2.jpg 1152w\" sizes=\"auto, (max-width: 300px) 100vw, 300px\" \/><\/a><p id=\"caption-attachment-1656\" class=\"wp-caption-text\">Jaanan servettiteline<\/p><\/div>\n<div id=\"attachment_1678\" style=\"width: 310px\" class=\"wp-caption alignnone\"><a href=\"https:\/\/kylat.ekarjala.fi\/haapajarvi\/wp-content\/uploads\/sites\/42\/2013\/12\/tonttu-leipoo-128a-Medium.jpg\"><img loading=\"lazy\" decoding=\"async\" aria-describedby=\"caption-attachment-1678\" class=\"size-medium wp-image-1678\" alt=\"tonttu leipoo 128a (Medium)\" src=\"https:\/\/kylat.ekarjala.fi\/haapajarvi\/wp-content\/uploads\/sites\/42\/2013\/12\/tonttu-leipoo-128a-Medium-300x200.jpg\" width=\"300\" height=\"200\" srcset=\"https:\/\/kylat.ekarjala.fi\/haapajarvi\/wp-content\/uploads\/sites\/42\/2013\/12\/tonttu-leipoo-128a-Medium-300x200.jpg 300w, https:\/\/kylat.ekarjala.fi\/haapajarvi\/wp-content\/uploads\/sites\/42\/2013\/12\/tonttu-leipoo-128a-Medium-1024x682.jpg 1024w, https:\/\/kylat.ekarjala.fi\/haapajarvi\/wp-content\/uploads\/sites\/42\/2013\/12\/tonttu-leipoo-128a-Medium-450x300.jpg 450w, https:\/\/kylat.ekarjala.fi\/haapajarvi\/wp-content\/uploads\/sites\/42\/2013\/12\/tonttu-leipoo-128a-Medium.jpg 1152w\" sizes=\"auto, (max-width: 300px) 100vw, 300px\" \/><\/a><p id=\"caption-attachment-1678\" class=\"wp-caption-text\">Tarjan pukit<\/p><\/div>\n<div id=\"attachment_1679\" style=\"width: 310px\" class=\"wp-caption alignnone\"><a href=\"https:\/\/kylat.ekarjala.fi\/haapajarvi\/wp-content\/uploads\/sites\/42\/2013\/12\/tonttu-leipoo-135a-Medium.jpg\"><img loading=\"lazy\" decoding=\"async\" aria-describedby=\"caption-attachment-1679\" class=\"size-medium wp-image-1679\" alt=\"tonttu leipoo 135a (Medium)\" src=\"https:\/\/kylat.ekarjala.fi\/haapajarvi\/wp-content\/uploads\/sites\/42\/2013\/12\/tonttu-leipoo-135a-Medium-300x200.jpg\" width=\"300\" height=\"200\" srcset=\"https:\/\/kylat.ekarjala.fi\/haapajarvi\/wp-content\/uploads\/sites\/42\/2013\/12\/tonttu-leipoo-135a-Medium-300x200.jpg 300w, https:\/\/kylat.ekarjala.fi\/haapajarvi\/wp-content\/uploads\/sites\/42\/2013\/12\/tonttu-leipoo-135a-Medium-1024x682.jpg 1024w, https:\/\/kylat.ekarjala.fi\/haapajarvi\/wp-content\/uploads\/sites\/42\/2013\/12\/tonttu-leipoo-135a-Medium-450x300.jpg 450w, https:\/\/kylat.ekarjala.fi\/haapajarvi\/wp-content\/uploads\/sites\/42\/2013\/12\/tonttu-leipoo-135a-Medium.jpg 1152w\" sizes=\"auto, (max-width: 300px) 100vw, 300px\" \/><\/a><p id=\"caption-attachment-1679\" class=\"wp-caption-text\">Tarjan pukki ja kuusi<\/p><\/div>\n<div id=\"attachment_1682\" style=\"width: 310px\" class=\"wp-caption alignnone\"><a href=\"https:\/\/kylat.ekarjala.fi\/haapajarvi\/wp-content\/uploads\/sites\/42\/2013\/12\/tonttu-leipoo-122a-Medium.jpg\"><img loading=\"lazy\" decoding=\"async\" aria-describedby=\"caption-attachment-1682\" class=\"size-medium wp-image-1682\" alt=\"tonttu leipoo 122a (Medium)\" src=\"https:\/\/kylat.ekarjala.fi\/haapajarvi\/wp-content\/uploads\/sites\/42\/2013\/12\/tonttu-leipoo-122a-Medium-300x200.jpg\" width=\"300\" height=\"200\" srcset=\"https:\/\/kylat.ekarjala.fi\/haapajarvi\/wp-content\/uploads\/sites\/42\/2013\/12\/tonttu-leipoo-122a-Medium-300x200.jpg 300w, https:\/\/kylat.ekarjala.fi\/haapajarvi\/wp-content\/uploads\/sites\/42\/2013\/12\/tonttu-leipoo-122a-Medium-1024x682.jpg 1024w, https:\/\/kylat.ekarjala.fi\/haapajarvi\/wp-content\/uploads\/sites\/42\/2013\/12\/tonttu-leipoo-122a-Medium-450x300.jpg 450w, https:\/\/kylat.ekarjala.fi\/haapajarvi\/wp-content\/uploads\/sites\/42\/2013\/12\/tonttu-leipoo-122a-Medium.jpg 1152w\" sizes=\"auto, (max-width: 300px) 100vw, 300px\" \/><\/a><p id=\"caption-attachment-1682\" class=\"wp-caption-text\">Pipan pukki ja muori<\/p><\/div>\n<p><a href=\"https:\/\/kylat.ekarjala.fi\/haapajarvi\/wp-content\/uploads\/sites\/42\/2013\/12\/Tuulan-kasityot-126a-Medium2.jpg\"><img loading=\"lazy\" decoding=\"async\" class=\"alignnone size-medium wp-image-1662\" alt=\"Tuulan kasityot 126a (Medium)\" src=\"https:\/\/kylat.ekarjala.fi\/haapajarvi\/wp-content\/uploads\/sites\/42\/2013\/12\/Tuulan-kasityot-126a-Medium2-300x200.jpg\" width=\"300\" height=\"200\" srcset=\"https:\/\/kylat.ekarjala.fi\/haapajarvi\/wp-content\/uploads\/sites\/42\/2013\/12\/Tuulan-kasityot-126a-Medium2-300x200.jpg 300w, https:\/\/kylat.ekarjala.fi\/haapajarvi\/wp-content\/uploads\/sites\/42\/2013\/12\/Tuulan-kasityot-126a-Medium2-1024x682.jpg 1024w, https:\/\/kylat.ekarjala.fi\/haapajarvi\/wp-content\/uploads\/sites\/42\/2013\/12\/Tuulan-kasityot-126a-Medium2-450x300.jpg 450w, https:\/\/kylat.ekarjala.fi\/haapajarvi\/wp-content\/uploads\/sites\/42\/2013\/12\/Tuulan-kasityot-126a-Medium2.jpg 1152w\" sizes=\"auto, (max-width: 300px) 100vw, 300px\" \/><\/a> <a href=\"https:\/\/kylat.ekarjala.fi\/haapajarvi\/wp-content\/uploads\/sites\/42\/2013\/12\/Tuulan-kasityot-122a-Medium2.jpg\"><img loading=\"lazy\" decoding=\"async\" class=\"alignnone size-medium wp-image-1661\" alt=\"Tuulan kasityot 122a (Medium)\" src=\"https:\/\/kylat.ekarjala.fi\/haapajarvi\/wp-content\/uploads\/sites\/42\/2013\/12\/Tuulan-kasityot-122a-Medium2-200x300.jpg\" width=\"200\" height=\"300\" srcset=\"https:\/\/kylat.ekarjala.fi\/haapajarvi\/wp-content\/uploads\/sites\/42\/2013\/12\/Tuulan-kasityot-122a-Medium2-200x300.jpg 200w, https:\/\/kylat.ekarjala.fi\/haapajarvi\/wp-content\/uploads\/sites\/42\/2013\/12\/Tuulan-kasityot-122a-Medium2-682x1024.jpg 682w, https:\/\/kylat.ekarjala.fi\/haapajarvi\/wp-content\/uploads\/sites\/42\/2013\/12\/Tuulan-kasityot-122a-Medium2.jpg 768w\" sizes=\"auto, (max-width: 200px) 100vw, 200px\" \/><\/a> <a href=\"https:\/\/kylat.ekarjala.fi\/haapajarvi\/wp-content\/uploads\/sites\/42\/2013\/12\/Tuulan-kasityot-120a-Medium2.jpg\"><img loading=\"lazy\" decoding=\"async\" class=\"alignnone size-medium wp-image-1660\" alt=\"Tuulan kasityot 120a (Medium)\" src=\"https:\/\/kylat.ekarjala.fi\/haapajarvi\/wp-content\/uploads\/sites\/42\/2013\/12\/Tuulan-kasityot-120a-Medium2-200x300.jpg\" width=\"200\" height=\"300\" srcset=\"https:\/\/kylat.ekarjala.fi\/haapajarvi\/wp-content\/uploads\/sites\/42\/2013\/12\/Tuulan-kasityot-120a-Medium2-200x300.jpg 200w, https:\/\/kylat.ekarjala.fi\/haapajarvi\/wp-content\/uploads\/sites\/42\/2013\/12\/Tuulan-kasityot-120a-Medium2-682x1024.jpg 682w, https:\/\/kylat.ekarjala.fi\/haapajarvi\/wp-content\/uploads\/sites\/42\/2013\/12\/Tuulan-kasityot-120a-Medium2.jpg 768w\" sizes=\"auto, (max-width: 200px) 100vw, 200px\" \/><\/a> <a href=\"https:\/\/kylat.ekarjala.fi\/haapajarvi\/wp-content\/uploads\/sites\/42\/2013\/12\/syysty-063a-Medium2.jpg\"><img loading=\"lazy\" decoding=\"async\" class=\"alignnone size-medium wp-image-1657\" alt=\"syysty 063a (Medium)\" src=\"https:\/\/kylat.ekarjala.fi\/haapajarvi\/wp-content\/uploads\/sites\/42\/2013\/12\/syysty-063a-Medium2-300x200.jpg\" width=\"300\" height=\"200\" srcset=\"https:\/\/kylat.ekarjala.fi\/haapajarvi\/wp-content\/uploads\/sites\/42\/2013\/12\/syysty-063a-Medium2-300x200.jpg 300w, https:\/\/kylat.ekarjala.fi\/haapajarvi\/wp-content\/uploads\/sites\/42\/2013\/12\/syysty-063a-Medium2-1024x682.jpg 1024w, https:\/\/kylat.ekarjala.fi\/haapajarvi\/wp-content\/uploads\/sites\/42\/2013\/12\/syysty-063a-Medium2-450x300.jpg 450w, https:\/\/kylat.ekarjala.fi\/haapajarvi\/wp-content\/uploads\/sites\/42\/2013\/12\/syysty-063a-Medium2.jpg 1152w\" sizes=\"auto, (max-width: 300px) 100vw, 300px\" \/><\/a> <a href=\"https:\/\/kylat.ekarjala.fi\/haapajarvi\/wp-content\/uploads\/sites\/42\/2013\/12\/Hellin-kasityot-066a-Medium2.jpg\"><img loading=\"lazy\" decoding=\"async\" class=\"alignnone size-medium wp-image-1655\" alt=\"Hellin-kasityot-066a (Medium)\" src=\"https:\/\/kylat.ekarjala.fi\/haapajarvi\/wp-content\/uploads\/sites\/42\/2013\/12\/Hellin-kasityot-066a-Medium2-200x300.jpg\" width=\"200\" height=\"300\" srcset=\"https:\/\/kylat.ekarjala.fi\/haapajarvi\/wp-content\/uploads\/sites\/42\/2013\/12\/Hellin-kasityot-066a-Medium2-200x300.jpg 200w, https:\/\/kylat.ekarjala.fi\/haapajarvi\/wp-content\/uploads\/sites\/42\/2013\/12\/Hellin-kasityot-066a-Medium2-682x1024.jpg 682w, https:\/\/kylat.ekarjala.fi\/haapajarvi\/wp-content\/uploads\/sites\/42\/2013\/12\/Hellin-kasityot-066a-Medium2.jpg 768w\" sizes=\"auto, (max-width: 200px) 100vw, 200px\" \/><\/a><\/p>\n","protected":false},"excerpt":{"rendered":"<p>N\u00e4in on vuosi vier\u00e4ht\u00e4nyt ja ollaan joulukuussa. T\u00e4h\u00e4n olen koonnut vuoden varrella mukana olleiden k\u00e4sity\u00f6ntekij\u00f6iden jouluisia k\u00e4sit\u00f6it\u00e4. On aika kaivaa ne esiin! klikkaa kuvaa, niin se n\u00e4kyy isompana<\/p>\n","protected":false},"author":103,"featured_media":0,"parent":957,"menu_order":10,"comment_status":"closed","ping_status":"closed","template":"sidebar-page.php","meta":{"footnotes":""},"class_list":["post-1613","page","type-page","status-publish","hentry"],"_links":{"self":[{"href":"https:\/\/kylat.ekarjala.fi\/haapajarvi\/wp-json\/wp\/v2\/pages\/1613","targetHints":{"allow":["GET"]}}],"collection":[{"href":"https:\/\/kylat.ekarjala.fi\/haapajarvi\/wp-json\/wp\/v2\/pages"}],"about":[{"href":"https:\/\/kylat.ekarjala.fi\/haapajarvi\/wp-json\/wp\/v2\/types\/page"}],"author":[{"embeddable":true,"href":"https:\/\/kylat.ekarjala.fi\/haapajarvi\/wp-json\/wp\/v2\/users\/103"}],"replies":[{"embeddable":true,"href":"https:\/\/kylat.ekarjala.fi\/haapajarvi\/wp-json\/wp\/v2\/comments?post=1613"}],"version-history":[{"count":11,"href":"https:\/\/kylat.ekarjala.fi\/haapajarvi\/wp-json\/wp\/v2\/pages\/1613\/revisions"}],"predecessor-version":[{"id":2974,"href":"https:\/\/kylat.ekarjala.fi\/haapajarvi\/wp-json\/wp\/v2\/pages\/1613\/revisions\/2974"}],"up":[{"embeddable":true,"href":"https:\/\/kylat.ekarjala.fi\/haapajarvi\/wp-json\/wp\/v2\/pages\/957"}],"wp:attachment":[{"href":"https:\/\/kylat.ekarjala.fi\/haapajarvi\/wp-json\/wp\/v2\/media?parent=1613"}],"curies":[{"name":"wp","href":"https:\/\/api.w.org\/{rel}","templated":true}]}}