{"id":165,"date":"2012-01-28T15:51:10","date_gmt":"2012-01-28T15:51:10","guid":{"rendered":"https:\/\/kylat.ekarjala.fi\/haapajarvi\/?page_id=165"},"modified":"2021-04-19T10:01:28","modified_gmt":"2021-04-19T10:01:28","slug":"heikkilan-marjatila","status":"publish","type":"page","link":"https:\/\/kylat.ekarjala.fi\/haapajarvi\/palvelut\/yritykset\/heikkilan-marjatila\/","title":{"rendered":"Heikkil\u00e4n marjatila"},"content":{"rendered":"<p>Marjoja ja marjatuotteita<br \/>\n&#8211; mansikkaa<br \/>\n&#8211; vadelmaa<\/p>\n<p>Mehuasema<br \/>\n&#8211; omenien puristusta mehuksi sek\u00e4 pastorointia<\/p>\n<p>Tuomo&nbsp;Heikkil\u00e4 p.040 520 9821<br \/>\nEija Heikkil\u00e4 p. 040 546 9837<br \/>\nLyijysentie 63, 54270 Vainikkala<br \/>\ns\u00e4hk\u00f6postiosoite: <a href=\"mailto:eija.heikkila@pp2.inet.fi\">eija.heikkila@pp2.inet.fi<\/a><\/p>\n<p><a href=\"https:\/\/kylat.ekarjala.fi\/haapajarvi\/wp-content\/uploads\/sites\/42\/2012\/01\/mansikat.jpg\"><img loading=\"lazy\" decoding=\"async\" class=\"alignleft size-full wp-image-170\" src=\"https:\/\/kylat.ekarjala.fi\/haapajarvi\/wp-content\/uploads\/sites\/42\/2012\/01\/mansikat.jpg\" alt=\"\" width=\"500\" height=\"300\"><\/a><\/p>\n","protected":false},"excerpt":{"rendered":"<p>Marjoja ja marjatuotteita &#8211; mansikkaa &#8211; vadelmaa Mehuasema &#8211; omenien puristusta mehuksi sek\u00e4 pastorointia Tuomo&nbsp;Heikkil\u00e4 p.040 520 9821 Eija Heikkil\u00e4 p. 040 546 9837 Lyijysentie 63, 54270 Vainikkala s\u00e4hk\u00f6postiosoite: eija.heikkila@pp2.inet.fi<\/p>\n","protected":false},"author":103,"featured_media":0,"parent":158,"menu_order":0,"comment_status":"closed","ping_status":"open","template":"sidebar-page.php","meta":{"footnotes":""},"class_list":["post-165","page","type-page","status-publish","hentry"],"_links":{"self":[{"href":"https:\/\/kylat.ekarjala.fi\/haapajarvi\/wp-json\/wp\/v2\/pages\/165","targetHints":{"allow":["GET"]}}],"collection":[{"href":"https:\/\/kylat.ekarjala.fi\/haapajarvi\/wp-json\/wp\/v2\/pages"}],"about":[{"href":"https:\/\/kylat.ekarjala.fi\/haapajarvi\/wp-json\/wp\/v2\/types\/page"}],"author":[{"embeddable":true,"href":"https:\/\/kylat.ekarjala.fi\/haapajarvi\/wp-json\/wp\/v2\/users\/103"}],"replies":[{"embeddable":true,"href":"https:\/\/kylat.ekarjala.fi\/haapajarvi\/wp-json\/wp\/v2\/comments?post=165"}],"version-history":[{"count":14,"href":"https:\/\/kylat.ekarjala.fi\/haapajarvi\/wp-json\/wp\/v2\/pages\/165\/revisions"}],"predecessor-version":[{"id":2957,"href":"https:\/\/kylat.ekarjala.fi\/haapajarvi\/wp-json\/wp\/v2\/pages\/165\/revisions\/2957"}],"up":[{"embeddable":true,"href":"https:\/\/kylat.ekarjala.fi\/haapajarvi\/wp-json\/wp\/v2\/pages\/158"}],"wp:attachment":[{"href":"https:\/\/kylat.ekarjala.fi\/haapajarvi\/wp-json\/wp\/v2\/media?parent=165"}],"curies":[{"name":"wp","href":"https:\/\/api.w.org\/{rel}","templated":true}]}}