{"id":192,"date":"2012-01-28T21:13:38","date_gmt":"2012-01-28T21:13:38","guid":{"rendered":"https:\/\/kylat.ekarjala.fi\/haapajarvi\/?page_id=192"},"modified":"2026-02-18T07:06:42","modified_gmt":"2026-02-18T07:06:42","slug":"hallitus","status":"publish","type":"page","link":"https:\/\/kylat.ekarjala.fi\/haapajarvi\/seuratyhdistykset\/haapajarven-kylayhdistys\/hallitus\/","title":{"rendered":"Hallitus"},"content":{"rendered":"<p><strong>puheenjohtaja: <\/strong>Hannu K\u00e4lvi\u00e4inen<br \/>S\u00e4hk\u00f6posti: hannu.kalviainen@hotmail.com<br \/><strong>varapuheenjohtaja:\u00a0<\/strong>Aulikki K\u00e4lvi\u00e4inen p. 044 298 3176<br \/><strong>sihteeri: <\/strong>Reima Koivisto p. 050 505 0491<br \/>s\u00e4hk\u00f6posti: reimakoivisto@hotmail.com<strong><br \/><\/strong><strong>rahastonhoitaja\/ laskutus: <\/strong>Minna Rantaniemi\u00a0<br \/>s\u00e4hk\u00f6posti: haapajarvenkyla@gmail.com\u00a0<\/p>\n<p><strong>muut j\u00e4senet:<\/strong><\/p>\n<p>Esa Hyv\u00e4ri<br \/>s\u00e4hk\u00f6posti: esa.hyvari@gmail.com<br \/>Sanna Inkinen<br \/>S\u00e4hk\u00f6posti: inkinen.sanna80@gmail.com<br \/>Jenni Nisonen<br \/>S\u00e4hk\u00f6posti: jenninisonen@gmail.com<br \/>Liisi Hyv\u00e4ri<br \/>S\u00e4hk\u00f6posti: liisi.hyvari@gmail.com\u00a0\u00a0<br \/>Auli Vilkko<br \/>S\u00e4hk\u00f6posti: auli.vilkko@gmail.com<br \/>Topi Rantaniemi<br \/>S\u00e4hk\u00f6posti: topi.rantaniemi@gmail.com<\/p>\n<p>Kiinteist\u00f6n huoltoon ja korjaukseen liittyv\u00e4t asiat:<\/p>\n<ul>\n<li>Reima Koivisto\u00a0 \u00a0 p. 050 5050 491<\/li>\n<li>Hannu K\u00e4lvi\u00e4inen\u00a0 \u00a0 \u00a0p. 040 5169 619<\/li>\n<li>Topi Rantaniemi\u00a0 \u00a0 \u00a0 p. 045 8016 366<\/li>\n<li>Esa Hyv\u00e4ri\u00a0 \u00a0 \u00a0p. 040 7308 294<\/li>\n<\/ul>\n<p><strong>internet-sivujen p\u00e4ivitys<br \/><\/strong>Tarja Pajari\u00a0<br \/>s\u00e4hk\u00f6posti: <a href=\"mailto:tspajari@gmail.com\">tspajari@gmail.com<\/a><br \/>Tiina Saarnia p. 050 306 8462<br \/>s\u00e4hk\u00f6posti: tiina.saarnia@hotmail.com<\/p>\n\n\n<p><\/p>\n","protected":false},"excerpt":{"rendered":"<p>puheenjohtaja: Hannu K\u00e4lvi\u00e4inenS\u00e4hk\u00f6posti: hannu.kalviainen@hotmail.comvarapuheenjohtaja:\u00a0Aulikki K\u00e4lvi\u00e4inen p. 044 298 3176sihteeri: Reima Koivisto p. 050 505 0491s\u00e4hk\u00f6posti: reimakoivisto@hotmail.comrahastonhoitaja\/ laskutus: Minna Rantaniemi\u00a0s\u00e4hk\u00f6posti: haapajarvenkyla@gmail.com\u00a0 muut j\u00e4senet: Esa Hyv\u00e4ris\u00e4hk\u00f6posti: esa.hyvari@gmail.comSanna InkinenS\u00e4hk\u00f6posti: inkinen.sanna80@gmail.comJenni NisonenS\u00e4hk\u00f6posti: jenninisonen@gmail.comLiisi Hyv\u00e4riS\u00e4hk\u00f6posti: liisi.hyvari@gmail.com\u00a0\u00a0Auli VilkkoS\u00e4hk\u00f6posti: auli.vilkko@gmail.comTopi RantaniemiS\u00e4hk\u00f6posti: topi.rantaniemi@gmail.com Kiinteist\u00f6n huoltoon ja korjaukseen liittyv\u00e4t &hellip; <a href=\"https:\/\/kylat.ekarjala.fi\/haapajarvi\/seuratyhdistykset\/haapajarven-kylayhdistys\/hallitus\/\">Lue loppuun <span class=\"meta-nav\">&rarr;<\/span><\/a><\/p>\n","protected":false},"author":103,"featured_media":0,"parent":122,"menu_order":0,"comment_status":"closed","ping_status":"open","template":"sidebar-page.php","meta":{"footnotes":""},"class_list":["post-192","page","type-page","status-publish","hentry"],"_links":{"self":[{"href":"https:\/\/kylat.ekarjala.fi\/haapajarvi\/wp-json\/wp\/v2\/pages\/192","targetHints":{"allow":["GET"]}}],"collection":[{"href":"https:\/\/kylat.ekarjala.fi\/haapajarvi\/wp-json\/wp\/v2\/pages"}],"about":[{"href":"https:\/\/kylat.ekarjala.fi\/haapajarvi\/wp-json\/wp\/v2\/types\/page"}],"author":[{"embeddable":true,"href":"https:\/\/kylat.ekarjala.fi\/haapajarvi\/wp-json\/wp\/v2\/users\/103"}],"replies":[{"embeddable":true,"href":"https:\/\/kylat.ekarjala.fi\/haapajarvi\/wp-json\/wp\/v2\/comments?post=192"}],"version-history":[{"count":21,"href":"https:\/\/kylat.ekarjala.fi\/haapajarvi\/wp-json\/wp\/v2\/pages\/192\/revisions"}],"predecessor-version":[{"id":3259,"href":"https:\/\/kylat.ekarjala.fi\/haapajarvi\/wp-json\/wp\/v2\/pages\/192\/revisions\/3259"}],"up":[{"embeddable":true,"href":"https:\/\/kylat.ekarjala.fi\/haapajarvi\/wp-json\/wp\/v2\/pages\/122"}],"wp:attachment":[{"href":"https:\/\/kylat.ekarjala.fi\/haapajarvi\/wp-json\/wp\/v2\/media?parent=192"}],"curies":[{"name":"wp","href":"https:\/\/api.w.org\/{rel}","templated":true}]}}