{"id":205,"date":"2012-01-29T17:38:15","date_gmt":"2012-01-29T17:38:15","guid":{"rendered":"https:\/\/kylat.ekarjala.fi\/haapajarvi\/?page_id=205"},"modified":"2021-04-19T10:01:38","modified_gmt":"2021-04-19T10:01:38","slug":"ternimaitoa","status":"publish","type":"page","link":"https:\/\/kylat.ekarjala.fi\/haapajarvi\/palvelut\/yritykset\/ternimaitoa\/","title":{"rendered":"K\u00e4lvi\u00e4isen maitotila"},"content":{"rendered":"<p>&nbsp;<\/p>\n<p>Marja-Liisa K\u00e4lvi\u00e4inen p. 040 506 8502<br \/>\ns\u00e4hk\u00f6posti: <a href=\"mailto:marja-liisa.kalviainen@pp.inet.fi\">marja-liisa.kalviainen@pp.inet.fi<\/a><\/p>\n<p><a href=\"https:\/\/kylat.ekarjala.fi\/haapajarvi\/wp-content\/uploads\/sites\/42\/2012\/01\/20120712072626019_0001nn1.jpg\"><img loading=\"lazy\" decoding=\"async\" class=\"alignleft size-full wp-image-813\" alt=\"\" src=\"https:\/\/kylat.ekarjala.fi\/haapajarvi\/wp-content\/uploads\/sites\/42\/2012\/01\/20120712072626019_0001nn1.jpg\" width=\"400\" height=\"267\"><\/a><a href=\"https:\/\/kylat.ekarjala.fi\/haapajarvi\/wp-content\/uploads\/sites\/42\/2012\/01\/lissun-lehma1nn.jpg\"><img loading=\"lazy\" decoding=\"async\" class=\"alignleft size-full wp-image-814\" alt=\"\" src=\"https:\/\/kylat.ekarjala.fi\/haapajarvi\/wp-content\/uploads\/sites\/42\/2012\/01\/lissun-lehma1nn.jpg\" width=\"400\" height=\"267\"><\/a><\/p>\n<p>&nbsp;<\/p>\n<p>&nbsp;<\/p>\n","protected":false},"excerpt":{"rendered":"<p>&nbsp; Marja-Liisa K\u00e4lvi\u00e4inen p. 040 506 8502 s\u00e4hk\u00f6posti: marja-liisa.kalviainen@pp.inet.fi &nbsp; &nbsp;<\/p>\n","protected":false},"author":103,"featured_media":0,"parent":158,"menu_order":0,"comment_status":"closed","ping_status":"open","template":"sidebar-page.php","meta":{"footnotes":""},"class_list":["post-205","page","type-page","status-publish","hentry"],"_links":{"self":[{"href":"https:\/\/kylat.ekarjala.fi\/haapajarvi\/wp-json\/wp\/v2\/pages\/205","targetHints":{"allow":["GET"]}}],"collection":[{"href":"https:\/\/kylat.ekarjala.fi\/haapajarvi\/wp-json\/wp\/v2\/pages"}],"about":[{"href":"https:\/\/kylat.ekarjala.fi\/haapajarvi\/wp-json\/wp\/v2\/types\/page"}],"author":[{"embeddable":true,"href":"https:\/\/kylat.ekarjala.fi\/haapajarvi\/wp-json\/wp\/v2\/users\/103"}],"replies":[{"embeddable":true,"href":"https:\/\/kylat.ekarjala.fi\/haapajarvi\/wp-json\/wp\/v2\/comments?post=205"}],"version-history":[{"count":10,"href":"https:\/\/kylat.ekarjala.fi\/haapajarvi\/wp-json\/wp\/v2\/pages\/205\/revisions"}],"predecessor-version":[{"id":2984,"href":"https:\/\/kylat.ekarjala.fi\/haapajarvi\/wp-json\/wp\/v2\/pages\/205\/revisions\/2984"}],"up":[{"embeddable":true,"href":"https:\/\/kylat.ekarjala.fi\/haapajarvi\/wp-json\/wp\/v2\/pages\/158"}],"wp:attachment":[{"href":"https:\/\/kylat.ekarjala.fi\/haapajarvi\/wp-json\/wp\/v2\/media?parent=205"}],"curies":[{"name":"wp","href":"https:\/\/api.w.org\/{rel}","templated":true}]}}