{"id":208,"date":"2012-01-29T17:56:06","date_gmt":"2012-01-29T17:56:06","guid":{"rendered":"https:\/\/kylat.ekarjala.fi\/haapajarvi\/?page_id=208"},"modified":"2021-04-19T10:09:37","modified_gmt":"2021-04-19T10:09:37","slug":"uimala","status":"publish","type":"page","link":"https:\/\/kylat.ekarjala.fi\/haapajarvi\/harrastukset\/uimala\/","title":{"rendered":"Uimala"},"content":{"rendered":"<p>Haapaj\u00e4rvelt\u00e4 l\u00f6ytyy kyl\u00e4l\u00e4isten k\u00e4ytt\u00f6\u00f6n my\u00f6s maauimala. Uimala kunnostettiin<br \/>\ninnokkaasti talkoovoimin syksyll\u00e4 2007, jolloin uiminen muuttui entist\u00e4<br \/>\nmukavammaksi kuumina kes\u00e4p\u00e4ivin\u00e4.<\/p>\n<p><a href=\"https:\/\/kylat.ekarjala.fi\/haapajarvi\/wp-content\/uploads\/sites\/42\/2012\/01\/2008.7.27-552a.jpg\"><img loading=\"lazy\" decoding=\"async\" class=\"alignleft size-full wp-image-209\" src=\"https:\/\/kylat.ekarjala.fi\/haapajarvi\/wp-content\/uploads\/sites\/42\/2012\/01\/2008.7.27-552a.jpg\" alt=\"\" width=\"600\" height=\"300\"><\/a><\/p>\n","protected":false},"excerpt":{"rendered":"<p>Haapaj\u00e4rvelt\u00e4 l\u00f6ytyy kyl\u00e4l\u00e4isten k\u00e4ytt\u00f6\u00f6n my\u00f6s maauimala. Uimala kunnostettiin innokkaasti talkoovoimin syksyll\u00e4 2007, jolloin uiminen muuttui entist\u00e4 mukavammaksi kuumina kes\u00e4p\u00e4ivin\u00e4.<\/p>\n","protected":false},"author":103,"featured_media":0,"parent":129,"menu_order":0,"comment_status":"closed","ping_status":"open","template":"sidebar-page.php","meta":{"footnotes":""},"class_list":["post-208","page","type-page","status-publish","hentry"],"_links":{"self":[{"href":"https:\/\/kylat.ekarjala.fi\/haapajarvi\/wp-json\/wp\/v2\/pages\/208","targetHints":{"allow":["GET"]}}],"collection":[{"href":"https:\/\/kylat.ekarjala.fi\/haapajarvi\/wp-json\/wp\/v2\/pages"}],"about":[{"href":"https:\/\/kylat.ekarjala.fi\/haapajarvi\/wp-json\/wp\/v2\/types\/page"}],"author":[{"embeddable":true,"href":"https:\/\/kylat.ekarjala.fi\/haapajarvi\/wp-json\/wp\/v2\/users\/103"}],"replies":[{"embeddable":true,"href":"https:\/\/kylat.ekarjala.fi\/haapajarvi\/wp-json\/wp\/v2\/comments?post=208"}],"version-history":[{"count":6,"href":"https:\/\/kylat.ekarjala.fi\/haapajarvi\/wp-json\/wp\/v2\/pages\/208\/revisions"}],"predecessor-version":[{"id":2975,"href":"https:\/\/kylat.ekarjala.fi\/haapajarvi\/wp-json\/wp\/v2\/pages\/208\/revisions\/2975"}],"up":[{"embeddable":true,"href":"https:\/\/kylat.ekarjala.fi\/haapajarvi\/wp-json\/wp\/v2\/pages\/129"}],"wp:attachment":[{"href":"https:\/\/kylat.ekarjala.fi\/haapajarvi\/wp-json\/wp\/v2\/media?parent=208"}],"curies":[{"name":"wp","href":"https:\/\/api.w.org\/{rel}","templated":true}]}}