{"id":218,"date":"2012-01-29T18:12:23","date_gmt":"2012-01-29T18:12:23","guid":{"rendered":"https:\/\/kylat.ekarjala.fi\/haapajarvi\/?page_id=218"},"modified":"2021-04-19T10:09:32","modified_gmt":"2021-04-19T10:09:32","slug":"lintutorni","status":"publish","type":"page","link":"https:\/\/kylat.ekarjala.fi\/haapajarvi\/harrastukset\/lintutorni\/","title":{"rendered":"Lintutorni"},"content":{"rendered":"<p>Haapaj\u00e4rvi on yksi parhaista lintuj\u00e4rvist\u00e4 Suomessa.<\/p>\n<p>Lintuja p\u00e4\u00e4set tarkkailemaan turvallisesti lintutornista, joka sijaitsee<br \/>\nKemppil\u00e4ntien varrella.<\/p>\n<p>Lis\u00e4\u00e4 aiheesta voit lukea <a href=\"http:\/\/yhdistykset.ekarjala.fi\/ekly\/sivut\/lintupaikat_lap.html\">t\u00e4\u00e4lt\u00e4<\/a> .<\/p>\n<p><a href=\"https:\/\/kylat.ekarjala.fi\/haapajarvi\/wp-content\/uploads\/sites\/42\/2014\/05\/joutsenet-059a.jpg\"><img loading=\"lazy\" decoding=\"async\" class=\"alignnone size-medium wp-image-1793\" src=\"https:\/\/kylat.ekarjala.fi\/haapajarvi\/wp-content\/uploads\/sites\/42\/2014\/05\/joutsenet-059a-300x200.jpg\" alt=\"joutsenet-059a\" width=\"300\" height=\"200\" srcset=\"https:\/\/kylat.ekarjala.fi\/haapajarvi\/wp-content\/uploads\/sites\/42\/2014\/05\/joutsenet-059a-300x200.jpg 300w, https:\/\/kylat.ekarjala.fi\/haapajarvi\/wp-content\/uploads\/sites\/42\/2014\/05\/joutsenet-059a-450x300.jpg 450w, https:\/\/kylat.ekarjala.fi\/haapajarvi\/wp-content\/uploads\/sites\/42\/2014\/05\/joutsenet-059a.jpg 600w\" sizes=\"auto, (max-width: 300px) 100vw, 300px\" \/><\/a><\/p>\n","protected":false},"excerpt":{"rendered":"<p>Haapaj\u00e4rvi on yksi parhaista lintuj\u00e4rvist\u00e4 Suomessa. Lintuja p\u00e4\u00e4set tarkkailemaan turvallisesti lintutornista, joka sijaitsee Kemppil\u00e4ntien varrella. Lis\u00e4\u00e4 aiheesta voit lukea t\u00e4\u00e4lt\u00e4 .<\/p>\n","protected":false},"author":103,"featured_media":0,"parent":129,"menu_order":0,"comment_status":"closed","ping_status":"open","template":"sidebar-page.php","meta":{"footnotes":""},"class_list":["post-218","page","type-page","status-publish","hentry"],"_links":{"self":[{"href":"https:\/\/kylat.ekarjala.fi\/haapajarvi\/wp-json\/wp\/v2\/pages\/218","targetHints":{"allow":["GET"]}}],"collection":[{"href":"https:\/\/kylat.ekarjala.fi\/haapajarvi\/wp-json\/wp\/v2\/pages"}],"about":[{"href":"https:\/\/kylat.ekarjala.fi\/haapajarvi\/wp-json\/wp\/v2\/types\/page"}],"author":[{"embeddable":true,"href":"https:\/\/kylat.ekarjala.fi\/haapajarvi\/wp-json\/wp\/v2\/users\/103"}],"replies":[{"embeddable":true,"href":"https:\/\/kylat.ekarjala.fi\/haapajarvi\/wp-json\/wp\/v2\/comments?post=218"}],"version-history":[{"count":7,"href":"https:\/\/kylat.ekarjala.fi\/haapajarvi\/wp-json\/wp\/v2\/pages\/218\/revisions"}],"predecessor-version":[{"id":2964,"href":"https:\/\/kylat.ekarjala.fi\/haapajarvi\/wp-json\/wp\/v2\/pages\/218\/revisions\/2964"}],"up":[{"embeddable":true,"href":"https:\/\/kylat.ekarjala.fi\/haapajarvi\/wp-json\/wp\/v2\/pages\/129"}],"wp:attachment":[{"href":"https:\/\/kylat.ekarjala.fi\/haapajarvi\/wp-json\/wp\/v2\/media?parent=218"}],"curies":[{"name":"wp","href":"https:\/\/api.w.org\/{rel}","templated":true}]}}