{"id":223,"date":"2012-01-29T18:37:04","date_gmt":"2012-01-29T18:37:04","guid":{"rendered":"https:\/\/kylat.ekarjala.fi\/haapajarvi\/?page_id=223"},"modified":"2021-04-19T09:56:26","modified_gmt":"2021-04-19T09:56:26","slug":"hiihto-retkeily","status":"publish","type":"page","link":"https:\/\/kylat.ekarjala.fi\/haapajarvi\/harrastukset\/hiihto-retkeily\/","title":{"rendered":"Hiihto, retkeily"},"content":{"rendered":"<p><div id=\"attachment_286\" style=\"width: 510px\" class=\"wp-caption aligncenter\"><a href=\"https:\/\/kylat.ekarjala.fi\/haapajarvi\/wp-content\/uploads\/sites\/42\/2012\/01\/Talvikuvia-10-024a2.jpg\"><img loading=\"lazy\" decoding=\"async\" aria-describedby=\"caption-attachment-286\" class=\"size-full wp-image-286  \" src=\"https:\/\/kylat.ekarjala.fi\/haapajarvi\/wp-content\/uploads\/sites\/42\/2012\/01\/Talvikuvia-10-024a2.jpg\" alt=\"\" width=\"500\" height=\"292\"><\/a>&nbsp; &nbsp; &nbsp; Joussuo, &nbsp;&#8221;K\u00f6yh\u00e4n miehen Lappi&#8221; &nbsp; &nbsp; &nbsp; kuva: Tauno Kauppinen<\/p>\n<p style=\"text-align: center\" align=\"left\">Haapaj\u00e4rvelt\u00e4 l\u00f6ytyv\u00e4t talvisin laajat latuverkostot moneen<br \/>\nsuuntaan. Kauniita maisemia p\u00e4\u00e4see katselemaan luistavilta laduilta vaikkapa<br \/>\nj\u00e4rven j\u00e4\u00e4lt\u00e4 tai laajalta Joussuolta, josta l\u00f6ytyy my\u00f6s useampia laavuja<br \/>\nlev\u00e4hdyspaikoiksi.<\/p>\n<div class=\"mceTemp mceIEcenter\">\n<dl>\n<dt><a href=\"https:\/\/kylat.ekarjala.fi\/haapajarvi\/wp-content\/uploads\/sites\/42\/2012\/01\/Talvikuvia-10-021ga.jpg\"><img loading=\"lazy\" decoding=\"async\" aria-describedby=\"caption-attachment-286\" class=\"size-full wp-image-233 \" src=\"https:\/\/kylat.ekarjala.fi\/haapajarvi\/wp-content\/uploads\/sites\/42\/2012\/01\/Talvikuvia-10-021ga.jpg\" alt=\"\" width=\"300\" height=\"150\"><\/a><p id=\"caption-attachment-286\" class=\"wp-caption-text\">kuva: Tauno Kauppinen<\/p><\/div><\/dt>\n<\/dl>\n<\/div>\n","protected":false},"excerpt":{"rendered":"","protected":false},"author":103,"featured_media":0,"parent":129,"menu_order":0,"comment_status":"closed","ping_status":"open","template":"sidebar-page.php","meta":{"footnotes":""},"class_list":["post-223","page","type-page","status-publish","hentry"],"_links":{"self":[{"href":"https:\/\/kylat.ekarjala.fi\/haapajarvi\/wp-json\/wp\/v2\/pages\/223","targetHints":{"allow":["GET"]}}],"collection":[{"href":"https:\/\/kylat.ekarjala.fi\/haapajarvi\/wp-json\/wp\/v2\/pages"}],"about":[{"href":"https:\/\/kylat.ekarjala.fi\/haapajarvi\/wp-json\/wp\/v2\/types\/page"}],"author":[{"embeddable":true,"href":"https:\/\/kylat.ekarjala.fi\/haapajarvi\/wp-json\/wp\/v2\/users\/103"}],"replies":[{"embeddable":true,"href":"https:\/\/kylat.ekarjala.fi\/haapajarvi\/wp-json\/wp\/v2\/comments?post=223"}],"version-history":[{"count":19,"href":"https:\/\/kylat.ekarjala.fi\/haapajarvi\/wp-json\/wp\/v2\/pages\/223\/revisions"}],"predecessor-version":[{"id":2962,"href":"https:\/\/kylat.ekarjala.fi\/haapajarvi\/wp-json\/wp\/v2\/pages\/223\/revisions\/2962"}],"up":[{"embeddable":true,"href":"https:\/\/kylat.ekarjala.fi\/haapajarvi\/wp-json\/wp\/v2\/pages\/129"}],"wp:attachment":[{"href":"https:\/\/kylat.ekarjala.fi\/haapajarvi\/wp-json\/wp\/v2\/media?parent=223"}],"curies":[{"name":"wp","href":"https:\/\/api.w.org\/{rel}","templated":true}]}}