{"id":262,"date":"2012-01-30T20:05:47","date_gmt":"2012-01-30T20:05:47","guid":{"rendered":"https:\/\/kylat.ekarjala.fi\/haapajarvi\/?page_id=262"},"modified":"2021-04-19T10:08:57","modified_gmt":"2021-04-19T10:08:57","slug":"etela-karjalan-kansalaisopisto","status":"publish","type":"page","link":"https:\/\/kylat.ekarjala.fi\/haapajarvi\/harrastukset\/etela-karjalan-kansalaisopisto\/","title":{"rendered":"Etel\u00e4-Karjalan Kansalaisopisto"},"content":{"rendered":"<p>Etel\u00e4-Karjalan Kansalaisopiston sivuille p\u00e4\u00e4set&nbsp;<a href=\"http:\/\/www.ekko.fi\/\">t\u00e4st\u00e4<\/a><\/p>\n","protected":false},"excerpt":{"rendered":"<p>Etel\u00e4-Karjalan Kansalaisopiston sivuille p\u00e4\u00e4set&nbsp;t\u00e4st\u00e4<\/p>\n","protected":false},"author":103,"featured_media":0,"parent":129,"menu_order":0,"comment_status":"closed","ping_status":"open","template":"sidebar-page.php","meta":{"footnotes":""},"class_list":["post-262","page","type-page","status-publish","hentry"],"_links":{"self":[{"href":"https:\/\/kylat.ekarjala.fi\/haapajarvi\/wp-json\/wp\/v2\/pages\/262","targetHints":{"allow":["GET"]}}],"collection":[{"href":"https:\/\/kylat.ekarjala.fi\/haapajarvi\/wp-json\/wp\/v2\/pages"}],"about":[{"href":"https:\/\/kylat.ekarjala.fi\/haapajarvi\/wp-json\/wp\/v2\/types\/page"}],"author":[{"embeddable":true,"href":"https:\/\/kylat.ekarjala.fi\/haapajarvi\/wp-json\/wp\/v2\/users\/103"}],"replies":[{"embeddable":true,"href":"https:\/\/kylat.ekarjala.fi\/haapajarvi\/wp-json\/wp\/v2\/comments?post=262"}],"version-history":[{"count":3,"href":"https:\/\/kylat.ekarjala.fi\/haapajarvi\/wp-json\/wp\/v2\/pages\/262\/revisions"}],"predecessor-version":[{"id":2959,"href":"https:\/\/kylat.ekarjala.fi\/haapajarvi\/wp-json\/wp\/v2\/pages\/262\/revisions\/2959"}],"up":[{"embeddable":true,"href":"https:\/\/kylat.ekarjala.fi\/haapajarvi\/wp-json\/wp\/v2\/pages\/129"}],"wp:attachment":[{"href":"https:\/\/kylat.ekarjala.fi\/haapajarvi\/wp-json\/wp\/v2\/media?parent=262"}],"curies":[{"name":"wp","href":"https:\/\/api.w.org\/{rel}","templated":true}]}}