{"id":264,"date":"2012-01-30T21:08:57","date_gmt":"2012-01-30T21:08:57","guid":{"rendered":"https:\/\/kylat.ekarjala.fi\/haapajarvi\/?page_id=264"},"modified":"2021-04-19T09:56:16","modified_gmt":"2021-04-19T09:56:16","slug":"kasityopaja","status":"publish","type":"page","link":"https:\/\/kylat.ekarjala.fi\/haapajarvi\/harrastukset\/etela-karjalan-kansalaisopisto\/kasityopaja\/","title":{"rendered":"K\u00e4sity\u00f6paja"},"content":{"rendered":"<p>Taitavissa k\u00e4siss\u00e4 syntyy niin ryijyt, nallet, sukat ja kaikenlaiset perinnek\u00e4sity\u00f6t kuin my\u00f6s uudentekniikan &#8221;nipsulaukut&#8221;.<\/p>\n<p>Tervetuloa mukaan viihtyis\u00e4\u00e4n seuraan kotoilemaan kyl\u00e4talolle.<\/p>\n<p>Lue lis\u00e4\u00e4&nbsp;<a href=\"http:\/\/www.peda.net\/veraja\/isv\/ekko\/kata\/ope4\">t\u00e4\u00e4lt\u00e4&nbsp;<\/a><\/p>\n<p><a href=\"https:\/\/kylat.ekarjala.fi\/haapajarvi\/wp-content\/uploads\/sites\/42\/2012\/01\/27.5.2006-0542.jpg\"><img loading=\"lazy\" decoding=\"async\" class=\"alignleft size-full wp-image-270\" alt=\"\" src=\"https:\/\/kylat.ekarjala.fi\/haapajarvi\/wp-content\/uploads\/sites\/42\/2012\/01\/27.5.2006-0542.jpg\" width=\"600\" height=\"300\"><\/a><\/p>\n<p>Lis\u00e4tietoja antaa Pirjo Junnikkala p. 040 764 0649<br \/>\nsek\u00e4 kurssinopettaja&nbsp;Merja Pylv\u00e4n\u00e4inen<br \/>\n&nbsp;<\/p>\n<p>&nbsp;<\/p>\n<p>&nbsp;<\/p>\n<p>&nbsp;<\/p>\n<p>&nbsp;<\/p>\n<p>&nbsp;<\/p>\n<p>&nbsp;<\/p>\n<p>&nbsp;<\/p>\n<p>&nbsp;<\/p>\n<p>&nbsp;<\/p>\n<p>&nbsp;<\/p>\n<p>&nbsp;<\/p>\n<p>&nbsp;<\/p>\n<p>&nbsp;<\/p>\n<p>&nbsp;<\/p>\n<p>&nbsp;<\/p>\n<p>&nbsp;<\/p>\n<p>&nbsp;<\/p>\n<p>&nbsp;<\/p>\n<p>&nbsp;<\/p>\n<p>&nbsp;<\/p>\n<p>&nbsp;<\/p>\n<p>&nbsp;<\/p>\n<p>&nbsp;<\/p>\n<p>&nbsp;<\/p>\n<p>&nbsp;<\/p>\n<p>&nbsp;<\/p>\n<p>&nbsp;<\/p>\n<p>&nbsp;<\/p>\n<p>&nbsp;<\/p>\n<p><a href=\"https:\/\/kylat.ekarjala.fi\/haapajarvi\/wp-content\/uploads\/sites\/42\/2012\/01\/27.5.2006-0541.jpg\"><img loading=\"lazy\" decoding=\"async\" class=\"alignleft size-full wp-image-268\" alt=\"\" src=\"https:\/\/kylat.ekarjala.fi\/haapajarvi\/wp-content\/uploads\/sites\/42\/2012\/01\/27.5.2006-0541.jpg\" width=\"600\" height=\"300\"><\/a><a href=\"http:\/\/www.peda.net\/veraja\/isv\/ekko\/kata\/ope4\"><br \/>\n<\/a><\/p>\n<p>Lis\u00e4tietoja antaa Pirjo Junnikkala 040 764 0649<br \/>\ntai kurssin opettaja Tuija N\u00e4r\u00e4nen p. 050 347 4858<br \/>\ns\u00e4hk\u00f6posti: tuijanaranen@pp.inet.fi<\/p>\n<p>&nbsp;<\/p>\n<p>&nbsp;<\/p>\n<p>&nbsp;<\/p>\n","protected":false},"excerpt":{"rendered":"<p>Taitavissa k\u00e4siss\u00e4 syntyy niin ryijyt, nallet, sukat ja kaikenlaiset perinnek\u00e4sity\u00f6t kuin my\u00f6s uudentekniikan &#8221;nipsulaukut&#8221;. Tervetuloa mukaan viihtyis\u00e4\u00e4n seuraan kotoilemaan kyl\u00e4talolle. Lue lis\u00e4\u00e4&nbsp;t\u00e4\u00e4lt\u00e4&nbsp; Lis\u00e4tietoja antaa Pirjo Junnikkala p. 040 764 0649 sek\u00e4 kurssinopettaja&nbsp;Merja Pylv\u00e4n\u00e4inen &nbsp; &nbsp; &nbsp; &nbsp; &nbsp; &nbsp; &nbsp; &hellip; <a href=\"https:\/\/kylat.ekarjala.fi\/haapajarvi\/harrastukset\/etela-karjalan-kansalaisopisto\/kasityopaja\/\">Lue loppuun <span class=\"meta-nav\">&rarr;<\/span><\/a><\/p>\n","protected":false},"author":103,"featured_media":0,"parent":262,"menu_order":0,"comment_status":"closed","ping_status":"open","template":"sidebar-page.php","meta":{"footnotes":""},"class_list":["post-264","page","type-page","status-publish","hentry"],"_links":{"self":[{"href":"https:\/\/kylat.ekarjala.fi\/haapajarvi\/wp-json\/wp\/v2\/pages\/264","targetHints":{"allow":["GET"]}}],"collection":[{"href":"https:\/\/kylat.ekarjala.fi\/haapajarvi\/wp-json\/wp\/v2\/pages"}],"about":[{"href":"https:\/\/kylat.ekarjala.fi\/haapajarvi\/wp-json\/wp\/v2\/types\/page"}],"author":[{"embeddable":true,"href":"https:\/\/kylat.ekarjala.fi\/haapajarvi\/wp-json\/wp\/v2\/users\/103"}],"replies":[{"embeddable":true,"href":"https:\/\/kylat.ekarjala.fi\/haapajarvi\/wp-json\/wp\/v2\/comments?post=264"}],"version-history":[{"count":12,"href":"https:\/\/kylat.ekarjala.fi\/haapajarvi\/wp-json\/wp\/v2\/pages\/264\/revisions"}],"predecessor-version":[{"id":2961,"href":"https:\/\/kylat.ekarjala.fi\/haapajarvi\/wp-json\/wp\/v2\/pages\/264\/revisions\/2961"}],"up":[{"embeddable":true,"href":"https:\/\/kylat.ekarjala.fi\/haapajarvi\/wp-json\/wp\/v2\/pages\/262"}],"wp:attachment":[{"href":"https:\/\/kylat.ekarjala.fi\/haapajarvi\/wp-json\/wp\/v2\/media?parent=264"}],"curies":[{"name":"wp","href":"https:\/\/api.w.org\/{rel}","templated":true}]}}