{"id":275,"date":"2012-01-31T06:48:26","date_gmt":"2012-01-31T06:48:26","guid":{"rendered":"https:\/\/kylat.ekarjala.fi\/haapajarvi\/?page_id=275"},"modified":"2021-04-19T10:09:03","modified_gmt":"2021-04-19T10:09:03","slug":"naisten-jumppa","status":"publish","type":"page","link":"https:\/\/kylat.ekarjala.fi\/haapajarvi\/harrastukset\/etela-karjalan-kansalaisopisto\/naisten-jumppa\/","title":{"rendered":"Kuntojumppa"},"content":{"rendered":"<p>Monipuolista kunto- ja terveysliikuntaa&nbsp;14.4.2014 saakka<br \/>\n<strong>maanantaisin klo 19.00 \u2013 19.45<\/strong>.<br \/>\nTavoitteena&nbsp; on liikkuvuus, lihasvoimaa, kehonhallintaa ja<br \/>\nliikunnan ilo.<\/p>\n<p>Ryhm\u00e4n vet\u00e4j\u00e4n\u00e4 toimii&nbsp;Minna&nbsp;Niemi<\/p>\n","protected":false},"excerpt":{"rendered":"<p>Monipuolista kunto- ja terveysliikuntaa&nbsp;14.4.2014 saakka maanantaisin klo 19.00 \u2013 19.45. Tavoitteena&nbsp; on liikkuvuus, lihasvoimaa, kehonhallintaa ja liikunnan ilo. Ryhm\u00e4n vet\u00e4j\u00e4n\u00e4 toimii&nbsp;Minna&nbsp;Niemi<\/p>\n","protected":false},"author":103,"featured_media":0,"parent":262,"menu_order":0,"comment_status":"closed","ping_status":"open","template":"sidebar-page.php","meta":{"footnotes":""},"class_list":["post-275","page","type-page","status-publish","hentry"],"_links":{"self":[{"href":"https:\/\/kylat.ekarjala.fi\/haapajarvi\/wp-json\/wp\/v2\/pages\/275","targetHints":{"allow":["GET"]}}],"collection":[{"href":"https:\/\/kylat.ekarjala.fi\/haapajarvi\/wp-json\/wp\/v2\/pages"}],"about":[{"href":"https:\/\/kylat.ekarjala.fi\/haapajarvi\/wp-json\/wp\/v2\/types\/page"}],"author":[{"embeddable":true,"href":"https:\/\/kylat.ekarjala.fi\/haapajarvi\/wp-json\/wp\/v2\/users\/103"}],"replies":[{"embeddable":true,"href":"https:\/\/kylat.ekarjala.fi\/haapajarvi\/wp-json\/wp\/v2\/comments?post=275"}],"version-history":[{"count":9,"href":"https:\/\/kylat.ekarjala.fi\/haapajarvi\/wp-json\/wp\/v2\/pages\/275\/revisions"}],"predecessor-version":[{"id":2960,"href":"https:\/\/kylat.ekarjala.fi\/haapajarvi\/wp-json\/wp\/v2\/pages\/275\/revisions\/2960"}],"up":[{"embeddable":true,"href":"https:\/\/kylat.ekarjala.fi\/haapajarvi\/wp-json\/wp\/v2\/pages\/262"}],"wp:attachment":[{"href":"https:\/\/kylat.ekarjala.fi\/haapajarvi\/wp-json\/wp\/v2\/media?parent=275"}],"curies":[{"name":"wp","href":"https:\/\/api.w.org\/{rel}","templated":true}]}}