{"id":296,"date":"2012-02-01T17:36:20","date_gmt":"2012-02-01T17:36:20","guid":{"rendered":"https:\/\/kylat.ekarjala.fi\/haapajarvi\/?page_id=296"},"modified":"2021-04-19T10:09:17","modified_gmt":"2021-04-19T10:09:17","slug":"jaakiekkokaukalo","status":"publish","type":"page","link":"https:\/\/kylat.ekarjala.fi\/haapajarvi\/harrastukset\/jaakiekkokaukalo\/","title":{"rendered":"J\u00e4\u00e4kiekkokaukalo"},"content":{"rendered":"<p>Talvisiin luisteluharrastuksiin l\u00f6ytyy kaukalo Haapaj\u00e4rven kyl\u00e4talon l\u00e4heisyydest\u00e4. Kaukalon kuntoa pidet\u00e4\u00e4n yll\u00e4 talkoovoimin. Jos olet innokas talkoisiin, niin muistathan ilmoittautua!<\/p>\n<p>Esa Hyv\u00e4ri p. 040 730 8294<br \/>\ns\u00e4hk\u00f6posti:&nbsp;<a href=\"mailto:esa.hyvari@paroc.com\">esa.hyvari@paroc.com<\/a><\/p>\n<p><a href=\"https:\/\/kylat.ekarjala.fi\/haapajarvi\/wp-content\/uploads\/sites\/42\/2012\/02\/Hapisken-ulkoilupaiv_18.3bn1.jpg\"><img loading=\"lazy\" decoding=\"async\" class=\"alignleft size-full wp-image-626\" src=\"https:\/\/kylat.ekarjala.fi\/haapajarvi\/wp-content\/uploads\/sites\/42\/2012\/02\/Hapisken-ulkoilupaiv_18.3bn1.jpg\" alt=\"\" width=\"400\" height=\"267\"><\/a><\/p>\n<p>&nbsp;<\/p>\n","protected":false},"excerpt":{"rendered":"<p>Talvisiin luisteluharrastuksiin l\u00f6ytyy kaukalo Haapaj\u00e4rven kyl\u00e4talon l\u00e4heisyydest\u00e4. Kaukalon kuntoa pidet\u00e4\u00e4n yll\u00e4 talkoovoimin. Jos olet innokas talkoisiin, niin muistathan ilmoittautua! Esa Hyv\u00e4ri p. 040 730 8294 s\u00e4hk\u00f6posti:&nbsp;esa.hyvari@paroc.com &nbsp;<\/p>\n","protected":false},"author":103,"featured_media":0,"parent":129,"menu_order":0,"comment_status":"closed","ping_status":"open","template":"sidebar-page.php","meta":{"footnotes":""},"class_list":["post-296","page","type-page","status-publish","hentry"],"_links":{"self":[{"href":"https:\/\/kylat.ekarjala.fi\/haapajarvi\/wp-json\/wp\/v2\/pages\/296","targetHints":{"allow":["GET"]}}],"collection":[{"href":"https:\/\/kylat.ekarjala.fi\/haapajarvi\/wp-json\/wp\/v2\/pages"}],"about":[{"href":"https:\/\/kylat.ekarjala.fi\/haapajarvi\/wp-json\/wp\/v2\/types\/page"}],"author":[{"embeddable":true,"href":"https:\/\/kylat.ekarjala.fi\/haapajarvi\/wp-json\/wp\/v2\/users\/103"}],"replies":[{"embeddable":true,"href":"https:\/\/kylat.ekarjala.fi\/haapajarvi\/wp-json\/wp\/v2\/comments?post=296"}],"version-history":[{"count":6,"href":"https:\/\/kylat.ekarjala.fi\/haapajarvi\/wp-json\/wp\/v2\/pages\/296\/revisions"}],"predecessor-version":[{"id":2963,"href":"https:\/\/kylat.ekarjala.fi\/haapajarvi\/wp-json\/wp\/v2\/pages\/296\/revisions\/2963"}],"up":[{"embeddable":true,"href":"https:\/\/kylat.ekarjala.fi\/haapajarvi\/wp-json\/wp\/v2\/pages\/129"}],"wp:attachment":[{"href":"https:\/\/kylat.ekarjala.fi\/haapajarvi\/wp-json\/wp\/v2\/media?parent=296"}],"curies":[{"name":"wp","href":"https:\/\/api.w.org\/{rel}","templated":true}]}}