{"id":303,"date":"2012-02-01T21:20:04","date_gmt":"2012-02-01T21:20:04","guid":{"rendered":"https:\/\/kylat.ekarjala.fi\/haapajarvi\/?page_id=303"},"modified":"2021-04-19T10:00:18","modified_gmt":"2021-04-19T10:00:18","slug":"mallu-auto","status":"publish","type":"page","link":"https:\/\/kylat.ekarjala.fi\/haapajarvi\/palvelut\/mallu-auto\/","title":{"rendered":"Mallu-auto"},"content":{"rendered":"<p>Etel\u00e4-Karjalan sosiaali- ja terveyspiirin liikkuva palveluyksikk\u00f6 pys\u00e4htyy<strong>&nbsp;2015<\/strong><\/p>\n<p><strong>Keskiviikko klo 12-14<\/strong><br \/>\n<strong>14.1., 28.1., 11.2., 25.2., 11.3., 25.3., 8.4., 22.4., 6.5., 20.5.<\/strong><\/p>\n<p>Haapaj\u00e4rven kyl\u00e4talolla, Vainikkalantie 765<\/p>\n<div id=\"WebPartWPQ2\" class=\"ms-WPBody ms-wpContentDivSpace\">\n<div>Sairaanhoitajan vastaanoton&nbsp;ajanvaraus<\/div>\n<div>puh. 05 352 7260<\/div>\n<div>ma-to klo 8\u201316, pe klo&nbsp;8\u201315.<br \/>\n.<\/div>\n<div>Voit varata ajan my\u00f6s netiss\u00e4:<\/div>\n<div><a href=\"http:\/\/www.eksote.fi\/Fi\/Terveyspalvelut\/Potilaillejaomaisille\/sahkoinenasiointi\/Nettiajanvaraus\/Sivut\/default.aspx\"><span style=\"text-decoration: underline\"><span style=\"color: #0066cc\">Eksoten nettiajanvaraukset<\/span><\/span><\/a><\/div>\n<div>.<\/div>\n<div>Laboratorio ajanvaraus<\/div>\n<div>puh. 05 352 4410<\/div>\n<div>ma-pe klo 8\u201315<br \/>\n.<\/div>\n<div>Eksoten ajavarauspuhelimiin soittaminen ja jonottaminen on maksullista. Hinta riippuu soittajan puhelinliittym\u00e4st\u00e4. Matkapuhelimesta maksu on keskim\u00e4\u00e4rin 7\u201310 snt\/min.<br \/>\n.<br \/>\nAikatauluilmoituksen voit lukea <a href=\"http:\/\/www.eksote.fi\/Fi\/Terveyspalvelut\/Muutpalvelut\/Mallu\/Documents\/Haapajarvi2015_Mallu_ilmoitus_kev\u00e4t1.pdf\">T\u00c4\u00c4LT\u00c4<\/a><\/div>\n<\/div>\n<p>Py\u00f6rill\u00e4 palvelu kyliin, <a href=\"https:\/\/kylat.ekarjala.fi\/wp-content\/uploads\/2012\/01\/Mallu_Riikka-V%C3%A4rt%C3%B6.pdf\">Mallu-auton esittely<\/a>\/ Riikka V\u00e4rt\u00f6<\/p>\n","protected":false},"excerpt":{"rendered":"<p>Etel\u00e4-Karjalan sosiaali- ja terveyspiirin liikkuva palveluyksikk\u00f6 pys\u00e4htyy&nbsp;2015 Keskiviikko klo 12-14 14.1., 28.1., 11.2., 25.2., 11.3., 25.3., 8.4., 22.4., 6.5., 20.5. Haapaj\u00e4rven kyl\u00e4talolla, Vainikkalantie 765 Sairaanhoitajan vastaanoton&nbsp;ajanvaraus puh. 05 352 7260 ma-to klo 8\u201316, pe klo&nbsp;8\u201315. . Voit varata ajan my\u00f6s &hellip; <a href=\"https:\/\/kylat.ekarjala.fi\/haapajarvi\/palvelut\/mallu-auto\/\">Lue loppuun <span class=\"meta-nav\">&rarr;<\/span><\/a><\/p>\n","protected":false},"author":103,"featured_media":0,"parent":131,"menu_order":0,"comment_status":"closed","ping_status":"open","template":"sidebar-page.php","meta":{"footnotes":""},"class_list":["post-303","page","type-page","status-publish","hentry"],"_links":{"self":[{"href":"https:\/\/kylat.ekarjala.fi\/haapajarvi\/wp-json\/wp\/v2\/pages\/303","targetHints":{"allow":["GET"]}}],"collection":[{"href":"https:\/\/kylat.ekarjala.fi\/haapajarvi\/wp-json\/wp\/v2\/pages"}],"about":[{"href":"https:\/\/kylat.ekarjala.fi\/haapajarvi\/wp-json\/wp\/v2\/types\/page"}],"author":[{"embeddable":true,"href":"https:\/\/kylat.ekarjala.fi\/haapajarvi\/wp-json\/wp\/v2\/users\/103"}],"replies":[{"embeddable":true,"href":"https:\/\/kylat.ekarjala.fi\/haapajarvi\/wp-json\/wp\/v2\/comments?post=303"}],"version-history":[{"count":20,"href":"https:\/\/kylat.ekarjala.fi\/haapajarvi\/wp-json\/wp\/v2\/pages\/303\/revisions"}],"predecessor-version":[{"id":2979,"href":"https:\/\/kylat.ekarjala.fi\/haapajarvi\/wp-json\/wp\/v2\/pages\/303\/revisions\/2979"}],"up":[{"embeddable":true,"href":"https:\/\/kylat.ekarjala.fi\/haapajarvi\/wp-json\/wp\/v2\/pages\/131"}],"wp:attachment":[{"href":"https:\/\/kylat.ekarjala.fi\/haapajarvi\/wp-json\/wp\/v2\/media?parent=303"}],"curies":[{"name":"wp","href":"https:\/\/api.w.org\/{rel}","templated":true}]}}