{"id":37,"date":"2012-01-27T19:37:06","date_gmt":"2012-01-27T19:37:06","guid":{"rendered":"https:\/\/kylat.ekarjala.fi\/haapajarvi\/?page_id=37"},"modified":"2024-08-21T07:40:02","modified_gmt":"2024-08-21T07:40:02","slug":"haapajarven-yhteisen-vesialueen-osakaskunta","status":"publish","type":"page","link":"https:\/\/kylat.ekarjala.fi\/haapajarvi\/seuratyhdistykset\/haapajarven-yhteisen-vesialueen-osakaskunta\/","title":{"rendered":"Haapaj\u00e4rven yhteisen vesialueen osakaskunta"},"content":{"rendered":"<p><a href=\"https:\/\/kylat.ekarjala.fi\/haapajarvi\/wp-content\/uploads\/sites\/42\/2012\/01\/IMG_4609_pieni.jpg\"><img loading=\"lazy\" decoding=\"async\" class=\"aligncenter size-full wp-image-87\" src=\"https:\/\/kylat.ekarjala.fi\/haapajarvi\/wp-content\/uploads\/sites\/42\/2012\/01\/IMG_4609_pieni.jpg\" alt=\"\" width=\"600\" height=\"200\" \/><\/a><\/p>\n<p>&nbsp;<\/p>\n<p>Osakaskunnan alue on yhteens\u00e4 n. 255 ha ja siihen kuuluu Haapaj\u00e4rven lis\u00e4ksi<br \/>\nLuteenj\u00e4rvi n. 40 ha sek\u00e4 osa Rakkolanjokea n. 8 ha. Tiloja osakaskuntaan kuuluu<br \/>\n167 kpl.<\/p>\n<p>Osakaskunnan tarkoitus on vastata j\u00e4rven tilasta ja my\u00f6nt\u00e4\u00e4 kalastus-, sorsastus- sek\u00e4 ravustusluvat.<\/p>\n<p>Sorsalupia myyd\u00e4\u00e4n ajalle 20.8. &#8211; 30.9. hintana 50\u20ac\/kausi tai 10\u20ac\/vrk, sek\u00e4 lokakuun ajaksi 50\u20ac\/kk tai 10\u20ac\/vrk. Kuitti maksusta riitt\u00e4\u00e4 todisteeksi luvasta.<\/p>\n<p>Haapaj\u00e4rven osakaskunnan tilinumero: FI07 562009 207359 16<\/p>\n<p>Lupa-asioihin ja muihin kysymyksiin antaa vastauksia<br \/>\npuheenjohtaja\u00a0Esa Hyv\u00e4ri p. 040 730 8294, s\u00e4hk\u00f6posti: <a href=\"mailto:esa.hyvari@paroc.com\">esa.hyvari@paroc.com<\/a><\/p>\n","protected":false},"excerpt":{"rendered":"<p>&nbsp; Osakaskunnan alue on yhteens\u00e4 n. 255 ha ja siihen kuuluu Haapaj\u00e4rven lis\u00e4ksi Luteenj\u00e4rvi n. 40 ha sek\u00e4 osa Rakkolanjokea n. 8 ha. Tiloja osakaskuntaan kuuluu 167 kpl. Osakaskunnan tarkoitus on vastata j\u00e4rven tilasta ja my\u00f6nt\u00e4\u00e4 kalastus-, sorsastus- sek\u00e4 ravustusluvat. &hellip; <a href=\"https:\/\/kylat.ekarjala.fi\/haapajarvi\/seuratyhdistykset\/haapajarven-yhteisen-vesialueen-osakaskunta\/\">Lue loppuun <span class=\"meta-nav\">&rarr;<\/span><\/a><\/p>\n","protected":false},"author":103,"featured_media":0,"parent":31,"menu_order":0,"comment_status":"closed","ping_status":"open","template":"sidebar-page.php","meta":{"footnotes":""},"class_list":["post-37","page","type-page","status-publish","hentry"],"_links":{"self":[{"href":"https:\/\/kylat.ekarjala.fi\/haapajarvi\/wp-json\/wp\/v2\/pages\/37","targetHints":{"allow":["GET"]}}],"collection":[{"href":"https:\/\/kylat.ekarjala.fi\/haapajarvi\/wp-json\/wp\/v2\/pages"}],"about":[{"href":"https:\/\/kylat.ekarjala.fi\/haapajarvi\/wp-json\/wp\/v2\/types\/page"}],"author":[{"embeddable":true,"href":"https:\/\/kylat.ekarjala.fi\/haapajarvi\/wp-json\/wp\/v2\/users\/103"}],"replies":[{"embeddable":true,"href":"https:\/\/kylat.ekarjala.fi\/haapajarvi\/wp-json\/wp\/v2\/comments?post=37"}],"version-history":[{"count":15,"href":"https:\/\/kylat.ekarjala.fi\/haapajarvi\/wp-json\/wp\/v2\/pages\/37\/revisions"}],"predecessor-version":[{"id":3092,"href":"https:\/\/kylat.ekarjala.fi\/haapajarvi\/wp-json\/wp\/v2\/pages\/37\/revisions\/3092"}],"up":[{"embeddable":true,"href":"https:\/\/kylat.ekarjala.fi\/haapajarvi\/wp-json\/wp\/v2\/pages\/31"}],"wp:attachment":[{"href":"https:\/\/kylat.ekarjala.fi\/haapajarvi\/wp-json\/wp\/v2\/media?parent=37"}],"curies":[{"name":"wp","href":"https:\/\/api.w.org\/{rel}","templated":true}]}}