{"id":398,"date":"2012-02-16T21:13:16","date_gmt":"2012-02-16T21:13:16","guid":{"rendered":"https:\/\/kylat.ekarjala.fi\/haapajarvi\/?page_id=398"},"modified":"2021-04-19T10:01:02","modified_gmt":"2021-04-19T10:01:02","slug":"seniorikerho","status":"publish","type":"page","link":"https:\/\/kylat.ekarjala.fi\/haapajarvi\/palvelut\/seniorikerho\/","title":{"rendered":"Seniorikerho"},"content":{"rendered":"<p>kokoontuu<strong> kyl\u00e4talolla keskiviikkoisin klo 13.00<\/strong> p\u00e4iv\u00e4kahvin merkeiss\u00e4.<br \/>\nKerhossa k\u00e4y luennoitsijoita kaupungilta ja&nbsp;seurakunnalta&nbsp;sek\u00e4&nbsp;yksityisi\u00e4 henkil\u00f6it\u00e4.<\/p>\n<p>Pihapiiriss\u00e4 pys\u00e4htyy my\u00f6s Mallu-auto, jossa vastaanottoa pit\u00e4v\u00e4t sairaanhoitaja. Mallu-auton aikataulua ja reitti\u00e4 voit tarkastella <a href=\"http:\/\/www.eksote.fi\/fi\/terveyspalvelut\/muutpalvelut\/mallu\/sivut\/mallu-auto-lappeenranta.aspx\">T\u00c4\u00c4LT\u00c4.<\/a>.<\/p>\n<p><strong>Yhteyshenkil\u00f6t:<\/strong><br \/>\nTuula Kauppinen p. 050 352 6528<br \/>\nSaara Pulli p. 040 512 3786<\/p>\n<p><strong>KEV\u00c4\u00c4N 2015 OHJELMA:<\/strong><\/p>\n<p>14.1.2015&nbsp; Seurakunta<br \/>\n21.1.2015&nbsp; Piia Haakana, Mill\u00e4 voi vaikuttaa<br \/>\n28.1.2015&nbsp; Tuula Penttil\u00e4&nbsp; (Mallu-auto)<br \/>\n4.2.2015&nbsp;&nbsp;&nbsp; Ani Penttil\u00e4<br \/>\n11.2.2015&nbsp;&nbsp; Seurakunta&nbsp; (Mallu-auto)<br \/>\n18.2.2015&nbsp; Paula Penttil\u00e4, Kulkeutuminen<\/p>\n<p>11.3.2015&nbsp; Seurakunta&nbsp; (Mallu-auto)<\/p>\n<p>25.3.2015&nbsp; Ari Torniainen&nbsp; (Mallu-auto)<\/p>\n<p>8.4.2015&nbsp; Seurakunta&nbsp; (Mallu-auto)<\/p>\n<p>&nbsp;<\/p>\n<p>&nbsp;<\/p>\n<p><strong>SYKSYN 2014 OHJELMA:<\/strong><\/p>\n<p>17.9.2014&nbsp; Aloitus<br \/>\n24.9.2014&nbsp; Kainlauri&nbsp; &#8211; voimaa vanhuuteen<br \/>\n1.10.2014&nbsp; Silm\u00e4l\u00e4\u00e4k\u00e4ri Irja-Liisa Helve<br \/>\n8.10.2014&nbsp; Seurakunta<br \/>\n15.10.2014&nbsp; Jalkahoidot<br \/>\n22.10.2014&nbsp; Kainlauri&nbsp; &#8211; voimaa vanhuuteen<br \/>\n29.10.2014 Iso\u00e4idin siivousvinkit<br \/>\n5.11.2014&nbsp; Piia Haakana&nbsp; &#8211; kelan korvaamat sairasvakuutuslain mukaiset matkat<br \/>\n12.11.2014&nbsp; Seurakunta<br \/>\n16.11.2014&nbsp; Teatteriesitys kyl\u00e4talolla klo 19.00<br \/>\n19.11.2014&nbsp; Antti Vanhanen<br \/>\n26.11.2014&nbsp; Kainlauri&nbsp; &#8211; voimaa vanhuuteen<br \/>\n3.12.2014&nbsp; Isoapu&nbsp;&nbsp; &#8211; vierailu<br \/>\n10.12..2014&nbsp; Seurakunta&nbsp; &#8211; kauneimmat joululaulut<\/p>\n<p><strong>KEV\u00c4\u00c4N 2014 OHJELMA:<br \/>\nohjelman muutokset mahdollisia<\/strong><\/p>\n<p>8.1.2014 Seurakunta,<br \/>\nMallu-auto klo 13.30-15.10<br \/>\n15.1.2014 Astmahoitaja<br \/>\n22.1.2014 Tuula Kainlauri<br \/>\nMallu-auto klo 13.30-15.10<br \/>\n29.1.2014 Ritva Tamminen<br \/>\n5.2.2014&nbsp;&nbsp; Vanhuslain esittely, Merja Tepponen<br \/>\nMallu-auto klo 13.30-15.10<br \/>\n12.2.2014 Seurakunta<br \/>\n19.2.2014 Eksote kahvit klo 12.30, ohjelma 13.00-15.00<br \/>\nMallu-auto klo 13.30-15.10<br \/>\n26.2.2014 Tuula Kainlauri<br \/>\n5.3.2014&nbsp;&nbsp; Ruokakurssi, Marttapiiriliitto<br \/>\nMallu-auto klo 13.30-15.10<br \/>\n12.3.2013 Seurakunta<br \/>\n19.3.2014 Anja Hytti-Oikkonen<br \/>\nMallu-auto klo 13.30-15.10<br \/>\n26.3.2014 Tuula Kainlauri<br \/>\n2.4.2014<br \/>\nMallu-auto klo 13.30-15.10<br \/>\n9.4.2014 &nbsp;Seurakunta<br \/>\n16.4.2014<br \/>\nMallu-auto klo 13.30-15.10<br \/>\n23.4.2014 Kainlauri<br \/>\n14.5.2014 Mallu-auto klo 13.30-15.10<br \/>\n28.5.2014 Mallu-auto klo 13.30-15.10<\/p>\n<p><strong>SYKSYN 2013 OHJELMA:<\/strong><\/p>\n<p>18.9.2013 Mallu-auton palvelut<br \/>\n25.9.2013 Voimaa vanhuuteen, Tuula Kainlauri<br \/>\n2.10.2013 Martat -tietoisku, P\u00e4ivi Jukkara<br \/>\n9.10.2013 Seurakunta<br \/>\n16.10.2013&nbsp;SPR<br \/>\n23.10.2013 Vaellusmatkasta kertoo Ritva Tamminen<br \/>\n30.10.2013 Voimaa vanhuuteen<br \/>\n6.11.2013 Runot, Hilkka R\u00e4ty<br \/>\n13.11.2013 Seurakunta<br \/>\n20.11.2013 Potilasturvallisuus, koordinaatti Mari Liukka<br \/>\n27.11.2013 Voimaa vanhuuteen<br \/>\n4.12.2013 Matti laulattaa<br \/>\n11.12.2013 Seurakunta, Olisiko kauneimpien joululaulujen aika??<\/p>\n<p>JOULULOMALLE&nbsp;&nbsp; &#8212; tavataan 8.1.2014<\/p>\n<p>&nbsp;<\/p>\n<p>&nbsp;<\/p>\n<p><strong>KEV\u00c4\u00c4N 2013 OHJELMA:<\/strong><\/p>\n<p>09.01.2013 Seurakunta<br \/>\n16.01.2013 Martat, ik\u00e4\u00e4tyv\u00e4n ravitsemus<br \/>\nMallu-auto klo 13.40-14.40<br \/>\n23.01.2013 Etuudet, Tuula&nbsp;Ihalainen<br \/>\n30.01.2013 Voimaa vanhuuteen<br \/>\nMallu-auto klo 13.40-14.40<br \/>\n06.02.2013 Ensihoitaja Elina<br \/>\n13.02.2013 Seurakunta, Kinkerit<br \/>\nMallu-auto<br \/>\n20.02.2013 Dementia yhdistys, Hanna Sinisalo<br \/>\n27.02.2013 Voimaa vanhuuteen<br \/>\nMallu-auto<br \/>\n06.03.2013 Terveys- ja hyvinvointipalvelut, Tuula Partanen<br \/>\n13.03.2013 Seurakunta<br \/>\n20.03.2013 Runot&nbsp; -esittely Hilkka R\u00e4ty<br \/>\n27.03.2013 Voimaa vanhuuteen<br \/>\nMallu-auto<br \/>\n03.04.2013 Osuuskunta monitoimi Seniorit -esittely Kirsti Lehtonen<br \/>\n10.04.2013 Seurakunta<br \/>\n17.04.2013<br \/>\n24.04.2013 Voimaa vanhuuteen<br \/>\nKES\u00c4LOMA \u2014-&gt;<\/p>\n<p><strong>Syksyn 2012 ohjelma:<\/strong><\/p>\n<p>26.09.2012&nbsp; Kainlauri<br \/>\n03.10.2012&nbsp; Laulua Matti K\u00e4lvi\u00e4inen<br \/>\n10.10.2012&nbsp; Seurakunta, Mallu-auto<br \/>\n17.10.2012&nbsp; Kaupunginjohtaja Kimmo Jarva<br \/>\n24.10.2012&nbsp; Voimaa vanhuuteen, Mallu-auto<br \/>\n31.10.2012&nbsp; Pelastuslaitos<br \/>\n07.11.2012&nbsp; Rajavartiolaitos, Mallu-auto<br \/>\n14.11.2012&nbsp; Seurakunta, jalkahoidot<br \/>\n15.11.2012&nbsp; Teatter\u00ed, Myrskyluodon Maija<br \/>\n21.11.2012&nbsp; Viipurimatka, esitys, Mallu-auto<br \/>\n28.11.2012<br \/>\n05.12.2012&nbsp; Voimaa vanhuuteen, Mallu-auto<br \/>\n12.12.2012&nbsp; Kauneimmat joululaulut, seurakunta<\/p>\n<p><strong>Kev\u00e4\u00e4n 2012 ohjelma:<\/strong><\/p>\n<p>22.2.2012&nbsp;&nbsp; Voimaa vanhuuteen, Tuula Kainlauri<br \/>\n29.2.2012&nbsp;&nbsp; Ik\u00e4ihmisten terveellinen ruokavalio, Heli Kantanen<br \/>\n07.3.2012&nbsp;&nbsp; Edunvalvonta valtuutus ja hoitotestamentti, Outi Heinola<br \/>\n14.3.2012&nbsp;&nbsp; Seurakunta<br \/>\n21.3.2012&nbsp;&nbsp; Tohtori Antti Linkola<br \/>\n28.3.2012&nbsp;&nbsp; Voimaa vanhuuteen, Tuula Kainlauri<br \/>\n04.4.2012&nbsp;&nbsp;&nbsp;Voimaa vanhuuteen, Tuula Kainlauri<br \/>\n11.4.2012&nbsp;&nbsp; Seurakunta<br \/>\n18.4.2012&nbsp;&nbsp; Syd\u00e4npiiri &#8211; ajankohtaista, Heli Heimala<br \/>\n25.4.2012&nbsp;&nbsp; Terveytt\u00e4 ja hyvinvointia kylille, luennoitsija avoin<\/p>\n<div id=\"attachment_410\" style=\"width: 410px\" class=\"wp-caption alignleft\"><a href=\"https:\/\/kylat.ekarjala.fi\/haapajarvi\/wp-content\/uploads\/sites\/42\/2012\/02\/LataaKuva.jpg\"><img loading=\"lazy\" decoding=\"async\" aria-describedby=\"caption-attachment-410\" class=\"size-full wp-image-410 \" src=\"https:\/\/kylat.ekarjala.fi\/haapajarvi\/wp-content\/uploads\/sites\/42\/2012\/02\/LataaKuva.jpg\" alt=\"\" width=\"400\" height=\"300\"><\/a><p id=\"caption-attachment-410\" class=\"wp-caption-text\">kuva: Kikka Vuorela<\/p><\/div>\n<p>&nbsp;<\/p>\n<p>&nbsp;<\/p>\n","protected":false},"excerpt":{"rendered":"<p>kokoontuu kyl\u00e4talolla keskiviikkoisin klo 13.00 p\u00e4iv\u00e4kahvin merkeiss\u00e4. Kerhossa k\u00e4y luennoitsijoita kaupungilta ja&nbsp;seurakunnalta&nbsp;sek\u00e4&nbsp;yksityisi\u00e4 henkil\u00f6it\u00e4. Pihapiiriss\u00e4 pys\u00e4htyy my\u00f6s Mallu-auto, jossa vastaanottoa pit\u00e4v\u00e4t sairaanhoitaja. Mallu-auton aikataulua ja reitti\u00e4 voit tarkastella T\u00c4\u00c4LT\u00c4.. Yhteyshenkil\u00f6t: Tuula Kauppinen p. 050 352 6528 Saara Pulli p. 040 512 &hellip; <a href=\"https:\/\/kylat.ekarjala.fi\/haapajarvi\/palvelut\/seniorikerho\/\">Lue loppuun <span class=\"meta-nav\">&rarr;<\/span><\/a><\/p>\n","protected":false},"author":103,"featured_media":0,"parent":131,"menu_order":0,"comment_status":"closed","ping_status":"open","template":"sidebar-page.php","meta":{"footnotes":""},"class_list":["post-398","page","type-page","status-publish","hentry"],"_links":{"self":[{"href":"https:\/\/kylat.ekarjala.fi\/haapajarvi\/wp-json\/wp\/v2\/pages\/398","targetHints":{"allow":["GET"]}}],"collection":[{"href":"https:\/\/kylat.ekarjala.fi\/haapajarvi\/wp-json\/wp\/v2\/pages"}],"about":[{"href":"https:\/\/kylat.ekarjala.fi\/haapajarvi\/wp-json\/wp\/v2\/types\/page"}],"author":[{"embeddable":true,"href":"https:\/\/kylat.ekarjala.fi\/haapajarvi\/wp-json\/wp\/v2\/users\/103"}],"replies":[{"embeddable":true,"href":"https:\/\/kylat.ekarjala.fi\/haapajarvi\/wp-json\/wp\/v2\/comments?post=398"}],"version-history":[{"count":20,"href":"https:\/\/kylat.ekarjala.fi\/haapajarvi\/wp-json\/wp\/v2\/pages\/398\/revisions"}],"predecessor-version":[{"id":2983,"href":"https:\/\/kylat.ekarjala.fi\/haapajarvi\/wp-json\/wp\/v2\/pages\/398\/revisions\/2983"}],"up":[{"embeddable":true,"href":"https:\/\/kylat.ekarjala.fi\/haapajarvi\/wp-json\/wp\/v2\/pages\/131"}],"wp:attachment":[{"href":"https:\/\/kylat.ekarjala.fi\/haapajarvi\/wp-json\/wp\/v2\/media?parent=398"}],"curies":[{"name":"wp","href":"https:\/\/api.w.org\/{rel}","templated":true}]}}