{"id":42,"date":"2012-01-27T19:39:26","date_gmt":"2012-01-27T19:39:26","guid":{"rendered":"https:\/\/kylat.ekarjala.fi\/haapajarvi\/?page_id=42"},"modified":"2024-11-10T17:16:19","modified_gmt":"2024-11-10T17:16:19","slug":"haapajarven-kunnostus","status":"publish","type":"page","link":"https:\/\/kylat.ekarjala.fi\/haapajarvi\/haapajarven-kunnostus\/","title":{"rendered":"Haapaj\u00e4rven kunnostus"},"content":{"rendered":"<div id=\"attachment_681\" style=\"width: 410px\" class=\"wp-caption aligncenter\"><a href=\"https:\/\/kylat.ekarjala.fi\/haapajarvi\/wp-content\/uploads\/sites\/42\/2012\/01\/k_IMG_66471.jpg\"><img loading=\"lazy\" decoding=\"async\" aria-describedby=\"caption-attachment-681\" class=\"size-full wp-image-681 \" src=\"https:\/\/kylat.ekarjala.fi\/haapajarvi\/wp-content\/uploads\/sites\/42\/2012\/01\/k_IMG_66471.jpg\" alt=\"\" width=\"400\" height=\"300\" \/><\/a><p id=\"caption-attachment-681\" class=\"wp-caption-text\">29.6.2012, kuvaus Raimo Suomela<\/p><\/div>\n<p style=\"text-align: center\">Kyl\u00e4n keskell\u00e4 sijaitsevan Natura-2000 verkostoon kuuluvan Haapaj\u00e4rven kunnostus suoritetaan kuivattamalla. J\u00e4rvi olisi tarkoitus kuivattaa pengerrysten ja patojen avulla kahdessa osassa.<\/p>\n<p style=\"text-align: left\">Samanaikaisesti Osakaskunta suorittaa kes\u00e4ll\u00e4 2012\u00a0rantojen kunnostuksia EU-rahoitus pohjaisella kunnostushankkeella.<\/p>\n<p>Kuivatus hankkeen olisi tarkoitus valmistua vuoden 2013 loppuun menness\u00e4.<\/p>\n<p><strong>21.5.2012 alkoi j\u00e4rven tyhjennyspumppaus.<\/strong><\/p>\n<p>Lis\u00e4\u00e4 tietoa ja kuvia j\u00e4rven tilanteesta l\u00f6yd\u00e4t alla olevien linkkien kautta<br \/>\n<a href=\"http:\/\/www.lappeenrannanenergia.fi\/?valikko=1&amp;sivu=vesi&amp;alasivu=haapajarven_kunnostus\">Lappeenrannan Energia Oy<br \/>\n<\/a><a href=\"http:\/\/kuvapankki.ekarjala.fi\/main.php?g2_itemId=14589\">Kuvia j\u00e4rviprojektista<\/a><a href=\"http:\/\/www.lappeenrannanenergia.fi\/?valikko=1&amp;sivu=vesi&amp;alasivu=haapajarven_kunnostus\">\u00a0 \u00a0<\/a><\/p>\n<p>sek\u00e4 Haapaj\u00e4rven yhteisen vesialueen\u00a0osakaskunnan<br \/>\npuheenjohtaja Esa Hyv\u00e4ri p. 040 730 8294<br \/>\ns\u00e4hk\u00f6posti:Esa.Hyvari63@gmail.com<\/p>\n<dl>\n<dt><a href=\"https:\/\/kylat.ekarjala.fi\/haapajarvi\/wp-content\/uploads\/sites\/42\/2012\/01\/joulu2011-004apieni.jpg\"><img loading=\"lazy\" decoding=\"async\" class=\"size-full wp-image-60\" src=\"https:\/\/kylat.ekarjala.fi\/haapajarvi\/wp-content\/uploads\/sites\/42\/2012\/01\/joulu2011-004apieni.jpg\" alt=\"\" width=\"400\" height=\"266\" \/><\/a><\/dt>\n<dd>30.12.2011, Rakkolanjoen ohitusuoma kuvattuna lintutornista<\/dd>\n<\/dl>\n<div id=\"attachment_688\" style=\"width: 510px\" class=\"wp-caption aligncenter\"><a href=\"https:\/\/kylat.ekarjala.fi\/haapajarvi\/wp-content\/uploads\/sites\/42\/2012\/01\/IMG_67322.jpg\"><img loading=\"lazy\" decoding=\"async\" aria-describedby=\"caption-attachment-688\" class=\"size-full wp-image-688\" src=\"https:\/\/kylat.ekarjala.fi\/haapajarvi\/wp-content\/uploads\/sites\/42\/2012\/01\/IMG_67322.jpg\" alt=\"\" width=\"500\" height=\"350\" \/><\/a><p id=\"caption-attachment-688\" class=\"wp-caption-text\">29.6.2012, kuvaus Raimo Suomela<\/p><\/div>\n<div id=\"attachment_690\" style=\"width: 410px\" class=\"wp-caption aligncenter\"><a href=\"https:\/\/kylat.ekarjala.fi\/haapajarvi\/wp-content\/uploads\/sites\/42\/2012\/01\/IMG_6712.jpg\"><img loading=\"lazy\" decoding=\"async\" aria-describedby=\"caption-attachment-690\" class=\"size-full wp-image-690\" src=\"https:\/\/kylat.ekarjala.fi\/haapajarvi\/wp-content\/uploads\/sites\/42\/2012\/01\/IMG_6712.jpg\" alt=\"\" width=\"400\" height=\"200\" \/><\/a><p id=\"caption-attachment-690\" class=\"wp-caption-text\">29.6.2012, kuvaus Raimo Suomela<\/p><\/div>\n<div id=\"attachment_691\" style=\"width: 460px\" class=\"wp-caption aligncenter\"><a href=\"https:\/\/kylat.ekarjala.fi\/haapajarvi\/wp-content\/uploads\/sites\/42\/2012\/01\/IMG_6702.jpg\"><img loading=\"lazy\" decoding=\"async\" aria-describedby=\"caption-attachment-691\" class=\"size-full wp-image-691\" src=\"https:\/\/kylat.ekarjala.fi\/haapajarvi\/wp-content\/uploads\/sites\/42\/2012\/01\/IMG_6702.jpg\" alt=\"\" width=\"450\" height=\"300\" \/><\/a><p id=\"caption-attachment-691\" class=\"wp-caption-text\">29.6.2012, kuvaus Raimo Suomela<\/p><\/div>\n<p>&nbsp;<\/p>\n<div id=\"attachment_693\" style=\"width: 460px\" class=\"wp-caption aligncenter\"><a href=\"https:\/\/kylat.ekarjala.fi\/haapajarvi\/wp-content\/uploads\/sites\/42\/2012\/01\/IMG_6675.jpg\"><img loading=\"lazy\" decoding=\"async\" aria-describedby=\"caption-attachment-693\" class=\"size-full wp-image-693\" src=\"https:\/\/kylat.ekarjala.fi\/haapajarvi\/wp-content\/uploads\/sites\/42\/2012\/01\/IMG_6675.jpg\" alt=\"\" width=\"450\" height=\"300\" \/><\/a><p id=\"caption-attachment-693\" class=\"wp-caption-text\">29.6.2012, kuvaus Raimo Suomela<\/p><\/div>\n","protected":false},"excerpt":{"rendered":"<p>Kyl\u00e4n keskell\u00e4 sijaitsevan Natura-2000 verkostoon kuuluvan Haapaj\u00e4rven kunnostus suoritetaan kuivattamalla. J\u00e4rvi olisi tarkoitus kuivattaa pengerrysten ja patojen avulla kahdessa osassa. Samanaikaisesti Osakaskunta suorittaa kes\u00e4ll\u00e4 2012\u00a0rantojen kunnostuksia EU-rahoitus pohjaisella kunnostushankkeella. Kuivatus hankkeen olisi tarkoitus valmistua vuoden 2013 loppuun menness\u00e4. 21.5.2012 alkoi &hellip; <a href=\"https:\/\/kylat.ekarjala.fi\/haapajarvi\/haapajarven-kunnostus\/\">Lue loppuun <span class=\"meta-nav\">&rarr;<\/span><\/a><\/p>\n","protected":false},"author":103,"featured_media":0,"parent":0,"menu_order":0,"comment_status":"closed","ping_status":"open","template":"sidebar-page.php","meta":{"footnotes":""},"class_list":["post-42","page","type-page","status-publish","hentry"],"_links":{"self":[{"href":"https:\/\/kylat.ekarjala.fi\/haapajarvi\/wp-json\/wp\/v2\/pages\/42","targetHints":{"allow":["GET"]}}],"collection":[{"href":"https:\/\/kylat.ekarjala.fi\/haapajarvi\/wp-json\/wp\/v2\/pages"}],"about":[{"href":"https:\/\/kylat.ekarjala.fi\/haapajarvi\/wp-json\/wp\/v2\/types\/page"}],"author":[{"embeddable":true,"href":"https:\/\/kylat.ekarjala.fi\/haapajarvi\/wp-json\/wp\/v2\/users\/103"}],"replies":[{"embeddable":true,"href":"https:\/\/kylat.ekarjala.fi\/haapajarvi\/wp-json\/wp\/v2\/comments?post=42"}],"version-history":[{"count":20,"href":"https:\/\/kylat.ekarjala.fi\/haapajarvi\/wp-json\/wp\/v2\/pages\/42\/revisions"}],"predecessor-version":[{"id":3200,"href":"https:\/\/kylat.ekarjala.fi\/haapajarvi\/wp-json\/wp\/v2\/pages\/42\/revisions\/3200"}],"wp:attachment":[{"href":"https:\/\/kylat.ekarjala.fi\/haapajarvi\/wp-json\/wp\/v2\/media?parent=42"}],"curies":[{"name":"wp","href":"https:\/\/api.w.org\/{rel}","templated":true}]}}