{"id":432,"date":"2012-02-18T13:57:46","date_gmt":"2012-02-18T13:57:46","guid":{"rendered":"https:\/\/kylat.ekarjala.fi\/haapajarvi\/?page_id=432"},"modified":"2021-04-19T10:00:41","modified_gmt":"2021-04-19T10:00:41","slug":"puuhakerho-alakouluikaisille-2","status":"publish","type":"page","link":"https:\/\/kylat.ekarjala.fi\/haapajarvi\/palvelut\/puuhakerho-alakouluikaisille-2\/","title":{"rendered":"Puuhakerho alakouluik\u00e4isille"},"content":{"rendered":"<p>Haapaj\u00e4rven kyl\u00e4talolla on jo monina vuosina j\u00e4rjestetty erilaista kerhotoimintaa. Syksyll\u00e4 2011 siell\u00e4 on j\u00e4lleen alkanut Lappeen seurakunnan j\u00e4rjest\u00e4m\u00e4 puuhakerho, joka jatkuu huhtikuuhun asti ennen kes\u00e4taukoa.<\/p>\n<p>Kerho on <strong>keskiviikkoisin klo 18.00-19.00<\/strong><\/p>\n<p>Se on p\u00e4\u00e4asiassa tarkoitettu alakouluik\u00e4isille tyt\u00f6ille ja pojille ja se on maksuton. Kerhossa leikit\u00e4\u00e4n erilaisia leikkej\u00e4, askarrellaan, pelaillaan, ulkoillaan ja joskus kokkaillaan. Kerholaisten toiveet otetaan my\u00f6s huomioon.<br \/>\nLapsia kerhossa k\u00e4y yleens\u00e4 5, joillain kerroilla lapsia on enemm\u00e4n joskus v\u00e4hemm\u00e4n.<br \/>\nUudet kerholaiset ovat aina tervetulleita!<\/p>\n<p>Kerhonpit\u00e4jin\u00e4 toimii yleens\u00e4 nuoret omalta kyl\u00e4lt\u00e4 ja t\u00e4n\u00e4 vuonna kes\u00e4\u00e4n asti<br \/>\nohjaajina ovat Annika Timperi ja Noora Savolainen.<br \/>\nSeurakunta on j\u00e4rjest\u00e4nyt uusille ohjaajille koulutusta.<\/p>\n<p><a href=\"https:\/\/kylat.ekarjala.fi\/haapajarvi\/palvelut\/puuhakerho-alakouluikaisille-2\/puuhakerhon-puuhia\/\">Puuhakerhon puuhia<\/a><\/p>\n<p><a href=\"https:\/\/kylat.ekarjala.fi\/haapajarvi\/wp-content\/uploads\/sites\/42\/2012\/02\/puuhakerho-052a_netti.jpg\"><img loading=\"lazy\" decoding=\"async\" class=\"aligncenter size-full wp-image-471\" src=\"https:\/\/kylat.ekarjala.fi\/haapajarvi\/wp-content\/uploads\/sites\/42\/2012\/02\/puuhakerho-052a_netti.jpg\" alt=\"\" width=\"400\" height=\"267\"><\/a><\/p>\n<p>&#8211; Annika Timperi<\/p>\n<p>&nbsp;<\/p>\n<p>&nbsp;<\/p>\n","protected":false},"excerpt":{"rendered":"<p>Haapaj\u00e4rven kyl\u00e4talolla on jo monina vuosina j\u00e4rjestetty erilaista kerhotoimintaa. Syksyll\u00e4 2011 siell\u00e4 on j\u00e4lleen alkanut Lappeen seurakunnan j\u00e4rjest\u00e4m\u00e4 puuhakerho, joka jatkuu huhtikuuhun asti ennen kes\u00e4taukoa. Kerho on keskiviikkoisin klo 18.00-19.00 Se on p\u00e4\u00e4asiassa tarkoitettu alakouluik\u00e4isille tyt\u00f6ille ja pojille ja se &hellip; <a href=\"https:\/\/kylat.ekarjala.fi\/haapajarvi\/palvelut\/puuhakerho-alakouluikaisille-2\/\">Lue loppuun <span class=\"meta-nav\">&rarr;<\/span><\/a><\/p>\n","protected":false},"author":103,"featured_media":0,"parent":131,"menu_order":0,"comment_status":"closed","ping_status":"open","template":"sidebar-page.php","meta":{"footnotes":""},"class_list":["post-432","page","type-page","status-publish","hentry"],"_links":{"self":[{"href":"https:\/\/kylat.ekarjala.fi\/haapajarvi\/wp-json\/wp\/v2\/pages\/432","targetHints":{"allow":["GET"]}}],"collection":[{"href":"https:\/\/kylat.ekarjala.fi\/haapajarvi\/wp-json\/wp\/v2\/pages"}],"about":[{"href":"https:\/\/kylat.ekarjala.fi\/haapajarvi\/wp-json\/wp\/v2\/types\/page"}],"author":[{"embeddable":true,"href":"https:\/\/kylat.ekarjala.fi\/haapajarvi\/wp-json\/wp\/v2\/users\/103"}],"replies":[{"embeddable":true,"href":"https:\/\/kylat.ekarjala.fi\/haapajarvi\/wp-json\/wp\/v2\/comments?post=432"}],"version-history":[{"count":9,"href":"https:\/\/kylat.ekarjala.fi\/haapajarvi\/wp-json\/wp\/v2\/pages\/432\/revisions"}],"predecessor-version":[{"id":2981,"href":"https:\/\/kylat.ekarjala.fi\/haapajarvi\/wp-json\/wp\/v2\/pages\/432\/revisions\/2981"}],"up":[{"embeddable":true,"href":"https:\/\/kylat.ekarjala.fi\/haapajarvi\/wp-json\/wp\/v2\/pages\/131"}],"wp:attachment":[{"href":"https:\/\/kylat.ekarjala.fi\/haapajarvi\/wp-json\/wp\/v2\/media?parent=432"}],"curies":[{"name":"wp","href":"https:\/\/api.w.org\/{rel}","templated":true}]}}