{"id":461,"date":"2012-02-22T21:06:47","date_gmt":"2012-02-22T21:06:47","guid":{"rendered":"https:\/\/kylat.ekarjala.fi\/haapajarvi\/?page_id=461"},"modified":"2021-04-19T10:00:51","modified_gmt":"2021-04-19T10:00:51","slug":"puuhakerhon-puuhia","status":"publish","type":"page","link":"https:\/\/kylat.ekarjala.fi\/haapajarvi\/palvelut\/puuhakerho-alakouluikaisille-2\/puuhakerhon-puuhia\/","title":{"rendered":"Puuhakerhon puuhia"},"content":{"rendered":"<div class=\"mceTemp\">\n<dl>\n<dt><a href=\"https:\/\/kylat.ekarjala.fi\/haapajarvi\/wp-content\/uploads\/sites\/42\/2012\/02\/puuhakerho-065a_netti2.jpg\"><img loading=\"lazy\" decoding=\"async\" class=\"size-full wp-image-464\" src=\"https:\/\/kylat.ekarjala.fi\/haapajarvi\/wp-content\/uploads\/sites\/42\/2012\/02\/puuhakerho-065a_netti2.jpg\" alt=\"\" width=\"300\" height=\"450\"><\/a><\/dt>\n<dd>Puuhakerhon s\u00e4\u00e4nn\u00f6t<\/dd>\n<\/dl>\n<p><a href=\"https:\/\/kylat.ekarjala.fi\/haapajarvi\/wp-content\/uploads\/sites\/42\/2012\/02\/mimmin-piirros_netti.jpg\"><img loading=\"lazy\" decoding=\"async\" class=\"alignleft size-full wp-image-496\" src=\"https:\/\/kylat.ekarjala.fi\/haapajarvi\/wp-content\/uploads\/sites\/42\/2012\/02\/mimmin-piirros_netti.jpg\" alt=\"\" width=\"550\" height=\"389\"><\/a><\/p>\n<\/div>\n<p><a href=\"https:\/\/kylat.ekarjala.fi\/haapajarvi\/wp-content\/uploads\/sites\/42\/2012\/02\/puuhakerho-054a_netti1.jpg\"><img loading=\"lazy\" decoding=\"async\" class=\"alignleft size-full wp-image-485\" src=\"https:\/\/kylat.ekarjala.fi\/haapajarvi\/wp-content\/uploads\/sites\/42\/2012\/02\/puuhakerho-054a_netti1.jpg\" alt=\"\" width=\"400\" height=\"600\"><\/a><a href=\"https:\/\/kylat.ekarjala.fi\/haapajarvi\/wp-content\/uploads\/sites\/42\/2012\/02\/puuhakerho-061_netti.jpg\"><img loading=\"lazy\" decoding=\"async\" class=\"aligncenter size-full wp-image-476\" src=\"https:\/\/kylat.ekarjala.fi\/haapajarvi\/wp-content\/uploads\/sites\/42\/2012\/02\/puuhakerho-061_netti.jpg\" alt=\"\" width=\"300\" height=\"200\"><\/a><a href=\"https:\/\/kylat.ekarjala.fi\/haapajarvi\/wp-content\/uploads\/sites\/42\/2012\/02\/veeran-piirros_netti.jpg\"><img loading=\"lazy\" decoding=\"async\" class=\"alignleft size-full wp-image-497\" src=\"https:\/\/kylat.ekarjala.fi\/haapajarvi\/wp-content\/uploads\/sites\/42\/2012\/02\/veeran-piirros_netti.jpg\" alt=\"\" width=\"550\" height=\"389\"><\/a><a href=\"https:\/\/kylat.ekarjala.fi\/haapajarvi\/wp-content\/uploads\/sites\/42\/2012\/02\/puuhakerho-053_netti11.jpg\"><img loading=\"lazy\" decoding=\"async\" class=\"alignleft size-full wp-image-480\" src=\"https:\/\/kylat.ekarjala.fi\/haapajarvi\/wp-content\/uploads\/sites\/42\/2012\/02\/puuhakerho-053_netti11.jpg\" alt=\"\" width=\"500\" height=\"333\"><\/a><\/p>\n","protected":false},"excerpt":{"rendered":"<p>Puuhakerhon s\u00e4\u00e4nn\u00f6t<\/p>\n","protected":false},"author":103,"featured_media":0,"parent":432,"menu_order":0,"comment_status":"closed","ping_status":"open","template":"","meta":{"footnotes":""},"class_list":["post-461","page","type-page","status-publish","hentry"],"_links":{"self":[{"href":"https:\/\/kylat.ekarjala.fi\/haapajarvi\/wp-json\/wp\/v2\/pages\/461","targetHints":{"allow":["GET"]}}],"collection":[{"href":"https:\/\/kylat.ekarjala.fi\/haapajarvi\/wp-json\/wp\/v2\/pages"}],"about":[{"href":"https:\/\/kylat.ekarjala.fi\/haapajarvi\/wp-json\/wp\/v2\/types\/page"}],"author":[{"embeddable":true,"href":"https:\/\/kylat.ekarjala.fi\/haapajarvi\/wp-json\/wp\/v2\/users\/103"}],"replies":[{"embeddable":true,"href":"https:\/\/kylat.ekarjala.fi\/haapajarvi\/wp-json\/wp\/v2\/comments?post=461"}],"version-history":[{"count":12,"href":"https:\/\/kylat.ekarjala.fi\/haapajarvi\/wp-json\/wp\/v2\/pages\/461\/revisions"}],"predecessor-version":[{"id":2982,"href":"https:\/\/kylat.ekarjala.fi\/haapajarvi\/wp-json\/wp\/v2\/pages\/461\/revisions\/2982"}],"up":[{"embeddable":true,"href":"https:\/\/kylat.ekarjala.fi\/haapajarvi\/wp-json\/wp\/v2\/pages\/432"}],"wp:attachment":[{"href":"https:\/\/kylat.ekarjala.fi\/haapajarvi\/wp-json\/wp\/v2\/media?parent=461"}],"curies":[{"name":"wp","href":"https:\/\/api.w.org\/{rel}","templated":true}]}}