{"id":6,"date":"2012-01-25T19:21:20","date_gmt":"2012-01-25T19:21:20","guid":{"rendered":"https:\/\/kylat.ekarjala.fi\/haapajarvi\/?page_id=6"},"modified":"2021-04-19T09:59:24","modified_gmt":"2021-04-19T09:59:24","slug":"kylaesittely","status":"publish","type":"page","link":"https:\/\/kylat.ekarjala.fi\/haapajarvi\/kylaesittely\/","title":{"rendered":"Kyl\u00e4esittely"},"content":{"rendered":"<p><a href=\"https:\/\/kylat.ekarjala.fi\/haapajarvi\/wp-content\/uploads\/sites\/42\/2012\/01\/tammikuu-011a_pien.jpg\"><img loading=\"lazy\" decoding=\"async\" class=\"size-full wp-image-89 alignleft\" src=\"https:\/\/kylat.ekarjala.fi\/haapajarvi\/wp-content\/uploads\/sites\/42\/2012\/01\/tammikuu-011a_pien.jpg\" alt=\"\" width=\"500\" height=\"300\"><\/a><\/p>\n<p>Haapaj\u00e4rvi sijaitsee noin 20 km Lappeenrannan keskustasta Vainikkalaan p\u00e4in keskell\u00e4&nbsp;rauhallista maaseutua. Vainikkalan rautatieasemalle on matkaa n. 8 km ja valtakunnanrajaa Haapaj\u00e4rven kyl\u00e4ll\u00e4 on Ven\u00e4j\u00e4n kanssa 5 km.<\/p>\n<p>Haapaj\u00e4rvell\u00e4 on liki 90 ymp\u00e4rivuoden asuttua taloutta, niinp\u00e4 kyl\u00e4n vilkkaassa el\u00e4m\u00e4ss\u00e4 on mukana noin 240 vakituista asukasta. Kes\u00e4isin kyl\u00e4n v\u00e4kim\u00e4\u00e4r\u00e4 kasvaa entisest\u00e4\u00e4n, kun osa vanhoista asukkaista palaa juurilleen nauttimaan Haapaj\u00e4rven rauhaisasta el\u00e4m\u00e4st\u00e4 ja kauniista luonnosta.<\/p>\n<p>Vaikka yksi kyl\u00e4n suurimmista elinkeinoista on maatalous, silti monet kyl\u00e4l\u00e4isist\u00e4 k\u00e4yv\u00e4t ty\u00f6ss\u00e4 joko kaupungissa tai naapurikyl\u00e4 Vainikkalassa.<\/p>\n<p>Ternimaitoa, hunajaa, Kananmunia, marjoja, ja paljon muuta asukkaat saavat hankittua helposti omalta kyl\u00e4lt\u00e4 monien muiden palveluiden lis\u00e4ksi.<\/p>\n<p>Kyl\u00e4n keskell\u00e4 sijaitsevan Haapaj\u00e4rven rehev\u00f6itymisest\u00e4 johtuen, j\u00e4rvi on yksi parhaista&nbsp; lintuj\u00e4rvist\u00e4 koko Suomessa. J\u00e4rvi on my\u00f6s hyvin tunnettu innokkaiden kalamiesten keskuudessa ja varsinkin talviaikaan j\u00e4rven j\u00e4\u00e4ll\u00e4 n\u00e4kyy hauen narraajia runsain m\u00e4\u00e4rin.<br \/>\nJ\u00e4rvenkunnostusprojekti alkoi v.2010 ja sen on tarkoitus valmistua vuoden v. 2013 loppuun menness\u00e4.<\/p>\n<p><a href=\"https:\/\/kylat.ekarjala.fi\/haapajarvi\/wp-content\/uploads\/sites\/42\/2012\/01\/2008.7.27-535_pieni1.jpg\"><img loading=\"lazy\" decoding=\"async\" class=\"size-full wp-image-96 alignleft\" src=\"https:\/\/kylat.ekarjala.fi\/haapajarvi\/wp-content\/uploads\/sites\/42\/2012\/01\/2008.7.27-535_pieni1.jpg\" alt=\"\" width=\"500\" height=\"300\"><\/a><\/p>\n<p>Haapaj\u00e4rven koulu toimii Haapaj\u00e4rven kyl\u00e4yhdistyksen ansiosta viihtyis\u00e4n\u00e4 kyl\u00e4talona ja sopiikin siihen loistavasti erinomaisen kuntonsa ansiosta. Kyl\u00e4talolla j\u00e4rjestet\u00e4\u00e4n mukavaa toimintaa aina kyl\u00e4markkinoista erilaisiin kerhoihin ja viihtyisiin yhteistapahtumiin saakka.<\/p>\n<p><strong>Lis\u00e4ksi kyl\u00e4yhdistys <a href=\"https:\/\/kylat.ekarjala.fi\/haapajarvi\/kylatalo\/\">vuokraa<\/a>&nbsp;kyl\u00e4taloa ulkopuolisille tilaisuuksiin ja tapahtumiin.<\/strong><\/p>\n<p>Kyl\u00e4talon pihalta l\u00f6ytyy niin maauimala kuin j\u00e4\u00e4kiekkokaukalokin, joten my\u00f6s kyl\u00e4n harrastetoimintaan on panostettu mukavasti mm. Lappeen Riennon ja Lappeenrannan kaupungin avustuksella.<\/p>\n<div class=\"mceTemp\">\n<div class=\"mceTemp mceIEcenter\">\n<div class=\"mceTemp mceIEcenter\">\n<div id=\"attachment_580\" style=\"width: 510px\" class=\"wp-caption aligncenter\"><a href=\"https:\/\/kylat.ekarjala.fi\/haapajarvi\/wp-content\/uploads\/sites\/42\/2012\/01\/k_06173.jpg\"><img loading=\"lazy\" decoding=\"async\" aria-describedby=\"caption-attachment-580\" class=\"size-full wp-image-580\" src=\"https:\/\/kylat.ekarjala.fi\/haapajarvi\/wp-content\/uploads\/sites\/42\/2012\/01\/k_06173.jpg\" alt=\"\" width=\"500\" height=\"300\"><\/a><p id=\"caption-attachment-580\" class=\"wp-caption-text\">kuva: Raimo Suomela, 21.5.2005<\/p><\/div>\n<\/div>\n<\/div>\n<\/div>\n<p>&nbsp;<\/p>\n","protected":false},"excerpt":{"rendered":"<p>Haapaj\u00e4rvi sijaitsee noin 20 km Lappeenrannan keskustasta Vainikkalaan p\u00e4in keskell\u00e4&nbsp;rauhallista maaseutua. Vainikkalan rautatieasemalle on matkaa n. 8 km ja valtakunnanrajaa Haapaj\u00e4rven kyl\u00e4ll\u00e4 on Ven\u00e4j\u00e4n kanssa 5 km. Haapaj\u00e4rvell\u00e4 on liki 90 ymp\u00e4rivuoden asuttua taloutta, niinp\u00e4 kyl\u00e4n vilkkaassa el\u00e4m\u00e4ss\u00e4 on mukana &hellip; <a href=\"https:\/\/kylat.ekarjala.fi\/haapajarvi\/kylaesittely\/\">Lue loppuun <span class=\"meta-nav\">&rarr;<\/span><\/a><\/p>\n","protected":false},"author":103,"featured_media":0,"parent":0,"menu_order":0,"comment_status":"closed","ping_status":"open","template":"sidebar-page.php","meta":{"footnotes":""},"class_list":["post-6","page","type-page","status-publish","hentry"],"_links":{"self":[{"href":"https:\/\/kylat.ekarjala.fi\/haapajarvi\/wp-json\/wp\/v2\/pages\/6","targetHints":{"allow":["GET"]}}],"collection":[{"href":"https:\/\/kylat.ekarjala.fi\/haapajarvi\/wp-json\/wp\/v2\/pages"}],"about":[{"href":"https:\/\/kylat.ekarjala.fi\/haapajarvi\/wp-json\/wp\/v2\/types\/page"}],"author":[{"embeddable":true,"href":"https:\/\/kylat.ekarjala.fi\/haapajarvi\/wp-json\/wp\/v2\/users\/103"}],"replies":[{"embeddable":true,"href":"https:\/\/kylat.ekarjala.fi\/haapajarvi\/wp-json\/wp\/v2\/comments?post=6"}],"version-history":[{"count":19,"href":"https:\/\/kylat.ekarjala.fi\/haapajarvi\/wp-json\/wp\/v2\/pages\/6\/revisions"}],"predecessor-version":[{"id":2976,"href":"https:\/\/kylat.ekarjala.fi\/haapajarvi\/wp-json\/wp\/v2\/pages\/6\/revisions\/2976"}],"wp:attachment":[{"href":"https:\/\/kylat.ekarjala.fi\/haapajarvi\/wp-json\/wp\/v2\/media?parent=6"}],"curies":[{"name":"wp","href":"https:\/\/api.w.org\/{rel}","templated":true}]}}