{"id":885,"date":"2013-03-23T08:01:48","date_gmt":"2013-03-23T08:01:48","guid":{"rendered":"https:\/\/kylat.ekarjala.fi\/haapajarvi\/?page_id=885"},"modified":"2021-04-19T09:58:03","modified_gmt":"2021-04-19T09:58:03","slug":"kuukauden-kasityo","status":"publish","type":"page","link":"https:\/\/kylat.ekarjala.fi\/haapajarvi\/harrastukset\/kuukauden-kasityo-2\/kuukauden-kasityo\/","title":{"rendered":"Maaliskuu 2013"},"content":{"rendered":"<p><span style=\"color: #800080\"><strong> <a href=\"https:\/\/kylat.ekarjala.fi\/haapajarvi\/wp-content\/uploads\/sites\/42\/2013\/03\/munat-la-062a.jpg\"><img loading=\"lazy\" decoding=\"async\" class=\"alignleft size-medium wp-image-922\" alt=\"munat-la-062a\" src=\"https:\/\/kylat.ekarjala.fi\/haapajarvi\/wp-content\/uploads\/sites\/42\/2013\/03\/munat-la-062a.jpg\" width=\"200\" height=\"300\"><\/a>MAALISKUU 2013<\/strong><\/span><\/p>\n<p>N\u00e4in p\u00e4\u00e4si\u00e4isen l\u00e4hetyess\u00e4 esittelen&nbsp;tekemi\u00e4ni&nbsp;p\u00e4\u00e4si\u00e4ismunia.<br \/>\nNiit\u00e4h\u00e4n ei ole koskaan liikaa, eih\u00e4n?<\/p>\n<p>Neuvon mielell\u00e4ni, jos joku innostuu aiheesta ja kiinnostuu askartelemaan n\u00e4it\u00e4.<br \/>\nHelppoja tehd\u00e4 ja NIIN hauskaa!<br \/>\nHyv\u00e4\u00e4 P\u00e4\u00e4si\u00e4ist\u00e4! toivottaa&nbsp;Tarja<\/p>\n<p>&nbsp;<\/p>\n<p><a href=\"https:\/\/kylat.ekarjala.fi\/haapajarvi\/wp-content\/uploads\/sites\/42\/2013\/03\/munat-la-038a.jpg\"><img loading=\"lazy\" decoding=\"async\" class=\"alignleft size-full wp-image-889\" alt=\"munat-la-038a\" src=\"https:\/\/kylat.ekarjala.fi\/haapajarvi\/wp-content\/uploads\/sites\/42\/2013\/03\/munat-la-038a.jpg\" width=\"400\" height=\"267\"><\/a> <a href=\"https:\/\/kylat.ekarjala.fi\/haapajarvi\/wp-content\/uploads\/sites\/42\/2013\/03\/munat-la-036a.jpg\"><img loading=\"lazy\" decoding=\"async\" class=\"alignleft size-full wp-image-888\" alt=\"munat-la-036a\" src=\"https:\/\/kylat.ekarjala.fi\/haapajarvi\/wp-content\/uploads\/sites\/42\/2013\/03\/munat-la-036a.jpg\" width=\"400\" height=\"267\"><\/a> <a href=\"https:\/\/kylat.ekarjala.fi\/haapajarvi\/wp-content\/uploads\/sites\/42\/2013\/03\/munat-la-033a.jpg\"><img loading=\"lazy\" decoding=\"async\" class=\"alignleft size-full wp-image-887\" alt=\"munat-la-033a\" src=\"https:\/\/kylat.ekarjala.fi\/haapajarvi\/wp-content\/uploads\/sites\/42\/2013\/03\/munat-la-033a.jpg\" width=\"400\" height=\"267\"><\/a> <a href=\"https:\/\/kylat.ekarjala.fi\/haapajarvi\/wp-content\/uploads\/sites\/42\/2013\/03\/munat-la-019a.jpg\"><img loading=\"lazy\" decoding=\"async\" class=\"alignleft size-full wp-image-886\" alt=\"munat-la-019a\" src=\"https:\/\/kylat.ekarjala.fi\/haapajarvi\/wp-content\/uploads\/sites\/42\/2013\/03\/munat-la-019a.jpg\" width=\"400\" height=\"267\"><\/a> <a href=\"https:\/\/kylat.ekarjala.fi\/haapajarvi\/wp-content\/uploads\/sites\/42\/2013\/03\/p\u00e4\u00e4si\u00e4smunat-020.jpg\"><img loading=\"lazy\" decoding=\"async\" class=\"alignleft size-full wp-image-895\" alt=\"p\u00e4\u00e4si\u00e4smunat-020\" src=\"https:\/\/kylat.ekarjala.fi\/haapajarvi\/wp-content\/uploads\/sites\/42\/2013\/03\/p\u00e4\u00e4si\u00e4smunat-020.jpg\" width=\"400\" height=\"267\"><\/a> <a href=\"https:\/\/kylat.ekarjala.fi\/haapajarvi\/wp-content\/uploads\/sites\/42\/2013\/03\/munat-la-051aa.jpg\"><img loading=\"lazy\" decoding=\"async\" class=\"alignright size-full wp-image-945\" alt=\"munat-la-051aa\" src=\"https:\/\/kylat.ekarjala.fi\/haapajarvi\/wp-content\/uploads\/sites\/42\/2013\/03\/munat-la-051aa.jpg\" width=\"200\" height=\"300\"><\/a><a href=\"https:\/\/kylat.ekarjala.fi\/haapajarvi\/wp-content\/uploads\/sites\/42\/2013\/03\/munat-la-040aa.jpg\"><img loading=\"lazy\" decoding=\"async\" class=\"size-full wp-image-943 alignright\" alt=\"munat-la-040aa\" src=\"https:\/\/kylat.ekarjala.fi\/haapajarvi\/wp-content\/uploads\/sites\/42\/2013\/03\/munat-la-040aa.jpg\" width=\"200\" height=\"300\"><\/a><a href=\"https:\/\/kylat.ekarjala.fi\/haapajarvi\/wp-content\/uploads\/sites\/42\/2013\/03\/munat-la-054aa.jpg\"><img loading=\"lazy\" decoding=\"async\" class=\"alignright size-full wp-image-947\" alt=\"munat-la-054aa\" src=\"https:\/\/kylat.ekarjala.fi\/haapajarvi\/wp-content\/uploads\/sites\/42\/2013\/03\/munat-la-054aa.jpg\" width=\"200\" height=\"300\"><\/a><a href=\"https:\/\/kylat.ekarjala.fi\/haapajarvi\/wp-content\/uploads\/sites\/42\/2013\/03\/munat-la-059aa.jpg\"><img loading=\"lazy\" decoding=\"async\" class=\"size-full wp-image-948 alignleft\" alt=\"munat-la-059aa\" src=\"https:\/\/kylat.ekarjala.fi\/haapajarvi\/wp-content\/uploads\/sites\/42\/2013\/03\/munat-la-059aa.jpg\" width=\"200\" height=\"300\"><\/a><\/p>\n","protected":false},"excerpt":{"rendered":"<p>MAALISKUU 2013 N\u00e4in p\u00e4\u00e4si\u00e4isen l\u00e4hetyess\u00e4 esittelen&nbsp;tekemi\u00e4ni&nbsp;p\u00e4\u00e4si\u00e4ismunia. Niit\u00e4h\u00e4n ei ole koskaan liikaa, eih\u00e4n? Neuvon mielell\u00e4ni, jos joku innostuu aiheesta ja kiinnostuu askartelemaan n\u00e4it\u00e4. Helppoja tehd\u00e4 ja NIIN hauskaa! Hyv\u00e4\u00e4 P\u00e4\u00e4si\u00e4ist\u00e4! toivottaa&nbsp;Tarja &nbsp;<\/p>\n","protected":false},"author":103,"featured_media":919,"parent":957,"menu_order":1,"comment_status":"closed","ping_status":"open","template":"sidebar-page.php","meta":{"footnotes":""},"class_list":["post-885","page","type-page","status-publish","has-post-thumbnail","hentry"],"_links":{"self":[{"href":"https:\/\/kylat.ekarjala.fi\/haapajarvi\/wp-json\/wp\/v2\/pages\/885","targetHints":{"allow":["GET"]}}],"collection":[{"href":"https:\/\/kylat.ekarjala.fi\/haapajarvi\/wp-json\/wp\/v2\/pages"}],"about":[{"href":"https:\/\/kylat.ekarjala.fi\/haapajarvi\/wp-json\/wp\/v2\/types\/page"}],"author":[{"embeddable":true,"href":"https:\/\/kylat.ekarjala.fi\/haapajarvi\/wp-json\/wp\/v2\/users\/103"}],"replies":[{"embeddable":true,"href":"https:\/\/kylat.ekarjala.fi\/haapajarvi\/wp-json\/wp\/v2\/comments?post=885"}],"version-history":[{"count":20,"href":"https:\/\/kylat.ekarjala.fi\/haapajarvi\/wp-json\/wp\/v2\/pages\/885\/revisions"}],"predecessor-version":[{"id":2966,"href":"https:\/\/kylat.ekarjala.fi\/haapajarvi\/wp-json\/wp\/v2\/pages\/885\/revisions\/2966"}],"up":[{"embeddable":true,"href":"https:\/\/kylat.ekarjala.fi\/haapajarvi\/wp-json\/wp\/v2\/pages\/957"}],"wp:featuredmedia":[{"embeddable":true,"href":"https:\/\/kylat.ekarjala.fi\/haapajarvi\/wp-json\/wp\/v2\/media\/919"}],"wp:attachment":[{"href":"https:\/\/kylat.ekarjala.fi\/haapajarvi\/wp-json\/wp\/v2\/media?parent=885"}],"curies":[{"name":"wp","href":"https:\/\/api.w.org\/{rel}","templated":true}]}}