{"id":964,"date":"2013-04-01T12:39:53","date_gmt":"2013-04-01T12:39:53","guid":{"rendered":"https:\/\/kylat.ekarjala.fi\/haapajarvi\/?page_id=964"},"modified":"2021-04-19T09:57:56","modified_gmt":"2021-04-19T09:57:56","slug":"huhtikuu-2013","status":"publish","type":"page","link":"https:\/\/kylat.ekarjala.fi\/haapajarvi\/harrastukset\/kuukauden-kasityo-2\/huhtikuu-2013\/","title":{"rendered":"Huhtikuu 2013"},"content":{"rendered":"<p><strong>HUHTIKUU 2013<\/strong><\/p>\n<p><a href=\"https:\/\/kylat.ekarjala.fi\/haapajarvi\/wp-content\/uploads\/sites\/42\/2013\/04\/Eiran-kasityot-018a.jpg\"><img loading=\"lazy\" decoding=\"async\" class=\"alignleft size-full wp-image-983\" alt=\"Eiran-kasityot-018a\" src=\"https:\/\/kylat.ekarjala.fi\/haapajarvi\/wp-content\/uploads\/sites\/42\/2013\/04\/Eiran-kasityot-018a.jpg\" width=\"267\" height=\"400\"><\/a>Huhtikuun k\u00e4sity\u00f6n\u00e4 on esittelyvuorossa Eiran kauniit nypl\u00e4ykset. Eira on harrastanut nypl\u00e4yst\u00e4 l\u00e4hes 30 vuotta ja muutoinkin kaikenlaisia k\u00e4sit\u00f6it\u00e4 l\u00e4hes koko ik\u00e4ns\u00e4.<br \/>\nNypl\u00e4yst\u00f6it\u00e4&nbsp;l\u00f6ytyy kotoa, niit\u00e4 on annettu lahjoiksi ja viimeisimm\u00e4t taisivat tulla ulkoilup\u00e4iv\u00e4n arvontaan palkinnoksi.<\/p>\n<p>Ensimm\u00e4iset nypl\u00e4ysty\u00f6t ovat liinat, joissa on kankaasta tehty keskusta.<\/p>\n<p>Ristipistoty\u00f6 on Eiran ensimm\u00e4inen k\u00e4sity\u00f6 1940-luvulta.<br \/>\nTaulun nimi on Blankan ratsastaja.<\/p>\n<p>&nbsp;<\/p>\n<p>&nbsp;<\/p>\n<p>&nbsp;<\/p>\n<p>&nbsp;<\/p>\n<p><a href=\"https:\/\/kylat.ekarjala.fi\/haapajarvi\/wp-content\/uploads\/sites\/42\/2013\/04\/Eiran-kasityot-035a.jpg\"><img loading=\"lazy\" decoding=\"async\" class=\"alignnone size-full wp-image-985\" alt=\"Eiran-kasityot-035a\" src=\"https:\/\/kylat.ekarjala.fi\/haapajarvi\/wp-content\/uploads\/sites\/42\/2013\/04\/Eiran-kasityot-035a.jpg\" width=\"600\" height=\"400\"><\/a><a href=\"https:\/\/kylat.ekarjala.fi\/haapajarvi\/wp-content\/uploads\/sites\/42\/2013\/04\/Eiran-kasityot-039a.jpg\"><img loading=\"lazy\" decoding=\"async\" class=\"alignnone size-full wp-image-984\" alt=\"Eiran-kasityot-039a\" src=\"https:\/\/kylat.ekarjala.fi\/haapajarvi\/wp-content\/uploads\/sites\/42\/2013\/04\/Eiran-kasityot-039a.jpg\" width=\"600\" height=\"400\"><\/a><\/p>\n<p style=\"text-align: center\"><a href=\"https:\/\/kylat.ekarjala.fi\/haapajarvi\/wp-content\/uploads\/sites\/42\/2013\/04\/Eiran-kasityot-037a.jpg\"><img loading=\"lazy\" decoding=\"async\" class=\"alignnone size-full wp-image-986\" alt=\"Eiran-kasityot-037a\" src=\"https:\/\/kylat.ekarjala.fi\/haapajarvi\/wp-content\/uploads\/sites\/42\/2013\/04\/Eiran-kasityot-037a.jpg\" width=\"267\" height=\"400\"><\/a> <a href=\"https:\/\/kylat.ekarjala.fi\/haapajarvi\/wp-content\/uploads\/sites\/42\/2013\/04\/Eiran-kasityot-042.jpg\"><img loading=\"lazy\" decoding=\"async\" class=\"wp-image-987 aligncenter\" alt=\"Eiran-kasityot-042\" src=\"https:\/\/kylat.ekarjala.fi\/haapajarvi\/wp-content\/uploads\/sites\/42\/2013\/04\/Eiran-kasityot-042.jpg\" width=\"240\" height=\"360\"><\/a> <a href=\"https:\/\/kylat.ekarjala.fi\/haapajarvi\/wp-content\/uploads\/sites\/42\/2013\/04\/Eiran-kasityot-044a.jpg\"><img loading=\"lazy\" decoding=\"async\" class=\"wp-image-988 alignleft\" alt=\"Eiran-kasityot-044a\" src=\"https:\/\/kylat.ekarjala.fi\/haapajarvi\/wp-content\/uploads\/sites\/42\/2013\/04\/Eiran-kasityot-044a.jpg\" width=\"220\" height=\"330\"><\/a> <a href=\"https:\/\/kylat.ekarjala.fi\/haapajarvi\/wp-content\/uploads\/sites\/42\/2013\/04\/Eiran-kasityot-047a.jpg\"><img loading=\"lazy\" decoding=\"async\" class=\"wp-image-989 alignleft\" alt=\"Eiran-kasityot-047a\" src=\"https:\/\/kylat.ekarjala.fi\/haapajarvi\/wp-content\/uploads\/sites\/42\/2013\/04\/Eiran-kasityot-047a.jpg\" width=\"240\" height=\"360\"><\/a><\/p>\n<p>&nbsp;<\/p>\n<p><a href=\"https:\/\/kylat.ekarjala.fi\/haapajarvi\/wp-content\/uploads\/sites\/42\/2013\/04\/Eiran-kasityot-142.jpg\"><img loading=\"lazy\" decoding=\"async\" class=\" wp-image-997 alignnone\" alt=\"Eiran-kasityot-142\" src=\"https:\/\/kylat.ekarjala.fi\/haapajarvi\/wp-content\/uploads\/sites\/42\/2013\/04\/Eiran-kasityot-142.jpg\" width=\"390\" height=\"260\"><\/a><\/p>\n<p><a href=\"https:\/\/kylat.ekarjala.fi\/haapajarvi\/wp-content\/uploads\/sites\/42\/2013\/04\/Eiran-kasityot-055a.jpg\"><img loading=\"lazy\" decoding=\"async\" class=\"alignnone size-full wp-image-990\" alt=\"Eiran-kasityot-055a\" src=\"https:\/\/kylat.ekarjala.fi\/haapajarvi\/wp-content\/uploads\/sites\/42\/2013\/04\/Eiran-kasityot-055a.jpg\" width=\"600\" height=\"400\"><\/a> <a href=\"https:\/\/kylat.ekarjala.fi\/haapajarvi\/wp-content\/uploads\/sites\/42\/2013\/04\/Eiran-kasityot-061a.jpg\"><img loading=\"lazy\" decoding=\"async\" class=\"alignnone size-full wp-image-991\" alt=\"Eiran-kasityot-061a\" src=\"https:\/\/kylat.ekarjala.fi\/haapajarvi\/wp-content\/uploads\/sites\/42\/2013\/04\/Eiran-kasityot-061a.jpg\" width=\"600\" height=\"400\"><\/a><\/p>\n<p><a href=\"https:\/\/kylat.ekarjala.fi\/haapajarvi\/wp-content\/uploads\/sites\/42\/2013\/04\/Eiran-kasityot-144.jpg\"><img loading=\"lazy\" decoding=\"async\" class=\"alignnone  wp-image-998\" alt=\"Eiran-kasityot-144\" src=\"https:\/\/kylat.ekarjala.fi\/haapajarvi\/wp-content\/uploads\/sites\/42\/2013\/04\/Eiran-kasityot-144.jpg\" width=\"259\" height=\"390\"><\/a><\/p>\n<p><a href=\"https:\/\/kylat.ekarjala.fi\/haapajarvi\/wp-content\/uploads\/sites\/42\/2013\/04\/Eiran-kasityot-149.jpg\"><img loading=\"lazy\" decoding=\"async\" class=\"alignnone size-full wp-image-999\" alt=\"Eiran-kasityot-149\" src=\"https:\/\/kylat.ekarjala.fi\/haapajarvi\/wp-content\/uploads\/sites\/42\/2013\/04\/Eiran-kasityot-149.jpg\" width=\"600\" height=\"400\"><\/a><\/p>\n<p><a href=\"https:\/\/kylat.ekarjala.fi\/haapajarvi\/wp-content\/uploads\/sites\/42\/2013\/04\/Eiran-kasityot-127.jpg\"><img loading=\"lazy\" decoding=\"async\" class=\"alignnone size-full wp-image-996\" alt=\"Eiran-kasityot-127\" src=\"https:\/\/kylat.ekarjala.fi\/haapajarvi\/wp-content\/uploads\/sites\/42\/2013\/04\/Eiran-kasityot-127.jpg\" width=\"600\" height=\"400\"><\/a><\/p>\n<p><a href=\"https:\/\/kylat.ekarjala.fi\/haapajarvi\/wp-content\/uploads\/sites\/42\/2013\/04\/Eiran-kasityot-067a.jpg\"><img loading=\"lazy\" decoding=\"async\" class=\"alignnone size-full wp-image-992\" alt=\"Eiran-kasityot-067a\" src=\"https:\/\/kylat.ekarjala.fi\/haapajarvi\/wp-content\/uploads\/sites\/42\/2013\/04\/Eiran-kasityot-067a.jpg\" width=\"600\" height=\"400\"><\/a><\/p>\n<p><a href=\"https:\/\/kylat.ekarjala.fi\/haapajarvi\/wp-content\/uploads\/sites\/42\/2013\/04\/Eiran-kasityot-073a.jpg\"><img loading=\"lazy\" decoding=\"async\" class=\"alignnone size-full wp-image-994\" alt=\"Eiran-kasityot-073a\" src=\"https:\/\/kylat.ekarjala.fi\/haapajarvi\/wp-content\/uploads\/sites\/42\/2013\/04\/Eiran-kasityot-073a.jpg\" width=\"600\" height=\"400\"><\/a><\/p>\n<p><a href=\"https:\/\/kylat.ekarjala.fi\/haapajarvi\/wp-content\/uploads\/sites\/42\/2013\/04\/Eiran-kasityot-071a.jpg\"><img loading=\"lazy\" decoding=\"async\" class=\"alignnone size-full wp-image-993\" alt=\"Eiran-kasityot-071a\" src=\"https:\/\/kylat.ekarjala.fi\/haapajarvi\/wp-content\/uploads\/sites\/42\/2013\/04\/Eiran-kasityot-071a.jpg\" width=\"600\" height=\"400\"><\/a><\/p>\n<p><a href=\"https:\/\/kylat.ekarjala.fi\/haapajarvi\/wp-content\/uploads\/sites\/42\/2013\/04\/Eiran-kasityot-079.jpg\"><img loading=\"lazy\" decoding=\"async\" class=\"alignnone size-full wp-image-995\" alt=\"Eiran-kasityot-079\" src=\"https:\/\/kylat.ekarjala.fi\/haapajarvi\/wp-content\/uploads\/sites\/42\/2013\/04\/Eiran-kasityot-079.jpg\" width=\"600\" height=\"400\"><\/a><\/p>\n<p>&nbsp;<\/p>\n<p>&nbsp;<\/p>\n","protected":false},"excerpt":{"rendered":"<p>HUHTIKUU 2013 Huhtikuun k\u00e4sity\u00f6n\u00e4 on esittelyvuorossa Eiran kauniit nypl\u00e4ykset. Eira on harrastanut nypl\u00e4yst\u00e4 l\u00e4hes 30 vuotta ja muutoinkin kaikenlaisia k\u00e4sit\u00f6it\u00e4 l\u00e4hes koko ik\u00e4ns\u00e4. Nypl\u00e4yst\u00f6it\u00e4&nbsp;l\u00f6ytyy kotoa, niit\u00e4 on annettu lahjoiksi ja viimeisimm\u00e4t taisivat tulla ulkoilup\u00e4iv\u00e4n arvontaan palkinnoksi. Ensimm\u00e4iset nypl\u00e4ysty\u00f6t ovat liinat, &hellip; <a href=\"https:\/\/kylat.ekarjala.fi\/haapajarvi\/harrastukset\/kuukauden-kasityo-2\/huhtikuu-2013\/\">Lue loppuun <span class=\"meta-nav\">&rarr;<\/span><\/a><\/p>\n","protected":false},"author":103,"featured_media":0,"parent":957,"menu_order":2,"comment_status":"closed","ping_status":"open","template":"sidebar-page.php","meta":{"footnotes":""},"class_list":["post-964","page","type-page","status-publish","hentry"],"_links":{"self":[{"href":"https:\/\/kylat.ekarjala.fi\/haapajarvi\/wp-json\/wp\/v2\/pages\/964","targetHints":{"allow":["GET"]}}],"collection":[{"href":"https:\/\/kylat.ekarjala.fi\/haapajarvi\/wp-json\/wp\/v2\/pages"}],"about":[{"href":"https:\/\/kylat.ekarjala.fi\/haapajarvi\/wp-json\/wp\/v2\/types\/page"}],"author":[{"embeddable":true,"href":"https:\/\/kylat.ekarjala.fi\/haapajarvi\/wp-json\/wp\/v2\/users\/103"}],"replies":[{"embeddable":true,"href":"https:\/\/kylat.ekarjala.fi\/haapajarvi\/wp-json\/wp\/v2\/comments?post=964"}],"version-history":[{"count":9,"href":"https:\/\/kylat.ekarjala.fi\/haapajarvi\/wp-json\/wp\/v2\/pages\/964\/revisions"}],"predecessor-version":[{"id":2965,"href":"https:\/\/kylat.ekarjala.fi\/haapajarvi\/wp-json\/wp\/v2\/pages\/964\/revisions\/2965"}],"up":[{"embeddable":true,"href":"https:\/\/kylat.ekarjala.fi\/haapajarvi\/wp-json\/wp\/v2\/pages\/957"}],"wp:attachment":[{"href":"https:\/\/kylat.ekarjala.fi\/haapajarvi\/wp-json\/wp\/v2\/media?parent=964"}],"curies":[{"name":"wp","href":"https:\/\/api.w.org\/{rel}","templated":true}]}}