{"id":1150,"date":"2022-06-06T12:09:17","date_gmt":"2022-06-06T10:09:17","guid":{"rendered":"https:\/\/kylat.ekarjala.fi\/huhtanen\/?page_id=1150"},"modified":"2023-12-27T09:16:56","modified_gmt":"2023-12-27T07:16:56","slug":"kyla","status":"publish","type":"page","link":"https:\/\/kylat.ekarjala.fi\/huhtanen\/kyla\/","title":{"rendered":"Kyl\u00e4"},"content":{"rendered":"\t\t<div data-elementor-type=\"wp-page\" data-elementor-id=\"1150\" class=\"elementor elementor-1150\" data-elementor-post-type=\"page\">\n\t\t\t\t\t\t<section class=\"elementor-section elementor-top-section elementor-element elementor-element-f25a1b0 elementor-section-height-min-height elementor-section-boxed elementor-section-height-default elementor-section-items-middle\" data-id=\"f25a1b0\" data-element_type=\"section\" data-e-type=\"section\" data-settings=\"{&quot;background_background&quot;:&quot;classic&quot;}\">\n\t\t\t\t\t\t\t<div class=\"elementor-background-overlay\"><\/div>\n\t\t\t\t\t\t\t<div class=\"elementor-container elementor-column-gap-default\">\n\t\t\t\t\t<div class=\"elementor-column elementor-col-100 elementor-top-column elementor-element elementor-element-568f10a\" data-id=\"568f10a\" data-element_type=\"column\" data-e-type=\"column\">\n\t\t\t<div class=\"elementor-widget-wrap elementor-element-populated\">\n\t\t\t\t\t\t<div class=\"elementor-element elementor-element-edc7d61 elementor-hidden-tablet elementor-hidden-mobile elementor-invisible elementor-widget elementor-widget-heading\" data-id=\"edc7d61\" data-element_type=\"widget\" data-e-type=\"widget\" data-settings=\"{&quot;_animation&quot;:&quot;fadeIn&quot;}\" data-widget_type=\"heading.default\">\n\t\t\t\t<div class=\"elementor-widget-container\">\n\t\t\t\t\t<h2 class=\"elementor-heading-title elementor-size-default\">Kyl\u00e4 ja asukasyhdistys<\/h2>\t\t\t\t<\/div>\n\t\t\t\t<\/div>\n\t\t\t\t\t<\/div>\n\t\t<\/div>\n\t\t\t\t\t<\/div>\n\t\t<\/section>\n\t\t\t\t<section class=\"elementor-section elementor-top-section elementor-element elementor-element-c5451cf elementor-section-boxed elementor-section-height-default elementor-section-height-default\" data-id=\"c5451cf\" data-element_type=\"section\" data-e-type=\"section\">\n\t\t\t\t\t\t<div class=\"elementor-container elementor-column-gap-default\">\n\t\t\t\t\t<div class=\"elementor-column elementor-col-100 elementor-top-column elementor-element elementor-element-895b572\" data-id=\"895b572\" data-element_type=\"column\" data-e-type=\"column\">\n\t\t\t<div class=\"elementor-widget-wrap elementor-element-populated\">\n\t\t\t\t\t\t<div class=\"elementor-element elementor-element-c46fbc6 elementor-widget elementor-widget-spacer\" data-id=\"c46fbc6\" data-element_type=\"widget\" data-e-type=\"widget\" data-widget_type=\"spacer.default\">\n\t\t\t\t<div class=\"elementor-widget-container\">\n\t\t\t\t\t\t\t<div class=\"elementor-spacer\">\n\t\t\t<div class=\"elementor-spacer-inner\"><\/div>\n\t\t<\/div>\n\t\t\t\t\t\t<\/div>\n\t\t\t\t<\/div>\n\t\t\t\t<section class=\"elementor-section elementor-inner-section elementor-element elementor-element-c6d33cf elementor-section-boxed elementor-section-height-default elementor-section-height-default\" data-id=\"c6d33cf\" data-element_type=\"section\" data-e-type=\"section\">\n\t\t\t\t\t\t<div class=\"elementor-container elementor-column-gap-default\">\n\t\t\t\t\t<div class=\"elementor-column elementor-col-50 elementor-inner-column elementor-element elementor-element-826a4a1\" data-id=\"826a4a1\" data-element_type=\"column\" data-e-type=\"column\">\n\t\t\t<div class=\"elementor-widget-wrap elementor-element-populated\">\n\t\t\t\t\t\t<div class=\"elementor-element elementor-element-ea632a5 elementor-widget elementor-widget-text-editor\" data-id=\"ea632a5\" data-element_type=\"widget\" data-e-type=\"widget\" data-widget_type=\"text-editor.default\">\n\t\t\t\t<div class=\"elementor-widget-container\">\n\t\t\t\t\t\t\t\t\t<p><!-- [if gte mso 9]&gt;--><\/p><p><!-- [if gte mso 9]&gt;--><\/p><h4 style=\"text-align: left\"><span style=\"font-style: inherit;font-weight: inherit\">Kyl\u00e4<\/span><\/h4><p style=\"text-align: left\"><span style=\"font-style: inherit;font-weight: inherit\">Immalanj\u00e4rven it\u00e4rannalla sijaitseva <\/span><em style=\"font-weight: inherit\">Huhtasenkyl\u00e4<\/em><span style=\"font-style: inherit;font-weight: inherit\"> on viihtyis\u00e4, eri-ik\u00e4isten ihmisten asuinpaikka luonnon keskell\u00e4, mutta l\u00e4hell\u00e4 palveluja.<\/span><\/p><p style=\"text-align: left\">Pohjoispuolelta <em>kyl\u00e4<\/em> rajautuu Immolan lentokentt\u00e4\u00e4n ja varuskunta-alueeseen, id\u00e4st\u00e4 Lassilan ja Puntalan <em>kyliin<\/em>. Osa Huhtasenkyl\u00e4st\u00e4 sijaitsee Imatran\u00a0kaupungin puolella.<\/p>\t\t\t\t\t\t\t\t<\/div>\n\t\t\t\t<\/div>\n\t\t\t\t<div class=\"elementor-element elementor-element-6957400 elementor-widget elementor-widget-text-editor\" data-id=\"6957400\" data-element_type=\"widget\" data-e-type=\"widget\" data-widget_type=\"text-editor.default\">\n\t\t\t\t<div class=\"elementor-widget-container\">\n\t\t\t\t\t\t\t\t\t<h4><b>Asukasyhdistys<\/b><\/h4><p>Asukasyhdistys on perustettu 27.3.1983. Asukasyhdistyksen ensimm\u00e4inen puheenjohtaja oli Antti V\u00e4is\u00e4nen ja sihteeri Minna Tarkiainen.<\/p><p>Asukasyhdistyksen tarkoituksena on kehitt\u00e4\u00e4 asukkaiden viihtyvyytt\u00e4 ja harrastusmahdollisuuksia omalla asuinalueellaan ja viestitt\u00e4\u00e4 Ruokolahden kunnan p\u00e4\u00e4tt\u00e4jille asukkaiden toiveet ja tarpeet.<\/p><p>Tavoitteena on saada asukkaat toimimaan kyl\u00e4yhteis\u00f6n kehitt\u00e4miseksi.<\/p><p>Asukasyhdistyksen j\u00e4senist\u00f6n muodostavat Ruokolahden Huhtasenkyl\u00e4n vakituiset ja vapaa-ajan asunnon omistavat asukkaat.<\/p><p>Vuosikokouksessa valitaan yhdistyksen johtokunta kyl\u00e4l\u00e4isten keskuudesta.<\/p>\t\t\t\t\t\t\t\t<\/div>\n\t\t\t\t<\/div>\n\t\t\t\t\t<\/div>\n\t\t<\/div>\n\t\t\t\t<div class=\"elementor-column elementor-col-50 elementor-inner-column elementor-element elementor-element-a4013dc\" data-id=\"a4013dc\" data-element_type=\"column\" data-e-type=\"column\">\n\t\t\t<div class=\"elementor-widget-wrap elementor-element-populated\">\n\t\t\t\t\t\t<div class=\"elementor-element elementor-element-c686bf7 elementor-widget elementor-widget-image\" data-id=\"c686bf7\" data-element_type=\"widget\" data-e-type=\"widget\" data-widget_type=\"image.default\">\n\t\t\t\t<div class=\"elementor-widget-container\">\n\t\t\t\t\t\t\t\t\t\t\t\t\t\t\t<img fetchpriority=\"high\" decoding=\"async\" width=\"2560\" height=\"1920\" src=\"https:\/\/kylat.ekarjala.fi\/huhtanen\/wp-content\/uploads\/sites\/10\/2022\/10\/20220919_182509-scaled.jpg\" class=\"attachment-full size-full wp-image-1663\" alt=\"\" srcset=\"https:\/\/kylat.ekarjala.fi\/huhtanen\/wp-content\/uploads\/sites\/10\/2022\/10\/20220919_182509-scaled.jpg 2560w, https:\/\/kylat.ekarjala.fi\/huhtanen\/wp-content\/uploads\/sites\/10\/2022\/10\/20220919_182509-300x225.jpg 300w, https:\/\/kylat.ekarjala.fi\/huhtanen\/wp-content\/uploads\/sites\/10\/2022\/10\/20220919_182509-1024x768.jpg 1024w, https:\/\/kylat.ekarjala.fi\/huhtanen\/wp-content\/uploads\/sites\/10\/2022\/10\/20220919_182509-768x576.jpg 768w, https:\/\/kylat.ekarjala.fi\/huhtanen\/wp-content\/uploads\/sites\/10\/2022\/10\/20220919_182509-1536x1152.jpg 1536w, https:\/\/kylat.ekarjala.fi\/huhtanen\/wp-content\/uploads\/sites\/10\/2022\/10\/20220919_182509-2048x1536.jpg 2048w\" sizes=\"(max-width: 2560px) 100vw, 2560px\" \/>\t\t\t\t\t\t\t\t\t\t\t\t\t\t\t<\/div>\n\t\t\t\t<\/div>\n\t\t\t\t\t<\/div>\n\t\t<\/div>\n\t\t\t\t\t<\/div>\n\t\t<\/section>\n\t\t\t\t\t<\/div>\n\t\t<\/div>\n\t\t\t\t\t<\/div>\n\t\t<\/section>\n\t\t\t\t<section class=\"elementor-section elementor-top-section elementor-element elementor-element-2f75d82 elementor-section-boxed elementor-section-height-default elementor-section-height-default\" data-id=\"2f75d82\" data-element_type=\"section\" data-e-type=\"section\">\n\t\t\t\t\t\t<div class=\"elementor-container elementor-column-gap-default\">\n\t\t\t\t\t<div class=\"elementor-column elementor-col-50 elementor-top-column elementor-element elementor-element-b69341a\" data-id=\"b69341a\" data-element_type=\"column\" data-e-type=\"column\">\n\t\t\t<div class=\"elementor-widget-wrap elementor-element-populated\">\n\t\t\t\t\t\t\t<\/div>\n\t\t<\/div>\n\t\t\t\t<div class=\"elementor-column elementor-col-50 elementor-top-column elementor-element elementor-element-b118412\" data-id=\"b118412\" data-element_type=\"column\" data-e-type=\"column\">\n\t\t\t<div class=\"elementor-widget-wrap\">\n\t\t\t\t\t\t\t<\/div>\n\t\t<\/div>\n\t\t\t\t\t<\/div>\n\t\t<\/section>\n\t\t\t\t<\/div>\n\t\t","protected":false},"excerpt":{"rendered":"<p>\/*! elementor &#8211; v3.18.0 &#8211; 20-12-2023 *\/ .elementor-heading-title{padding:0;margin:0;line-height:1}.elementor-widget-heading .elementor-heading-title[class*=elementor-size-]&gt;a{color:inherit;font-size:inherit;line-height:inherit}.elementor-widget-heading .elementor-heading-title.elementor-size-small{font-size:15px}.elementor-widget-heading .elementor-heading-title.elementor-size-medium{font-size:19px}.elementor-widget-heading .elementor-heading-title.elementor-size-large{font-size:29px}.elementor-widget-heading .elementor-heading-title.elementor-size-xl{font-size:39px}.elementor-widget-heading .elementor-heading-title.elementor-size-xxl{font-size:59px} Kyl\u00e4 ja asukasyhdistys \/*! elementor &#8211; v3.18.0 &#8211; 20-12-2023 *\/ .elementor-column .elementor-spacer-inner{height:var(&#8211;spacer-size)}.e-con{&#8211;container-widget-width:100%}.e-con-inner&gt;.elementor-widget-spacer,.e-con&gt;.elementor-widget-spacer{width:var(&#8211;container-widget-width,var(&#8211;spacer-size));&#8211;align-self:var(&#8211;container-widget-align-self,initial);&#8211;flex-shrink:0}.e-con-inner&gt;.elementor-widget-spacer&gt;.elementor-widget-container,.e-con&gt;.elementor-widget-spacer&gt;.elementor-widget-container{height:100%;width:100%}.e-con-inner&gt;.elementor-widget-spacer&gt;.elementor-widget-container&gt;.elementor-spacer,.e-con&gt;.elementor-widget-spacer&gt;.elementor-widget-container&gt;.elementor-spacer{height:100%}.e-con-inner&gt;.elementor-widget-spacer&gt;.elementor-widget-container&gt;.elementor-spacer&gt;.elementor-spacer-inner,.e-con&gt;.elementor-widget-spacer&gt;.elementor-widget-container&gt;.elementor-spacer&gt;.elementor-spacer-inner{height:var(&#8211;container-widget-height,var(&#8211;spacer-size))}.e-con-inner&gt;.elementor-widget-spacer.elementor-widget-empty,.e-con&gt;.elementor-widget-spacer.elementor-widget-empty{position:relative;min-height:22px;min-width:22px}.e-con-inner&gt;.elementor-widget-spacer.elementor-widget-empty .elementor-widget-empty-icon,.e-con&gt;.elementor-widget-spacer.elementor-widget-empty .elementor-widget-empty-icon{position:absolute;top:0;bottom:0;left:0;right:0;margin:auto;padding:0;width:22px;height:22px} Kyl\u00e4 Immalanj\u00e4rven it\u00e4rannalla sijaitseva Huhtasenkyl\u00e4 on viihtyis\u00e4, eri-ik\u00e4isten ihmisten asuinpaikka luonnon keskell\u00e4, mutta l\u00e4hell\u00e4 palveluja. Pohjoispuolelta kyl\u00e4 rajautuu Immolan lentokentt\u00e4\u00e4n ja varuskunta-alueeseen, id\u00e4st\u00e4 Lassilan ja Puntalan kyliin. [&hellip;]<\/p>\n","protected":false},"author":175,"featured_media":0,"parent":0,"menu_order":0,"comment_status":"closed","ping_status":"closed","template":"","meta":{"site-sidebar-layout":"no-sidebar","site-content-layout":"page-builder","ast-site-content-layout":"default","site-content-style":"default","site-sidebar-style":"default","ast-global-header-display":"","ast-banner-title-visibility":"","ast-main-header-display":"","ast-hfb-above-header-display":"","ast-hfb-below-header-display":"","ast-hfb-mobile-header-display":"","site-post-title":"disabled","ast-breadcrumbs-content":"","ast-featured-img":"disabled","footer-sml-layout":"","ast-disable-related-posts":"","theme-transparent-header-meta":"","adv-header-id-meta":"","stick-header-meta":"","header-above-stick-meta":"","header-main-stick-meta":"","header-below-stick-meta":"","astra-migrate-meta-layouts":"default","ast-page-background-enabled":"default","ast-page-background-meta":{"desktop":{"background-color":"","background-image":"","background-repeat":"repeat","background-position":"center center","background-size":"auto","background-attachment":"scroll","background-type":"","background-media":"","overlay-type":"","overlay-color":"","overlay-opacity":"","overlay-gradient":""},"tablet":{"background-color":"","background-image":"","background-repeat":"repeat","background-position":"center center","background-size":"auto","background-attachment":"scroll","background-type":"","background-media":"","overlay-type":"","overlay-color":"","overlay-opacity":"","overlay-gradient":""},"mobile":{"background-color":"","background-image":"","background-repeat":"repeat","background-position":"center center","background-size":"auto","background-attachment":"scroll","background-type":"","background-media":"","overlay-type":"","overlay-color":"","overlay-opacity":"","overlay-gradient":""}},"ast-content-background-meta":{"desktop":{"background-color":"var(--ast-global-color-5)","background-image":"","background-repeat":"repeat","background-position":"center center","background-size":"auto","background-attachment":"scroll","background-type":"","background-media":"","overlay-type":"","overlay-color":"","overlay-opacity":"","overlay-gradient":""},"tablet":{"background-color":"var(--ast-global-color-5)","background-image":"","background-repeat":"repeat","background-position":"center center","background-size":"auto","background-attachment":"scroll","background-type":"","background-media":"","overlay-type":"","overlay-color":"","overlay-opacity":"","overlay-gradient":""},"mobile":{"background-color":"var(--ast-global-color-5)","background-image":"","background-repeat":"repeat","background-position":"center center","background-size":"auto","background-attachment":"scroll","background-type":"","background-media":"","overlay-type":"","overlay-color":"","overlay-opacity":"","overlay-gradient":""}},"footnotes":""},"class_list":["post-1150","page","type-page","status-publish","hentry"],"_links":{"self":[{"href":"https:\/\/kylat.ekarjala.fi\/huhtanen\/wp-json\/wp\/v2\/pages\/1150","targetHints":{"allow":["GET"]}}],"collection":[{"href":"https:\/\/kylat.ekarjala.fi\/huhtanen\/wp-json\/wp\/v2\/pages"}],"about":[{"href":"https:\/\/kylat.ekarjala.fi\/huhtanen\/wp-json\/wp\/v2\/types\/page"}],"author":[{"embeddable":true,"href":"https:\/\/kylat.ekarjala.fi\/huhtanen\/wp-json\/wp\/v2\/users\/175"}],"replies":[{"embeddable":true,"href":"https:\/\/kylat.ekarjala.fi\/huhtanen\/wp-json\/wp\/v2\/comments?post=1150"}],"version-history":[{"count":20,"href":"https:\/\/kylat.ekarjala.fi\/huhtanen\/wp-json\/wp\/v2\/pages\/1150\/revisions"}],"predecessor-version":[{"id":3126,"href":"https:\/\/kylat.ekarjala.fi\/huhtanen\/wp-json\/wp\/v2\/pages\/1150\/revisions\/3126"}],"wp:attachment":[{"href":"https:\/\/kylat.ekarjala.fi\/huhtanen\/wp-json\/wp\/v2\/media?parent=1150"}],"curies":[{"name":"wp","href":"https:\/\/api.w.org\/{rel}","templated":true}]}}