{"id":4,"date":"2018-11-27T09:16:54","date_gmt":"2018-11-27T07:16:54","guid":{"rendered":"https:\/\/kylat.ekarjala.fi\/huttula\/home\/"},"modified":"2026-04-19T20:54:38","modified_gmt":"2026-04-19T17:54:38","slug":"etusivu-2","status":"publish","type":"page","link":"https:\/\/kylat.ekarjala.fi\/huttula\/","title":{"rendered":"Etusivu"},"content":{"rendered":"\t\t<div data-elementor-type=\"wp-page\" data-elementor-id=\"4\" class=\"elementor elementor-4\" data-elementor-post-type=\"page\">\n\t\t\t\t\t\t<section class=\"elementor-section elementor-top-section elementor-element elementor-element-c50838b elementor-section-height-min-height elementor-section-boxed elementor-section-height-default elementor-section-items-middle\" data-id=\"c50838b\" data-element_type=\"section\" data-e-type=\"section\" data-settings=\"{&quot;background_background&quot;:&quot;classic&quot;}\">\n\t\t\t\t\t\t\t<div class=\"elementor-background-overlay\"><\/div>\n\t\t\t\t\t\t\t<div class=\"elementor-container elementor-column-gap-default\">\n\t\t\t\t\t<div class=\"elementor-column elementor-col-100 elementor-top-column elementor-element elementor-element-55b0429\" data-id=\"55b0429\" data-element_type=\"column\" data-e-type=\"column\">\n\t\t\t<div class=\"elementor-widget-wrap elementor-element-populated\">\n\t\t\t\t\t\t<div class=\"elementor-element elementor-element-453e782 elementor-widget elementor-widget-heading\" data-id=\"453e782\" data-element_type=\"widget\" data-e-type=\"widget\" data-widget_type=\"heading.default\">\n\t\t\t\t<div class=\"elementor-widget-container\">\n\t\t\t\t\t<h1 class=\"elementor-heading-title elementor-size-xxl\">hUTTULAN SEUDUN KYL\u00c4YHDISTYS Ry<\/h1>\t\t\t\t<\/div>\n\t\t\t\t<\/div>\n\t\t\t\t<div class=\"elementor-element elementor-element-d69b4a0 elementor-view-default elementor-widget elementor-widget-icon\" data-id=\"d69b4a0\" data-element_type=\"widget\" data-e-type=\"widget\" data-widget_type=\"icon.default\">\n\t\t\t\t<div class=\"elementor-widget-container\">\n\t\t\t\t\t\t\t<div class=\"elementor-icon-wrapper\">\n\t\t\t<a class=\"elementor-icon elementor-animation-pulse\" href=\"#esittely\">\n\t\t\t<i aria-hidden=\"true\" class=\"fas fa-angle-down\"><\/i>\t\t\t<\/a>\n\t\t<\/div>\n\t\t\t\t\t\t<\/div>\n\t\t\t\t<\/div>\n\t\t\t\t\t<\/div>\n\t\t<\/div>\n\t\t\t\t\t<\/div>\n\t\t<\/section>\n\t\t\t\t<section class=\"elementor-section elementor-top-section elementor-element elementor-element-884fd42 elementor-section-boxed elementor-section-height-default elementor-section-height-default\" data-id=\"884fd42\" data-element_type=\"section\" data-e-type=\"section\" id=\"esittely\">\n\t\t\t\t\t\t<div class=\"elementor-container elementor-column-gap-default\">\n\t\t\t\t\t<div class=\"elementor-column elementor-col-100 elementor-top-column elementor-element elementor-element-f9e3c04\" data-id=\"f9e3c04\" data-element_type=\"column\" data-e-type=\"column\">\n\t\t\t<div class=\"elementor-widget-wrap elementor-element-populated\">\n\t\t\t\t\t\t<div class=\"elementor-element elementor-element-0ed972b elementor-widget elementor-widget-spacer\" data-id=\"0ed972b\" data-element_type=\"widget\" data-e-type=\"widget\" data-widget_type=\"spacer.default\">\n\t\t\t\t<div class=\"elementor-widget-container\">\n\t\t\t\t\t\t\t<div class=\"elementor-spacer\">\n\t\t\t<div class=\"elementor-spacer-inner\"><\/div>\n\t\t<\/div>\n\t\t\t\t\t\t<\/div>\n\t\t\t\t<\/div>\n\t\t\t\t<div class=\"elementor-element elementor-element-c5da84b elementor-widget elementor-widget-text-editor\" data-id=\"c5da84b\" data-element_type=\"widget\" data-e-type=\"widget\" data-widget_type=\"text-editor.default\">\n\t\t\t\t<div class=\"elementor-widget-container\">\n\t\t\t\t\t\t\t\t\t<p style=\"text-align: center\">Tervetuloa Huttulan seudun kyl\u00e4yhdistyksen nettisivuille. Huttulan seutu sijaitsee Lemin pohjoisosassa. <br \/>Huttulan kyl\u00e4toimikunta on perustettu 6.11.1988, nimi on muutettu kev\u00e4\u00e4ll\u00e4 2000 Huttulan seudun kyl\u00e4yhdistys ry:ksi.<\/p><p style=\"text-align: center\">Yhdistyksen toimialue kattaa 17 kyl\u00e4\u00e4.<\/p><p style=\"text-align: center\">Lemin kunnasta: Tevaniemi, Heikkeri, Parkkola, Metsola, Huttula, Salmenkyl\u00e4, Tynnyrkyl\u00e4, Turunkyl\u00e4, Ruohiala, Olkkosenkyl\u00e4, Hyv\u00e4ril\u00e4, Kangasm\u00e4ki, Vainikkala ja J\u00e4rvenp\u00e4\u00e4 sek\u00e4 Taipalsaaren kunnasta: Pienhaikkaanlahti, Mielakka ja Kuitto.<\/p><p style=\"text-align: center\">Kaikki kyl\u00e4yhdistyksen toimialueella vakituisesti asuvat sek\u00e4 kes\u00e4asukkaat ovat l\u00e4mpim\u00e4sti tervetulleita mukaan toimintaan ja tapahtumiin. Kyl\u00e4yhdistyksell\u00e4 ei ole j\u00e4senmaksua eik\u00e4 liittymismaksua.<\/p>\t\t\t\t\t\t\t\t<\/div>\n\t\t\t\t<\/div>\n\t\t\t\t<div class=\"elementor-element elementor-element-cd64e3e elementor-widget elementor-widget-spacer\" data-id=\"cd64e3e\" data-element_type=\"widget\" data-e-type=\"widget\" data-widget_type=\"spacer.default\">\n\t\t\t\t<div class=\"elementor-widget-container\">\n\t\t\t\t\t\t\t<div class=\"elementor-spacer\">\n\t\t\t<div class=\"elementor-spacer-inner\"><\/div>\n\t\t<\/div>\n\t\t\t\t\t\t<\/div>\n\t\t\t\t<\/div>\n\t\t\t\t\t<\/div>\n\t\t<\/div>\n\t\t\t\t\t<\/div>\n\t\t<\/section>\n\t\t\t\t<section class=\"elementor-section elementor-top-section elementor-element elementor-element-01ffef0 elementor-section-boxed elementor-section-height-default elementor-section-height-default\" data-id=\"01ffef0\" data-element_type=\"section\" data-e-type=\"section\" data-settings=\"{&quot;background_background&quot;:&quot;classic&quot;}\">\n\t\t\t\t\t\t<div class=\"elementor-container elementor-column-gap-default\">\n\t\t\t\t\t<div class=\"elementor-column elementor-col-100 elementor-top-column elementor-element elementor-element-0aa0836\" data-id=\"0aa0836\" data-element_type=\"column\" data-e-type=\"column\">\n\t\t\t<div class=\"elementor-widget-wrap elementor-element-populated\">\n\t\t\t\t\t\t<div class=\"elementor-element elementor-element-e5e7443 elementor-widget elementor-widget-heading\" data-id=\"e5e7443\" data-element_type=\"widget\" data-e-type=\"widget\" data-widget_type=\"heading.default\">\n\t\t\t\t<div class=\"elementor-widget-container\">\n\t\t\t\t\t<h2 class=\"elementor-heading-title elementor-size-default\">KODAN VARAUS<\/h2>\t\t\t\t<\/div>\n\t\t\t\t<\/div>\n\t\t\t\t<section class=\"elementor-section elementor-inner-section elementor-element elementor-element-5415cda elementor-section-boxed elementor-section-height-default elementor-section-height-default\" data-id=\"5415cda\" data-element_type=\"section\" data-e-type=\"section\">\n\t\t\t\t\t\t<div class=\"elementor-container elementor-column-gap-default\">\n\t\t\t\t\t<div class=\"elementor-column elementor-col-100 elementor-inner-column elementor-element elementor-element-2c614c4\" data-id=\"2c614c4\" data-element_type=\"column\" data-e-type=\"column\">\n\t\t\t<div class=\"elementor-widget-wrap elementor-element-populated\">\n\t\t\t\t\t\t<div class=\"elementor-element elementor-element-a15c162 elementor-widget elementor-widget-image\" data-id=\"a15c162\" data-element_type=\"widget\" data-e-type=\"widget\" data-widget_type=\"image.default\">\n\t\t\t\t<div class=\"elementor-widget-container\">\n\t\t\t\t\t\t\t\t\t\t\t\t\t\t\t<img fetchpriority=\"high\" decoding=\"async\" width=\"300\" height=\"225\" src=\"https:\/\/kylat.ekarjala.fi\/huttula\/wp-content\/uploads\/sites\/8\/2011\/03\/kota.jpg\" class=\"attachment-medium size-medium wp-image-30\" alt=\"\" \/>\t\t\t\t\t\t\t\t\t\t\t\t\t\t\t<\/div>\n\t\t\t\t<\/div>\n\t\t\t\t<div class=\"elementor-element elementor-element-ba141ea elementor-widget elementor-widget-image-box\" data-id=\"ba141ea\" data-element_type=\"widget\" data-e-type=\"widget\" data-widget_type=\"image-box.default\">\n\t\t\t\t<div class=\"elementor-widget-container\">\n\t\t\t\t\t<div class=\"elementor-image-box-wrapper\"><div class=\"elementor-image-box-content\"><h5 class=\"elementor-image-box-title\">Kodan varaus<\/h5><p class=\"elementor-image-box-description\"><br>Huttulassa sijaitsee kota osoitteessa Salmentie 15, Lemi. <br>Kodassa voi j\u00e4rjest\u00e4\u00e4 kokouksia, syntym\u00e4p\u00e4ivi\u00e4 tai muita juhlia. <br>Sis\u00e4ll\u00e4 on tulisija (uusittu kes\u00e4ll\u00e4 2025), valaistus sek\u00e4 tarvittaessa l\u00e4mmitys<br> ja pihalla laavu, huussi sek\u00e4 lasten leikkipaikka.<br>Yhdistyksell\u00e4 on kolme frisbeegolf -koria sek\u00e4 kiekkoja yhteist\u00e4 k\u00e4ytt\u00f6\u00e4 varten.<br>Alueella my\u00f6s valaistu kiekkokaukalo ja l\u00e4mmin pukukoppi.<br><br><b><u>Kodan voi varata alla olevan linkin kautta, varauskalenterista. <\/u><br>Kalenterista n\u00e4kee kaikki varaukset. <u>Laita varaukseen oma nimi ja puhelinnumerosi.<\/u><\/b><br><br>Kodan vapaaehtoinen varausmaksu on 20 \u20ac\/ varaus. <br>Maksun voi suorittaa Huttulan seudun kyl\u00e4yhdistys ry:n tilille: <br>Lemin OP FI68 5227 0840 0226 24. <br>Avaimen saa p. 040 8323 410 tai 040 0519 195. <br><\/p><\/div><\/div>\t\t\t\t<\/div>\n\t\t\t\t<\/div>\n\t\t\t\t<div class=\"elementor-element elementor-element-4cc62c7 elementor-align-center elementor-widget elementor-widget-button\" data-id=\"4cc62c7\" data-element_type=\"widget\" data-e-type=\"widget\" data-widget_type=\"button.default\">\n\t\t\t\t<div class=\"elementor-widget-container\">\n\t\t\t\t\t\t\t\t\t<div class=\"elementor-button-wrapper\">\n\t\t\t\t\t<a class=\"elementor-button elementor-button-link elementor-size-sm\" href=\"http:\/\/www.my.calendars.net\/huttula\" target=\"_blank\">\n\t\t\t\t\t\t<span class=\"elementor-button-content-wrapper\">\n\t\t\t\t\t\t<span class=\"elementor-button-icon\">\n\t\t\t\t\t\t\t<\/span>\n\t\t\t\t\t\t\t\t\t<span class=\"elementor-button-text\">varaa t\u00e4st\u00e4<\/span>\n\t\t\t\t\t<\/span>\n\t\t\t\t\t<\/a>\n\t\t\t\t<\/div>\n\t\t\t\t\t\t\t\t<\/div>\n\t\t\t\t<\/div>\n\t\t\t\t\t<\/div>\n\t\t<\/div>\n\t\t\t\t\t<\/div>\n\t\t<\/section>\n\t\t\t\t\t<\/div>\n\t\t<\/div>\n\t\t\t\t\t<\/div>\n\t\t<\/section>\n\t\t\t\t<section class=\"elementor-section elementor-top-section elementor-element elementor-element-32081a1 elementor-section-boxed elementor-section-height-default elementor-section-height-default\" data-id=\"32081a1\" data-element_type=\"section\" data-e-type=\"section\">\n\t\t\t\t\t\t<div class=\"elementor-container elementor-column-gap-default\">\n\t\t\t\t\t<div class=\"elementor-column elementor-col-100 elementor-top-column elementor-element elementor-element-9f7b5fd\" data-id=\"9f7b5fd\" data-element_type=\"column\" data-e-type=\"column\">\n\t\t\t<div class=\"elementor-widget-wrap elementor-element-populated\">\n\t\t\t\t\t\t<div class=\"elementor-element elementor-element-955ebdc elementor-widget elementor-widget-spacer\" data-id=\"955ebdc\" data-element_type=\"widget\" data-e-type=\"widget\" data-widget_type=\"spacer.default\">\n\t\t\t\t<div class=\"elementor-widget-container\">\n\t\t\t\t\t\t\t<div class=\"elementor-spacer\">\n\t\t\t<div class=\"elementor-spacer-inner\"><\/div>\n\t\t<\/div>\n\t\t\t\t\t\t<\/div>\n\t\t\t\t<\/div>\n\t\t\t\t<div class=\"elementor-element elementor-element-d2d2e8e elementor-widget elementor-widget-heading\" data-id=\"d2d2e8e\" data-element_type=\"widget\" data-e-type=\"widget\" data-widget_type=\"heading.default\">\n\t\t\t\t<div class=\"elementor-widget-container\">\n\t\t\t\t\t<h2 class=\"elementor-heading-title elementor-size-default\">Tulevat tapahtumat<\/h2>\t\t\t\t<\/div>\n\t\t\t\t<\/div>\n\t\t\t\t<div class=\"elementor-element elementor-element-d216ed0 elementor-widget elementor-widget-spacer\" data-id=\"d216ed0\" data-element_type=\"widget\" data-e-type=\"widget\" data-widget_type=\"spacer.default\">\n\t\t\t\t<div class=\"elementor-widget-container\">\n\t\t\t\t\t\t\t<div class=\"elementor-spacer\">\n\t\t\t<div class=\"elementor-spacer-inner\"><\/div>\n\t\t<\/div>\n\t\t\t\t\t\t<\/div>\n\t\t\t\t<\/div>\n\t\t\t\t\t<\/div>\n\t\t<\/div>\n\t\t\t\t\t<\/div>\n\t\t<\/section>\n\t\t\t\t<section class=\"elementor-section elementor-top-section elementor-element elementor-element-9ca1b82 elementor-section-boxed elementor-section-height-default elementor-section-height-default\" data-id=\"9ca1b82\" data-element_type=\"section\" data-e-type=\"section\">\n\t\t\t\t\t\t<div class=\"elementor-container elementor-column-gap-default\">\n\t\t\t\t\t<div class=\"elementor-column elementor-col-100 elementor-top-column elementor-element elementor-element-6fbc675\" data-id=\"6fbc675\" data-element_type=\"column\" data-e-type=\"column\">\n\t\t\t<div class=\"elementor-widget-wrap elementor-element-populated\">\n\t\t\t\t\t\t\t<\/div>\n\t\t<\/div>\n\t\t\t\t\t<\/div>\n\t\t<\/section>\n\t\t\t\t<section class=\"elementor-section elementor-top-section elementor-element elementor-element-5133cc9 elementor-section-boxed elementor-section-height-default elementor-section-height-default\" data-id=\"5133cc9\" data-element_type=\"section\" data-e-type=\"section\">\n\t\t\t\t\t\t<div class=\"elementor-container elementor-column-gap-default\">\n\t\t\t\t\t<div class=\"elementor-column elementor-col-100 elementor-top-column elementor-element elementor-element-a705dac\" data-id=\"a705dac\" data-element_type=\"column\" data-e-type=\"column\">\n\t\t\t<div class=\"elementor-widget-wrap elementor-element-populated\">\n\t\t\t\t\t\t<div class=\"elementor-element elementor-element-cf80f4f elementor-widget elementor-widget-image\" data-id=\"cf80f4f\" data-element_type=\"widget\" data-e-type=\"widget\" data-widget_type=\"image.default\">\n\t\t\t\t<div class=\"elementor-widget-container\">\n\t\t\t\t\t\t\t\t\t\t\t\t<figure class=\"wp-caption\">\n\t\t\t\t\t\t\t\t\t\t<img decoding=\"async\" width=\"300\" height=\"300\" src=\"https:\/\/kylat.ekarjala.fi\/huttula\/wp-content\/uploads\/sites\/8\/2024\/05\/IMG-20240526-WA0056-300x300.jpg\" class=\"attachment-medium size-medium wp-image-1351\" alt=\"\" srcset=\"https:\/\/kylat.ekarjala.fi\/huttula\/wp-content\/uploads\/sites\/8\/2024\/05\/IMG-20240526-WA0056-300x300.jpg 300w, https:\/\/kylat.ekarjala.fi\/huttula\/wp-content\/uploads\/sites\/8\/2024\/05\/IMG-20240526-WA0056-1024x1024.jpg 1024w, https:\/\/kylat.ekarjala.fi\/huttula\/wp-content\/uploads\/sites\/8\/2024\/05\/IMG-20240526-WA0056-150x150.jpg 150w, https:\/\/kylat.ekarjala.fi\/huttula\/wp-content\/uploads\/sites\/8\/2024\/05\/IMG-20240526-WA0056-768x768.jpg 768w, https:\/\/kylat.ekarjala.fi\/huttula\/wp-content\/uploads\/sites\/8\/2024\/05\/IMG-20240526-WA0056-1536x1536.jpg 1536w, https:\/\/kylat.ekarjala.fi\/huttula\/wp-content\/uploads\/sites\/8\/2024\/05\/IMG-20240526-WA0056.jpg 2048w\" sizes=\"(max-width: 300px) 100vw, 300px\" \/>\t\t\t\t\t\t\t\t\t\t\t<figcaption class=\"widget-image-caption wp-caption-text\">Lemin kunta j\u00e4rjest\u00e4\u00e4 yhteisty\u00f6ss\u00e4 eri yhdistysten kanssa LUONTOYST\u00c4VIEN SEIKKAILUPOLUN Huttulan kodan l\u00e4himaastossa su 17.5.2026 klo 14-17. TERVETULOA!<\/figcaption>\n\t\t\t\t\t\t\t\t\t\t<\/figure>\n\t\t\t\t\t\t\t\t\t<\/div>\n\t\t\t\t<\/div>\n\t\t\t\t<div class=\"elementor-element elementor-element-c2ab114 elementor-widget elementor-widget-image\" data-id=\"c2ab114\" data-element_type=\"widget\" data-e-type=\"widget\" data-widget_type=\"image.default\">\n\t\t\t\t<div class=\"elementor-widget-container\">\n\t\t\t\t\t\t\t\t\t\t\t\t<figure class=\"wp-caption\">\n\t\t\t\t\t\t\t\t\t\t<img fetchpriority=\"high\" decoding=\"async\" width=\"300\" height=\"225\" src=\"https:\/\/kylat.ekarjala.fi\/huttula\/wp-content\/uploads\/sites\/8\/2011\/03\/kota.jpg\" class=\"attachment-medium size-medium wp-image-30\" alt=\"\" \/>\t\t\t\t\t\t\t\t\t\t\t<figcaption class=\"widget-image-caption wp-caption-text\">Huttulan seudun kyl\u00e4yhdistys ry:n S\u00c4\u00c4NT\u00d6M\u00c4\u00c4R\u00c4INEN KEV\u00c4TKOKOUS to 21.5.2026 klo 18. Huttulan kodalla. TERVETULOA!<\/figcaption>\n\t\t\t\t\t\t\t\t\t\t<\/figure>\n\t\t\t\t\t\t\t\t\t<\/div>\n\t\t\t\t<\/div>\n\t\t\t\t\t<\/div>\n\t\t<\/div>\n\t\t\t\t\t<\/div>\n\t\t<\/section>\n\t\t\t\t<\/div>\n\t\t","protected":false},"excerpt":{"rendered":"<p>hUTTULAN SEUDUN KYL\u00c4YHDISTYS Ry Tervetuloa Huttulan seudun kyl\u00e4yhdistyksen nettisivuille. Huttulan seutu sijaitsee Lemin pohjoisosassa. Huttulan kyl\u00e4toimikunta on perustettu 6.11.1988, nimi on muutettu kev\u00e4\u00e4ll\u00e4 2000 Huttulan seudun kyl\u00e4yhdistys ry:ksi. Yhdistyksen toimialue kattaa 17 kyl\u00e4\u00e4. Lemin kunnasta: Tevaniemi, Heikkeri, Parkkola, Metsola, Huttula, Salmenkyl\u00e4, Tynnyrkyl\u00e4, Turunkyl\u00e4, Ruohiala, Olkkosenkyl\u00e4, Hyv\u00e4ril\u00e4, Kangasm\u00e4ki, Vainikkala ja J\u00e4rvenp\u00e4\u00e4 sek\u00e4 Taipalsaaren kunnasta: Pienhaikkaanlahti, Mielakka [&hellip;]<\/p>\n","protected":false},"author":175,"featured_media":0,"parent":0,"menu_order":0,"comment_status":"closed","ping_status":"closed","template":"","meta":{"site-sidebar-layout":"no-sidebar","site-content-layout":"page-builder","ast-site-content-layout":"default","site-content-style":"default","site-sidebar-style":"default","ast-global-header-display":"","ast-banner-title-visibility":"","ast-main-header-display":"","ast-hfb-above-header-display":"","ast-hfb-below-header-display":"","ast-hfb-mobile-header-display":"","site-post-title":"disabled","ast-breadcrumbs-content":"","ast-featured-img":"disabled","footer-sml-layout":"","ast-disable-related-posts":"","theme-transparent-header-meta":"enabled","adv-header-id-meta":"","stick-header-meta":"","header-above-stick-meta":"","header-main-stick-meta":"","header-below-stick-meta":"","astra-migrate-meta-layouts":"default","ast-page-background-enabled":"default","ast-page-background-meta":{"desktop":{"background-color":"","background-image":"","background-repeat":"repeat","background-position":"center center","background-size":"auto","background-attachment":"scroll","background-type":"","background-media":"","overlay-type":"","overlay-color":"","overlay-opacity":"","overlay-gradient":""},"tablet":{"background-color":"","background-image":"","background-repeat":"repeat","background-position":"center center","background-size":"auto","background-attachment":"scroll","background-type":"","background-media":"","overlay-type":"","overlay-color":"","overlay-opacity":"","overlay-gradient":""},"mobile":{"background-color":"","background-image":"","background-repeat":"repeat","background-position":"center center","background-size":"auto","background-attachment":"scroll","background-type":"","background-media":"","overlay-type":"","overlay-color":"","overlay-opacity":"","overlay-gradient":""}},"ast-content-background-meta":{"desktop":{"background-color":"var(--ast-global-color-5)","background-image":"","background-repeat":"repeat","background-position":"center center","background-size":"auto","background-attachment":"scroll","background-type":"","background-media":"","overlay-type":"","overlay-color":"","overlay-opacity":"","overlay-gradient":""},"tablet":{"background-color":"var(--ast-global-color-5)","background-image":"","background-repeat":"repeat","background-position":"center center","background-size":"auto","background-attachment":"scroll","background-type":"","background-media":"","overlay-type":"","overlay-color":"","overlay-opacity":"","overlay-gradient":""},"mobile":{"background-color":"var(--ast-global-color-5)","background-image":"","background-repeat":"repeat","background-position":"center center","background-size":"auto","background-attachment":"scroll","background-type":"","background-media":"","overlay-type":"","overlay-color":"","overlay-opacity":"","overlay-gradient":""}},"footnotes":""},"class_list":["post-4","page","type-page","status-publish","hentry"],"_links":{"self":[{"href":"https:\/\/kylat.ekarjala.fi\/huttula\/wp-json\/wp\/v2\/pages\/4","targetHints":{"allow":["GET"]}}],"collection":[{"href":"https:\/\/kylat.ekarjala.fi\/huttula\/wp-json\/wp\/v2\/pages"}],"about":[{"href":"https:\/\/kylat.ekarjala.fi\/huttula\/wp-json\/wp\/v2\/types\/page"}],"author":[{"embeddable":true,"href":"https:\/\/kylat.ekarjala.fi\/huttula\/wp-json\/wp\/v2\/users\/175"}],"replies":[{"embeddable":true,"href":"https:\/\/kylat.ekarjala.fi\/huttula\/wp-json\/wp\/v2\/comments?post=4"}],"version-history":[{"count":20,"href":"https:\/\/kylat.ekarjala.fi\/huttula\/wp-json\/wp\/v2\/pages\/4\/revisions"}],"predecessor-version":[{"id":1615,"href":"https:\/\/kylat.ekarjala.fi\/huttula\/wp-json\/wp\/v2\/pages\/4\/revisions\/1615"}],"wp:attachment":[{"href":"https:\/\/kylat.ekarjala.fi\/huttula\/wp-json\/wp\/v2\/media?parent=4"}],"curies":[{"name":"wp","href":"https:\/\/api.w.org\/{rel}","templated":true}]}}