{"id":5,"date":"2018-11-27T09:17:08","date_gmt":"2018-11-27T07:17:08","guid":{"rendered":"https:\/\/kylat.ekarjala.fi\/huttula\/about\/"},"modified":"2025-06-05T15:50:39","modified_gmt":"2025-06-05T12:50:39","slug":"yritykset-ja-yhteisot","status":"publish","type":"page","link":"https:\/\/kylat.ekarjala.fi\/huttula\/yritykset-ja-yhteisot\/","title":{"rendered":"Yritykset ja yhteis\u00f6t"},"content":{"rendered":"\t\t<div data-elementor-type=\"wp-post\" data-elementor-id=\"5\" class=\"elementor elementor-5\" data-elementor-post-type=\"page\">\n\t\t\t\t\t\t<section class=\"elementor-section elementor-top-section elementor-element elementor-element-d7d8b56 elementor-section-boxed elementor-section-height-default elementor-section-height-default\" data-id=\"d7d8b56\" data-element_type=\"section\" data-e-type=\"section\" data-settings=\"{&quot;background_background&quot;:&quot;classic&quot;}\">\n\t\t\t\t\t\t\t<div class=\"elementor-background-overlay\"><\/div>\n\t\t\t\t\t\t\t<div class=\"elementor-container elementor-column-gap-default\">\n\t\t\t\t\t<div class=\"elementor-column elementor-col-100 elementor-top-column elementor-element elementor-element-fd69444\" data-id=\"fd69444\" data-element_type=\"column\" data-e-type=\"column\">\n\t\t\t<div class=\"elementor-widget-wrap elementor-element-populated\">\n\t\t\t\t\t\t<div class=\"elementor-element elementor-element-abcc2f2 elementor-widget elementor-widget-heading\" data-id=\"abcc2f2\" data-element_type=\"widget\" data-e-type=\"widget\" data-widget_type=\"heading.default\">\n\t\t\t\t<div class=\"elementor-widget-container\">\n\t\t\t\t\t<h1 class=\"elementor-heading-title elementor-size-default\">Yritykset ja yhteis\u00f6t<\/h1>\t\t\t\t<\/div>\n\t\t\t\t<\/div>\n\t\t\t\t\t<\/div>\n\t\t<\/div>\n\t\t\t\t\t<\/div>\n\t\t<\/section>\n\t\t\t\t<section class=\"elementor-section elementor-top-section elementor-element elementor-element-47a5145 elementor-section-boxed elementor-section-height-default elementor-section-height-default\" data-id=\"47a5145\" data-element_type=\"section\" data-e-type=\"section\">\n\t\t\t\t\t\t<div class=\"elementor-container elementor-column-gap-default\">\n\t\t\t\t\t<div class=\"elementor-column elementor-col-100 elementor-top-column elementor-element elementor-element-136e095\" data-id=\"136e095\" data-element_type=\"column\" data-e-type=\"column\">\n\t\t\t<div class=\"elementor-widget-wrap elementor-element-populated\">\n\t\t\t\t\t\t<div class=\"elementor-element elementor-element-298c0c6 elementor-widget elementor-widget-spacer\" data-id=\"298c0c6\" data-element_type=\"widget\" data-e-type=\"widget\" data-widget_type=\"spacer.default\">\n\t\t\t\t<div class=\"elementor-widget-container\">\n\t\t\t\t\t\t\t<div class=\"elementor-spacer\">\n\t\t\t<div class=\"elementor-spacer-inner\"><\/div>\n\t\t<\/div>\n\t\t\t\t\t\t<\/div>\n\t\t\t\t<\/div>\n\t\t\t\t<section class=\"elementor-section elementor-inner-section elementor-element elementor-element-6c7e66c elementor-section-boxed elementor-section-height-default elementor-section-height-default\" data-id=\"6c7e66c\" data-element_type=\"section\" data-e-type=\"section\">\n\t\t\t\t\t\t<div class=\"elementor-container elementor-column-gap-default\">\n\t\t\t\t\t<div class=\"elementor-column elementor-col-50 elementor-inner-column elementor-element elementor-element-18d9c65\" data-id=\"18d9c65\" data-element_type=\"column\" data-e-type=\"column\">\n\t\t\t<div class=\"elementor-widget-wrap elementor-element-populated\">\n\t\t\t\t\t\t<div class=\"elementor-element elementor-element-fe195c7 elementor-widget elementor-widget-heading\" data-id=\"fe195c7\" data-element_type=\"widget\" data-e-type=\"widget\" data-widget_type=\"heading.default\">\n\t\t\t\t<div class=\"elementor-widget-container\">\n\t\t\t\t\t<h2 class=\"elementor-heading-title elementor-size-default\">yritykset<\/h2>\t\t\t\t<\/div>\n\t\t\t\t<\/div>\n\t\t\t\t<div class=\"elementor-element elementor-element-e5f497e elementor-widget elementor-widget-text-editor\" data-id=\"e5f497e\" data-element_type=\"widget\" data-e-type=\"widget\" data-widget_type=\"text-editor.default\">\n\t\t\t\t<div class=\"elementor-widget-container\">\n\t\t\t\t\t\t\t\t\t<p><strong>Huttulan seudun alueella toimii useita eri toimialayrityksi\u00e4:<\/strong><\/p><p>Aku- Trans Oy &#8211; Tieliikenteen tavarankuljetus<\/p><p>Ari Nikamaa Ky -Yleisk\u00e4ytt\u00f6\u00f6n tarkoitettujen koneiden korjaus ja huolto<\/p><p>Asko Paavilainen &#8211; Rakennuspaikan valmisteluty\u00f6t<\/p><p>HeKuMa -palvelut\/ Tassutarha www.tassutarha.net<\/p><p>Huttulan Hormi &#8211; Muu rakennus- ja teollisuussiivous<\/p><p>HutTek &#8211; Moottoriajoneuvojen huolto ja korjaus<\/p><p>KempKnives &#8211; Ruokailu- ja leikkuuv\u00e4lineiden yms. valmistus www.ottokemppainen.com<\/p><p>Koneurakointi Savikurki Oy &#8211; Puunkorjuu<\/p><p>Kuitto Oy &#8211; Rakennuspaikan valmisteluty\u00f6t www.kuittooy.fi<\/p><p>Landetuote &#8211; Viljakasvien (pl. riisin), palkokasvien ja \u00f6ljysiemenkasvien viljely www.landetuote.fi<\/p><p>LymiTek Oy &#8211; Vesirakentaminen www.lymitek.fi<\/p><p>Mets\u00e4talouden harjoittaja Tuomas Kiljunen &#8211; Mets\u00e4nhoito www.tkiljunen.fi<\/p><p>Salmikro Ky &#8211; Ohjelmistojen suunnittelu ja valmistus<\/p><p>Seppo Kangasm\u00e4ki &#8211; Mets\u00e4nhoito<\/p><p><span style=\"font-style: inherit;font-weight: inherit\">Tilipalvelu A. Lahtinen &#8211; Kirjanpito- ja tilinp\u00e4\u00e4t\u00f6spalvelu<\/span><\/p><p><span style=\"font-style: inherit;font-weight: inherit\">Timo Kangasm\u00e4ki &#8211; Mets\u00e4nhoito<\/span><\/p>\t\t\t\t\t\t\t\t<\/div>\n\t\t\t\t<\/div>\n\t\t\t\t\t<\/div>\n\t\t<\/div>\n\t\t\t\t<div class=\"elementor-column elementor-col-50 elementor-inner-column elementor-element elementor-element-4134532\" data-id=\"4134532\" data-element_type=\"column\" data-e-type=\"column\">\n\t\t\t<div class=\"elementor-widget-wrap elementor-element-populated\">\n\t\t\t\t\t\t<div class=\"elementor-element elementor-element-d531c79 elementor-widget elementor-widget-heading\" data-id=\"d531c79\" data-element_type=\"widget\" data-e-type=\"widget\" data-widget_type=\"heading.default\">\n\t\t\t\t<div class=\"elementor-widget-container\">\n\t\t\t\t\t<h2 class=\"elementor-heading-title elementor-size-default\">yhTEIS\u00d6T<\/h2>\t\t\t\t<\/div>\n\t\t\t\t<\/div>\n\t\t\t\t<div class=\"elementor-element elementor-element-107ae61 elementor-widget elementor-widget-text-editor\" data-id=\"107ae61\" data-element_type=\"widget\" data-e-type=\"widget\" data-widget_type=\"text-editor.default\">\n\t\t\t\t<div class=\"elementor-widget-container\">\n\t\t\t\t\t\t\t\t\t<p>HPV, Huttulan PulloVeikot ry<\/p><p>Etel\u00e4-Karjalan Martat:\u00a0<span style=\"font-style: inherit;font-weight: inherit\">Huttulan Martat; yhdistys t\u00e4ytti 100v. 2022 ja toimivat edelleen aktiivisesti sek\u00e4\u00a0 Lemin Vainikkalan Martat ry.\u00a0<\/span><\/p><p><span style=\"font-style: inherit;font-weight: inherit\">Mets\u00e4stysseuroja: Kyt\u00f6l\u00e4n Er\u00e4veikot ry, Lemin Riistamiehet ry ja Vainikkalan\u00a0<\/span><span style=\"font-style: inherit;font-weight: inherit\">Seudun Er\u00e4st\u00e4j\u00e4t ry.<\/span><\/p>\t\t\t\t\t\t\t\t<\/div>\n\t\t\t\t<\/div>\n\t\t\t\t\t<\/div>\n\t\t<\/div>\n\t\t\t\t\t<\/div>\n\t\t<\/section>\n\t\t\t\t\t<\/div>\n\t\t<\/div>\n\t\t\t\t\t<\/div>\n\t\t<\/section>\n\t\t\t\t<section class=\"elementor-section elementor-top-section elementor-element elementor-element-565e29a elementor-section-boxed elementor-section-height-default elementor-section-height-default\" data-id=\"565e29a\" data-element_type=\"section\" data-e-type=\"section\">\n\t\t\t\t\t\t<div class=\"elementor-container elementor-column-gap-default\">\n\t\t\t\t\t<div class=\"elementor-column elementor-col-100 elementor-top-column elementor-element elementor-element-35fcd57\" data-id=\"35fcd57\" data-element_type=\"column\" data-e-type=\"column\">\n\t\t\t<div class=\"elementor-widget-wrap elementor-element-populated\">\n\t\t\t\t\t\t<div class=\"elementor-element elementor-element-1850e29 elementor-widget elementor-widget-image\" data-id=\"1850e29\" data-element_type=\"widget\" data-e-type=\"widget\" data-widget_type=\"image.default\">\n\t\t\t\t<div class=\"elementor-widget-container\">\n\t\t\t\t\t\t\t\t\t\t\t\t\t\t\t<img decoding=\"async\" src=\"https:\/\/kylat.ekarjala.fi\/huttula\/wp-content\/plugins\/elementor\/assets\/images\/placeholder.png\" title=\"\" alt=\"\" loading=\"lazy\" \/>\t\t\t\t\t\t\t\t\t\t\t\t\t\t\t<\/div>\n\t\t\t\t<\/div>\n\t\t\t\t\t<\/div>\n\t\t<\/div>\n\t\t\t\t\t<\/div>\n\t\t<\/section>\n\t\t\t\t<\/div>\n\t\t","protected":false},"excerpt":{"rendered":"<p>Yritykset ja yhteis\u00f6t yritykset Huttulan seudun alueella toimii useita eri toimialayrityksi\u00e4: Aku- Trans Oy &#8211; Tieliikenteen tavarankuljetus Ari Nikamaa Ky -Yleisk\u00e4ytt\u00f6\u00f6n tarkoitettujen koneiden korjaus ja huolto Asko Paavilainen &#8211; Rakennuspaikan valmisteluty\u00f6t HeKuMa -palvelut\/ Tassutarha www.tassutarha.net Huttulan Hormi &#8211; Muu rakennus- ja teollisuussiivous HutTek &#8211; Moottoriajoneuvojen huolto ja korjaus KempKnives &#8211; Ruokailu- ja leikkuuv\u00e4lineiden yms. valmistus [&hellip;]<\/p>\n","protected":false},"author":175,"featured_media":0,"parent":0,"menu_order":0,"comment_status":"closed","ping_status":"closed","template":"","meta":{"site-sidebar-layout":"no-sidebar","site-content-layout":"page-builder","ast-site-content-layout":"default","site-content-style":"default","site-sidebar-style":"default","ast-global-header-display":"","ast-banner-title-visibility":"","ast-main-header-display":"","ast-hfb-above-header-display":"","ast-hfb-below-header-display":"","ast-hfb-mobile-header-display":"","site-post-title":"disabled","ast-breadcrumbs-content":"","ast-featured-img":"disabled","footer-sml-layout":"","ast-disable-related-posts":"","theme-transparent-header-meta":"enabled","adv-header-id-meta":"","stick-header-meta":"","header-above-stick-meta":"","header-main-stick-meta":"","header-below-stick-meta":"","astra-migrate-meta-layouts":"default","ast-page-background-enabled":"default","ast-page-background-meta":{"desktop":{"background-color":"","background-image":"","background-repeat":"repeat","background-position":"center center","background-size":"auto","background-attachment":"scroll","background-type":"","background-media":"","overlay-type":"","overlay-color":"","overlay-opacity":"","overlay-gradient":""},"tablet":{"background-color":"","background-image":"","background-repeat":"repeat","background-position":"center center","background-size":"auto","background-attachment":"scroll","background-type":"","background-media":"","overlay-type":"","overlay-color":"","overlay-opacity":"","overlay-gradient":""},"mobile":{"background-color":"","background-image":"","background-repeat":"repeat","background-position":"center center","background-size":"auto","background-attachment":"scroll","background-type":"","background-media":"","overlay-type":"","overlay-color":"","overlay-opacity":"","overlay-gradient":""}},"ast-content-background-meta":{"desktop":{"background-color":"var(--ast-global-color-5)","background-image":"","background-repeat":"repeat","background-position":"center center","background-size":"auto","background-attachment":"scroll","background-type":"","background-media":"","overlay-type":"","overlay-color":"","overlay-opacity":"","overlay-gradient":""},"tablet":{"background-color":"var(--ast-global-color-5)","background-image":"","background-repeat":"repeat","background-position":"center center","background-size":"auto","background-attachment":"scroll","background-type":"","background-media":"","overlay-type":"","overlay-color":"","overlay-opacity":"","overlay-gradient":""},"mobile":{"background-color":"var(--ast-global-color-5)","background-image":"","background-repeat":"repeat","background-position":"center center","background-size":"auto","background-attachment":"scroll","background-type":"","background-media":"","overlay-type":"","overlay-color":"","overlay-opacity":"","overlay-gradient":""}},"footnotes":""},"class_list":["post-5","page","type-page","status-publish","hentry"],"_links":{"self":[{"href":"https:\/\/kylat.ekarjala.fi\/huttula\/wp-json\/wp\/v2\/pages\/5","targetHints":{"allow":["GET"]}}],"collection":[{"href":"https:\/\/kylat.ekarjala.fi\/huttula\/wp-json\/wp\/v2\/pages"}],"about":[{"href":"https:\/\/kylat.ekarjala.fi\/huttula\/wp-json\/wp\/v2\/types\/page"}],"author":[{"embeddable":true,"href":"https:\/\/kylat.ekarjala.fi\/huttula\/wp-json\/wp\/v2\/users\/175"}],"replies":[{"embeddable":true,"href":"https:\/\/kylat.ekarjala.fi\/huttula\/wp-json\/wp\/v2\/comments?post=5"}],"version-history":[{"count":20,"href":"https:\/\/kylat.ekarjala.fi\/huttula\/wp-json\/wp\/v2\/pages\/5\/revisions"}],"predecessor-version":[{"id":1506,"href":"https:\/\/kylat.ekarjala.fi\/huttula\/wp-json\/wp\/v2\/pages\/5\/revisions\/1506"}],"wp:attachment":[{"href":"https:\/\/kylat.ekarjala.fi\/huttula\/wp-json\/wp\/v2\/media?parent=5"}],"curies":[{"name":"wp","href":"https:\/\/api.w.org\/{rel}","templated":true}]}}