{"id":4,"date":"2018-11-27T09:16:54","date_gmt":"2018-11-27T09:16:54","guid":{"rendered":"https:\/\/kylat.ekarjala.fi\/hytti\/home\/"},"modified":"2024-04-07T13:38:04","modified_gmt":"2024-04-07T13:38:04","slug":"etusivu","status":"publish","type":"page","link":"https:\/\/kylat.ekarjala.fi\/hytti\/","title":{"rendered":"Etusivu"},"content":{"rendered":"\t\t<div data-elementor-type=\"wp-page\" data-elementor-id=\"4\" class=\"elementor elementor-4\" data-elementor-post-type=\"page\">\n\t\t\t\t\t\t<section class=\"elementor-section elementor-top-section elementor-element elementor-element-c50838b elementor-section-boxed elementor-section-height-default elementor-section-height-default\" data-id=\"c50838b\" data-element_type=\"section\" data-e-type=\"section\" data-settings=\"{&quot;background_background&quot;:&quot;classic&quot;}\">\n\t\t\t\t\t\t\t<div class=\"elementor-background-overlay\"><\/div>\n\t\t\t\t\t\t\t<div class=\"elementor-container elementor-column-gap-default\">\n\t\t\t\t\t<div class=\"elementor-column elementor-col-100 elementor-top-column elementor-element elementor-element-55b0429\" data-id=\"55b0429\" data-element_type=\"column\" data-e-type=\"column\">\n\t\t\t<div class=\"elementor-widget-wrap elementor-element-populated\">\n\t\t\t\t\t\t<div class=\"elementor-element elementor-element-453e782 elementor-widget elementor-widget-heading\" data-id=\"453e782\" data-element_type=\"widget\" data-e-type=\"widget\" data-widget_type=\"heading.default\">\n\t\t\t\t<div class=\"elementor-widget-container\">\n\t\t\t\t\t<h1 class=\"elementor-heading-title elementor-size-default\">Tervetuloa Hyttiin!<\/h1>\t\t\t\t<\/div>\n\t\t\t\t<\/div>\n\t\t\t\t\t<\/div>\n\t\t<\/div>\n\t\t\t\t\t<\/div>\n\t\t<\/section>\n\t\t\t\t<section class=\"elementor-section elementor-top-section elementor-element elementor-element-5c31627 elementor-section-boxed elementor-section-height-default elementor-section-height-default\" data-id=\"5c31627\" data-element_type=\"section\" data-e-type=\"section\" data-settings=\"{&quot;background_background&quot;:&quot;classic&quot;}\">\n\t\t\t\t\t\t<div class=\"elementor-container elementor-column-gap-default\">\n\t\t\t\t\t<div class=\"elementor-column elementor-col-50 elementor-top-column elementor-element elementor-element-32f335d\" data-id=\"32f335d\" data-element_type=\"column\" data-e-type=\"column\">\n\t\t\t<div class=\"elementor-widget-wrap elementor-element-populated\">\n\t\t\t\t\t\t<div class=\"elementor-element elementor-element-afcd584 elementor-widget elementor-widget-image\" data-id=\"afcd584\" data-element_type=\"widget\" data-e-type=\"widget\" data-widget_type=\"image.default\">\n\t\t\t\t<div class=\"elementor-widget-container\">\n\t\t\t\t\t\t\t\t\t\t\t\t\t\t\t<img loading=\"lazy\" decoding=\"async\" width=\"200\" height=\"154\" src=\"https:\/\/kylat.ekarjala.fi\/hytti\/wp-content\/uploads\/sites\/12\/2018\/11\/quote-1.png\" class=\"attachment-full size-full wp-image-132\" alt=\"\" \/>\t\t\t\t\t\t\t\t\t\t\t\t\t\t\t<\/div>\n\t\t\t\t<\/div>\n\t\t\t\t\t<\/div>\n\t\t<\/div>\n\t\t\t\t<div class=\"elementor-column elementor-col-50 elementor-top-column elementor-element elementor-element-a107e3a\" data-id=\"a107e3a\" data-element_type=\"column\" data-e-type=\"column\" data-settings=\"{&quot;background_background&quot;:&quot;classic&quot;}\">\n\t\t\t<div class=\"elementor-widget-wrap elementor-element-populated\">\n\t\t\t\t\t<div class=\"elementor-background-overlay\"><\/div>\n\t\t\t\t\t\t<div class=\"elementor-element elementor-element-cb5a798 elementor-widget elementor-widget-testimonial\" data-id=\"cb5a798\" data-element_type=\"widget\" data-e-type=\"widget\" data-widget_type=\"testimonial.default\">\n\t\t\t\t<div class=\"elementor-widget-container\">\n\t\t\t\t\t\t\t<div class=\"elementor-testimonial-wrapper\">\n\t\t\t\t\t\t\t<div class=\"elementor-testimonial-content\">Hytti on kyl\u00e4alue Lappeenrannan kaupungin maaseudulla noin 10 kilometri\u00e4 Lappeenrannan keskustaajamasta etel\u00e4\u00e4n p\u00e4in. Hytin alue muodostuu Annikkalan, Hyypi\u00e4l\u00e4n, Kauskilan ja Puralan maarekisterikylist\u00e4. Ennen vuoden 1967 kuntaliitosta Hytti oli osa Lappeen kuntaa.<\/div>\n\t\t\t\n\t\t\t\t\t<\/div>\n\t\t\t\t\t\t<\/div>\n\t\t\t\t<\/div>\n\t\t\t\t\t<\/div>\n\t\t<\/div>\n\t\t\t\t\t<\/div>\n\t\t<\/section>\n\t\t\t\t<section class=\"elementor-section elementor-top-section elementor-element elementor-element-ccb4c7e elementor-section-boxed elementor-section-height-default elementor-section-height-default\" data-id=\"ccb4c7e\" data-element_type=\"section\" data-e-type=\"section\">\n\t\t\t\t\t\t<div class=\"elementor-container elementor-column-gap-default\">\n\t\t\t\t\t<div class=\"elementor-column elementor-col-100 elementor-top-column elementor-element elementor-element-c23e2d7\" data-id=\"c23e2d7\" data-element_type=\"column\" data-e-type=\"column\">\n\t\t\t<div class=\"elementor-widget-wrap elementor-element-populated\">\n\t\t\t\t\t\t<div class=\"elementor-element elementor-element-c533d02 elementor-widget elementor-widget-heading\" data-id=\"c533d02\" data-element_type=\"widget\" data-e-type=\"widget\" data-widget_type=\"heading.default\">\n\t\t\t\t<div class=\"elementor-widget-container\">\n\t\t\t\t\t<h2 class=\"elementor-heading-title elementor-size-default\">KYL\u00c4LL\u00c4 TAPAHTUU<\/h2>\t\t\t\t<\/div>\n\t\t\t\t<\/div>\n\t\t\t\t<div class=\"elementor-element elementor-element-16dca27 elementor-widget-divider--view-line elementor-widget elementor-widget-divider\" data-id=\"16dca27\" data-element_type=\"widget\" data-e-type=\"widget\" data-widget_type=\"divider.default\">\n\t\t\t\t<div class=\"elementor-widget-container\">\n\t\t\t\t\t\t\t<div class=\"elementor-divider\">\n\t\t\t<span class=\"elementor-divider-separator\">\n\t\t\t\t\t\t<\/span>\n\t\t<\/div>\n\t\t\t\t\t\t<\/div>\n\t\t\t\t<\/div>\n\t\t\t\t<div class=\"elementor-element elementor-element-75c5008 elementor-widget elementor-widget-posts\" data-id=\"75c5008\" data-element_type=\"widget\" data-e-type=\"widget\" data-settings=\"{&quot;pagination_type&quot;:&quot;prev_next&quot;,&quot;full_content_row_gap&quot;:{&quot;unit&quot;:&quot;px&quot;,&quot;size&quot;:35,&quot;sizes&quot;:[]}}\" data-widget_type=\"posts.full_content\">\n\t\t\t\t<div class=\"elementor-widget-container\">\n\t\t\t\t\t\t\t<div class=\"elementor-posts-container elementor-posts elementor-posts--skin-full_content elementor-grid\" role=\"list\">\n\t\t\t\t<article class=\"elementor-post elementor-grid-item post-1627 post type-post status-publish format-standard hentry category-ei-kategoriaa\" role=\"listitem\">\n\t\t\t\t<div class=\"elementor-post__text\">\n\t\t\t\t<h3 class=\"elementor-post__title\">\n\t\t\t<a href=\"https:\/\/kylat.ekarjala.fi\/hytti\/2024\/10\/07\/halloweendisco-1-11-2024\/\" >\n\t\t\t\tHalloweendisco 1.11.2024\t\t\t<\/a>\n\t\t<\/h3>\n\t\t\t\t<div class=\"elementor-post__meta-data\">\n\t\t\t\t\t<span class=\"elementor-post-date\">\n\t\t\t7.10.2024\t\t<\/span>\n\t\t\t\t<\/div>\n\t\t<div class=\"elementor-post__content\"><style><\/style>\t\t<div data-elementor-type=\"wp-post\" data-elementor-id=\"1627\" class=\"elementor elementor-1627\" data-elementor-post-type=\"post\">\n\t\t\t\t\t\t<section class=\"elementor-section elementor-top-section elementor-element elementor-element-8d40a3c elementor-section-boxed elementor-section-height-default elementor-section-height-default\" data-id=\"8d40a3c\" data-element_type=\"section\" data-e-type=\"section\">\n\t\t\t\t\t\t<div class=\"elementor-container elementor-column-gap-default\">\n\t\t\t\t\t<div class=\"elementor-column elementor-col-50 elementor-top-column elementor-element elementor-element-f7ce0a8\" data-id=\"f7ce0a8\" data-element_type=\"column\" data-e-type=\"column\">\n\t\t\t<div class=\"elementor-widget-wrap elementor-element-populated\">\n\t\t\t\t\t\t<div class=\"elementor-element elementor-element-619064d elementor-widget elementor-widget-text-editor\" data-id=\"619064d\" data-element_type=\"widget\" data-e-type=\"widget\" data-widget_type=\"text-editor.default\">\n\t\t\t\t<div class=\"elementor-widget-container\">\n\t\t\t\t\t\t\t\t\t<p>Hirmuisesti tervetuloa Halloweendiscoon Hytin VPK-talolle perjantaina 1.11.2024 klo 18-20.&nbsp;<\/p><p>Ilmainen sis\u00e4\u00e4np\u00e4\u00e4sy.<\/p>\n<p>Ohjelmassa mm. disco, kasvomaalausta ja ongintaa.&nbsp;<br \/><span style=\"font-style: inherit;font-weight: inherit;background-color: var(--ast-global-color-5);color: var(--ast-global-color-3)\">Paras asu palkitaan!&nbsp;<\/span><\/p><p><span style=\"font-style: inherit;font-weight: inherit;background-color: var(--ast-global-color-5);color: var(--ast-global-color-3)\">Paikalla my\u00f6s VPK:n paloauto!<\/span><\/p>\n<p>Kahviossa ostettavissa pient\u00e4 suolaista ja makeaa. Maksuv\u00e4lineen\u00e4 k\u00e4teinen tai MobilePay.&nbsp;<\/p>\n<p>Tulethan paikalle nauttimaan kamalan mukavista kemuista!<\/p>\t\t\t\t\t\t\t\t<\/div>\n\t\t\t\t<\/div>\n\t\t\t\t\t<\/div>\n\t\t<\/div>\n\t\t\t\t<div class=\"elementor-column elementor-col-50 elementor-top-column elementor-element elementor-element-313280c\" data-id=\"313280c\" data-element_type=\"column\" data-e-type=\"column\">\n\t\t\t<div class=\"elementor-widget-wrap elementor-element-populated\">\n\t\t\t\t\t\t<div class=\"elementor-element elementor-element-1900d83 elementor-widget elementor-widget-image\" data-id=\"1900d83\" data-element_type=\"widget\" data-e-type=\"widget\" data-widget_type=\"image.default\">\n\t\t\t\t<div class=\"elementor-widget-container\">\n\t\t\t\t\t\t\t\t\t\t\t\t\t\t\t<img fetchpriority=\"high\" fetchpriority=\"high\" decoding=\"async\" width=\"731\" height=\"1024\" src=\"https:\/\/kylat.ekarjala.fi\/hytti\/wp-content\/uploads\/sites\/12\/2024\/10\/Hytin-Halloween-versio3-731x1024.png\" class=\"attachment-large size-large wp-image-1633\" alt=\"\" srcset=\"https:\/\/kylat.ekarjala.fi\/hytti\/wp-content\/uploads\/sites\/12\/2024\/10\/Hytin-Halloween-versio3-731x1024.png 731w, https:\/\/kylat.ekarjala.fi\/hytti\/wp-content\/uploads\/sites\/12\/2024\/10\/Hytin-Halloween-versio3-214x300.png 214w, https:\/\/kylat.ekarjala.fi\/hytti\/wp-content\/uploads\/sites\/12\/2024\/10\/Hytin-Halloween-versio3-768x1075.png 768w, https:\/\/kylat.ekarjala.fi\/hytti\/wp-content\/uploads\/sites\/12\/2024\/10\/Hytin-Halloween-versio3-1097x1536.png 1097w, https:\/\/kylat.ekarjala.fi\/hytti\/wp-content\/uploads\/sites\/12\/2024\/10\/Hytin-Halloween-versio3-1463x2048.png 1463w, https:\/\/kylat.ekarjala.fi\/hytti\/wp-content\/uploads\/sites\/12\/2024\/10\/Hytin-Halloween-versio3.png 1920w\" sizes=\"(max-width: 731px) 100vw, 731px\" \/>\t\t\t\t\t\t\t\t\t\t\t\t\t\t\t<\/div>\n\t\t\t\t<\/div>\n\t\t\t\t\t<\/div>\n\t\t<\/div>\n\t\t\t\t\t<\/div>\n\t\t<\/section>\n\t\t\t\t<\/div>\n\t\t<\/div>\t\t<\/div>\n\t\t\t\t<\/article>\n\t\t\t\t<article class=\"elementor-post elementor-grid-item post-1615 post type-post status-publish format-standard hentry category-ei-kategoriaa\" role=\"listitem\">\n\t\t\t\t<div class=\"elementor-post__text\">\n\t\t\t\t<h3 class=\"elementor-post__title\">\n\t\t\t<a href=\"https:\/\/kylat.ekarjala.fi\/hytti\/2024\/09\/24\/elementor-1615\/\" >\n\t\t\t\tHytin Viikonloppu Hytin\u00e4t\t\t\t<\/a>\n\t\t<\/h3>\n\t\t\t\t<div class=\"elementor-post__meta-data\">\n\t\t\t\t\t<span class=\"elementor-post-date\">\n\t\t\t24.9.2024\t\t<\/span>\n\t\t\t\t<\/div>\n\t\t<div class=\"elementor-post__content\"><style><\/style>\t\t<div data-elementor-type=\"wp-post\" data-elementor-id=\"1615\" class=\"elementor elementor-1615\" data-elementor-post-type=\"post\">\n\t\t\t\t\t\t<section class=\"elementor-section elementor-top-section elementor-element elementor-element-4dfc480 elementor-section-boxed elementor-section-height-default elementor-section-height-default\" data-id=\"4dfc480\" data-element_type=\"section\" data-e-type=\"section\">\n\t\t\t\t\t\t<div class=\"elementor-container elementor-column-gap-default\">\n\t\t\t\t\t<div class=\"elementor-column elementor-col-100 elementor-top-column elementor-element elementor-element-5c24a12\" data-id=\"5c24a12\" data-element_type=\"column\" data-e-type=\"column\">\n\t\t\t<div class=\"elementor-widget-wrap elementor-element-populated\">\n\t\t\t\t\t\t<div class=\"elementor-element elementor-element-6823bae elementor-widget elementor-widget-image\" data-id=\"6823bae\" data-element_type=\"widget\" data-e-type=\"widget\" data-widget_type=\"image.default\">\n\t\t\t\t<div class=\"elementor-widget-container\">\n\t\t\t\t\t\t\t\t\t\t\t\t\t\t\t<img decoding=\"async\" width=\"1024\" height=\"761\" src=\"https:\/\/kylat.ekarjala.fi\/hytti\/wp-content\/uploads\/sites\/12\/2024\/09\/Hytin-hytinat-05102024b-1024x761.png\" class=\"attachment-large size-large wp-image-1617\" alt=\"\" srcset=\"https:\/\/kylat.ekarjala.fi\/hytti\/wp-content\/uploads\/sites\/12\/2024\/09\/Hytin-hytinat-05102024b-1024x761.png 1024w, https:\/\/kylat.ekarjala.fi\/hytti\/wp-content\/uploads\/sites\/12\/2024\/09\/Hytin-hytinat-05102024b-300x223.png 300w, https:\/\/kylat.ekarjala.fi\/hytti\/wp-content\/uploads\/sites\/12\/2024\/09\/Hytin-hytinat-05102024b-768x570.png 768w, https:\/\/kylat.ekarjala.fi\/hytti\/wp-content\/uploads\/sites\/12\/2024\/09\/Hytin-hytinat-05102024b.png 1388w\" sizes=\"(max-width: 1024px) 100vw, 1024px\" \/>\t\t\t\t\t\t\t\t\t\t\t\t\t\t\t<\/div>\n\t\t\t\t<\/div>\n\t\t\t\t\t<\/div>\n\t\t<\/div>\n\t\t\t\t\t<\/div>\n\t\t<\/section>\n\t\t\t\t<\/div>\n\t\t<\/div>\t\t<\/div>\n\t\t\t\t<\/article>\n\t\t\t\t<article class=\"elementor-post elementor-grid-item post-1600 post type-post status-publish format-standard hentry category-ei-kategoriaa\" role=\"listitem\">\n\t\t\t\t<div class=\"elementor-post__text\">\n\t\t\t\t<h3 class=\"elementor-post__title\">\n\t\t\t<a href=\"https:\/\/kylat.ekarjala.fi\/hytti\/2024\/05\/15\/siivoustalkoot-22-5-2024\/\" >\n\t\t\t\tSIIVOUSTALKOOT 22.5.2024\t\t\t<\/a>\n\t\t<\/h3>\n\t\t\t\t<div class=\"elementor-post__meta-data\">\n\t\t\t\t\t<span class=\"elementor-post-date\">\n\t\t\t15.5.2024\t\t<\/span>\n\t\t\t\t<\/div>\n\t\t<div class=\"elementor-post__content\"><style><\/style>\t\t<div data-elementor-type=\"wp-post\" data-elementor-id=\"1600\" class=\"elementor elementor-1600\" data-elementor-post-type=\"post\">\n\t\t\t\t\t\t<section class=\"elementor-section elementor-top-section elementor-element elementor-element-1de04f1 elementor-section-boxed elementor-section-height-default elementor-section-height-default\" data-id=\"1de04f1\" data-element_type=\"section\" data-e-type=\"section\">\n\t\t\t\t\t\t<div class=\"elementor-container elementor-column-gap-default\">\n\t\t\t\t\t<div class=\"elementor-column elementor-col-50 elementor-top-column elementor-element elementor-element-5f25dd7\" data-id=\"5f25dd7\" data-element_type=\"column\" data-e-type=\"column\">\n\t\t\t<div class=\"elementor-widget-wrap elementor-element-populated\">\n\t\t\t\t\t\t<div class=\"elementor-element elementor-element-d39477c elementor-widget elementor-widget-image\" data-id=\"d39477c\" data-element_type=\"widget\" data-e-type=\"widget\" data-widget_type=\"image.default\">\n\t\t\t\t<div class=\"elementor-widget-container\">\n\t\t\t\t\t\t\t\t\t\t\t\t\t\t\t<img decoding=\"async\" width=\"722\" height=\"1024\" src=\"https:\/\/kylat.ekarjala.fi\/hytti\/wp-content\/uploads\/sites\/12\/2024\/05\/Siivoustalkoot2024-722x1024.png\" class=\"attachment-large size-large wp-image-1602\" alt=\"\" srcset=\"https:\/\/kylat.ekarjala.fi\/hytti\/wp-content\/uploads\/sites\/12\/2024\/05\/Siivoustalkoot2024-722x1024.png 722w, https:\/\/kylat.ekarjala.fi\/hytti\/wp-content\/uploads\/sites\/12\/2024\/05\/Siivoustalkoot2024-212x300.png 212w, https:\/\/kylat.ekarjala.fi\/hytti\/wp-content\/uploads\/sites\/12\/2024\/05\/Siivoustalkoot2024.png 760w\" sizes=\"(max-width: 722px) 100vw, 722px\" \/>\t\t\t\t\t\t\t\t\t\t\t\t\t\t\t<\/div>\n\t\t\t\t<\/div>\n\t\t\t\t\t<\/div>\n\t\t<\/div>\n\t\t\t\t<div class=\"elementor-column elementor-col-50 elementor-top-column elementor-element elementor-element-90468fb\" data-id=\"90468fb\" data-element_type=\"column\" data-e-type=\"column\">\n\t\t\t<div class=\"elementor-widget-wrap elementor-element-populated\">\n\t\t\t\t\t\t<div class=\"elementor-element elementor-element-124d2c4 elementor-widget elementor-widget-text-editor\" data-id=\"124d2c4\" data-element_type=\"widget\" data-e-type=\"widget\" data-widget_type=\"text-editor.default\">\n\t\t\t\t<div class=\"elementor-widget-container\">\n\t\t\t\t\t\t\t\t\t<p>Tervetuloa talkosiin!<\/p><p>Oma harava on hyv\u00e4 olla mukana, my\u00f6s muut puutarhaty\u00f6kalut tervetulleita \ud83d\ude42&nbsp;&nbsp;<\/p>\t\t\t\t\t\t\t\t<\/div>\n\t\t\t\t<\/div>\n\t\t\t\t\t<\/div>\n\t\t<\/div>\n\t\t\t\t\t<\/div>\n\t\t<\/section>\n\t\t\t\t<\/div>\n\t\t<\/div>\t\t<\/div>\n\t\t\t\t<\/article>\n\t\t\t\t<article class=\"elementor-post elementor-grid-item post-1565 post type-post status-publish format-standard hentry category-ei-kategoriaa\" role=\"listitem\">\n\t\t\t\t<div class=\"elementor-post__text\">\n\t\t\t\t<h3 class=\"elementor-post__title\">\n\t\t\t<a href=\"https:\/\/kylat.ekarjala.fi\/hytti\/2024\/04\/07\/kylailta\/\" >\n\t\t\t\tIlta Saimaalla -esitys rantautuu Hyttiin\t\t\t<\/a>\n\t\t<\/h3>\n\t\t\t\t<div class=\"elementor-post__meta-data\">\n\t\t\t\t\t<span class=\"elementor-post-date\">\n\t\t\t7.4.2024\t\t<\/span>\n\t\t\t\t<\/div>\n\t\t<div class=\"elementor-post__content\"><style><\/style>\t\t<div data-elementor-type=\"wp-post\" data-elementor-id=\"1565\" class=\"elementor elementor-1565\" data-elementor-post-type=\"post\">\n\t\t\t\t\t\t<section class=\"elementor-section elementor-top-section elementor-element elementor-element-ba560a4 elementor-section-boxed elementor-section-height-default elementor-section-height-default\" data-id=\"ba560a4\" data-element_type=\"section\" data-e-type=\"section\">\n\t\t\t\t\t\t<div class=\"elementor-container elementor-column-gap-default\">\n\t\t\t\t\t<div class=\"elementor-column elementor-col-50 elementor-top-column elementor-element elementor-element-d26b017\" data-id=\"d26b017\" data-element_type=\"column\" data-e-type=\"column\">\n\t\t\t<div class=\"elementor-widget-wrap elementor-element-populated\">\n\t\t\t\t\t\t<div class=\"elementor-element elementor-element-9b19761 elementor-widget elementor-widget-image\" data-id=\"9b19761\" data-element_type=\"widget\" data-e-type=\"widget\" data-widget_type=\"image.default\">\n\t\t\t\t<div class=\"elementor-widget-container\">\n\t\t\t\t\t\t\t\t\t\t\t\t\t\t\t<img loading=\"lazy\" loading=\"lazy\" decoding=\"async\" width=\"595\" height=\"370\" src=\"https:\/\/kylat.ekarjala.fi\/hytti\/wp-content\/uploads\/sites\/12\/2024\/04\/image001.png\" class=\"attachment-large size-large wp-image-1578\" alt=\"\" srcset=\"https:\/\/kylat.ekarjala.fi\/hytti\/wp-content\/uploads\/sites\/12\/2024\/04\/image001.png 595w, https:\/\/kylat.ekarjala.fi\/hytti\/wp-content\/uploads\/sites\/12\/2024\/04\/image001-300x187.png 300w\" sizes=\"auto, (max-width: 595px) 100vw, 595px\" \/>\t\t\t\t\t\t\t\t\t\t\t\t\t\t\t<\/div>\n\t\t\t\t<\/div>\n\t\t\t\t\t<\/div>\n\t\t<\/div>\n\t\t\t\t<div class=\"elementor-column elementor-col-50 elementor-top-column elementor-element elementor-element-7712924\" data-id=\"7712924\" data-element_type=\"column\" data-e-type=\"column\">\n\t\t\t<div class=\"elementor-widget-wrap elementor-element-populated\">\n\t\t\t\t\t\t<div class=\"elementor-element elementor-element-9fc9797 elementor-widget elementor-widget-text-editor\" data-id=\"9fc9797\" data-element_type=\"widget\" data-e-type=\"widget\" data-widget_type=\"text-editor.default\">\n\t\t\t\t<div class=\"elementor-widget-container\">\n\t\t\t\t\t\t\t\t\t<p style=\"font-weight: 400\">Lappeenrannan kaupunginteatterin Ilta Saimaalla-esitys on rantautunut nyt ihmisten l\u00e4helle kiertueellaan ty\u00f6v\u00e4entaloilla Lappeenrannan ymp\u00e4rist\u00f6ss\u00e4. Viel\u00e4 ehtii varata ja lunastaa liput edullisemmin ennakkohinnoin.<\/p><p style=\"font-weight: 400\">Esitys Hytin VPK-talolla lauantaina 20.4.2024 klo 18:00<\/p><p>Katsomopaikkoja 150 kpl.<\/p><p style=\"font-weight: 400\"><em>Liput:<\/em><\/p><p style=\"font-weight: 400\"><em>&#8211; Etuk\u00e4teen Winkist\u00e4 Peruslippu 18\u20ac \/ El\u00e4kel\u00e4iset ja ryhm\u00e4t v\u00e4h. 10hl\u00f6 15\u20ac \/ Lapset, opiskelijat ym. 10\u20ac<\/em><\/p><p style=\"font-weight: 400\"><em>&#8211; Kimppalippu 4hl\u00f6 \/ 60\u20ac<\/em><\/p><p style=\"font-weight: 400\"><em>&#8211; Paikan p\u00e4\u00e4ll\u00e4 ovella kaikki liput 20\u20ac (jos lippuja on ovella j\u00e4ljell\u00e4 viel\u00e4)<\/em><\/p><p style=\"font-weight: 400\"><em>Yli 20 hl\u00f6 ryhmille ryhm\u00e4nvet\u00e4j\u00e4n lippu on ilmainen.<\/em><\/p><p style=\"font-weight: 400\"><em>Lippuja voi ostaa my\u00f6s verkosta:\u00a0<a href=\"https:\/\/www.lippu.fi\/artist\/lappeenrannan-kaupunginteatteri\/ilta-saimaalla-3408105\/\" data-saferedirecturl=\"https:\/\/www.google.com\/url?q=https:\/\/www.lippu.fi\/artist\/lappeenrannan-kaupunginteatteri\/ilta-saimaalla-3408105\/&amp;source=gmail&amp;ust=1713511244949000&amp;usg=AOvVaw1a3thYAgAhCGB_1JMbFEKe\">https:\/\/www.lippu.fi\/artist\/lappeenrannan-kaupunginteatteri\/ilta-saimaalla-3408105\/<\/a><\/em><\/p><p style=\"font-weight: 400\"><em>Verkosta ostettaviin lippuihin ei saa ryhm\u00e4nvet\u00e4j\u00e4n alennusta.<\/em><\/p>\t\t\t\t\t\t\t\t<\/div>\n\t\t\t\t<\/div>\n\t\t\t\t\t<\/div>\n\t\t<\/div>\n\t\t\t\t\t<\/div>\n\t\t<\/section>\n\t\t\t\t<\/div>\n\t\t<\/div>\t\t<\/div>\n\t\t\t\t<\/article>\n\t\t\t\t<\/div>\n\t\t\n\t\t\t\t<div class=\"e-load-more-anchor\" data-page=\"1\" data-max-page=\"6\" data-next-page=\"https:\/\/kylat.ekarjala.fi\/hytti\/wp-json\/wp\/v2\/pages\/4\/page\/2\/\"><\/div>\n\t\t\t\t<nav class=\"elementor-pagination\" aria-label=\"Pagination\">\n\t\t\t<span class=\"page-numbers prev\">&laquo; Uusimmat<\/span>\n<a class=\"page-numbers next\" href=\"https:\/\/kylat.ekarjala.fi\/hytti\/wp-json\/wp\/v2\/pages\/4\/page\/2\/\">Vanhemmat &raquo;<\/a>\t\t<\/nav>\n\t\t\t\t\t\t<\/div>\n\t\t\t\t<\/div>\n\t\t\t\t\t<\/div>\n\t\t<\/div>\n\t\t\t\t\t<\/div>\n\t\t<\/section>\n\t\t\t\t<\/div>\n\t\t","protected":false},"excerpt":{"rendered":"<p>Tervetuloa Hyttiin! Hytti on kyl\u00e4alue Lappeenrannan kaupungin maaseudulla noin 10 kilometri\u00e4 Lappeenrannan keskustaajamasta etel\u00e4\u00e4n p\u00e4in. Hytin alue muodostuu Annikkalan, Hyypi\u00e4l\u00e4n, Kauskilan ja Puralan maarekisterikylist\u00e4. Ennen vuoden 1967 kuntaliitosta Hytti oli osa Lappeen kuntaa. KYL\u00c4LL\u00c4 TAPAHTUU<\/p>\n","protected":false},"author":175,"featured_media":0,"parent":0,"menu_order":0,"comment_status":"closed","ping_status":"closed","template":"","meta":{"site-sidebar-layout":"no-sidebar","site-content-layout":"page-builder","ast-site-content-layout":"default","site-content-style":"default","site-sidebar-style":"default","ast-global-header-display":"","ast-banner-title-visibility":"","ast-main-header-display":"","ast-hfb-above-header-display":"","ast-hfb-below-header-display":"","ast-hfb-mobile-header-display":"","site-post-title":"disabled","ast-breadcrumbs-content":"","ast-featured-img":"disabled","footer-sml-layout":"","ast-disable-related-posts":"","theme-transparent-header-meta":"enabled","adv-header-id-meta":"","stick-header-meta":"","header-above-stick-meta":"","header-main-stick-meta":"","header-below-stick-meta":"","astra-migrate-meta-layouts":"default","ast-page-background-enabled":"default","ast-page-background-meta":{"desktop":{"background-color":"","background-image":"","background-repeat":"repeat","background-position":"center center","background-size":"auto","background-attachment":"scroll","background-type":"","background-media":"","overlay-type":"","overlay-color":"","overlay-opacity":"","overlay-gradient":""},"tablet":{"background-color":"","background-image":"","background-repeat":"repeat","background-position":"center center","background-size":"auto","background-attachment":"scroll","background-type":"","background-media":"","overlay-type":"","overlay-color":"","overlay-opacity":"","overlay-gradient":""},"mobile":{"background-color":"","background-image":"","background-repeat":"repeat","background-position":"center center","background-size":"auto","background-attachment":"scroll","background-type":"","background-media":"","overlay-type":"","overlay-color":"","overlay-opacity":"","overlay-gradient":""}},"ast-content-background-meta":{"desktop":{"background-color":"var(--ast-global-color-5)","background-image":"","background-repeat":"repeat","background-position":"center center","background-size":"auto","background-attachment":"scroll","background-type":"","background-media":"","overlay-type":"","overlay-color":"","overlay-opacity":"","overlay-gradient":""},"tablet":{"background-color":"var(--ast-global-color-5)","background-image":"","background-repeat":"repeat","background-position":"center center","background-size":"auto","background-attachment":"scroll","background-type":"","background-media":"","overlay-type":"","overlay-color":"","overlay-opacity":"","overlay-gradient":""},"mobile":{"background-color":"var(--ast-global-color-5)","background-image":"","background-repeat":"repeat","background-position":"center center","background-size":"auto","background-attachment":"scroll","background-type":"","background-media":"","overlay-type":"","overlay-color":"","overlay-opacity":"","overlay-gradient":""}},"footnotes":""},"class_list":["post-4","page","type-page","status-publish","hentry"],"_links":{"self":[{"href":"https:\/\/kylat.ekarjala.fi\/hytti\/wp-json\/wp\/v2\/pages\/4","targetHints":{"allow":["GET"]}}],"collection":[{"href":"https:\/\/kylat.ekarjala.fi\/hytti\/wp-json\/wp\/v2\/pages"}],"about":[{"href":"https:\/\/kylat.ekarjala.fi\/hytti\/wp-json\/wp\/v2\/types\/page"}],"author":[{"embeddable":true,"href":"https:\/\/kylat.ekarjala.fi\/hytti\/wp-json\/wp\/v2\/users\/175"}],"replies":[{"embeddable":true,"href":"https:\/\/kylat.ekarjala.fi\/hytti\/wp-json\/wp\/v2\/comments?post=4"}],"version-history":[{"count":20,"href":"https:\/\/kylat.ekarjala.fi\/hytti\/wp-json\/wp\/v2\/pages\/4\/revisions"}],"predecessor-version":[{"id":1564,"href":"https:\/\/kylat.ekarjala.fi\/hytti\/wp-json\/wp\/v2\/pages\/4\/revisions\/1564"}],"wp:attachment":[{"href":"https:\/\/kylat.ekarjala.fi\/hytti\/wp-json\/wp\/v2\/media?parent=4"}],"curies":[{"name":"wp","href":"https:\/\/api.w.org\/{rel}","templated":true}]}}