{"id":540,"date":"2018-11-27T09:17:28","date_gmt":"2018-11-27T09:17:28","guid":{"rendered":"https:\/\/kylat.ekarjala.fi\/hytti\/services\/"},"modified":"2022-07-09T17:17:05","modified_gmt":"2022-07-09T17:17:05","slug":"historia","status":"publish","type":"page","link":"https:\/\/kylat.ekarjala.fi\/hytti\/historia\/","title":{"rendered":"Historia"},"content":{"rendered":"\t\t<div data-elementor-type=\"wp-post\" data-elementor-id=\"540\" class=\"elementor elementor-540\" data-elementor-post-type=\"page\">\n\t\t\t\t\t\t<section class=\"elementor-section elementor-top-section elementor-element elementor-element-33a79095 elementor-section-boxed elementor-section-height-default elementor-section-height-default\" data-id=\"33a79095\" data-element_type=\"section\" data-e-type=\"section\" data-settings=\"{&quot;background_background&quot;:&quot;classic&quot;}\">\n\t\t\t\t\t\t\t<div class=\"elementor-background-overlay\"><\/div>\n\t\t\t\t\t\t\t<div class=\"elementor-container elementor-column-gap-default\">\n\t\t\t\t\t<div class=\"elementor-column elementor-col-100 elementor-top-column elementor-element elementor-element-3706530d\" data-id=\"3706530d\" data-element_type=\"column\" data-e-type=\"column\">\n\t\t\t<div class=\"elementor-widget-wrap elementor-element-populated\">\n\t\t\t\t\t\t<div class=\"elementor-element elementor-element-537de1f elementor-widget elementor-widget-heading\" data-id=\"537de1f\" data-element_type=\"widget\" data-e-type=\"widget\" data-widget_type=\"heading.default\">\n\t\t\t\t<div class=\"elementor-widget-container\">\n\t\t\t\t\t<h1 class=\"elementor-heading-title elementor-size-default\">historia<\/h1>\t\t\t\t<\/div>\n\t\t\t\t<\/div>\n\t\t\t\t\t<\/div>\n\t\t<\/div>\n\t\t\t\t\t<\/div>\n\t\t<\/section>\n\t\t\t\t<section class=\"elementor-section elementor-top-section elementor-element elementor-element-2dbed9a elementor-section-boxed elementor-section-height-default elementor-section-height-default\" data-id=\"2dbed9a\" data-element_type=\"section\" data-e-type=\"section\">\n\t\t\t\t\t\t<div class=\"elementor-container elementor-column-gap-default\">\n\t\t\t\t\t<div class=\"elementor-column elementor-col-100 elementor-top-column elementor-element elementor-element-1ca627b\" data-id=\"1ca627b\" data-element_type=\"column\" data-e-type=\"column\">\n\t\t\t<div class=\"elementor-widget-wrap elementor-element-populated\">\n\t\t\t\t\t\t<div class=\"elementor-element elementor-element-1eb0af4 elementor-widget elementor-widget-text-editor\" data-id=\"1eb0af4\" data-element_type=\"widget\" data-e-type=\"widget\" data-widget_type=\"text-editor.default\">\n\t\t\t\t<div class=\"elementor-widget-container\">\n\t\t\t\t\t\t\t\t\t<p>Hytin alueen (=kyl\u00e4t Kauskila, Annikkala, Hyypi\u00e4l\u00e4, Purala) varhaisin asutus sijoitetaan ajallisesti ajanlaskumme alkuun. Kappelinm\u00e4ell\u00e4 on sijainnut aikanaan Lappeen Pyh\u00e4n Laurin kirkko ja hautausmaa. Tarinatiedon\u00a0 mukaan kirkon kello on upotettu l\u00e4heiseen L\u00f6yt\u00f6senlampeen, jota kuitenkaan etsitt\u00e4ess\u00e4 ei ole l\u00f6ytynyt.<\/p><p>Kappelinm\u00e4en alapuolella ollut L\u00f6yt\u00f6sen lampi on umpeenkasvanut ja metsittynyt. Vuonna 2002 siit\u00e4 otettu siitep\u00f6lyn\u00e4yte paljasti, ett\u00e4 alueella on ollut pysyv\u00e4\u00e4 asutusta jo ajanlaskun alusta l\u00e4htien yli 2000 vuotta. Tutkimustietoa alueelta on 1100-luvulta l\u00e4htien, ja nyt tutkijoita askarruttaa, mist\u00e4 l\u00f6yt\u00e4\u00e4 asutustietoja ajanlaskun alun ja 1100-luvun v\u00e4lilt\u00e4.<\/p><p>L\u00f6yt\u00f6sest\u00e4 laskee puro Hyyvikk\u00e4\u00e4nj\u00e4rveen, joka sijaitsee Kappelinm\u00e4en toisella puolella. Hyyvikk\u00e4\u00e4st\u00e4 on kaivettu kanava Hanhij\u00e4rveen ja siit\u00e4 edelleen polveilee vesireitti Suomenveden-pohjaan ja Viipurinlahdelle. T\u00e4ll\u00e4 vesireitill\u00e4 on saattanut olla merkityst\u00e4 varhaisemmalla keskiajalla.<\/p><p>1907 on Bj\u00f6rn Cederhvarf kirjoittanut Kappelinm\u00e4est\u00e4 tiedon muistiin vuodelta 1826, jonka mukaan Viipurista tultaessa tien oikealla puolella oli n\u00e4kyviss\u00e4 entisen kirkon paikka. H\u00e4n kertoo my\u00f6s ett\u00e4 paikalla oli ollut useampia kivi\u00e4, joiden joukossa oli pari pienemp\u00e4\u00e4, joillakin tuntemattomalla kirjoituksella varustettuna. Nyt t\u00e4m\u00e4 tieto on 2000-luvun kaivauksilla todistettu oikeaksi.<\/p><p><span style=\"font-style: inherit;font-weight: inherit;background-color: var(--ast-global-color-4);color: var(--ast-global-color-3)\">Kauskilan kyl\u00e4n asema on ollut Lappeella keskeinen, sill\u00e4 Kauskilan Kappelinm\u00e4en yli on johtanut tie 1500-luvulla Viipurista Savoon ja H\u00e4meeseen. L\u00e4heinen Lappeenranta on tullut Kauskilaa merkitt\u00e4v\u00e4mm\u00e4ksi keskukseksi vasta 1500-luvun lopulla.<\/span><\/p><p>1900- luvun alussa Hytti oli perinteinen maalaismainen kyl\u00e4 Lappeella. V\u00e4est\u00f6pohja oli tasaisesti jakautunut ja kyl\u00e4n halki kulkeva rautatie piti alueen vilkkaana. Hytin rautatieaseman lis\u00e4ksi pienell\u00e4 alueella sijaitsi kolme sekatavarakauppaa (Pukki, jonka kauppiaana oli Elma Pukki, Rosvall, kauppiaana is\u00e4 Rosvallin j\u00e4lkeen tyt\u00e4r Kaarian Kuikka ja Osuusliike Yhtym\u00e4, jonka kaupanhoitajana oli Oiva Kauppinen ja kaupanmyyj\u00e4n\u00e4 h\u00e4nen vaimonsa Vappu). Radan l\u00e4heisyydess\u00e4 sijaitsi my\u00f6s Osuusliike Yhtym\u00e4n kattotiilitehdas, jossa my\u00f6hemmin toimi my\u00f6s yksityisi\u00e4 yritt\u00e4ji\u00e4 Osusliikkeen vuokralaisina. Saha ja suksitehdas ty\u00f6llitiv\u00e4t my\u00f6s kylien asukkaita maatalouden rinnalla.<\/p><p>VPK:n talolla pidettiin tansseja, joihin v\u00e4ke\u00e4 tuli junalla pitkist\u00e4kin matkoista. Perim\u00e4tietojen mukaan v\u00e4ke\u00e4 oli parhaimmillaan tuhansia ja junalla tulleet hypp\u00e4siv\u00e4t junasta jo hyviss\u00e4 ajoin ennen rautatieasemaa p\u00e4\u00e4st\u00e4kseen tansseihin.\u00a0<br \/><span style=\"font-style: inherit;font-weight: inherit;background-color: var(--ast-global-color-4);color: var(--ast-global-color-3)\">Hytin kyl\u00e4 sijaitsee hyvin l\u00e4hell\u00e4 Suomen kaakkoisrajaa. Sotien aikana monet kyl\u00e4n asukkaista joutuivat evakkoon ja lapsia l\u00e4hetettiin sotalapsiksi Ruotsiin ja Tanskaan.\u00a0<\/span><span style=\"font-style: inherit;font-weight: inherit;background-color: var(--ast-global-color-4);color: var(--ast-global-color-3)\">Kun viimeisimm\u00e4t sotakorvausjunat kulkivat Hytin aseman kautta Vainikkalaan ja sielt\u00e4 Ven\u00e4j\u00e4lle, alkoi Hytin alueellakin hiljalleen ilmet\u00e4 rakennemuutosta. Maatalousty\u00f6 kehittyi ja monet nuoret alkoivat l\u00e4hte\u00e4 muualle. Hytin alue alkoi k\u00e4rsi\u00e4 samoista ongelmista kuin muutkin Suomen maalaiskyl\u00e4t.<\/span><\/p><p>2000-luvulla ja jo 1990-luvulla Kauskilaan rakennettiin uusia omakotitaloja ja Hytin alue oli yksi Lappeenrannan nopeimmin kasvavista kylist\u00e4. Vuonna 2009\u00a0 asukkaita oli 448 henkil\u00f6\u00e4.<\/p><p>Vuoden 2020 lopussa asukkaita oli 413 henke\u00e4.<\/p>\t\t\t\t\t\t\t\t<\/div>\n\t\t\t\t<\/div>\n\t\t\t\t\t<\/div>\n\t\t<\/div>\n\t\t\t\t\t<\/div>\n\t\t<\/section>\n\t\t\t\t<\/div>\n\t\t","protected":false},"excerpt":{"rendered":"<p>\/*! elementor &#8211; v3.6.2 &#8211; 04-04-2022 *\/ .elementor-heading-title{padding:0;margin:0;line-height:1}.elementor-widget-heading .elementor-heading-title[class*=elementor-size-]&gt;a{color:inherit;font-size:inherit;line-height:inherit}.elementor-widget-heading .elementor-heading-title.elementor-size-small{font-size:15px}.elementor-widget-heading .elementor-heading-title.elementor-size-medium{font-size:19px}.elementor-widget-heading .elementor-heading-title.elementor-size-large{font-size:29px}.elementor-widget-heading .elementor-heading-title.elementor-size-xl{font-size:39px}.elementor-widget-heading .elementor-heading-title.elementor-size-xxl{font-size:59px} historia Hytin alueen (=kyl\u00e4t Kauskila, Annikkala, Hyypi\u00e4l\u00e4, Purala) varhaisin asutus sijoitetaan ajallisesti ajanlaskumme alkuun. Kappelinm\u00e4ell\u00e4 on sijainnut aikanaan Lappeen Pyh\u00e4n Laurin kirkko ja hautausmaa. Tarinatiedon\u00a0 mukaan kirkon kello on upotettu l\u00e4heiseen L\u00f6yt\u00f6senlampeen, jota kuitenkaan etsitt\u00e4ess\u00e4 ei ole l\u00f6ytynyt. Kappelinm\u00e4en alapuolella ollut [&hellip;]<\/p>\n","protected":false},"author":175,"featured_media":0,"parent":0,"menu_order":4,"comment_status":"closed","ping_status":"closed","template":"","meta":{"site-sidebar-layout":"no-sidebar","site-content-layout":"page-builder","ast-site-content-layout":"default","site-content-style":"default","site-sidebar-style":"default","ast-global-header-display":"","ast-banner-title-visibility":"","ast-main-header-display":"","ast-hfb-above-header-display":"","ast-hfb-below-header-display":"","ast-hfb-mobile-header-display":"","site-post-title":"disabled","ast-breadcrumbs-content":"","ast-featured-img":"disabled","footer-sml-layout":"","ast-disable-related-posts":"","theme-transparent-header-meta":"enabled","adv-header-id-meta":"","stick-header-meta":"","header-above-stick-meta":"","header-main-stick-meta":"","header-below-stick-meta":"","astra-migrate-meta-layouts":"default","ast-page-background-enabled":"default","ast-page-background-meta":{"desktop":{"background-color":"","background-image":"","background-repeat":"repeat","background-position":"center center","background-size":"auto","background-attachment":"scroll","background-type":"","background-media":"","overlay-type":"","overlay-color":"","overlay-opacity":"","overlay-gradient":""},"tablet":{"background-color":"","background-image":"","background-repeat":"repeat","background-position":"center center","background-size":"auto","background-attachment":"scroll","background-type":"","background-media":"","overlay-type":"","overlay-color":"","overlay-opacity":"","overlay-gradient":""},"mobile":{"background-color":"","background-image":"","background-repeat":"repeat","background-position":"center center","background-size":"auto","background-attachment":"scroll","background-type":"","background-media":"","overlay-type":"","overlay-color":"","overlay-opacity":"","overlay-gradient":""}},"ast-content-background-meta":{"desktop":{"background-color":"var(--ast-global-color-5)","background-image":"","background-repeat":"repeat","background-position":"center center","background-size":"auto","background-attachment":"scroll","background-type":"","background-media":"","overlay-type":"","overlay-color":"","overlay-opacity":"","overlay-gradient":""},"tablet":{"background-color":"var(--ast-global-color-5)","background-image":"","background-repeat":"repeat","background-position":"center center","background-size":"auto","background-attachment":"scroll","background-type":"","background-media":"","overlay-type":"","overlay-color":"","overlay-opacity":"","overlay-gradient":""},"mobile":{"background-color":"var(--ast-global-color-5)","background-image":"","background-repeat":"repeat","background-position":"center center","background-size":"auto","background-attachment":"scroll","background-type":"","background-media":"","overlay-type":"","overlay-color":"","overlay-opacity":"","overlay-gradient":""}},"footnotes":""},"class_list":["post-540","page","type-page","status-publish","hentry"],"_links":{"self":[{"href":"https:\/\/kylat.ekarjala.fi\/hytti\/wp-json\/wp\/v2\/pages\/540","targetHints":{"allow":["GET"]}}],"collection":[{"href":"https:\/\/kylat.ekarjala.fi\/hytti\/wp-json\/wp\/v2\/pages"}],"about":[{"href":"https:\/\/kylat.ekarjala.fi\/hytti\/wp-json\/wp\/v2\/types\/page"}],"author":[{"embeddable":true,"href":"https:\/\/kylat.ekarjala.fi\/hytti\/wp-json\/wp\/v2\/users\/175"}],"replies":[{"embeddable":true,"href":"https:\/\/kylat.ekarjala.fi\/hytti\/wp-json\/wp\/v2\/comments?post=540"}],"version-history":[{"count":20,"href":"https:\/\/kylat.ekarjala.fi\/hytti\/wp-json\/wp\/v2\/pages\/540\/revisions"}],"predecessor-version":[{"id":1254,"href":"https:\/\/kylat.ekarjala.fi\/hytti\/wp-json\/wp\/v2\/pages\/540\/revisions\/1254"}],"wp:attachment":[{"href":"https:\/\/kylat.ekarjala.fi\/hytti\/wp-json\/wp\/v2\/media?parent=540"}],"curies":[{"name":"wp","href":"https:\/\/api.w.org\/{rel}","templated":true}]}}