{"id":1075,"date":"2023-07-03T09:14:51","date_gmt":"2023-07-03T09:14:51","guid":{"rendered":"https:\/\/kylat.ekarjala.fi\/jankasalo\/?page_id=1075"},"modified":"2024-04-21T08:51:32","modified_gmt":"2024-04-21T08:51:32","slug":"ajankohtaista","status":"publish","type":"page","link":"https:\/\/kylat.ekarjala.fi\/jankasalo\/ajankohtaista\/","title":{"rendered":"Ajankohtaista"},"content":{"rendered":"\n<p><\/p>\n\n\n\n<figure class=\"wp-block-image size-full is-resized\"><a href=\"https:\/\/kylat.ekarjala.fi\/jankasalo\/wp-content\/uploads\/sites\/50\/2023\/07\/kesakahvila23.jpg\"><img fetchpriority=\"high\" decoding=\"async\" width=\"960\" height=\"720\" src=\"https:\/\/kylat.ekarjala.fi\/jankasalo\/wp-content\/uploads\/sites\/50\/2023\/07\/kesakahvila23.jpg\" alt=\"\" class=\"wp-image-1072\" style=\"width:927px;height:693px\" srcset=\"https:\/\/kylat.ekarjala.fi\/jankasalo\/wp-content\/uploads\/sites\/50\/2023\/07\/kesakahvila23.jpg 960w, https:\/\/kylat.ekarjala.fi\/jankasalo\/wp-content\/uploads\/sites\/50\/2023\/07\/kesakahvila23-300x225.jpg 300w, https:\/\/kylat.ekarjala.fi\/jankasalo\/wp-content\/uploads\/sites\/50\/2023\/07\/kesakahvila23-768x576.jpg 768w, https:\/\/kylat.ekarjala.fi\/jankasalo\/wp-content\/uploads\/sites\/50\/2023\/07\/kesakahvila23-400x300.jpg 400w\" sizes=\"(max-width: 960px) 100vw, 960px\" \/><\/a><\/figure>\n\n\n\n<p class=\"has-medium-font-size\"><strong>Joka lauantai hein\u00e4kuussa<\/strong> <strong>tilaisuus tavata tuttuja ja saada uusia tuttavia. Tarjolla kotitekoisia  leivonnaisia.<\/strong><\/p>\n\n\n\n<p><\/p>\n\n\n\n<figure class=\"wp-block-image size-full is-resized\"><a href=\"https:\/\/kylat.ekarjala.fi\/jankasalo\/wp-content\/uploads\/sites\/50\/2023\/07\/Dia4.jpg\"><img decoding=\"async\" width=\"960\" height=\"720\" src=\"https:\/\/kylat.ekarjala.fi\/jankasalo\/wp-content\/uploads\/sites\/50\/2023\/07\/Dia4.jpg\" alt=\"\" class=\"wp-image-1070\" style=\"width:932px;height:695px\" srcset=\"https:\/\/kylat.ekarjala.fi\/jankasalo\/wp-content\/uploads\/sites\/50\/2023\/07\/Dia4.jpg 960w, https:\/\/kylat.ekarjala.fi\/jankasalo\/wp-content\/uploads\/sites\/50\/2023\/07\/Dia4-300x225.jpg 300w, https:\/\/kylat.ekarjala.fi\/jankasalo\/wp-content\/uploads\/sites\/50\/2023\/07\/Dia4-768x576.jpg 768w, https:\/\/kylat.ekarjala.fi\/jankasalo\/wp-content\/uploads\/sites\/50\/2023\/07\/Dia4-400x300.jpg 400w\" sizes=\"(max-width: 960px) 100vw, 960px\" \/><\/a><\/figure>\n\n\n\n<figure class=\"wp-block-image size-full is-resized\"><a href=\"https:\/\/kylat.ekarjala.fi\/jankasalo\/wp-content\/uploads\/sites\/50\/2023\/07\/Dia5.jpg\"><img decoding=\"async\" width=\"960\" height=\"720\" src=\"https:\/\/kylat.ekarjala.fi\/jankasalo\/wp-content\/uploads\/sites\/50\/2023\/07\/Dia5.jpg\" alt=\"\" class=\"wp-image-1071\" style=\"width:934px;height:697px\" srcset=\"https:\/\/kylat.ekarjala.fi\/jankasalo\/wp-content\/uploads\/sites\/50\/2023\/07\/Dia5.jpg 960w, https:\/\/kylat.ekarjala.fi\/jankasalo\/wp-content\/uploads\/sites\/50\/2023\/07\/Dia5-300x225.jpg 300w, https:\/\/kylat.ekarjala.fi\/jankasalo\/wp-content\/uploads\/sites\/50\/2023\/07\/Dia5-768x576.jpg 768w, https:\/\/kylat.ekarjala.fi\/jankasalo\/wp-content\/uploads\/sites\/50\/2023\/07\/Dia5-400x300.jpg 400w\" sizes=\"(max-width: 960px) 100vw, 960px\" \/><\/a><\/figure>\n\n\n\n<p class=\"has-medium-font-size\">Weikkojen kodalla on viides kattaus j\u00e4nk\u00e4salolaisten vanhoja valokuvia. Kuvien avulla voi tutustua maailmaan, jota ei en\u00e4\u00e4 ole, mutta joka on muodostanut perustan nykyiselle j\u00e4nk\u00e4salolaiselle el\u00e4m\u00e4nmenolle.<\/p>\n\n\n\n<p class=\"has-medium-font-size\">N\u00e4yttelyyn voi tutustua omatoimisesti mihin aikaan vaan syskuun loppuun asti.<\/p>\n","protected":false},"excerpt":{"rendered":"<p>Joka lauantai hein\u00e4kuussa tilaisuus tavata tuttuja ja saada uusia tuttavia. Tarjolla kotitekoisia leivonnaisia. Weikkojen kodalla on viides kattaus j\u00e4nk\u00e4salolaisten vanhoja valokuvia. Kuvien avulla voi tutustua maailmaan, jota ei en\u00e4\u00e4 ole, mutta joka on muodostanut perustan nykyiselle j\u00e4nk\u00e4salolaiselle el\u00e4m\u00e4nmenolle. N\u00e4yttelyyn voi &hellip; <a href=\"https:\/\/kylat.ekarjala.fi\/jankasalo\/ajankohtaista\/\">Lue loppuun <span class=\"meta-nav\">&rarr;<\/span><\/a><\/p>\n","protected":false},"author":128,"featured_media":657,"parent":0,"menu_order":0,"comment_status":"closed","ping_status":"closed","template":"","meta":{"footnotes":""},"class_list":["post-1075","page","type-page","status-publish","has-post-thumbnail","hentry"],"_links":{"self":[{"href":"https:\/\/kylat.ekarjala.fi\/jankasalo\/wp-json\/wp\/v2\/pages\/1075","targetHints":{"allow":["GET"]}}],"collection":[{"href":"https:\/\/kylat.ekarjala.fi\/jankasalo\/wp-json\/wp\/v2\/pages"}],"about":[{"href":"https:\/\/kylat.ekarjala.fi\/jankasalo\/wp-json\/wp\/v2\/types\/page"}],"author":[{"embeddable":true,"href":"https:\/\/kylat.ekarjala.fi\/jankasalo\/wp-json\/wp\/v2\/users\/128"}],"replies":[{"embeddable":true,"href":"https:\/\/kylat.ekarjala.fi\/jankasalo\/wp-json\/wp\/v2\/comments?post=1075"}],"version-history":[{"count":6,"href":"https:\/\/kylat.ekarjala.fi\/jankasalo\/wp-json\/wp\/v2\/pages\/1075\/revisions"}],"predecessor-version":[{"id":1089,"href":"https:\/\/kylat.ekarjala.fi\/jankasalo\/wp-json\/wp\/v2\/pages\/1075\/revisions\/1089"}],"wp:featuredmedia":[{"embeddable":true,"href":"https:\/\/kylat.ekarjala.fi\/jankasalo\/wp-json\/wp\/v2\/media\/657"}],"wp:attachment":[{"href":"https:\/\/kylat.ekarjala.fi\/jankasalo\/wp-json\/wp\/v2\/media?parent=1075"}],"curies":[{"name":"wp","href":"https:\/\/api.w.org\/{rel}","templated":true}]}}