{"id":11,"date":"2012-09-09T13:14:43","date_gmt":"2012-09-09T13:14:43","guid":{"rendered":"https:\/\/kylat.ekarjala.fi\/jankasalo\/?page_id=11"},"modified":"2024-04-21T08:48:46","modified_gmt":"2024-04-21T08:48:46","slug":"tiekunta","status":"publish","type":"page","link":"https:\/\/kylat.ekarjala.fi\/jankasalo\/tiekunta\/","title":{"rendered":"Tiekunta"},"content":{"rendered":"<p><a href=\"https:\/\/kylat.ekarjala.fi\/jankasalo\/wp-content\/uploads\/sites\/50\/2012\/09\/yksityistie.jpg\"><img fetchpriority=\"high\" decoding=\"async\" class=\"alignright size-full wp-image-51\" src=\"https:\/\/kylat.ekarjala.fi\/jankasalo\/wp-content\/uploads\/sites\/50\/2012\/09\/yksityistie.jpg\" alt=\"\" width=\"360\" height=\"240\" \/><\/a>Liikenneyhteys J\u00e4nk\u00e4saloon on ollut aina vuoteen 2005 saakka vesitien ja talvella j\u00e4\u00e4tien varassa. J\u00e4\u00e4tien auraaminen autoliikennett\u00e4 varten on aloitettu 60-luvun loppupuolella. Sit\u00e4 ennen merkitty j\u00e4\u00e4tie oli pelk\u00e4st\u00e4\u00e4n hevosliikennett\u00e4 varten eik\u00e4 tiet\u00e4 aurattu.<\/p>\n<p>Rekister\u00f6ity J\u00e4nk\u00e4salon tiekunta perustettiin vuonna 1984. Tiekunnan perustaminen oli tarpeen tieavustusten saamiseksi. Tuohon aikaan J\u00e4nk\u00e4salossa oli pelk\u00e4st\u00e4\u00e4n k\u00e4rrytieverkosto. Teiden parantamista ja tieverkoston laajentamista alettiin pohtia 90-luvun alussa. Samalla nostettiin esille ajatus lossiyhteyden saamisesta. Ensimm\u00e4isess\u00e4 vaiheessa suunniteltiin tieyhteytt\u00e4 mantereelle Pienen J\u00e4nk\u00e4salon kautta, mutta sille tielle ei saatu rakentamislupaa. Seuraavana vaihtoehtona oli Jussilansalmen kautta tapahtuva yhteys. T\u00e4m\u00e4 lopulta toteutuikin ja lossiyhteys saatiin vuonna 2005.<\/p>\n<p>Lossiyhteyden my\u00f6t\u00e4 J\u00e4nk\u00e4saloon saatiin my\u00f6s s\u00e4hk\u00f6t, jolloin el\u00e4misen mahdollisuudet J\u00e4nk\u00e4salossa kohentuivat aivan oleellisesti ja J\u00e4nk\u00e4salo p\u00e4\u00e4si tasaveroiseksi asuinalueeksi kunnan muiden kylien kanssa.<\/p>\n<p><strong>Yhteystiedot<\/strong><\/p>\n<p>J\u00e4nk\u00e4salon yksityistien tiekunta<\/p>\n<p><strong>Tiehoitokunta:<\/strong><br \/>\nPekka Riikonen, puheenjohtaja p. 0405856871,<br \/>\ne-mail: pekka.riikonen<a href=\"mailto:esa.sarma@kolumbus.fi\">@outlook.com<\/a><\/p>\n<p>Antti Virtanen, sihteeri p. 0400557510,<br \/>\ne-mail: <a href=\"mailto:anttisamuli.virtanen@gmail.com\">anttisamuli.virtanen@gmail.com<\/a><\/p>\n<p><span style=\"float: none;background-color: transparent;color: #333333;cursor: text;font-family: 'Helvetica Neue',Helvetica,Arial,sans-serif;font-size: 15px;font-style: normal;font-variant: normal;font-weight: 300;letter-spacing: normal;line-height: 24.37px;text-align: left;text-decoration: none;text-indent: 0px\">Kari Nisonen teiden kunnossapito. 0500272041<\/span><\/p>\n<p><span style=\"float: none;background-color: transparent;color: #333333;cursor: text;font-family: 'Helvetica Neue',Helvetica,Arial,sans-serif;font-size: 15px;font-style: normal;font-variant: normal;font-weight: 300;letter-spacing: normal;line-height: 24.37px;text-align: left;text-decoration: none;text-indent: 0px\">e-mail: kari.nisonen@pp.inet.fi<\/span><\/p>\n<p>Varaj\u00e4senet<\/p>\n<p><span style=\"float: none;background-color: transparent;color: #333333;cursor: text;font-family: 'Helvetica Neue',Helvetica,Arial,sans-serif;font-size: 15px;font-style: normal;font-variant: normal;font-weight: 300;letter-spacing: normal;line-height: 24.37px;text-align: left;text-decoration: none;text-indent: 0px\">Jari Helman<\/span><span style=\"float: none;background-color: transparent;color: #333333;cursor: text;font-family: 'Helvetica Neue',Helvetica,Arial,sans-serif;font-size: 15px;font-style: normal;font-variant: normal;font-weight: 300;letter-spacing: normal;line-height: 24.37px;text-align: left;text-decoration: none;text-indent: 0px\">, varaj\u00e4sen<\/span><\/p>\n<p>Teppo Kylm\u00e4, varaj\u00e4sen<\/p>\n<p>&nbsp;<\/p>\n","protected":false},"excerpt":{"rendered":"<p>Liikenneyhteys J\u00e4nk\u00e4saloon on ollut aina vuoteen 2005 saakka vesitien ja talvella j\u00e4\u00e4tien varassa. J\u00e4\u00e4tien auraaminen autoliikennett\u00e4 varten on aloitettu 60-luvun loppupuolella. Sit\u00e4 ennen merkitty j\u00e4\u00e4tie oli pelk\u00e4st\u00e4\u00e4n hevosliikennett\u00e4 varten eik\u00e4 tiet\u00e4 aurattu. Rekister\u00f6ity J\u00e4nk\u00e4salon tiekunta perustettiin vuonna 1984. Tiekunnan perustaminen &hellip; <a href=\"https:\/\/kylat.ekarjala.fi\/jankasalo\/tiekunta\/\">Lue loppuun <span class=\"meta-nav\">&rarr;<\/span><\/a><\/p>\n","protected":false},"author":128,"featured_media":0,"parent":0,"menu_order":0,"comment_status":"closed","ping_status":"open","template":"sidebar-page.php","meta":{"footnotes":""},"class_list":["post-11","page","type-page","status-publish","hentry"],"_links":{"self":[{"href":"https:\/\/kylat.ekarjala.fi\/jankasalo\/wp-json\/wp\/v2\/pages\/11","targetHints":{"allow":["GET"]}}],"collection":[{"href":"https:\/\/kylat.ekarjala.fi\/jankasalo\/wp-json\/wp\/v2\/pages"}],"about":[{"href":"https:\/\/kylat.ekarjala.fi\/jankasalo\/wp-json\/wp\/v2\/types\/page"}],"author":[{"embeddable":true,"href":"https:\/\/kylat.ekarjala.fi\/jankasalo\/wp-json\/wp\/v2\/users\/128"}],"replies":[{"embeddable":true,"href":"https:\/\/kylat.ekarjala.fi\/jankasalo\/wp-json\/wp\/v2\/comments?post=11"}],"version-history":[{"count":20,"href":"https:\/\/kylat.ekarjala.fi\/jankasalo\/wp-json\/wp\/v2\/pages\/11\/revisions"}],"predecessor-version":[{"id":1088,"href":"https:\/\/kylat.ekarjala.fi\/jankasalo\/wp-json\/wp\/v2\/pages\/11\/revisions\/1088"}],"wp:attachment":[{"href":"https:\/\/kylat.ekarjala.fi\/jankasalo\/wp-json\/wp\/v2\/media?parent=11"}],"curies":[{"name":"wp","href":"https:\/\/api.w.org\/{rel}","templated":true}]}}