{"id":13,"date":"2012-09-06T13:19:11","date_gmt":"2012-09-06T13:19:11","guid":{"rendered":"https:\/\/kylat.ekarjala.fi\/jankasalo\/?page_id=13"},"modified":"2020-07-05T08:01:08","modified_gmt":"2020-07-05T08:01:08","slug":"jatehuolto","status":"publish","type":"page","link":"https:\/\/kylat.ekarjala.fi\/jankasalo\/jatehuolto\/","title":{"rendered":"J\u00e4tehuolto"},"content":{"rendered":"<p>J\u00e4nk\u00e4salon saaressa on kaksi Etel\u00e4-Karjalan j\u00e4tehuollon yll\u00e4pit\u00e4m\u00e4\u00e4 alueker\u00e4yspistett\u00e4, toinen Marjaniementien ja J\u00e4nk\u00e4salontien risteykess\u00e4 ja toinen Kerniementien alkup\u00e4\u00e4ss\u00e4. Kaikki saaren kiinteist\u00f6t kuuluvat t\u00e4m\u00e4n j\u00e4tehuollon piiriin ja ovat oikeutettuja k\u00e4ytt\u00e4m\u00e4\u00e4n j\u00e4teohjeen mukaisesti n\u00e4it\u00e4 alueker\u00e4yspisteit\u00e4.<\/p>\n","protected":false},"excerpt":{"rendered":"<p>J\u00e4nk\u00e4salon saaressa on kaksi Etel\u00e4-Karjalan j\u00e4tehuollon yll\u00e4pit\u00e4m\u00e4\u00e4 alueker\u00e4yspistett\u00e4, toinen Marjaniementien ja J\u00e4nk\u00e4salontien risteykess\u00e4 ja toinen Kerniementien alkup\u00e4\u00e4ss\u00e4. Kaikki saaren kiinteist\u00f6t kuuluvat t\u00e4m\u00e4n j\u00e4tehuollon piiriin ja ovat oikeutettuja k\u00e4ytt\u00e4m\u00e4\u00e4n j\u00e4teohjeen mukaisesti n\u00e4it\u00e4 alueker\u00e4yspisteit\u00e4.<\/p>\n","protected":false},"author":128,"featured_media":0,"parent":0,"menu_order":0,"comment_status":"closed","ping_status":"open","template":"sidebar-page.php","meta":{"footnotes":""},"class_list":["post-13","page","type-page","status-publish","hentry"],"_links":{"self":[{"href":"https:\/\/kylat.ekarjala.fi\/jankasalo\/wp-json\/wp\/v2\/pages\/13","targetHints":{"allow":["GET"]}}],"collection":[{"href":"https:\/\/kylat.ekarjala.fi\/jankasalo\/wp-json\/wp\/v2\/pages"}],"about":[{"href":"https:\/\/kylat.ekarjala.fi\/jankasalo\/wp-json\/wp\/v2\/types\/page"}],"author":[{"embeddable":true,"href":"https:\/\/kylat.ekarjala.fi\/jankasalo\/wp-json\/wp\/v2\/users\/128"}],"replies":[{"embeddable":true,"href":"https:\/\/kylat.ekarjala.fi\/jankasalo\/wp-json\/wp\/v2\/comments?post=13"}],"version-history":[{"count":20,"href":"https:\/\/kylat.ekarjala.fi\/jankasalo\/wp-json\/wp\/v2\/pages\/13\/revisions"}],"predecessor-version":[{"id":821,"href":"https:\/\/kylat.ekarjala.fi\/jankasalo\/wp-json\/wp\/v2\/pages\/13\/revisions\/821"}],"wp:attachment":[{"href":"https:\/\/kylat.ekarjala.fi\/jankasalo\/wp-json\/wp\/v2\/media?parent=13"}],"curies":[{"name":"wp","href":"https:\/\/api.w.org\/{rel}","templated":true}]}}