{"id":33,"date":"2012-09-06T13:29:48","date_gmt":"2012-09-06T13:29:48","guid":{"rendered":"https:\/\/kylat.ekarjala.fi\/jankasalo\/?page_id=33"},"modified":"2024-04-21T09:03:02","modified_gmt":"2024-04-21T09:03:02","slug":"jankasalon-weikot","status":"publish","type":"page","link":"https:\/\/kylat.ekarjala.fi\/jankasalo\/yhdistykset\/jankasalon-weikot\/","title":{"rendered":"J\u00c4NK\u00c4SALON WEIKOT"},"content":{"rendered":"<p>Lossiyhteyden my\u00f6t\u00e4 J\u00e4nk\u00e4salon toiminta vilkastui kaikin tavoin. Vuonna 2005 saareen perustettiin oma urheiluseura, J\u00e4nk\u00e4salon Weikot ry. Seuran ensisijaisena tavoitteena on aktivoida\u00a0saarelaisia liikunnallisiin harrastuksiin ja lis\u00e4t\u00e4 liikunnallista yhdess\u00e4oloa, ei niink\u00e4\u00e4n kilpaurheilun harjoittaminen. Ensimm\u00e4isen\u00e4 konkreettisena toimenpiteen\u00e4 saareen pystytettiin liikuntasuoritusten merkkauspiste.<\/p>\n<p>Urheiluseurassa on t\u00e4ll\u00e4 hetkell\u00e4 noin 250 j\u00e4sent\u00e4. Seuran aktiivisen talkootoiminnan tuloksena J\u00e4nk\u00e4saloon rakennettiin urheilukentt\u00e4 ja kent\u00e4n laidalle kokoontumistilaksi kota, johon mahtuu 50 \u2013 60 henke\u00e4. Kotaa vuokrataan my\u00f6s ulkopuolisille.<\/p>\n<p>Urheilutoiminnalla on pitk\u00e4t perinteet<br \/>J\u00e4nk\u00e4saloon perustettiin Saaren Veikkojen J\u00e4nk\u00e4salon paikallisosasto vuonna 1933. Tuolloin urheiluseuran toiminta oli eritt\u00e4in vire\u00e4\u00e4. J\u00e4nk\u00e4salossa oli hyvi\u00e4 urheilijoita, joiden joukosta l\u00f6ytyi Taipalsaaren mestareita. Yleens\u00e4 J\u00e4nk\u00e4salolaiset voittivat kylien v\u00e4liset ottelut.<\/p>\n<p>J\u00e4nk\u00e4salossa oli tuolloinkin aktiivista v\u00e4ke\u00e4 toimimaan. Hyv\u00e4n talkoohengen avulla saareen raivattiin urheilukentt\u00e4 l\u00e4hes v\u00e4litt\u00f6m\u00e4sti seuran perustamisen j\u00e4lkeen ja kent\u00e4n laidalle rakennettiin tanssilava, johon tultiin ymp\u00e4ri pit\u00e4j\u00e4\u00e4 tanssimaan. Ohjelmallisia iltamia j\u00e4rjestettiin kerran kuussa. Urheiluseuran toiminta hiipui sodan j\u00e4lkeen 40-luvun lopulla, mutta nyt 60 vuoden j\u00e4lkeen liikunnallinen toiminta on j\u00e4lleen elpynyt.<\/p>\n<p>Alla linkkin\u00e4 j\u00e4senlomake jonka voit t\u00e4ytt\u00e4\u00e4 ja toimittaa kioskin kassalippaaseen <strong>J\u00e4nk\u00e4salon Weikkojen tilinumero FI 59 5620 5720 019015<\/strong><\/p>\n<p><a href=\"https:\/\/kylat.ekarjala.fi\/jankasalo\/wp-content\/uploads\/sites\/50\/2013\/07\/J\u00e4nk\u00e4salon-Weikot-j\u00e4senlomake-2013_2.docx\">J\u00e4nk\u00e4salon Weikot j\u00e4senlomake T\u00c4ST\u00c4<\/a><\/p>\n<p><strong>Yhteystiedot<\/strong><br \/>J\u00c4NK\u00c4SALON\u00a0 WEIKOT\u00a0 RY<\/p>\n<p>Puheenjohtaja:<br \/>Kari Korhonen, p. 0400 971 869<\/p>\n<p>karikorhonen94@gmail.com<\/p>\n<p>JAOSTO: KALA WEIKOT<\/p>\n<p><strong>Toimintaa<\/strong><\/p>\n<p><strong>JALKAPALLO-OTTELUT REHULAA VASTAAN, ONKI\/PILKKIKISAT, UISTELUKISOJA,\u00a0KYL\u00c4TAPAHTUMIA\u00a0SEK\u00c4 TEATTERIMATKOJA<\/strong>.<\/p>\n<p><em><strong>ITSEPALVELU KIOSKI LOSSIRANNASSA.<\/strong><\/em><\/p>\n<p><em><strong>N\u00c4IN OSTAT KIOSKILTA<\/strong><\/em><\/p>\n<p>Valitse itse tuote<br \/>Kirjaa vihkoon<br \/>&#8211; m\u00e4\u00e4r\u00e4<br \/>&#8211; tuotteen nimi<br \/>&#8211; hinta<br \/>&#8211; Maksa lippaaseen<br \/><em><strong>KIITOS!<\/strong><\/em><\/p>\n\n\n<figure class=\"wp-block-image size-full\"><a href=\"https:\/\/kylat.ekarjala.fi\/jankasalo\/wp-content\/uploads\/sites\/50\/2021\/11\/VuosikokouskutsuWeikot2021.jpg\"><img fetchpriority=\"high\" decoding=\"async\" width=\"960\" height=\"720\" src=\"https:\/\/kylat.ekarjala.fi\/jankasalo\/wp-content\/uploads\/sites\/50\/2021\/11\/VuosikokouskutsuWeikot2021.jpg\" alt=\"\" class=\"wp-image-1036\" srcset=\"https:\/\/kylat.ekarjala.fi\/jankasalo\/wp-content\/uploads\/sites\/50\/2021\/11\/VuosikokouskutsuWeikot2021.jpg 960w, https:\/\/kylat.ekarjala.fi\/jankasalo\/wp-content\/uploads\/sites\/50\/2021\/11\/VuosikokouskutsuWeikot2021-300x225.jpg 300w, https:\/\/kylat.ekarjala.fi\/jankasalo\/wp-content\/uploads\/sites\/50\/2021\/11\/VuosikokouskutsuWeikot2021-768x576.jpg 768w, https:\/\/kylat.ekarjala.fi\/jankasalo\/wp-content\/uploads\/sites\/50\/2021\/11\/VuosikokouskutsuWeikot2021-400x300.jpg 400w\" sizes=\"(max-width: 960px) 100vw, 960px\" \/><\/a><\/figure>\n","protected":false},"excerpt":{"rendered":"<p>Lossiyhteyden my\u00f6t\u00e4 J\u00e4nk\u00e4salon toiminta vilkastui kaikin tavoin. Vuonna 2005 saareen perustettiin oma urheiluseura, J\u00e4nk\u00e4salon Weikot ry. Seuran ensisijaisena tavoitteena on aktivoida\u00a0saarelaisia liikunnallisiin harrastuksiin ja lis\u00e4t\u00e4 liikunnallista yhdess\u00e4oloa, ei niink\u00e4\u00e4n kilpaurheilun harjoittaminen. Ensimm\u00e4isen\u00e4 konkreettisena toimenpiteen\u00e4 saareen pystytettiin liikuntasuoritusten merkkauspiste. Urheiluseurassa on &hellip; <a href=\"https:\/\/kylat.ekarjala.fi\/jankasalo\/yhdistykset\/jankasalon-weikot\/\">Lue loppuun <span class=\"meta-nav\">&rarr;<\/span><\/a><\/p>\n","protected":false},"author":128,"featured_media":0,"parent":7,"menu_order":0,"comment_status":"closed","ping_status":"open","template":"sidebar-page.php","meta":{"footnotes":""},"class_list":["post-33","page","type-page","status-publish","hentry"],"_links":{"self":[{"href":"https:\/\/kylat.ekarjala.fi\/jankasalo\/wp-json\/wp\/v2\/pages\/33","targetHints":{"allow":["GET"]}}],"collection":[{"href":"https:\/\/kylat.ekarjala.fi\/jankasalo\/wp-json\/wp\/v2\/pages"}],"about":[{"href":"https:\/\/kylat.ekarjala.fi\/jankasalo\/wp-json\/wp\/v2\/types\/page"}],"author":[{"embeddable":true,"href":"https:\/\/kylat.ekarjala.fi\/jankasalo\/wp-json\/wp\/v2\/users\/128"}],"replies":[{"embeddable":true,"href":"https:\/\/kylat.ekarjala.fi\/jankasalo\/wp-json\/wp\/v2\/comments?post=33"}],"version-history":[{"count":20,"href":"https:\/\/kylat.ekarjala.fi\/jankasalo\/wp-json\/wp\/v2\/pages\/33\/revisions"}],"predecessor-version":[{"id":1091,"href":"https:\/\/kylat.ekarjala.fi\/jankasalo\/wp-json\/wp\/v2\/pages\/33\/revisions\/1091"}],"up":[{"embeddable":true,"href":"https:\/\/kylat.ekarjala.fi\/jankasalo\/wp-json\/wp\/v2\/pages\/7"}],"wp:attachment":[{"href":"https:\/\/kylat.ekarjala.fi\/jankasalo\/wp-json\/wp\/v2\/media?parent=33"}],"curies":[{"name":"wp","href":"https:\/\/api.w.org\/{rel}","templated":true}]}}