{"id":41,"date":"2012-09-06T13:34:52","date_gmt":"2012-09-06T13:34:52","guid":{"rendered":"https:\/\/kylat.ekarjala.fi\/jankasalo\/?page_id=41"},"modified":"2025-07-03T08:16:53","modified_gmt":"2025-07-03T08:16:53","slug":"jankasalon-kylayhdistys","status":"publish","type":"page","link":"https:\/\/kylat.ekarjala.fi\/jankasalo\/yhdistykset\/jankasalon-kylayhdistys\/","title":{"rendered":"J\u00c4NK\u00c4SALON KYL\u00c4YHDISTYS"},"content":{"rendered":"<p><strong>J\u00e4nk\u00e4salon kyl\u00e4yhdistys<\/strong> on perustettu edist\u00e4m\u00e4\u00e4n saaren asukkaiden v\u00e4list\u00e4 yhteisty\u00f6t\u00e4, parantamaan saaren elinmahdollisuuksia, toimimaan asukkaiden yleisten etujen valvojana sek\u00e4 edist\u00e4m\u00e4\u00e4n saaren vakinaisten ja vapaa-ajan asukkaiden viihtyvyytt\u00e4, harrastus- ja kulttuuritoimintaa. Kulttuuritoiminnasta on ensimm\u00e4isen\u00e4 konkreettisena n\u00e4ytt\u00f6n\u00e4 <strong>J\u00e4nk\u00e4salo-p\u00e4iv\u00e4<\/strong>, jota vietet\u00e4\u00e4n useimmiten hein\u00e4kuun viimeisen\u00e4 lauantaina. Kyseisen\u00e4 ajankohtana vuonna 2005 otettiin Jussilansalmen lossi virallisesti k\u00e4ytt\u00f6\u00f6n. Kyl\u00e4yhdistys toimii J\u00e4nk\u00e4salon kehitt\u00e4miseksi tiiviiss\u00e4 yhteisty\u00f6ss\u00e4 J\u00e4nk\u00e4salon Weikkojen ja Er\u00e4-Weikkojen kanssa.<\/p>\n<p>Kyl\u00e4yhdistys yll\u00e4pit\u00e4\u00e4 <strong>kirjastoa<\/strong>, joka sijaitsee Torirannassa kioskin vieress\u00e4. Kirjastosta voi kuka tahansa lainata kirjoja ja lehti\u00e4 merkitsem\u00e4ll\u00e4 lainat vihkoon. Palautus sitten kun on saatu luettua.<\/p>\n<p><a href=\"https:\/\/kylat.ekarjala.fi\/jankasalo\/wp-content\/uploads\/sites\/50\/2015\/07\/Yhteis_sanomat_2_8_05.pdf\">Yhteis_sanomat_2_8_05<\/a><\/p>\n<p><a href=\"https:\/\/kylat.ekarjala.fi\/jankasalo\/wp-content\/uploads\/sites\/50\/2015\/07\/Etel\u00e4-Saimaa_30_7_05.pdf\">Etel\u00e4-Saimaa_30_7_05<\/a><\/p>\n<p><strong>YHTEYSTIEDOT<\/strong><br \/>J\u00c4NK\u00c4SALON KYL\u00c4YHDISTYS<br \/>HALLITUS 2025<\/p>\n<p><strong>Pekka Riikonen<\/strong>, hallituksen\u00a0puheenjohtaja<br \/>p. 040 5856871 S\u00e4hk\u00f6posti: \u00a0<a href=\"mailto:pekka.riikonen@outlook.com\" target=\"_blank\" rel=\"noopener noreferrer\">pekka.riikonen@outlook.com<\/a><\/p>\n<p><strong>Tarja Riikonen<\/strong>,\u00a0sihteeri<br \/>p. 040 5357442 S\u00e4hk\u00f6posti: tarjariikonen56@gmail.com<\/p>\n<p><strong>Matti Suninen<\/strong>, hallituksen j\u00e4sen S\u00e4hk\u00f6posti:\u00a0<a href=\"mailto:m.suninen@gmail.com\" target=\"_blank\" rel=\"noopener noreferrer\">m.suninen@gmail.com<\/a><\/p>\n<p><strong>Jari Hellman<\/strong>, hallituksen j\u00e4sen, p. 040 055 4042<\/p>\n<p><strong>Mari Kr\u00f6ger<\/strong>, hallituksen j\u00e4sen, p.040 020 3335<\/p>\n<p><strong>Pirita Linnavuori,<\/strong> hallituksen j\u00e4sen<\/p>\n\n\n<p><\/p>\n\n\n\n<p><\/p>\n\n\n\n<p><\/p>\n\n\n\n<p><\/p>\n\n\n\n<p><\/p>\n\n\n\n<p><\/p>\n\n\n\n<p class=\"has-x-large-font-size\"><strong>Kes\u00e4n 2025 toimintaa<\/strong><\/p>\n\n\n\n<p class=\"has-medium-font-size\"><strong>Helatorstaina  29.5.2025 pidet\u00e4\u00e4n sanaumalanpalvelus ja kinkerit Weikkojen Kodalla  Marjaniementie 54<\/strong> <strong>klo 13.00. Kyl\u00e4yhdistys tarjoaa kirkkokahvit.<\/strong><\/p>\n\n\n\n<p><\/p>\n\n\n\n<p><\/p>\n\n\n\n<p><\/p>\n\n\n\n<h2 class=\"wp-block-heading has-large-font-size\"><strong>Avoimet Kyl\u00e4t 202<\/strong>5<\/h2>\n\n\n\n<p class=\"has-large-font-size\"><\/p>\n\n\n\n<p class=\"has-medium-font-size\"><strong>J\u00e4rjest\u00e4mme tilauksesta opastetuja tutustumisk\u00e4yntej\u00e4 Salpalinjaan kuuluville linnoitusrakennelmille klo 11.00 ja 13.00. Oppaina toimivat Jari Hellman ja Olli Kr\u00f6ger, joilla on runsaasti taustatietoa kohteista.<\/strong> <\/p>\n\n\n\n<p class=\"has-medium-font-size\"><\/p>\n\n\n\n<p class=\"has-medium-font-size\"><strong>Kyl\u00e4yhdistys myy kodalla toimintansa tukemiseksi kahvia ja leivonnaisia. Lossirannan itsepalvelukioskista voi ostaa j\u00e4\u00e4tel\u00f6\u00e4 ja virvokkeita, joiden tuotto menee J\u00e4nk\u00e4salon Weikkojen toiminnan tukemiseksi.<\/strong><\/p>\n\n\n\n<p style=\"font-size:48px\"><strong>Torilla tapahtuu<\/strong><\/p>\n\n\n\n<figure class=\"wp-block-image size-full\"><a href=\"https:\/\/kylat.ekarjala.fi\/jankasalo\/wp-content\/uploads\/sites\/50\/2025\/07\/Jankasalon-Kesakahvilat-2025.jpg\"><img fetchpriority=\"high\" decoding=\"async\" width=\"960\" height=\"720\" src=\"https:\/\/kylat.ekarjala.fi\/jankasalo\/wp-content\/uploads\/sites\/50\/2025\/07\/Jankasalon-Kesakahvilat-2025.jpg\" alt=\"\" class=\"wp-image-1102\" srcset=\"https:\/\/kylat.ekarjala.fi\/jankasalo\/wp-content\/uploads\/sites\/50\/2025\/07\/Jankasalon-Kesakahvilat-2025.jpg 960w, https:\/\/kylat.ekarjala.fi\/jankasalo\/wp-content\/uploads\/sites\/50\/2025\/07\/Jankasalon-Kesakahvilat-2025-300x225.jpg 300w, https:\/\/kylat.ekarjala.fi\/jankasalo\/wp-content\/uploads\/sites\/50\/2025\/07\/Jankasalon-Kesakahvilat-2025-768x576.jpg 768w, https:\/\/kylat.ekarjala.fi\/jankasalo\/wp-content\/uploads\/sites\/50\/2025\/07\/Jankasalon-Kesakahvilat-2025-400x300.jpg 400w\" sizes=\"(max-width: 960px) 100vw, 960px\" \/><\/a><\/figure>\n\n\n\n<p><\/p>\n\n\n\n<p><\/p>\n\n\n\n<p class=\"has-medium-font-size\"><strong>Kes\u00e4kahvilat lauantaisin hein\u00e4kuussa 2025: <\/strong><\/p>\n\n\n\n<p class=\"has-medium-font-size\"><strong>5.7. 2025    Heini K\u00e4hk\u00f6nen esittelee Leader L\u00e4nsi-Saimaan toimintaa ja erilaisia tukimahdollisuuksia klo 10 &#8211; 12<\/strong>. <\/p>\n\n\n\n<p class=\"has-medium-font-size\"><strong>12.7. 2025   PAREMPI VARA &#8211; Varautumisen rastipisteet.<\/strong> <strong>Riitta Sutinen  Etel\u00e4-Karjalan Martoista esittelee hanketta. <\/strong><\/p>\n\n\n\n<p class=\"has-medium-font-size\"><strong>19.7. 2025  <strong>J\u00e4nk\u00e4salo-p\u00e4iv\u00e4 klo 10 &#8211; 13<\/strong><\/strong>. <strong>Juhlitaan Jussilansalmen lossin 20-vuotistaivalta.<\/strong> <strong>Ajantasaista tietoa lossin toiminnasta.<\/strong> <strong>Hernekeittoa, kahvia ja leivonnaisia.<\/strong><\/p>\n\n\n\n<p class=\"has-medium-font-size\"><strong>26.7. 2025   Kes\u00e4kahvila klo 10 &#8211; 12<\/strong>.<\/p>\n\n\n\n<p class=\"has-medium-font-size\"><\/p>\n","protected":false},"excerpt":{"rendered":"<p>J\u00e4nk\u00e4salon kyl\u00e4yhdistys on perustettu edist\u00e4m\u00e4\u00e4n saaren asukkaiden v\u00e4list\u00e4 yhteisty\u00f6t\u00e4, parantamaan saaren elinmahdollisuuksia, toimimaan asukkaiden yleisten etujen valvojana sek\u00e4 edist\u00e4m\u00e4\u00e4n saaren vakinaisten ja vapaa-ajan asukkaiden viihtyvyytt\u00e4, harrastus- ja kulttuuritoimintaa. Kulttuuritoiminnasta on ensimm\u00e4isen\u00e4 konkreettisena n\u00e4ytt\u00f6n\u00e4 J\u00e4nk\u00e4salo-p\u00e4iv\u00e4, jota vietet\u00e4\u00e4n useimmiten hein\u00e4kuun viimeisen\u00e4 lauantaina. &hellip; <a href=\"https:\/\/kylat.ekarjala.fi\/jankasalo\/yhdistykset\/jankasalon-kylayhdistys\/\">Lue loppuun <span class=\"meta-nav\">&rarr;<\/span><\/a><\/p>\n","protected":false},"author":128,"featured_media":0,"parent":7,"menu_order":0,"comment_status":"closed","ping_status":"open","template":"sidebar-page.php","meta":{"footnotes":""},"class_list":["post-41","page","type-page","status-publish","hentry"],"_links":{"self":[{"href":"https:\/\/kylat.ekarjala.fi\/jankasalo\/wp-json\/wp\/v2\/pages\/41","targetHints":{"allow":["GET"]}}],"collection":[{"href":"https:\/\/kylat.ekarjala.fi\/jankasalo\/wp-json\/wp\/v2\/pages"}],"about":[{"href":"https:\/\/kylat.ekarjala.fi\/jankasalo\/wp-json\/wp\/v2\/types\/page"}],"author":[{"embeddable":true,"href":"https:\/\/kylat.ekarjala.fi\/jankasalo\/wp-json\/wp\/v2\/users\/128"}],"replies":[{"embeddable":true,"href":"https:\/\/kylat.ekarjala.fi\/jankasalo\/wp-json\/wp\/v2\/comments?post=41"}],"version-history":[{"count":20,"href":"https:\/\/kylat.ekarjala.fi\/jankasalo\/wp-json\/wp\/v2\/pages\/41\/revisions"}],"predecessor-version":[{"id":1106,"href":"https:\/\/kylat.ekarjala.fi\/jankasalo\/wp-json\/wp\/v2\/pages\/41\/revisions\/1106"}],"up":[{"embeddable":true,"href":"https:\/\/kylat.ekarjala.fi\/jankasalo\/wp-json\/wp\/v2\/pages\/7"}],"wp:attachment":[{"href":"https:\/\/kylat.ekarjala.fi\/jankasalo\/wp-json\/wp\/v2\/media?parent=41"}],"curies":[{"name":"wp","href":"https:\/\/api.w.org\/{rel}","templated":true}]}}