{"id":5,"date":"2012-09-06T13:19:06","date_gmt":"2012-09-06T13:19:06","guid":{"rendered":"https:\/\/kylat.ekarjala.fi\/jankasalo\/?page_id=5"},"modified":"2020-07-05T11:18:04","modified_gmt":"2020-07-05T11:18:04","slug":"historia","status":"publish","type":"page","link":"https:\/\/kylat.ekarjala.fi\/jankasalo\/historia\/","title":{"rendered":"Historia"},"content":{"rendered":"<div id=\"attachment_23\" style=\"width: 410px\" class=\"wp-caption alignnone\"><a href=\"https:\/\/kylat.ekarjala.fi\/jankasalo\/wp-content\/uploads\/sites\/50\/2012\/09\/historia1.jpg\"><img fetchpriority=\"high\" decoding=\"async\" aria-describedby=\"caption-attachment-23\" class=\"size-full wp-image-23\" src=\"https:\/\/kylat.ekarjala.fi\/jankasalo\/wp-content\/uploads\/sites\/50\/2012\/09\/historia1.jpg\" alt=\"\" width=\"400\" height=\"353\" \/><\/a><p id=\"caption-attachment-23\" class=\"wp-caption-text\">Merikortti 1860-luvulta<\/p><\/div>\n<p>J\u00e4nk\u00e4salon asutuksella on pitk\u00e4 historia. Saari on ollut asuttuna jo satoja vuosia.<br \/>Viime vuosisadan alkupuolella, jolloin liikuttiin vesiteit\u00e4 pitkin, J\u00e4nk\u00e4salo oli vireimpi\u00e4 Taipalsaaren kunnan asuinalueita. Saaressa oli silloin toista sataa asukasta.<br \/>Yhteiskunnan elinkeinorakenteen ja liikenneyhteyksien muututtua saari l\u00e4hes autioitui ja j\u00e4i eristykseen muusta kunnasta, kunnes vuonna 2005 Suureen J\u00e4nk\u00e4saloon saatiin lossiyhteys ja s\u00e4hk\u00f6t. Yhteyksien parannuttua toiminta saaressa on j\u00e4lleen vilkastunut ja vakituisten asukkaiden ja kes\u00e4asukkaiden m\u00e4\u00e4r\u00e4 on lis\u00e4\u00e4ntynyt. Rakentamattomista tonteista ja myyt\u00e4vist\u00e4 tiloista on suuri kysynt\u00e4.<\/p>\n\n\n<div class=\"wp-block-group\"><div class=\"wp-block-group__inner-container is-layout-flow wp-block-group-is-layout-flow\">\n<figure class=\"wp-block-image size-large is-resized\"><img decoding=\"async\" src=\"https:\/\/kylat.ekarjala.fi\/jankasalo\/wp-content\/uploads\/sites\/50\/2020\/07\/LKoulukuva-Honkasen-tyt\u00f6t-a.jpg\" alt=\"\" class=\"wp-image-842\" width=\"477\" height=\"315\" srcset=\"https:\/\/kylat.ekarjala.fi\/jankasalo\/wp-content\/uploads\/sites\/50\/2020\/07\/LKoulukuva-Honkasen-tyt\u00f6t-a.jpg 384w, https:\/\/kylat.ekarjala.fi\/jankasalo\/wp-content\/uploads\/sites\/50\/2020\/07\/LKoulukuva-Honkasen-tyt\u00f6t-a-300x199.jpg 300w\" sizes=\"(max-width: 477px) 100vw, 477px\" \/><figcaption>Monen koulutie vei Rehulan kouluun, jonne piti kulkea veden yli soutamalla tai j\u00e4\u00e4t\u00e4 pitkin. Kelirikkoaikana tarvittiin kortteeria mantereesta. J\u00e4nk\u00e4saloon anottiin omaa koulua vuonna 1936, mutta kunta ev\u00e4si hankkeen vedoten taloudellisiin vaikeuksiin.<\/figcaption><\/figure>\n<\/div><\/div>\n\n\n\n<figure class=\"wp-block-image size-large is-resized\"><img decoding=\"async\" src=\"https:\/\/kylat.ekarjala.fi\/jankasalo\/wp-content\/uploads\/sites\/50\/2020\/07\/HM-Tanssilava-2a.jpg\" alt=\"\" class=\"wp-image-846\" width=\"473\" height=\"315\" srcset=\"https:\/\/kylat.ekarjala.fi\/jankasalo\/wp-content\/uploads\/sites\/50\/2020\/07\/HM-Tanssilava-2a.jpg 850w, https:\/\/kylat.ekarjala.fi\/jankasalo\/wp-content\/uploads\/sites\/50\/2020\/07\/HM-Tanssilava-2a-300x200.jpg 300w, https:\/\/kylat.ekarjala.fi\/jankasalo\/wp-content\/uploads\/sites\/50\/2020\/07\/HM-Tanssilava-2a-768x512.jpg 768w, https:\/\/kylat.ekarjala.fi\/jankasalo\/wp-content\/uploads\/sites\/50\/2020\/07\/HM-Tanssilava-2a-450x300.jpg 450w\" sizes=\"(max-width: 473px) 100vw, 473px\" \/><figcaption>J\u00e4nk\u00e4salon v\u00e4ke\u00e4 uuden tanssilavan edustalla v.1934. Saaren Weikot j\u00e4rjesti usein iltamia, jossa oli ajan vaatimusten mukaan pakollinen ohjelmaosio ja vasta lopuksi tanssia.<\/figcaption><\/figure>\n\n\n\n<p><\/p>\n\n\n\n<figure class=\"wp-block-image size-large is-resized\"><img loading=\"lazy\" decoding=\"async\" src=\"https:\/\/kylat.ekarjala.fi\/jankasalo\/wp-content\/uploads\/sites\/50\/2020\/07\/TW-hevoset-a.jpg\" alt=\"\" class=\"wp-image-850\" width=\"479\" height=\"319\" srcset=\"https:\/\/kylat.ekarjala.fi\/jankasalo\/wp-content\/uploads\/sites\/50\/2020\/07\/TW-hevoset-a.jpg 850w, https:\/\/kylat.ekarjala.fi\/jankasalo\/wp-content\/uploads\/sites\/50\/2020\/07\/TW-hevoset-a-300x200.jpg 300w, https:\/\/kylat.ekarjala.fi\/jankasalo\/wp-content\/uploads\/sites\/50\/2020\/07\/TW-hevoset-a-768x512.jpg 768w, https:\/\/kylat.ekarjala.fi\/jankasalo\/wp-content\/uploads\/sites\/50\/2020\/07\/TW-hevoset-a-450x300.jpg 450w\" sizes=\"(max-width: 479px) 100vw, 479px\" \/><figcaption>Hevoset olivat maataloissa t\u00e4rkeit\u00e4.<\/figcaption><\/figure>\n\n\n\n<figure class=\"wp-block-image size-large is-resized\"><img loading=\"lazy\" decoding=\"async\" src=\"https:\/\/kylat.ekarjala.fi\/jankasalo\/wp-content\/uploads\/sites\/50\/2020\/07\/Olavin-keitt\u00e4j\u00e4-1a.jpg\" alt=\"\" class=\"wp-image-841\" width=\"285\" height=\"427\" srcset=\"https:\/\/kylat.ekarjala.fi\/jankasalo\/wp-content\/uploads\/sites\/50\/2020\/07\/Olavin-keitt\u00e4j\u00e4-1a.jpg 567w, https:\/\/kylat.ekarjala.fi\/jankasalo\/wp-content\/uploads\/sites\/50\/2020\/07\/Olavin-keitt\u00e4j\u00e4-1a-200x300.jpg 200w\" sizes=\"(max-width: 285px) 100vw, 285px\" \/><figcaption>Hinaajat kuljettivat kes\u00e4isin talven aikana kaadetut puut tehtaille ja sahoille.<\/figcaption><\/figure>\n\n\n\n<figure class=\"wp-block-image size-large is-resized\"><img loading=\"lazy\" decoding=\"async\" src=\"https:\/\/kylat.ekarjala.fi\/jankasalo\/wp-content\/uploads\/sites\/50\/2020\/07\/Nuotanveto-a.jpg\" alt=\"\" class=\"wp-image-840\" width=\"499\" height=\"332\" srcset=\"https:\/\/kylat.ekarjala.fi\/jankasalo\/wp-content\/uploads\/sites\/50\/2020\/07\/Nuotanveto-a.jpg 850w, https:\/\/kylat.ekarjala.fi\/jankasalo\/wp-content\/uploads\/sites\/50\/2020\/07\/Nuotanveto-a-300x200.jpg 300w, https:\/\/kylat.ekarjala.fi\/jankasalo\/wp-content\/uploads\/sites\/50\/2020\/07\/Nuotanveto-a-768x512.jpg 768w, https:\/\/kylat.ekarjala.fi\/jankasalo\/wp-content\/uploads\/sites\/50\/2020\/07\/Nuotanveto-a-450x300.jpg 450w\" sizes=\"(max-width: 499px) 100vw, 499px\" \/><figcaption>J\u00e4nk\u00e4salon miehet nuotanvedossa. Kalaa sy\u00f6tiin paljon ja sen myynnist\u00e4 saarelaiset saivat tuloja. Mittavat puupinot odottavat uittamista eteenp\u00e4in.<\/figcaption><\/figure>\n\n\n\n<figure class=\"wp-block-image size-large is-resized\"><img loading=\"lazy\" decoding=\"async\" src=\"https:\/\/kylat.ekarjala.fi\/jankasalo\/wp-content\/uploads\/sites\/50\/2020\/07\/Sankarihautajaiset1a.jpg\" alt=\"\" class=\"wp-image-844\" width=\"499\" height=\"332\" srcset=\"https:\/\/kylat.ekarjala.fi\/jankasalo\/wp-content\/uploads\/sites\/50\/2020\/07\/Sankarihautajaiset1a.jpg 850w, https:\/\/kylat.ekarjala.fi\/jankasalo\/wp-content\/uploads\/sites\/50\/2020\/07\/Sankarihautajaiset1a-300x200.jpg 300w, https:\/\/kylat.ekarjala.fi\/jankasalo\/wp-content\/uploads\/sites\/50\/2020\/07\/Sankarihautajaiset1a-768x512.jpg 768w, https:\/\/kylat.ekarjala.fi\/jankasalo\/wp-content\/uploads\/sites\/50\/2020\/07\/Sankarihautajaiset1a-450x300.jpg 450w\" sizes=\"(max-width: 499px) 100vw, 499px\" \/><figcaption>Sankarihautajaiset. Sota vei J\u00e4nk\u00e4salosta seitsem\u00e4n nuorta miest\u00e4.<\/figcaption><\/figure>\n\n\n\n<figure class=\"wp-block-image size-large is-resized\"><img loading=\"lazy\" decoding=\"async\" src=\"https:\/\/kylat.ekarjala.fi\/jankasalo\/wp-content\/uploads\/sites\/50\/2020\/07\/Viimeiselle-matkallea.jpg\" alt=\"\" class=\"wp-image-845\" width=\"499\" height=\"333\" srcset=\"https:\/\/kylat.ekarjala.fi\/jankasalo\/wp-content\/uploads\/sites\/50\/2020\/07\/Viimeiselle-matkallea.jpg 850w, https:\/\/kylat.ekarjala.fi\/jankasalo\/wp-content\/uploads\/sites\/50\/2020\/07\/Viimeiselle-matkallea-300x200.jpg 300w, https:\/\/kylat.ekarjala.fi\/jankasalo\/wp-content\/uploads\/sites\/50\/2020\/07\/Viimeiselle-matkallea-768x512.jpg 768w, https:\/\/kylat.ekarjala.fi\/jankasalo\/wp-content\/uploads\/sites\/50\/2020\/07\/Viimeiselle-matkallea-450x300.jpg 450w\" sizes=\"(max-width: 499px) 100vw, 499px\" \/><figcaption>Viimeiselle matkalle. Kaikki kulkeminen tapahtui vett\u00e4 pitkin.<\/figcaption><\/figure>\n","protected":false},"excerpt":{"rendered":"<p>J\u00e4nk\u00e4salon asutuksella on pitk\u00e4 historia. Saari on ollut asuttuna jo satoja vuosia.Viime vuosisadan alkupuolella, jolloin liikuttiin vesiteit\u00e4 pitkin, J\u00e4nk\u00e4salo oli vireimpi\u00e4 Taipalsaaren kunnan asuinalueita. Saaressa oli silloin toista sataa asukasta.Yhteiskunnan elinkeinorakenteen ja liikenneyhteyksien muututtua saari l\u00e4hes autioitui ja j\u00e4i eristykseen &hellip; <a href=\"https:\/\/kylat.ekarjala.fi\/jankasalo\/historia\/\">Lue loppuun <span class=\"meta-nav\">&rarr;<\/span><\/a><\/p>\n","protected":false},"author":128,"featured_media":0,"parent":0,"menu_order":0,"comment_status":"closed","ping_status":"open","template":"sidebar-page.php","meta":{"footnotes":""},"class_list":["post-5","page","type-page","status-publish","hentry"],"_links":{"self":[{"href":"https:\/\/kylat.ekarjala.fi\/jankasalo\/wp-json\/wp\/v2\/pages\/5","targetHints":{"allow":["GET"]}}],"collection":[{"href":"https:\/\/kylat.ekarjala.fi\/jankasalo\/wp-json\/wp\/v2\/pages"}],"about":[{"href":"https:\/\/kylat.ekarjala.fi\/jankasalo\/wp-json\/wp\/v2\/types\/page"}],"author":[{"embeddable":true,"href":"https:\/\/kylat.ekarjala.fi\/jankasalo\/wp-json\/wp\/v2\/users\/128"}],"replies":[{"embeddable":true,"href":"https:\/\/kylat.ekarjala.fi\/jankasalo\/wp-json\/wp\/v2\/comments?post=5"}],"version-history":[{"count":10,"href":"https:\/\/kylat.ekarjala.fi\/jankasalo\/wp-json\/wp\/v2\/pages\/5\/revisions"}],"predecessor-version":[{"id":857,"href":"https:\/\/kylat.ekarjala.fi\/jankasalo\/wp-json\/wp\/v2\/pages\/5\/revisions\/857"}],"wp:attachment":[{"href":"https:\/\/kylat.ekarjala.fi\/jankasalo\/wp-json\/wp\/v2\/media?parent=5"}],"curies":[{"name":"wp","href":"https:\/\/api.w.org\/{rel}","templated":true}]}}