{"id":548,"date":"2017-04-17T18:29:26","date_gmt":"2017-04-17T18:29:26","guid":{"rendered":"https:\/\/kylat.ekarjala.fi\/jankasalo\/?page_id=548"},"modified":"2021-02-16T18:33:02","modified_gmt":"2021-02-16T18:33:02","slug":"yritykset","status":"publish","type":"page","link":"https:\/\/kylat.ekarjala.fi\/jankasalo\/yritykset\/","title":{"rendered":"Yritykset"},"content":{"rendered":"\n<div class=\"wp-block-group\"><div class=\"wp-block-group__inner-container is-layout-flow wp-block-group-is-layout-flow\">\n<div class=\"wp-block-columns is-layout-flex wp-container-core-columns-is-layout-9d6595d7 wp-block-columns-is-layout-flex\">\n<div class=\"wp-block-column is-layout-flow wp-block-column-is-layout-flow\" style=\"flex-basis:100%\">\n<h2 class=\"wp-block-heading\">SAIMAA KORUT<\/h2>\n\n\n\n<h3 class=\"wp-block-heading\">Kotimaisia k\u00e4sity\u00f6n\u00e4 valmistettuja koruja<\/h3>\n\n\n\n<p>Saimaa, j\u00e4rvist\u00e4mme suurin on vuosisatojen ajan mahdollistanut kaupank\u00e4ynnin ja antanut ravinnon p\u00f6yt\u00e4\u00e4n. Sen Suuret sel\u00e4t, hiekkarantojen poukamat, ,jylh\u00e4t kalliorannat, tyynet ja myrskyt ovat innoittaneet n\u00e4idenkin korujen syntyyn.<\/p>\n<\/div>\n<\/div>\n<\/div><\/div>\n\n\n\n<h2 class=\"wp-block-heading\" id=\"block-b380b764-9ed1-4160-8bbd-b5ca6ee88554\"><a href=\"https:\/\/saimaakorut.fi\/\" target=\"_blank\" rel=\"noreferrer noopener\">Saimaa korut &#8211; Matti Suninen Oy, Taipalsaari<\/a><\/h2>\n\n\n\n<p><a href=\"https:\/\/www.facebook.com\/Suninen-Koru-Outlet-100772434811550\/\"><strong>(5) Suninen Koru Outlet | Facebook<\/strong><\/a><\/p>\n\n\n\n<figure class=\"wp-block-image size-large\"><img fetchpriority=\"high\" decoding=\"async\" width=\"1024\" height=\"682\" src=\"https:\/\/kylat.ekarjala.fi\/jankasalo\/wp-content\/uploads\/sites\/50\/2021\/02\/IMG_1370-1024x682.jpg\" alt=\"\" class=\"wp-image-971\" srcset=\"https:\/\/kylat.ekarjala.fi\/jankasalo\/wp-content\/uploads\/sites\/50\/2021\/02\/IMG_1370-1024x682.jpg 1024w, https:\/\/kylat.ekarjala.fi\/jankasalo\/wp-content\/uploads\/sites\/50\/2021\/02\/IMG_1370-300x200.jpg 300w, https:\/\/kylat.ekarjala.fi\/jankasalo\/wp-content\/uploads\/sites\/50\/2021\/02\/IMG_1370-768x512.jpg 768w, https:\/\/kylat.ekarjala.fi\/jankasalo\/wp-content\/uploads\/sites\/50\/2021\/02\/IMG_1370-450x300.jpg 450w, https:\/\/kylat.ekarjala.fi\/jankasalo\/wp-content\/uploads\/sites\/50\/2021\/02\/IMG_1370.jpg 1400w\" sizes=\"(max-width: 1024px) 100vw, 1024px\" \/><\/figure>\n\n\n\n<div class=\"wp-block-image\"><figure class=\"aligncenter\"><img decoding=\"async\" width=\"550\" height=\"683\" src=\"https:\/\/kylat.ekarjala.fi\/jankasalo\/wp-content\/uploads\/sites\/50\/2017\/04\/esite_iw_2.jpg\" alt=\"\" class=\"wp-image-558\" srcset=\"https:\/\/kylat.ekarjala.fi\/jankasalo\/wp-content\/uploads\/sites\/50\/2017\/04\/esite_iw_2.jpg 550w, https:\/\/kylat.ekarjala.fi\/jankasalo\/wp-content\/uploads\/sites\/50\/2017\/04\/esite_iw_2-242x300.jpg 242w\" sizes=\"(max-width: 550px) 100vw, 550px\" \/><\/figure><\/div>\n\n\n\n<p>&nbsp;&nbsp;&nbsp;&nbsp;&nbsp;&nbsp;&nbsp;&nbsp;&nbsp;&nbsp;&nbsp;&nbsp;&nbsp;&nbsp;&nbsp;&nbsp;&nbsp;&nbsp;&nbsp;&nbsp;&nbsp;&nbsp;&nbsp;&nbsp; Tutustu J\u00e4nk\u00e4linnaan osoittessa:&nbsp;<a href=\"http:\/\/www.jankalinna.fi\/\"><u>www.jankalinna.fi<\/u><\/a><\/p>\n\n\n\n<p><a href=\"mailto:info@jankalinna.fi\">info@jankalinna.fi<\/a><\/p>\n\n\n\n<p>J\u00c4NK\u00c4LINNA<br>Lahdenpohjantie 104<br>54920 Taipalsaari<br>Puh. 0400 755 076<\/p>\n\n\n\n<h2 class=\"wp-block-heading\"><\/h2>\n\n\n<p><\/p>\n\n\n<p><\/p>\n","protected":false},"excerpt":{"rendered":"<p>SAIMAA KORUT Kotimaisia k\u00e4sity\u00f6n\u00e4 valmistettuja koruja Saimaa, j\u00e4rvist\u00e4mme suurin on vuosisatojen ajan mahdollistanut kaupank\u00e4ynnin ja antanut ravinnon p\u00f6yt\u00e4\u00e4n. Sen Suuret sel\u00e4t, hiekkarantojen poukamat, ,jylh\u00e4t kalliorannat, tyynet ja myrskyt ovat innoittaneet n\u00e4idenkin korujen syntyyn. Saimaa korut &#8211; Matti Suninen Oy, Taipalsaari &hellip; <a href=\"https:\/\/kylat.ekarjala.fi\/jankasalo\/yritykset\/\">Lue loppuun <span class=\"meta-nav\">&rarr;<\/span><\/a><\/p>\n","protected":false},"author":128,"featured_media":0,"parent":0,"menu_order":11,"comment_status":"closed","ping_status":"closed","template":"","meta":{"footnotes":""},"class_list":["post-548","page","type-page","status-publish","hentry"],"_links":{"self":[{"href":"https:\/\/kylat.ekarjala.fi\/jankasalo\/wp-json\/wp\/v2\/pages\/548","targetHints":{"allow":["GET"]}}],"collection":[{"href":"https:\/\/kylat.ekarjala.fi\/jankasalo\/wp-json\/wp\/v2\/pages"}],"about":[{"href":"https:\/\/kylat.ekarjala.fi\/jankasalo\/wp-json\/wp\/v2\/types\/page"}],"author":[{"embeddable":true,"href":"https:\/\/kylat.ekarjala.fi\/jankasalo\/wp-json\/wp\/v2\/users\/128"}],"replies":[{"embeddable":true,"href":"https:\/\/kylat.ekarjala.fi\/jankasalo\/wp-json\/wp\/v2\/comments?post=548"}],"version-history":[{"count":18,"href":"https:\/\/kylat.ekarjala.fi\/jankasalo\/wp-json\/wp\/v2\/pages\/548\/revisions"}],"predecessor-version":[{"id":983,"href":"https:\/\/kylat.ekarjala.fi\/jankasalo\/wp-json\/wp\/v2\/pages\/548\/revisions\/983"}],"wp:attachment":[{"href":"https:\/\/kylat.ekarjala.fi\/jankasalo\/wp-json\/wp\/v2\/media?parent=548"}],"curies":[{"name":"wp","href":"https:\/\/api.w.org\/{rel}","templated":true}]}}