{"id":9,"date":"2012-09-06T13:19:18","date_gmt":"2012-09-06T13:19:18","guid":{"rendered":"https:\/\/kylat.ekarjala.fi\/jankasalo\/?page_id=9"},"modified":"2019-12-20T09:15:56","modified_gmt":"2019-12-20T09:15:56","slug":"lossi","status":"publish","type":"page","link":"https:\/\/kylat.ekarjala.fi\/jankasalo\/lossi\/","title":{"rendered":"Lossi"},"content":{"rendered":"<p><strong>Lossin puhelin 0400 251501<\/strong><\/p>\n<p><strong>Lossin kantavuus 44t, pituus 26m.<\/strong><\/p>\n<p><strong>Lossin aikataulu<\/strong><\/p>\n<p>Ma-Pe\u00a0 klo 6.00-22.00<br \/>\nLa-Su\u00a0\u00a0 klo 7.00-22.00<\/p>\n<p>H\u00e4lytysajot ajetaan kaikkina vuorokauden aikoina. H\u00e4lytykset tulee suorittaa yleiseen h\u00e4t\u00e4numeroon 112 ja asian nopeuttamiseksi pit\u00e4\u00e4 soittaa my\u00f6s lossin puhelimeen.<\/p>\n<p>Arkipyhin\u00e4\u00a0\u00a0ajetaan sunnuntain aikataululla.<\/p>\n<p><strong>Tauot:<\/strong><br \/>\n<span style=\"color: #000000\">9.00 &#8211; 9.20<\/span><br \/>\n<span style=\"color: #000000\">11.00 -11.20<\/span><\/p>\n<p><span style=\"color: #000000\">17.00 -17.20<\/span><br \/>\n<span style=\"color: #000000\">19.00 -19.20<\/span><\/p>\n<p>Muistathan, ett\u00e4 lossin kuljettajan ty\u00f6vuoro p\u00e4\u00e4ttyy kello 22.00!! Viimeinen vuoro ajetaan kello 21.45. Tulethan ajoissa.<\/p>\n<p>POIKKEAVAT AIKATAULUT!!<\/p>\n<p><strong>JOULUN AJAN AIKATAULU<\/strong><\/p>\n<p>JOULUAATTONA 9.00 -17.00<\/p>\n<p>JOULUP\u00c4IV\u00c4N\u00c4 9.00 &#8211; 17.00<\/p>\n<p>TAPANINP\u00c4IV\u00c4N\u00c4 7.00 &#8211; 22.00<\/p>\n<p>&nbsp;<\/p>\n<p>&nbsp;<\/p>\n","protected":false},"excerpt":{"rendered":"<p>Lossin puhelin 0400 251501 Lossin kantavuus 44t, pituus 26m. Lossin aikataulu Ma-Pe\u00a0 klo 6.00-22.00 La-Su\u00a0\u00a0 klo 7.00-22.00 H\u00e4lytysajot ajetaan kaikkina vuorokauden aikoina. H\u00e4lytykset tulee suorittaa yleiseen h\u00e4t\u00e4numeroon 112 ja asian nopeuttamiseksi pit\u00e4\u00e4 soittaa my\u00f6s lossin puhelimeen. Arkipyhin\u00e4\u00a0\u00a0ajetaan sunnuntain aikataululla. Tauot: &hellip; <a href=\"https:\/\/kylat.ekarjala.fi\/jankasalo\/lossi\/\">Lue loppuun <span class=\"meta-nav\">&rarr;<\/span><\/a><\/p>\n","protected":false},"author":128,"featured_media":0,"parent":0,"menu_order":0,"comment_status":"closed","ping_status":"open","template":"sidebar-page.php","meta":{"footnotes":""},"class_list":["post-9","page","type-page","status-publish","hentry"],"_links":{"self":[{"href":"https:\/\/kylat.ekarjala.fi\/jankasalo\/wp-json\/wp\/v2\/pages\/9","targetHints":{"allow":["GET"]}}],"collection":[{"href":"https:\/\/kylat.ekarjala.fi\/jankasalo\/wp-json\/wp\/v2\/pages"}],"about":[{"href":"https:\/\/kylat.ekarjala.fi\/jankasalo\/wp-json\/wp\/v2\/types\/page"}],"author":[{"embeddable":true,"href":"https:\/\/kylat.ekarjala.fi\/jankasalo\/wp-json\/wp\/v2\/users\/128"}],"replies":[{"embeddable":true,"href":"https:\/\/kylat.ekarjala.fi\/jankasalo\/wp-json\/wp\/v2\/comments?post=9"}],"version-history":[{"count":48,"href":"https:\/\/kylat.ekarjala.fi\/jankasalo\/wp-json\/wp\/v2\/pages\/9\/revisions"}],"predecessor-version":[{"id":817,"href":"https:\/\/kylat.ekarjala.fi\/jankasalo\/wp-json\/wp\/v2\/pages\/9\/revisions\/817"}],"wp:attachment":[{"href":"https:\/\/kylat.ekarjala.fi\/jankasalo\/wp-json\/wp\/v2\/media?parent=9"}],"curies":[{"name":"wp","href":"https:\/\/api.w.org\/{rel}","templated":true}]}}